{"id":2230,"date":"2025-04-26T16:44:10","date_gmt":"2025-04-26T08:14:10","guid":{"rendered":"http:\/\/topfastpcbb.ru\/?post_type=product&#038;p=2230"},"modified":"2025-05-06T16:02:55","modified_gmt":"2025-05-06T07:32:55","slug":"4-layer-rigid-flex-pcb","status":"publish","type":"product","link":"https:\/\/www.topfastpcb.com\/sv\/products\/4-layer-rigid-flex-pcb\/","title":{"rendered":"4 lager styvt flexkretskort"},"content":{"rendered":"<p><span style=\"vertical-align: inherit;\"><span style=\"vertical-align: inherit;\"><div id=\"ez-toc-container\" class=\"ez-toc-v2_0_74 counter-hierarchy ez-toc-counter ez-toc-custom ez-toc-container-direction\">\n<div class=\"ez-toc-title-container\">\n<p class=\"ez-toc-title\" style=\"cursor:inherit\">Inneh\u00e5llsf\u00f6rteckning<\/p>\n<span class=\"ez-toc-title-toggle\"><\/span><\/div>\n<nav><ul class='ez-toc-list ez-toc-list-level-1' ><li class='ez-toc-page-1 ez-toc-heading-level-2'><a class=\"ez-toc-link ez-toc-heading-1\" href=\"https:\/\/www.topfastpcb.com\/sv\/products\/4-layer-rigid-flex-pcb\/#Core_advantages_of_four-layer_boards\" >Centrala f\u00f6rdelar med fyrskiktsskivor<\/a><\/li><li class='ez-toc-page-1 ez-toc-heading-level-2'><a class=\"ez-toc-link ez-toc-heading-2\" href=\"https:\/\/www.topfastpcb.com\/sv\/products\/4-layer-rigid-flex-pcb\/#Key_Considerations_for_Rigid-Flex_PCB_Designs\" >Viktiga \u00f6verv\u00e4ganden f\u00f6r styv-flex PCB-design<\/a><ul class='ez-toc-list-level-3' ><li class='ez-toc-heading-level-3'><a class=\"ez-toc-link ez-toc-heading-3\" href=\"https:\/\/www.topfastpcb.com\/sv\/products\/4-layer-rigid-flex-pcb\/#1_Optimize_Functional_Partitioning\" >1. Optimera funktionell uppdelning<\/a><\/li><li class='ez-toc-page-1 ez-toc-heading-level-3'><a class=\"ez-toc-link ez-toc-heading-4\" href=\"https:\/\/www.topfastpcb.com\/sv\/products\/4-layer-rigid-flex-pcb\/#2_Advanced_Materials_and_Processes\" >2.Avancerade material och processer<\/a><\/li><li class='ez-toc-page-1 ez-toc-heading-level-3'><a class=\"ez-toc-link ez-toc-heading-5\" href=\"https:\/\/www.topfastpcb.com\/sv\/products\/4-layer-rigid-flex-pcb\/#3_Multi-physics_field_simulation\" >3.Multi-fysikalisk f\u00e4ltsimulering<\/a><\/li><li class='ez-toc-page-1 ez-toc-heading-level-3'><a class=\"ez-toc-link ez-toc-heading-6\" href=\"https:\/\/www.topfastpcb.com\/sv\/products\/4-layer-rigid-flex-pcb\/#4_Modular_System_Architecture\" >4.Modul\u00e4r systemarkitektur<\/a><\/li><\/ul><\/li><li class='ez-toc-page-1 ez-toc-heading-level-2'><a class=\"ez-toc-link ez-toc-heading-7\" href=\"https:\/\/www.topfastpcb.com\/sv\/products\/4-layer-rigid-flex-pcb\/#Application_Scenarios\" >Till\u00e4mpningsscenarier<\/a><\/li><li class='ez-toc-page-1 ez-toc-heading-level-2'><a class=\"ez-toc-link ez-toc-heading-8\" href=\"https:\/\/www.topfastpcb.com\/sv\/products\/4-layer-rigid-flex-pcb\/#Why_choose_us\" >Varf\u00f6r v\u00e4lja oss?<\/a><\/li><\/ul><\/nav><\/div>\n<\/span><\/span><\/p>\n<p>Det styva-flexa kretskortet med fyra lager \u00e4r en kretskortsdesign som kombinerar egenskaperna hos styva och flexibla kretskort f\u00f6r flexibilitet och h\u00f6g tillf\u00f6rlitlighet.Det best\u00e5r vanligtvis av en fyrskiktsstruktur, inklusive ett toppskikt, ett bottenskikt, ett str\u00f6mskikt och ett jordskikt, och \u00e4r l\u00e4mpligt f\u00f6r komplexa elektroniska enheter som m\u00e5ste uppfylla b\u00e5de signal\u00f6verf\u00f6ring och effektkrav.<\/p>\n<p><strong>Den best\u00e5r av f\u00f6ljande fyra centrala funktionella lager<\/strong><\/p>\n<p>\u00d6versta lagret (komponentlager): Anv\u00e4nds f\u00f6r montering och l\u00f6dning av elektroniska komponenter;<br \/>\nInre skikt 1 (signalskikt): b\u00e4r huvudsakligen h\u00f6ghastighetssignaler;<br \/>\nInre lager 2 (str\u00f6mf\u00f6rs\u00f6rjningslager): avsett f\u00f6r str\u00f6mf\u00f6rdelning och str\u00f6mf\u00f6rs\u00f6rjningsn\u00e4t;<br \/>\nBottenskikt (signal\/l\u00f6dskikt): b\u00e5de signaljustering och l\u00f6dningsfunktioner.<\/p>\n<h2><span class=\"ez-toc-section\" id=\"Core_advantages_of_four-layer_boards\"><\/span>Centrala f\u00f6rdelar med fyrskiktsskivor<span class=\"ez-toc-section-end\"><\/span><\/h2>\n<p>Kabeldragning med h\u00f6g densitet: minskar kortytan och f\u00f6rb\u00e4ttrar utrymmesutnyttjandet.<br \/>\nSignalintegritet: optimerar \u00f6verf\u00f6ring av h\u00f6gfrekventa signaler och minskar st\u00f6rningar.<br \/>\nMekanisk flexibilitet: Uppfyller krav p\u00e5 b\u00f6jning och vikning.<br \/>\nKostnadseffektivitet:Minskar de totala tillverkningskostnaderna vid komplexa konstruktioner.<br \/>\nJ\u00e4mf\u00f6rt med traditionella enkel- och dubbelsidiga kretskort erbjuder fyrlagers kretskort tre betydande f\u00f6rdelar:<br \/>\nUtrymmesutnyttjandet \u00f6kar med mer \u00e4n 40%, vilket m\u00f6jligg\u00f6r kretsdesign med h\u00f6gre densitet.<br \/>\n60% l\u00e4gre effektimpedans och 50% l\u00e4gre brusinterferens genom specialiserad design av effektlagret;<br \/>\nF\u00f6r h\u00f6ghastighetskretsar \u00f6ver 100 MHz f\u00f6rb\u00e4ttras signalintegriteten avsev\u00e4rt.<\/p>\n<p><img loading=\"lazy\" decoding=\"async\" src=\"https:\/\/www.topfastpcb.com\/wp-content\/uploads\/2025\/04\/rigid-flexible-pcb2.jpg\" alt=\"styv-flexibel platta\" width=\"750\" height=\"750\" class=\"aligncenter wp-image-2231 size-full\" srcset=\"https:\/\/www.topfastpcb.com\/wp-content\/uploads\/2025\/04\/rigid-flexible-pcb2.jpg 750w, https:\/\/www.topfastpcb.com\/wp-content\/uploads\/2025\/04\/rigid-flexible-pcb2-300x300.jpg 300w, https:\/\/www.topfastpcb.com\/wp-content\/uploads\/2025\/04\/rigid-flexible-pcb2-150x150.jpg 150w, https:\/\/www.topfastpcb.com\/wp-content\/uploads\/2025\/04\/rigid-flexible-pcb2-600x600.jpg 600w, https:\/\/www.topfastpcb.com\/wp-content\/uploads\/2025\/04\/rigid-flexible-pcb2-100x100.jpg 100w\" sizes=\"auto, (max-width: 750px) 100vw, 750px\" \/><\/p>\n<h2><span class=\"ez-toc-section\" id=\"Key_Considerations_for_Rigid-Flex_PCB_Designs\"><\/span>Viktiga \u00f6verv\u00e4ganden f\u00f6r <a href=\"https:\/\/www.topfastpcb.com\/sv\/products\/category\/rigid-flex-pcb\/\">Rigid-Flex-kretskort<\/a> Design<span class=\"ez-toc-section-end\"><\/span><\/h2>\n<h3><span class=\"ez-toc-section\" id=\"1_Optimize_Functional_Partitioning\"><\/span>1. Optimera funktionell uppdelning<span class=\"ez-toc-section-end\"><\/span><\/h3>\n<p>H\u00f6gfrekventa signalbehandlingsmoduler \u00e4r koncentrerade i den styva sektionen f\u00f6r att s\u00e4kerst\u00e4lla signalintegriteten<br \/>\nFlexibel sammankopplingsyta ger 3D-rumslig anpassning med \u00b115\u00b0 dynamisk b\u00f6jningskapacitet<br \/>\nTypiska till\u00e4mpningar: leder f\u00f6r b\u00e4rbara enheter, robotleder<\/p>\n<h3><span class=\"ez-toc-section\" id=\"2_Advanced_Materials_and_Processes\"><\/span>2.Avancerade material och processer<span class=\"ez-toc-section-end\"><\/span><\/h3>\n<p>Flexibelt substrat: Polymer med flytande kristaller (LCP), \u03b5r=2,9@10GHz<br \/>\nNyckelprocess:<br \/>\nMikrovia-borrning med laser (\u226450 \u03bcm diameter)<br \/>\nInbyggd kondensatorintegration (3x h\u00f6gre densitet)<br \/>\n3D-printade ledande sp\u00e5r (30\/30 \u03bcm linjebredd\/avst\u00e5nd)<\/p>\n<h3><span class=\"ez-toc-section\" id=\"3_Multi-physics_field_simulation\"><\/span>3.Multi-fysikalisk f\u00e4ltsimulering<span class=\"ez-toc-section-end\"><\/span><\/h3>\n<p>Elektromagnetisk simulering: HFSS fullv\u00e5gsanalys (0,01dB noggrannhet)<br \/>\nMekanisk simulering:ANSYS b\u00f6jutmattningstest (&gt;100k cykler)<br \/>\nTermisk simulering:Flotherm CFD-analys (\u00b12 \u2103 gradientkontroll)<\/p>\n<h3><span class=\"ez-toc-section\" id=\"4_Modular_System_Architecture\"><\/span>4.Modul\u00e4r systemarkitektur<span class=\"ez-toc-section-end\"><\/span><\/h3>\n<table class=\"has-fixed-layout\">\n<thead>\n<tr>\n<th class=\"wp-block-table__cell-content\">\n<div role=\"textbox\" aria-multiline=\"true\" aria-label=\"Text i rubrikcell\" contenteditable=\"true\" class=\"block-editor-rich-text__editable rich-text\">Parameter<\/div>\n<\/th>\n<th class=\"wp-block-table__cell-content\">\n<div role=\"textbox\" aria-multiline=\"true\" aria-label=\"Text i rubrikcell\" contenteditable=\"true\" class=\"block-editor-rich-text__editable rich-text\">Konventionell design<\/div>\n<\/th>\n<th class=\"wp-block-table__cell-content\">\n<div role=\"textbox\" aria-multiline=\"true\" aria-label=\"Text i rubrikcell\" contenteditable=\"true\" class=\"block-editor-rich-text__editable rich-text\">Styv-flexibel konstruktion<\/div>\n<\/th>\n<\/tr>\n<\/thead>\n<tbody>\n<tr>\n<td class=\"wp-block-table__cell-content\">\n<div role=\"textbox\" aria-multiline=\"true\" aria-label=\"Text i kroppscell\" contenteditable=\"true\" class=\"block-editor-rich-text__editable rich-text\">Volym<\/div>\n<\/td>\n<td class=\"wp-block-table__cell-content\">\n<div role=\"textbox\" aria-multiline=\"true\" aria-label=\"Text i kroppscell\" contenteditable=\"true\" class=\"block-editor-rich-text__editable rich-text\">100% (baslinje)<\/div>\n<\/td>\n<td class=\"wp-block-table__cell-content\">\n<div role=\"textbox\" aria-multiline=\"true\" aria-label=\"Text i kroppscell\" contenteditable=\"true\" class=\"block-editor-rich-text__editable rich-text\">60-70%<\/div>\n<\/td>\n<\/tr>\n<tr>\n<td class=\"wp-block-table__cell-content\">\n<div role=\"textbox\" aria-multiline=\"true\" aria-label=\"Text i kroppscell\" contenteditable=\"true\" class=\"block-editor-rich-text__editable rich-text\">Tillf\u00f6rlitlighet<\/div>\n<\/td>\n<td class=\"wp-block-table__cell-content\">\n<div role=\"textbox\" aria-multiline=\"true\" aria-label=\"Text i kroppscell\" contenteditable=\"true\" class=\"block-editor-rich-text__editable rich-text\">1x<\/div>\n<\/td>\n<td class=\"wp-block-table__cell-content\">\n<div role=\"textbox\" aria-multiline=\"true\" aria-label=\"Text i kroppscell\" contenteditable=\"true\" class=\"block-editor-rich-text__editable rich-text\">3-5 g\u00e5ngers f\u00f6rb\u00e4ttring<\/div>\n<\/td>\n<\/tr>\n<tr>\n<td class=\"wp-block-table__cell-content\">\n<div role=\"textbox\" aria-multiline=\"true\" aria-label=\"Text i kroppscell\" contenteditable=\"true\" class=\"block-editor-rich-text__editable rich-text\">Revisionscykel<\/div>\n<\/td>\n<td class=\"wp-block-table__cell-content\">\n<div role=\"textbox\" aria-multiline=\"true\" aria-label=\"Text i kroppscell\" contenteditable=\"true\" class=\"block-editor-rich-text__editable rich-text\">4-6 veckor<\/div>\n<\/td>\n<td class=\"wp-block-table__cell-content\">\n<div role=\"textbox\" aria-multiline=\"true\" aria-label=\"Text i kroppscell\" contenteditable=\"true\" class=\"block-editor-rich-text__editable rich-text\">1-2 veckor<\/div>\n<\/td>\n<\/tr>\n<\/tbody>\n<\/table>\n<p><strong>Centrala komponenter<\/strong><br \/>\nStyvt omr\u00e5de: processor\/minne (komponenter med h\u00f6g densitet)<br \/>\nFlexibel yta: Sammankopplingar med Daisy Chain-topologi<\/p>\n<p><strong>Certifiering och validering<\/strong><br \/>\n40 % l\u00e4gre vikt<br \/>\n80% minskning av felfrekvensen i vibrationsmilj\u00f6er<br \/>\nObligatoriskt: \u22653 simuleringsiterationer + \u00f6verensst\u00e4mmelse med JIS C5016<\/p>\n<h2><span class=\"ez-toc-section\" id=\"Application_Scenarios\"><\/span>Till\u00e4mpningsscenarier<span class=\"ez-toc-section-end\"><\/span><\/h2>\n<p>Dubbelsidiga flexibla kretskort anv\u00e4nds i en m\u00e4ngd olika applikationer d\u00e4r flexibilitet och tillf\u00f6rlitlighet kr\u00e4vs, inklusive men inte begr\u00e4nsat till:<br \/>\nKonsumentelektronik: Flexibla kontakter i enheter som smartphones och surfplattor.<br \/>\nElektronik f\u00f6r fordonsindustrin:Dubbelsidiga flexibla kretskort ger f\u00f6rb\u00e4ttrat flex- och vibrationsmotst\u00e5nd i en m\u00e4ngd olika sensorer och styrenheter i bilar.<br \/>\nIndustriella kontroller:Inom automationsutrustning och robotteknik kan dubbelsidiga flexibla kretskort anv\u00e4ndas f\u00f6r att hantera komplexa mekaniska r\u00f6relser och utrymmesbegr\u00e4nsningar.<\/p>\n<p><img loading=\"lazy\" decoding=\"async\" src=\"https:\/\/www.topfastpcb.com\/wp-content\/uploads\/2025\/04\/Application.jpg\" alt=\"apparat\" width=\"797\" height=\"897\" class=\"aligncenter wp-image-1934 size-full\" srcset=\"https:\/\/www.topfastpcb.com\/wp-content\/uploads\/2025\/04\/Application.jpg 797w, https:\/\/www.topfastpcb.com\/wp-content\/uploads\/2025\/04\/Application-267x300.jpg 267w, https:\/\/www.topfastpcb.com\/wp-content\/uploads\/2025\/04\/Application-768x864.jpg 768w, https:\/\/www.topfastpcb.com\/wp-content\/uploads\/2025\/04\/Application-600x675.jpg 600w\" sizes=\"auto, (max-width: 797px) 100vw, 797px\" \/><\/p>\n<h2><span class=\"ez-toc-section\" id=\"Why_choose_us\"><\/span>Varf\u00f6r v\u00e4lja oss?<span class=\"ez-toc-section-end\"><\/span><\/h2>\n<p>Vi har specialiserat oss p\u00e5 PCB-omr\u00e5det i mer \u00e4n 20 \u00e5r och har en ISO9001 kvalitetsledningssystem certifiering, RoHS, ISO14001 milj\u00f6ledningssystem certifiering, TS16949 automotive kvalitetsledningssystem certifiering, och andra certifieringar.<\/p>\n<p><a href=\"https:\/\/www.topfastpcb.com\/sv\/about\/\">TOPFAST<\/a> \u00e4r en professionell PCB-leverant\u00f6r. Vi \u00e4r fast beslutna att tillhandah\u00e5lla styva-flex PCB-kort av h\u00f6gsta kvalitet till de mest konkurrenskraftiga priserna. V\u00e5r plattform har det b\u00e4sta rykte p\u00e5 Google. Vi har avancerad utrustning och ett professionellt tekniskt team f\u00f6r att s\u00e4kerst\u00e4lla leverans av kvalitetsprodukter i tid.<\/p>\n<p>F\u00f6r Rigid-Flex-kretskort \u00e4r vi specialiserade p\u00e5:<\/p>\n<p>Ett flerskikts styvt-flex PCB-kort, \u00e4ven k\u00e4nt som ett dubbelsidigt styvt-flex PCB-kort, \u00e4r en kombination av ett flexibelt kort och ett styvt kort, en typ av kretskort d\u00e4r ett tunt lager flexibelt material kombineras med ett styvt bakre lager, som sedan pressas samman till en enda komponent.<\/p>\n<p>&nbsp;<\/p>","protected":false},"excerpt":{"rendered":"<p>Det 4-lagers styva-flexa kretskortet \u00e4r en kretskortsdesign som kombinerar egenskaperna hos styva och flexibla kretskort f\u00f6r flexibilitet och h\u00f6g tillf\u00f6rlitlighet.<\/p>","protected":false},"featured_media":2232,"comment_status":"open","ping_status":"closed","template":"","meta":[],"product_brand":[],"product_cat":[114],"product_tag":[204,203,199],"class_list":{"0":"post-2230","1":"product","2":"type-product","3":"status-publish","4":"has-post-thumbnail","6":"product_cat-rigid-flex-pcb","7":"product_tag-4-layer-pcb","8":"product_tag-4-layer-rigid-flex-pcb","9":"product_tag-rigid-flex-pcb","11":"first","12":"instock","13":"shipping-taxable","14":"product-type-simple"},"yoast_head":"<!-- This site is optimized with the Yoast SEO plugin v25.1 - https:\/\/yoast.com\/wordpress\/plugins\/seo\/ -->\n<title>4 Layer Rigid Flex PCB - Topfastpcb<\/title>\n<meta name=\"description\" content=\"The 4-layer rigid-flex PCB circuit board is a circuit board design that combines the features of rigid and flexible circuit boards for flexibility and high reliability.\" \/>\n<meta name=\"robots\" content=\"index, follow, max-snippet:-1, max-image-preview:large, max-video-preview:-1\" \/>\n<link rel=\"canonical\" href=\"https:\/\/www.topfastpcb.com\/sv\/products\/4-layer-rigid-flex-pcb\/\" \/>\n<meta property=\"og:locale\" content=\"sv_SE\" \/>\n<meta property=\"og:type\" content=\"article\" \/>\n<meta property=\"og:title\" content=\"4 Layer Rigid Flex PCB - Topfastpcb\" \/>\n<meta property=\"og:description\" content=\"The 4-layer rigid-flex PCB circuit board is a circuit board design that combines the features of rigid and flexible circuit boards for flexibility and high reliability.\" \/>\n<meta property=\"og:url\" content=\"https:\/\/www.topfastpcb.com\/sv\/products\/4-layer-rigid-flex-pcb\/\" \/>\n<meta property=\"og:site_name\" content=\"Topfastpcb\" \/>\n<meta property=\"article:modified_time\" content=\"2025-05-06T07:32:55+00:00\" \/>\n<meta property=\"og:image\" content=\"https:\/\/www.topfastpcb.com\/wp-content\/uploads\/2025\/04\/rigid-flexible-pcb8.jpg\" \/>\n\t<meta property=\"og:image:width\" content=\"750\" \/>\n\t<meta property=\"og:image:height\" content=\"750\" \/>\n\t<meta property=\"og:image:type\" content=\"image\/jpeg\" \/>\n<meta name=\"twitter:card\" content=\"summary_large_image\" \/>\n<meta name=\"twitter:label1\" content=\"Ber\u00e4knad l\u00e4stid\" \/>\n\t<meta name=\"twitter:data1\" content=\"4 minuter\" \/>\n<script type=\"application\/ld+json\" class=\"yoast-schema-graph\">{\"@context\":\"https:\/\/schema.org\",\"@graph\":[{\"@type\":\"WebPage\",\"@id\":\"https:\/\/www.topfastpcb.com\/products\/4-layer-rigid-flex-pcb\/\",\"url\":\"https:\/\/www.topfastpcb.com\/products\/4-layer-rigid-flex-pcb\/\",\"name\":\"4 Layer Rigid Flex PCB - Topfastpcb\",\"isPartOf\":{\"@id\":\"https:\/\/www.topfastpcb.com\/#website\"},\"primaryImageOfPage\":{\"@id\":\"https:\/\/www.topfastpcb.com\/products\/4-layer-rigid-flex-pcb\/#primaryimage\"},\"image\":{\"@id\":\"https:\/\/www.topfastpcb.com\/products\/4-layer-rigid-flex-pcb\/#primaryimage\"},\"thumbnailUrl\":\"https:\/\/www.topfastpcb.com\/wp-content\/uploads\/2025\/04\/rigid-flexible-pcb8.jpg\",\"datePublished\":\"2025-04-26T08:14:10+00:00\",\"dateModified\":\"2025-05-06T07:32:55+00:00\",\"description\":\"The 4-layer rigid-flex PCB circuit board is a circuit board design that combines the features of rigid and flexible circuit boards for flexibility and high reliability.\",\"breadcrumb\":{\"@id\":\"https:\/\/www.topfastpcb.com\/products\/4-layer-rigid-flex-pcb\/#breadcrumb\"},\"inLanguage\":\"sv-SE\",\"potentialAction\":[{\"@type\":\"ReadAction\",\"target\":[\"https:\/\/www.topfastpcb.com\/products\/4-layer-rigid-flex-pcb\/\"]}]},{\"@type\":\"ImageObject\",\"inLanguage\":\"sv-SE\",\"@id\":\"https:\/\/www.topfastpcb.com\/products\/4-layer-rigid-flex-pcb\/#primaryimage\",\"url\":\"https:\/\/www.topfastpcb.com\/wp-content\/uploads\/2025\/04\/rigid-flexible-pcb8.jpg\",\"contentUrl\":\"https:\/\/www.topfastpcb.com\/wp-content\/uploads\/2025\/04\/rigid-flexible-pcb8.jpg\",\"width\":750,\"height\":750,\"caption\":\"rigid-flexible pcb\"},{\"@type\":\"BreadcrumbList\",\"@id\":\"https:\/\/www.topfastpcb.com\/products\/4-layer-rigid-flex-pcb\/#breadcrumb\",\"itemListElement\":[{\"@type\":\"ListItem\",\"position\":1,\"name\":\"\u9996\u9875\",\"item\":\"https:\/\/www.topfastpcb.com\/\"},{\"@type\":\"ListItem\",\"position\":2,\"name\":\"\u5546\u5e97\",\"item\":\"https:\/\/www.topfastpcb.com\/shop\/\"},{\"@type\":\"ListItem\",\"position\":3,\"name\":\"4 Layer Rigid Flex PCB\"}]},{\"@type\":\"WebSite\",\"@id\":\"https:\/\/www.topfastpcb.com\/#website\",\"url\":\"https:\/\/www.topfastpcb.com\/\",\"name\":\"Topfastpcb\",\"description\":\"Topfast Prime Choice for Global Electronics Manufacturing\",\"publisher\":{\"@id\":\"https:\/\/www.topfastpcb.com\/#organization\"},\"potentialAction\":[{\"@type\":\"SearchAction\",\"target\":{\"@type\":\"EntryPoint\",\"urlTemplate\":\"https:\/\/www.topfastpcb.com\/?s={search_term_string}\"},\"query-input\":{\"@type\":\"PropertyValueSpecification\",\"valueRequired\":true,\"valueName\":\"search_term_string\"}}],\"inLanguage\":\"sv-SE\"},{\"@type\":\"Organization\",\"@id\":\"https:\/\/www.topfastpcb.com\/#organization\",\"name\":\"Topfastpcb\",\"url\":\"https:\/\/www.topfastpcb.com\/\",\"logo\":{\"@type\":\"ImageObject\",\"inLanguage\":\"sv-SE\",\"@id\":\"https:\/\/www.topfastpcb.com\/#\/schema\/logo\/image\/\",\"url\":\"https:\/\/www.topfastpcb.com\/wp-content\/uploads\/2026\/02\/cropped-topfast-logo.png\",\"contentUrl\":\"https:\/\/www.topfastpcb.com\/wp-content\/uploads\/2026\/02\/cropped-topfast-logo.png\",\"width\":144,\"height\":56,\"caption\":\"Topfastpcb\"},\"image\":{\"@id\":\"https:\/\/www.topfastpcb.com\/#\/schema\/logo\/image\/\"}}]}<\/script>\n<!-- \/ Yoast SEO plugin. -->","yoast_head_json":{"title":"4 Layer Rigid Flex PCB - Topfastpcb","description":"The 4-layer rigid-flex PCB circuit board is a circuit board design that combines the features of rigid and flexible circuit boards for flexibility and high reliability.","robots":{"index":"index","follow":"follow","max-snippet":"max-snippet:-1","max-image-preview":"max-image-preview:large","max-video-preview":"max-video-preview:-1"},"canonical":"https:\/\/www.topfastpcb.com\/sv\/products\/4-layer-rigid-flex-pcb\/","og_locale":"sv_SE","og_type":"article","og_title":"4 Layer Rigid Flex PCB - Topfastpcb","og_description":"The 4-layer rigid-flex PCB circuit board is a circuit board design that combines the features of rigid and flexible circuit boards for flexibility and high reliability.","og_url":"https:\/\/www.topfastpcb.com\/sv\/products\/4-layer-rigid-flex-pcb\/","og_site_name":"Topfastpcb","article_modified_time":"2025-05-06T07:32:55+00:00","og_image":[{"width":750,"height":750,"url":"https:\/\/www.topfastpcb.com\/wp-content\/uploads\/2025\/04\/rigid-flexible-pcb8.jpg","type":"image\/jpeg"}],"twitter_card":"summary_large_image","twitter_misc":{"Ber\u00e4knad l\u00e4stid":"4 minuter"},"schema":{"@context":"https:\/\/schema.org","@graph":[{"@type":"WebPage","@id":"https:\/\/www.topfastpcb.com\/products\/4-layer-rigid-flex-pcb\/","url":"https:\/\/www.topfastpcb.com\/products\/4-layer-rigid-flex-pcb\/","name":"4 Layer Rigid Flex PCB - Topfastpcb","isPartOf":{"@id":"https:\/\/www.topfastpcb.com\/#website"},"primaryImageOfPage":{"@id":"https:\/\/www.topfastpcb.com\/products\/4-layer-rigid-flex-pcb\/#primaryimage"},"image":{"@id":"https:\/\/www.topfastpcb.com\/products\/4-layer-rigid-flex-pcb\/#primaryimage"},"thumbnailUrl":"https:\/\/www.topfastpcb.com\/wp-content\/uploads\/2025\/04\/rigid-flexible-pcb8.jpg","datePublished":"2025-04-26T08:14:10+00:00","dateModified":"2025-05-06T07:32:55+00:00","description":"The 4-layer rigid-flex PCB circuit board is a circuit board design that combines the features of rigid and flexible circuit boards for flexibility and high reliability.","breadcrumb":{"@id":"https:\/\/www.topfastpcb.com\/products\/4-layer-rigid-flex-pcb\/#breadcrumb"},"inLanguage":"sv-SE","potentialAction":[{"@type":"ReadAction","target":["https:\/\/www.topfastpcb.com\/products\/4-layer-rigid-flex-pcb\/"]}]},{"@type":"ImageObject","inLanguage":"sv-SE","@id":"https:\/\/www.topfastpcb.com\/products\/4-layer-rigid-flex-pcb\/#primaryimage","url":"https:\/\/www.topfastpcb.com\/wp-content\/uploads\/2025\/04\/rigid-flexible-pcb8.jpg","contentUrl":"https:\/\/www.topfastpcb.com\/wp-content\/uploads\/2025\/04\/rigid-flexible-pcb8.jpg","width":750,"height":750,"caption":"rigid-flexible pcb"},{"@type":"BreadcrumbList","@id":"https:\/\/www.topfastpcb.com\/products\/4-layer-rigid-flex-pcb\/#breadcrumb","itemListElement":[{"@type":"ListItem","position":1,"name":"\u9996\u9875","item":"https:\/\/www.topfastpcb.com\/"},{"@type":"ListItem","position":2,"name":"\u5546\u5e97","item":"https:\/\/www.topfastpcb.com\/shop\/"},{"@type":"ListItem","position":3,"name":"4 Layer Rigid Flex PCB"}]},{"@type":"WebSite","@id":"https:\/\/www.topfastpcb.com\/#website","url":"https:\/\/www.topfastpcb.com\/","name":"Topfastpcb","description":"Topfast Prime Choice for Global Electronics Manufacturing","publisher":{"@id":"https:\/\/www.topfastpcb.com\/#organization"},"potentialAction":[{"@type":"SearchAction","target":{"@type":"EntryPoint","urlTemplate":"https:\/\/www.topfastpcb.com\/?s={search_term_string}"},"query-input":{"@type":"PropertyValueSpecification","valueRequired":true,"valueName":"search_term_string"}}],"inLanguage":"sv-SE"},{"@type":"Organization","@id":"https:\/\/www.topfastpcb.com\/#organization","name":"Topfastpcb","url":"https:\/\/www.topfastpcb.com\/","logo":{"@type":"ImageObject","inLanguage":"sv-SE","@id":"https:\/\/www.topfastpcb.com\/#\/schema\/logo\/image\/","url":"https:\/\/www.topfastpcb.com\/wp-content\/uploads\/2026\/02\/cropped-topfast-logo.png","contentUrl":"https:\/\/www.topfastpcb.com\/wp-content\/uploads\/2026\/02\/cropped-topfast-logo.png","width":144,"height":56,"caption":"Topfastpcb"},"image":{"@id":"https:\/\/www.topfastpcb.com\/#\/schema\/logo\/image\/"}}]}},"_links":{"self":[{"href":"https:\/\/www.topfastpcb.com\/sv\/wp-json\/wp\/v2\/product\/2230","targetHints":{"allow":["GET"]}}],"collection":[{"href":"https:\/\/www.topfastpcb.com\/sv\/wp-json\/wp\/v2\/product"}],"about":[{"href":"https:\/\/www.topfastpcb.com\/sv\/wp-json\/wp\/v2\/types\/product"}],"replies":[{"embeddable":true,"href":"https:\/\/www.topfastpcb.com\/sv\/wp-json\/wp\/v2\/comments?post=2230"}],"wp:featuredmedia":[{"embeddable":true,"href":"https:\/\/www.topfastpcb.com\/sv\/wp-json\/wp\/v2\/media\/2232"}],"wp:attachment":[{"href":"https:\/\/www.topfastpcb.com\/sv\/wp-json\/wp\/v2\/media?parent=2230"}],"wp:term":[{"taxonomy":"product_brand","embeddable":true,"href":"https:\/\/www.topfastpcb.com\/sv\/wp-json\/wp\/v2\/product_brand?post=2230"},{"taxonomy":"product_cat","embeddable":true,"href":"https:\/\/www.topfastpcb.com\/sv\/wp-json\/wp\/v2\/product_cat?post=2230"},{"taxonomy":"product_tag","embeddable":true,"href":"https:\/\/www.topfastpcb.com\/sv\/wp-json\/wp\/v2\/product_tag?post=2230"}],"curies":[{"name":"wp","href":"https:\/\/api.w.org\/{rel}","templated":true}]}}