{"id":2257,"date":"2025-04-26T18:00:10","date_gmt":"2025-04-26T09:30:10","guid":{"rendered":"http:\/\/topfastpcbb.ru\/?post_type=product&#038;p=2257"},"modified":"2025-05-06T16:28:04","modified_gmt":"2025-05-06T07:58:04","slug":"consumer-electronics-pcba","status":"publish","type":"product","link":"https:\/\/www.topfastpcb.com\/sv\/products\/consumer-electronics-pcba\/","title":{"rendered":"PCBA f\u00f6r konsumentelektronik"},"content":{"rendered":"<div id=\"ez-toc-container\" class=\"ez-toc-v2_0_74 counter-hierarchy ez-toc-counter ez-toc-custom ez-toc-container-direction\">\n<div class=\"ez-toc-title-container\">\n<p class=\"ez-toc-title\" style=\"cursor:inherit\">Inneh\u00e5llsf\u00f6rteckning<\/p>\n<span class=\"ez-toc-title-toggle\"><\/span><\/div>\n<nav><ul class='ez-toc-list ez-toc-list-level-1' ><li class='ez-toc-page-1 ez-toc-heading-level-2'><a class=\"ez-toc-link ez-toc-heading-1\" href=\"https:\/\/www.topfastpcb.com\/sv\/products\/consumer-electronics-pcba\/#PCB_Assembly_capability\" >Kapacitet f\u00f6r PCB-montering<\/a><\/li><li class='ez-toc-page-1 ez-toc-heading-level-2'><a class=\"ez-toc-link ez-toc-heading-2\" href=\"https:\/\/www.topfastpcb.com\/sv\/products\/consumer-electronics-pcba\/#Advantages_of_our_PCBA_processing\" >F\u00f6rdelar med v\u00e5r PCBA-bearbetning<\/a><\/li><li class='ez-toc-page-1 ez-toc-heading-level-2'><a class=\"ez-toc-link ez-toc-heading-3\" href=\"https:\/\/www.topfastpcb.com\/sv\/products\/consumer-electronics-pcba\/#Why_choose_us\" >Varf\u00f6r v\u00e4lja oss?<\/a><\/li><\/ul><\/nav><\/div>\n\n<p>PCBA \u00e4r att l\u00f6da elektroniska komponenter till kretskortet f\u00f6r att f\u00f6rverkliga kortets funktion och produktprestanda. Denna process inneh\u00e5ller flera l\u00e4nkar: komponentupphandling, PCB-produktion, SMT (ytmonteringsteknik) chipbearbetning, DIP (dual in-line package) plug-in-bearbetning, PCBA-testning och montering av f\u00e4rdig produkt etc.<\/p>\n<table data-sort=\"sortDisabled\">\n<tbody>\n<tr>\n<td valign=\"top\" rowspan=\"1\" colspan=\"2\">\n<h2 style=\"text-align: center;\"><span class=\"ez-toc-section\" id=\"PCB_Assembly_capability\"><\/span><span><strong><a href=\"https:\/\/www.topfastpcb.com\/sv\/products\/category\/pcba\/\">PCB-montering<\/a> Kapacitet<\/strong><\/span><span class=\"ez-toc-section-end\"><\/span><\/h2>\n<\/td>\n<\/tr>\n<tr>\n<td width=\"505\" valign=\"middle\" align=\"left\">F\u00f6rem\u00e5l<\/td>\n<td width=\"505\" valign=\"top\">Kapacitet<\/td>\n<\/tr>\n<tr>\n<td width=\"505\" valign=\"middle\" rowspan=\"7\" colspan=\"1\" align=\"left\">F\u00f6rdelar<\/td>\n<td width=\"505\" valign=\"top\"><span>&#8212;-Professionell teknik f\u00f6r ytmontering och l\u00f6dning genom h\u00e5l<\/span><\/td>\n<\/tr>\n<tr>\n<td width=\"505\" valign=\"top\"><span>&#8212;-Olika storlekar som 1206,0805,0603 komponenter SMT-teknik<\/span><\/td>\n<\/tr>\n<tr>\n<td valign=\"top\" colspan=\"1\" rowspan=\"1\"><span>&#8212;-ICT(In Circuit Test),FCT(Functional Circuit Test)\u00a0<\/span><\/td>\n<\/tr>\n<tr>\n<td valign=\"top\" colspan=\"1\" rowspan=\"1\"><span>&#8212;-PCB-montering med UL,CE,FCC,Rohs-godk\u00e4nnande<\/span><\/td>\n<\/tr>\n<tr>\n<td valign=\"top\" colspan=\"1\" rowspan=\"1\"><span>&#8212;-Nitrogen gas reflow l\u00f6dningsteknik f\u00f6r SMT.<\/span><\/td>\n<\/tr>\n<tr>\n<td valign=\"top\" colspan=\"1\" rowspan=\"1\"><span>&#8212;-H\u00f6g standard SMT&amp; L\u00f6dning monteringslinje<\/span><\/td>\n<\/tr>\n<tr>\n<td valign=\"top\" colspan=\"1\" rowspan=\"1\"><span>&#8212;Teknisk kapacitet f\u00f6r placering av sammankopplade kort med h\u00f6g densitet.<\/span><\/td>\n<\/tr>\n<tr>\n<td valign=\"middle\" colspan=\"1\" rowspan=\"7\" align=\"left\">Komponenter<\/td>\n<td valign=\"top\" colspan=\"1\" rowspan=\"1\"><span>Passiv Ned till storlek 0201<\/span><\/td>\n<\/tr>\n<tr>\n<td valign=\"top\" colspan=\"1\" rowspan=\"1\"><span>BGA och VFBGA<\/span><\/td>\n<\/tr>\n<tr>\n<td valign=\"top\" colspan=\"1\" rowspan=\"1\"><span>Blyfria chipb\u00e4rare\/CSP<\/span><\/td>\n<\/tr>\n<tr>\n<td valign=\"top\" colspan=\"1\" rowspan=\"1\"><span>Dubbelsidig SMT-montering<\/span><\/td>\n<\/tr>\n<tr>\n<td valign=\"top\" colspan=\"1\" rowspan=\"1\"><span>Fine Pitch till 0,8mils<\/span><\/td>\n<\/tr>\n<tr>\n<td valign=\"top\" colspan=\"1\" rowspan=\"1\"><span>BGA-reparation och -ombyggnad<\/span><\/td>\n<\/tr>\n<tr>\n<td width=\"505\" valign=\"top\"><span>Borttagning och byte av delar<\/span><\/td>\n<\/tr>\n<tr>\n<td width=\"505\" valign=\"middle\" rowspan=\"3\" colspan=\"1\" align=\"left\">Kvantitet<\/td>\n<td width=\"505\" valign=\"top\"><span>Prototyp- och l\u00e5gvolymsmontering av kretskort,<\/span><\/td>\n<\/tr>\n<tr>\n<td width=\"505\" valign=\"top\"><span>fr\u00e5n 1 styrelse till 250, eller upp till 1000<\/span><\/td>\n<\/tr>\n<tr>\n<td width=\"505\" valign=\"top\"><span>och pcba anpassade<\/span><\/td>\n<\/tr>\n<tr>\n<td width=\"505\" valign=\"middle\" align=\"left\">Typ av montering<\/td>\n<td width=\"505\" valign=\"top\">SMT, genomg\u00e5ende h\u00e5l<\/td>\n<\/tr>\n<tr>\n<td valign=\"middle\" colspan=\"1\" rowspan=\"1\" align=\"left\">Typ av l\u00f6dning<\/td>\n<td valign=\"top\" colspan=\"1\" rowspan=\"1\">Vattenl\u00f6slig l\u00f6dpasta, blyhaltig och blyfri<\/td>\n<\/tr>\n<tr>\n<td valign=\"middle\" colspan=\"1\" rowspan=\"2\" align=\"left\">Storlek p\u00e5 kretskort<\/td>\n<td valign=\"top\" colspan=\"1\" rowspan=\"1\"><span>Minsta: 0,25*0,25 tum<\/span><\/td>\n<\/tr>\n<tr>\n<td valign=\"top\" colspan=\"1\" rowspan=\"1\"><span>St\u00f6rst: 20*20 tum<\/span><\/td>\n<\/tr>\n<tr>\n<td valign=\"middle\" colspan=\"1\" rowspan=\"1\" align=\"left\">Filformat<\/td>\n<td valign=\"top\" colspan=\"1\" rowspan=\"1\"><span>Gerber-filer, Pick-N-Place-fil, materialf\u00f6rteckning<\/span><\/td>\n<\/tr>\n<tr>\n<td valign=\"middle\" colspan=\"1\" rowspan=\"1\" align=\"left\">Typ av tj\u00e4nst<\/td>\n<td valign=\"top\" colspan=\"1\" rowspan=\"1\"><span>Nyckelf\u00e4rdig, delvis nyckelf\u00e4rdig eller konsignation<\/span><\/td>\n<\/tr>\n<tr>\n<td valign=\"middle\" colspan=\"1\" rowspan=\"1\" align=\"left\">F\u00f6rpackning av komponenter<\/td>\n<td valign=\"top\" colspan=\"1\" rowspan=\"1\">Kapa tejp, r\u00f6r, rullar, l\u00f6sa delar<\/td>\n<\/tr>\n<tr>\n<td valign=\"middle\" colspan=\"1\" rowspan=\"1\" align=\"left\">V\u00e4ndtid<\/td>\n<td valign=\"top\" colspan=\"1\" rowspan=\"1\">Service samma dag till 15 dagars service.<\/td>\n<\/tr>\n<tr>\n<td valign=\"middle\" colspan=\"1\" rowspan=\"1\" align=\"left\">Testning<\/td>\n<td valign=\"top\" colspan=\"1\" rowspan=\"1\">Flying Probe Test, r\u00f6ntgeninspektion AOI Test.<\/td>\n<\/tr>\n<tr>\n<td width=\"505\" valign=\"middle\" align=\"left\">Process f\u00f6r montering av kretskort<\/td>\n<td width=\"505\" valign=\"top\"><span>Borrning&#8212;-Exponering<\/span><\/td>\n<\/tr>\n<\/tbody>\n<\/table>\n<p><img loading=\"lazy\" decoding=\"async\" src=\"https:\/\/www.topfastpcb.com\/wp-content\/uploads\/2025\/04\/pcba29.jpg\" alt=\"pcba\" width=\"750\" height=\"750\" class=\"aligncenter size-full wp-image-2381\" srcset=\"https:\/\/www.topfastpcb.com\/wp-content\/uploads\/2025\/04\/pcba29.jpg 750w, https:\/\/www.topfastpcb.com\/wp-content\/uploads\/2025\/04\/pcba29-300x300.jpg 300w, https:\/\/www.topfastpcb.com\/wp-content\/uploads\/2025\/04\/pcba29-150x150.jpg 150w, https:\/\/www.topfastpcb.com\/wp-content\/uploads\/2025\/04\/pcba29-600x600.jpg 600w, https:\/\/www.topfastpcb.com\/wp-content\/uploads\/2025\/04\/pcba29-100x100.jpg 100w\" sizes=\"auto, (max-width: 750px) 100vw, 750px\" \/><\/p>\n<h2><span class=\"ez-toc-section\" id=\"Advantages_of_our_PCBA_processing\"><\/span>F\u00f6rdelar med v\u00e5r PCBA-bearbetning<span class=\"ez-toc-section-end\"><\/span><\/h2>\n<p><a href=\"https:\/\/www.topfastpcb.com\/sv\/products\/category\/flexible-pcb\/\">Flexibel<\/a> anpassningar efter kundernas behov, f\u00f6r att m\u00f6ta personliga behov och snabbt svara p\u00e5 marknadsf\u00f6r\u00e4ndringar.<br \/>\nAnta automatiserad utrustning som en r\u00e4knare, v\u00e5gl\u00f6dningsmaskin etc. f\u00f6r att f\u00f6rb\u00e4ttra produktionseffektiviteten och precisionen och minska arbetskraftskostnaderna.<br \/>\nRealtids\u00f6vervakning av produktkvaliteten genom avancerad teknik som AOI (Automatic Optical Inspection) och r\u00f6ntgeninspektion f\u00f6r att s\u00e4kerst\u00e4lla utbytesgraden.<\/p>\n<p>PCB-montering av h\u00f6g kvalitet: 4-lagers PCB-montering, sprutad med trippels\u00e4ker f\u00e4rg, med god motst\u00e5ndskraft mot h\u00f6ga och l\u00e5ga temperaturer.<br \/>\nH\u00f6geffektiv PCB-montering: med hj\u00e4lp av en avancerad SMT-maskin med h\u00f6g hastighet.Monteringen kan tidigast slutf\u00f6ras p\u00e5 en dag.<br \/>\nLED PCB-montering 2 lager LED PCB-montering, med h\u00f6gkvalitativ IC-l\u00f6dning.Perfekt ren SMT.<br \/>\nPCB-montering med h\u00f6g precision:PCB-monteringsnoggrannheten \u00e4r upp till +\/-50um. Den maximala noggrannheten \u00e4r \u00b130um.<\/p>\n<p>&nbsp;<\/p>\n<h2><span class=\"ez-toc-section\" id=\"Why_choose_us\"><\/span><strong><span>Varf\u00f6r v\u00e4lja oss?<\/span><\/strong><span class=\"ez-toc-section-end\"><\/span><\/h2>\n<p><span>1.One-stop PCB PCBA-tj\u00e4nst<\/span><\/p>\n<p><span>Vi kan hj\u00e4lpa dig med en one-stop-service.F\u00f6r att st\u00f6dja dig med hela processen fr\u00e5n funktionsforskning och utveckling, diskussion om produktdesign, PCB-tillverkning, komponentupphandling, till PCB-montering.<\/span><\/p>\n<p><span>2.Avancerad utrustning<\/span><\/p>\n<p><span>Det finns mer \u00e4n 385 utrustningar, fr\u00e4mst importerade fr\u00e5n Tyskland, Japan och Taiwan.S\u00e5som LDl automatisk exponeringsmaskin, automatisk pl\u00e4teringslinje, laserborrmaskin, automatisk testmaskin, automatisk V-sk\u00e4rmaskin och annan avancerad utrustning.<\/span><\/p>\n<p><span>3.Avancerad teknik<br \/>\n<\/span><\/p>\n<p><span>Det finns mer \u00e4n 28 anst\u00e4llda i v\u00e5rt R&amp; D-team, inklusive 2 doktorander och 8 masterstudenter.Vi kan g\u00f6ra 3 3-stegs HDI-kretskort med 0,4 mm tonh\u00f6jdsh\u00e5l. Tekniken \u00e4r i den ledande positionen i branschen.<\/span><\/p>\n<p><span>4.\u00d6verl\u00e4gsen service<\/span><\/p>\n<p><span>7 * 24-timmars onlinetj\u00e4nst!Vi har ett professionellt serviceteam f\u00f6r att f\u00f6lja hela processen f\u00f6r nyckelkunder och nyckelorder. Vi har ocks\u00e5 en professionell kontoansvarig f\u00f6r varje kund f\u00f6r att m\u00f6ta kundernas olika krav.<\/span><\/p>","protected":false},"excerpt":{"rendered":"<p>Flexibla anpassningar efter kundernas behov, f\u00f6r att tillgodose personliga behov och snabb respons p\u00e5 marknadsf\u00f6r\u00e4ndringar.<\/p>","protected":false},"featured_media":2263,"comment_status":"open","ping_status":"closed","template":"","meta":[],"product_brand":[],"product_cat":[116],"product_tag":[208,206,207],"class_list":{"0":"post-2257","1":"product","2":"type-product","3":"status-publish","4":"has-post-thumbnail","6":"product_cat-pcba","7":"product_tag-consumer-electronics-pcba","8":"product_tag-electronics-pcba","9":"product_tag-pcba","11":"first","12":"instock","13":"shipping-taxable","14":"product-type-simple"},"yoast_head":"<!-- This site is optimized with the Yoast SEO plugin v25.1 - https:\/\/yoast.com\/wordpress\/plugins\/seo\/ -->\n<title>Consumer Electronics PCBA - Topfastpcb<\/title>\n<meta name=\"description\" content=\"Flexible adjustments according to customer needs, to meet personalized needs, and rapid response to market changes.\" \/>\n<meta name=\"robots\" content=\"index, follow, max-snippet:-1, max-image-preview:large, max-video-preview:-1\" \/>\n<link rel=\"canonical\" href=\"https:\/\/www.topfastpcb.com\/sv\/products\/consumer-electronics-pcba\/\" \/>\n<meta property=\"og:locale\" content=\"sv_SE\" \/>\n<meta property=\"og:type\" content=\"article\" \/>\n<meta property=\"og:title\" content=\"Consumer Electronics PCBA - Topfastpcb\" \/>\n<meta property=\"og:description\" content=\"Flexible adjustments according to customer needs, to meet personalized needs, and rapid response to market changes.\" \/>\n<meta property=\"og:url\" content=\"https:\/\/www.topfastpcb.com\/sv\/products\/consumer-electronics-pcba\/\" \/>\n<meta property=\"og:site_name\" content=\"Topfastpcb\" \/>\n<meta property=\"article:modified_time\" content=\"2025-05-06T07:58:04+00:00\" \/>\n<meta property=\"og:image\" content=\"https:\/\/www.topfastpcb.com\/wp-content\/uploads\/2025\/04\/pcba23.jpg\" \/>\n\t<meta property=\"og:image:width\" content=\"750\" \/>\n\t<meta property=\"og:image:height\" content=\"750\" \/>\n\t<meta property=\"og:image:type\" content=\"image\/jpeg\" \/>\n<meta name=\"twitter:card\" content=\"summary_large_image\" \/>\n<meta name=\"twitter:label1\" content=\"Ber\u00e4knad l\u00e4stid\" \/>\n\t<meta name=\"twitter:data1\" content=\"3 minuter\" \/>\n<script type=\"application\/ld+json\" class=\"yoast-schema-graph\">{\"@context\":\"https:\/\/schema.org\",\"@graph\":[{\"@type\":\"WebPage\",\"@id\":\"https:\/\/www.topfastpcb.com\/products\/consumer-electronics-pcba\/\",\"url\":\"https:\/\/www.topfastpcb.com\/products\/consumer-electronics-pcba\/\",\"name\":\"Consumer Electronics PCBA - Topfastpcb\",\"isPartOf\":{\"@id\":\"https:\/\/www.topfastpcb.com\/#website\"},\"primaryImageOfPage\":{\"@id\":\"https:\/\/www.topfastpcb.com\/products\/consumer-electronics-pcba\/#primaryimage\"},\"image\":{\"@id\":\"https:\/\/www.topfastpcb.com\/products\/consumer-electronics-pcba\/#primaryimage\"},\"thumbnailUrl\":\"https:\/\/www.topfastpcb.com\/wp-content\/uploads\/2025\/04\/pcba23.jpg\",\"datePublished\":\"2025-04-26T09:30:10+00:00\",\"dateModified\":\"2025-05-06T07:58:04+00:00\",\"description\":\"Flexible adjustments according to customer needs, to meet personalized needs, and rapid response to market changes.\",\"breadcrumb\":{\"@id\":\"https:\/\/www.topfastpcb.com\/products\/consumer-electronics-pcba\/#breadcrumb\"},\"inLanguage\":\"sv-SE\",\"potentialAction\":[{\"@type\":\"ReadAction\",\"target\":[\"https:\/\/www.topfastpcb.com\/products\/consumer-electronics-pcba\/\"]}]},{\"@type\":\"ImageObject\",\"inLanguage\":\"sv-SE\",\"@id\":\"https:\/\/www.topfastpcb.com\/products\/consumer-electronics-pcba\/#primaryimage\",\"url\":\"https:\/\/www.topfastpcb.com\/wp-content\/uploads\/2025\/04\/pcba23.jpg\",\"contentUrl\":\"https:\/\/www.topfastpcb.com\/wp-content\/uploads\/2025\/04\/pcba23.jpg\",\"width\":750,\"height\":750},{\"@type\":\"BreadcrumbList\",\"@id\":\"https:\/\/www.topfastpcb.com\/products\/consumer-electronics-pcba\/#breadcrumb\",\"itemListElement\":[{\"@type\":\"ListItem\",\"position\":1,\"name\":\"\u9996\u9875\",\"item\":\"https:\/\/www.topfastpcb.com\/\"},{\"@type\":\"ListItem\",\"position\":2,\"name\":\"\u5546\u5e97\",\"item\":\"https:\/\/www.topfastpcb.com\/shop\/\"},{\"@type\":\"ListItem\",\"position\":3,\"name\":\"Consumer Electronics PCBA\"}]},{\"@type\":\"WebSite\",\"@id\":\"https:\/\/www.topfastpcb.com\/#website\",\"url\":\"https:\/\/www.topfastpcb.com\/\",\"name\":\"Topfastpcb\",\"description\":\"Topfast Prime Choice for Global Electronics Manufacturing\",\"publisher\":{\"@id\":\"https:\/\/www.topfastpcb.com\/#organization\"},\"potentialAction\":[{\"@type\":\"SearchAction\",\"target\":{\"@type\":\"EntryPoint\",\"urlTemplate\":\"https:\/\/www.topfastpcb.com\/?s={search_term_string}\"},\"query-input\":{\"@type\":\"PropertyValueSpecification\",\"valueRequired\":true,\"valueName\":\"search_term_string\"}}],\"inLanguage\":\"sv-SE\"},{\"@type\":\"Organization\",\"@id\":\"https:\/\/www.topfastpcb.com\/#organization\",\"name\":\"Topfastpcb\",\"url\":\"https:\/\/www.topfastpcb.com\/\",\"logo\":{\"@type\":\"ImageObject\",\"inLanguage\":\"sv-SE\",\"@id\":\"https:\/\/www.topfastpcb.com\/#\/schema\/logo\/image\/\",\"url\":\"https:\/\/www.topfastpcb.com\/wp-content\/uploads\/2026\/02\/cropped-topfast-logo.png\",\"contentUrl\":\"https:\/\/www.topfastpcb.com\/wp-content\/uploads\/2026\/02\/cropped-topfast-logo.png\",\"width\":144,\"height\":56,\"caption\":\"Topfastpcb\"},\"image\":{\"@id\":\"https:\/\/www.topfastpcb.com\/#\/schema\/logo\/image\/\"}}]}<\/script>\n<!-- \/ Yoast SEO plugin. -->","yoast_head_json":{"title":"Consumer Electronics PCBA - Topfastpcb","description":"Flexible adjustments according to customer needs, to meet personalized needs, and rapid response to market changes.","robots":{"index":"index","follow":"follow","max-snippet":"max-snippet:-1","max-image-preview":"max-image-preview:large","max-video-preview":"max-video-preview:-1"},"canonical":"https:\/\/www.topfastpcb.com\/sv\/products\/consumer-electronics-pcba\/","og_locale":"sv_SE","og_type":"article","og_title":"Consumer Electronics PCBA - Topfastpcb","og_description":"Flexible adjustments according to customer needs, to meet personalized needs, and rapid response to market changes.","og_url":"https:\/\/www.topfastpcb.com\/sv\/products\/consumer-electronics-pcba\/","og_site_name":"Topfastpcb","article_modified_time":"2025-05-06T07:58:04+00:00","og_image":[{"width":750,"height":750,"url":"https:\/\/www.topfastpcb.com\/wp-content\/uploads\/2025\/04\/pcba23.jpg","type":"image\/jpeg"}],"twitter_card":"summary_large_image","twitter_misc":{"Ber\u00e4knad l\u00e4stid":"3 minuter"},"schema":{"@context":"https:\/\/schema.org","@graph":[{"@type":"WebPage","@id":"https:\/\/www.topfastpcb.com\/products\/consumer-electronics-pcba\/","url":"https:\/\/www.topfastpcb.com\/products\/consumer-electronics-pcba\/","name":"Consumer Electronics PCBA - Topfastpcb","isPartOf":{"@id":"https:\/\/www.topfastpcb.com\/#website"},"primaryImageOfPage":{"@id":"https:\/\/www.topfastpcb.com\/products\/consumer-electronics-pcba\/#primaryimage"},"image":{"@id":"https:\/\/www.topfastpcb.com\/products\/consumer-electronics-pcba\/#primaryimage"},"thumbnailUrl":"https:\/\/www.topfastpcb.com\/wp-content\/uploads\/2025\/04\/pcba23.jpg","datePublished":"2025-04-26T09:30:10+00:00","dateModified":"2025-05-06T07:58:04+00:00","description":"Flexible adjustments according to customer needs, to meet personalized needs, and rapid response to market changes.","breadcrumb":{"@id":"https:\/\/www.topfastpcb.com\/products\/consumer-electronics-pcba\/#breadcrumb"},"inLanguage":"sv-SE","potentialAction":[{"@type":"ReadAction","target":["https:\/\/www.topfastpcb.com\/products\/consumer-electronics-pcba\/"]}]},{"@type":"ImageObject","inLanguage":"sv-SE","@id":"https:\/\/www.topfastpcb.com\/products\/consumer-electronics-pcba\/#primaryimage","url":"https:\/\/www.topfastpcb.com\/wp-content\/uploads\/2025\/04\/pcba23.jpg","contentUrl":"https:\/\/www.topfastpcb.com\/wp-content\/uploads\/2025\/04\/pcba23.jpg","width":750,"height":750},{"@type":"BreadcrumbList","@id":"https:\/\/www.topfastpcb.com\/products\/consumer-electronics-pcba\/#breadcrumb","itemListElement":[{"@type":"ListItem","position":1,"name":"\u9996\u9875","item":"https:\/\/www.topfastpcb.com\/"},{"@type":"ListItem","position":2,"name":"\u5546\u5e97","item":"https:\/\/www.topfastpcb.com\/shop\/"},{"@type":"ListItem","position":3,"name":"Consumer Electronics PCBA"}]},{"@type":"WebSite","@id":"https:\/\/www.topfastpcb.com\/#website","url":"https:\/\/www.topfastpcb.com\/","name":"Topfastpcb","description":"Topfast Prime Choice for Global Electronics Manufacturing","publisher":{"@id":"https:\/\/www.topfastpcb.com\/#organization"},"potentialAction":[{"@type":"SearchAction","target":{"@type":"EntryPoint","urlTemplate":"https:\/\/www.topfastpcb.com\/?s={search_term_string}"},"query-input":{"@type":"PropertyValueSpecification","valueRequired":true,"valueName":"search_term_string"}}],"inLanguage":"sv-SE"},{"@type":"Organization","@id":"https:\/\/www.topfastpcb.com\/#organization","name":"Topfastpcb","url":"https:\/\/www.topfastpcb.com\/","logo":{"@type":"ImageObject","inLanguage":"sv-SE","@id":"https:\/\/www.topfastpcb.com\/#\/schema\/logo\/image\/","url":"https:\/\/www.topfastpcb.com\/wp-content\/uploads\/2026\/02\/cropped-topfast-logo.png","contentUrl":"https:\/\/www.topfastpcb.com\/wp-content\/uploads\/2026\/02\/cropped-topfast-logo.png","width":144,"height":56,"caption":"Topfastpcb"},"image":{"@id":"https:\/\/www.topfastpcb.com\/#\/schema\/logo\/image\/"}}]}},"_links":{"self":[{"href":"https:\/\/www.topfastpcb.com\/sv\/wp-json\/wp\/v2\/product\/2257","targetHints":{"allow":["GET"]}}],"collection":[{"href":"https:\/\/www.topfastpcb.com\/sv\/wp-json\/wp\/v2\/product"}],"about":[{"href":"https:\/\/www.topfastpcb.com\/sv\/wp-json\/wp\/v2\/types\/product"}],"replies":[{"embeddable":true,"href":"https:\/\/www.topfastpcb.com\/sv\/wp-json\/wp\/v2\/comments?post=2257"}],"wp:featuredmedia":[{"embeddable":true,"href":"https:\/\/www.topfastpcb.com\/sv\/wp-json\/wp\/v2\/media\/2263"}],"wp:attachment":[{"href":"https:\/\/www.topfastpcb.com\/sv\/wp-json\/wp\/v2\/media?parent=2257"}],"wp:term":[{"taxonomy":"product_brand","embeddable":true,"href":"https:\/\/www.topfastpcb.com\/sv\/wp-json\/wp\/v2\/product_brand?post=2257"},{"taxonomy":"product_cat","embeddable":true,"href":"https:\/\/www.topfastpcb.com\/sv\/wp-json\/wp\/v2\/product_cat?post=2257"},{"taxonomy":"product_tag","embeddable":true,"href":"https:\/\/www.topfastpcb.com\/sv\/wp-json\/wp\/v2\/product_tag?post=2257"}],"curies":[{"name":"wp","href":"https:\/\/api.w.org\/{rel}","templated":true}]}}