{"id":2264,"date":"2025-04-26T18:25:34","date_gmt":"2025-04-26T09:55:34","guid":{"rendered":"http:\/\/topfastpcbb.ru\/?post_type=product&#038;p=2264"},"modified":"2025-05-06T16:29:15","modified_gmt":"2025-05-06T07:59:15","slug":"pcba-for-medical-industry","status":"publish","type":"product","link":"https:\/\/www.topfastpcb.com\/sv\/products\/pcba-for-medical-industry\/","title":{"rendered":"PCBA f\u00f6r medicinsk industri"},"content":{"rendered":"<h2>PCBA f\u00f6r den medicinska industrin<\/h2>\n<p>PCBA (<a href=\"https:\/\/www.topfastpcb.com\/sv\/products\/category\/pcba\/\">Montering av tryckta kretskort<\/a>) \u00e4r en process som inneb\u00e4r att elektroniska komponenter monteras p\u00e5 ett kretskort (PCB) och l\u00f6das p\u00e5 plats f\u00f6r att skapa en fungerande elektronisk enhet. Inom den medicinska industrin anv\u00e4nds PCBA f\u00f6r att tillverka ett brett utbud av medicintekniska produkter, inklusive diagnostisk utrustning, \u00f6vervakningsutrustning och kirurgiska instrument.<br \/>\nMedicintekniska produkter som anv\u00e4nder PCBA m\u00e5ste vanligtvis uppfylla strikta lagstadgade standarder f\u00f6r att garantera deras s\u00e4kerhet och effektivitet.D\u00e4rf\u00f6r m\u00e5ste PCBA-processen f\u00f6r medicintekniska produkter kontrolleras noggrant f\u00f6r att s\u00e4kerst\u00e4lla att den f\u00e4rdiga produkten uppfyller dessa standarder. Detta kan inneb\u00e4ra anv\u00e4ndning av specialmaterial, t.ex. biokompatibla plaster och metaller, och genomf\u00f6rande av strikta kvalitetskontroll\u00e5tg\u00e4rder.<br \/>\nAnv\u00e4ndningen av PCBA inom den medicinska industrin g\u00f6r det m\u00f6jligt att skapa mycket exakta och tillf\u00f6rlitliga enheter som \u00e4r viktiga f\u00f6r diagnos, behandling och \u00f6vervakning av patienter.Det m\u00f6jligg\u00f6r ocks\u00e5 utveckling av ny och innovativ medicinsk teknik som kan f\u00f6rb\u00e4ttra patientresultaten och v\u00e5rdkvaliteten.Om du \u00e4r intresserad av v\u00e5r PCB-montering \u00e4r du v\u00e4lkommen att kontakta oss.<\/p>\n<h2>F\u00f6rdelar<\/h2>\n<p>H\u00e4r \u00e4r n\u00e5gra f\u00f6rdelar med att anv\u00e4nda PCBA inom den medicinska industrin:<br \/>\n1. Precision: PCBA g\u00f6r det m\u00f6jligt att skapa medicintekniska produkter med h\u00f6g precision och noggrannhet, vilket \u00e4r n\u00f6dv\u00e4ndigt f\u00f6r m\u00e5nga diagnos- och \u00f6vervakningsapplikationer.<br \/>\n2.Tillf\u00f6rlitlighet:PCBA-processen \u00e4r utformad f\u00f6r att skapa h\u00e5llbara och tillf\u00f6rlitliga medicintekniska produkter som klarar de krav som st\u00e4lls inom sjukv\u00e5rden.<br \/>\n3.Anpassning:PCBA kan anpassas f\u00f6r att m\u00f6ta de specifika behoven och kraven i olika medicinska applikationer. Detta g\u00f6r det m\u00f6jligt f\u00f6r tillverkare att skapa enheter som \u00e4r skr\u00e4ddarsydda f\u00f6r de unika behoven inom sjukv\u00e5rdsindustrin.<br \/>\n4.Kostnadseffektivitet:Anv\u00e4ndningen av PCBA kan bidra till att minska den totala kostnaden f\u00f6r tillverkning av medicintekniska produkter genom att m\u00f6jligg\u00f6ra anv\u00e4ndning av automatiserade processer och standardkomponenter.<br \/>\n5.Produktionshastighet:PCBA-processen kan slutf\u00f6ras relativt snabbt, vilket g\u00f6r det m\u00f6jligt f\u00f6r tillverkare att m\u00f6ta den h\u00f6ga efterfr\u00e5gan p\u00e5 medicintekniska produkter i tid.<br \/>\nF\u00f6rb\u00e4ttrad patientv\u00e5rd:Genom att skapa tillf\u00f6rlitliga och exakta medicintekniska produkter bidrar PCBA till att f\u00f6rb\u00e4ttra patientv\u00e5rden och resultaten.Detta kan leda till b\u00e4ttre patientn\u00f6jdhet och \u00f6vergripande v\u00e5rdkvalitet.<\/p>\n<p><img loading=\"lazy\" decoding=\"async\" src=\"https:\/\/www.topfastpcb.com\/wp-content\/uploads\/2025\/04\/pcba27.jpg\" alt=\"Medicinsk PCBA\" width=\"750\" height=\"750\" class=\"aligncenter wp-image-2265 size-full\" srcset=\"https:\/\/www.topfastpcb.com\/wp-content\/uploads\/2025\/04\/pcba27.jpg 750w, https:\/\/www.topfastpcb.com\/wp-content\/uploads\/2025\/04\/pcba27-300x300.jpg 300w, https:\/\/www.topfastpcb.com\/wp-content\/uploads\/2025\/04\/pcba27-150x150.jpg 150w, https:\/\/www.topfastpcb.com\/wp-content\/uploads\/2025\/04\/pcba27-600x600.jpg 600w, https:\/\/www.topfastpcb.com\/wp-content\/uploads\/2025\/04\/pcba27-100x100.jpg 100w\" sizes=\"auto, (max-width: 750px) 100vw, 750px\" \/><\/p>\n<h2>K\u00e4rnelement i kvalitetssystem<\/h2>\n<ol start=\"1\">\n<li>\n<p class=\"ds-markdown-paragraph\"><strong>System f\u00f6r trefaldig certifiering<\/strong><\/p>\n<ul>\n<li>\n<p class=\"ds-markdown-paragraph\">ISO 13485 Kvalitetsledning<\/p>\n<\/li>\n<li>\n<p class=\"ds-markdown-paragraph\">FDA 21 CFR del 820<\/p>\n<\/li>\n<li>\n<p class=\"ds-markdown-paragraph\">IEC 60601-1 S\u00e4kerhetsstandarder<\/p>\n<\/li>\n<\/ul>\n<\/li>\n<li>\n<p class=\"ds-markdown-paragraph\"><strong>H\u00f6jdpunkter inom processtyrning<\/strong><\/p>\n<ul>\n<li style=\"list-style-type: none;\">\n<ul>\n<li>\n<p class=\"ds-markdown-paragraph\">Renrumsklass: 1000<\/p>\n<\/li>\n<li>\n<p class=\"ds-markdown-paragraph\">Inspektion av l\u00f6dfogar:3D AOI + r\u00f6ntgen<\/p>\n<\/li>\n<li>\n<p class=\"ds-markdown-paragraph\">Sp\u00e5rbarhet:Sp\u00e5rningssystem med streckkod<\/p>\n<\/li>\n<\/ul>\n<\/li>\n<\/ul>\n<\/li>\n<\/ol>\n<h2>Viktiga tekniska utmaningar och l\u00f6sningar<\/h2>\n<div class=\"markdown-table-wrapper\">\n<table>\n<thead>\n<tr>\n<th>Typ av utmaning<\/th>\n<th>Teknisk l\u00f6sning<\/th>\n<th>Prestationsm\u00e5tt<\/th>\n<\/tr>\n<\/thead>\n<tbody>\n<tr>\n<td>Steriliseringsresistens<\/td>\n<td>Speciella inkapslingsmaterial<\/td>\n<td>T\u00e5l 200 autoklavcykler<\/td>\n<\/tr>\n<tr>\n<td>EMI-kontroll<\/td>\n<td>Sk\u00e4rmningsstrukturer i flera skikt<\/td>\n<td>60dB str\u00e5lningsreduktion<\/td>\n<\/tr>\n<tr>\n<td>L\u00e5ngsiktig tillf\u00f6rlitlighet<\/td>\n<td>Process f\u00f6r guldbindning<\/td>\n<td>MTBF &gt;100.000 timmar<\/td>\n<\/tr>\n<tr>\n<td>Biokompatibilitet<\/td>\n<td>Parylenbel\u00e4ggning<\/td>\n<td>Uppfyller kraven i ISO 10993-5<\/td>\n<\/tr>\n<\/tbody>\n<\/table>\n<\/div>\n<h2>Prestandakrav f\u00f6r typiska applikationer<\/h2>\n<ol start=\"1\">\n<li>\n<p class=\"ds-markdown-paragraph\"><strong>Implanterbara enheter<\/strong><\/p>\n<ul>\n<li>\n<p class=\"ds-markdown-paragraph\">Operativ livsl\u00e4ngd \u226510 \u00e5r<\/p>\n<\/li>\n<li>\n<p class=\"ds-markdown-paragraph\">L\u00e4ckstr\u00f6m &lt;10\u03bcA<\/p>\n<\/li>\n<\/ul>\n<\/li>\n<li>\n<p class=\"ds-markdown-paragraph\"><strong>Utrustning f\u00f6r bildbehandling<\/strong><\/p>\n<ul>\n<li>\n<p class=\"ds-markdown-paragraph\">Data\u00f6verf\u00f6ringshastighet \u2265 40 Gbps<\/p>\n<\/li>\n<li>\n<p class=\"ds-markdown-paragraph\">Antist\u00f6rningskapacitet 100V\/m<\/p>\n<\/li>\n<\/ul>\n<\/li>\n<li>\n<p class=\"ds-markdown-paragraph\"><strong>N\u00f6dutrustning<\/strong><\/p>\n<ul>\n<li>\n<p class=\"ds-markdown-paragraph\">Uppstartstid: 0,5 sekunder<\/p>\n<\/li>\n<li>\n<p class=\"ds-markdown-paragraph\">Vibrationsmotst\u00e5nd 5 Grms<\/p>\n<\/li>\n<\/ul>\n<\/li>\n<\/ol>\n<h3>7 Nyckelkriterier f\u00f6r val av leverant\u00f6r<\/h3>\n<ol start=\"1\">\n<li>\n<p class=\"ds-markdown-paragraph\">Certifiering f\u00f6r produktion av medicintekniska produkter klass III<\/p>\n<\/li>\n<li>\n<p class=\"ds-markdown-paragraph\">Leveranskedja f\u00f6r komponenter av medicinsk kvalitet<\/p>\n<\/li>\n<li>\n<p class=\"ds-markdown-paragraph\">Renrumsomr\u00e5de \u22651000\u33a1<\/p>\n<\/li>\n<li>\n<p class=\"ds-markdown-paragraph\">Konfiguration av labb f\u00f6r felanalys<\/p>\n<\/li>\n<li>\n<p class=\"ds-markdown-paragraph\">System f\u00f6r kontroll av produktf\u00f6r\u00e4ndringar<\/p>\n<\/li>\n<li>\n<p class=\"ds-markdown-paragraph\">Kapacitet f\u00f6r \u00e5ldringstestning p\u00e5 l\u00e5ng sikt<\/p>\n<\/li>\n<li>\n<p class=\"ds-markdown-paragraph\">Erfarenhet av kliniskt samarbete<\/p>\n<\/li>\n<\/ol>\n<ul>\n<li>\n<p class=\"ds-markdown-paragraph\"><strong>Processf\u00f6rm\u00e5gor<\/strong><br \/>\n\u2713 01005 placering av komponenter<br \/>\n\u2713 50 \u03bcm BGA med fin pitch<br \/>\n\u2713 Processer f\u00f6r styv-flexskivor<\/p>\n<\/li>\n<li>\n<p class=\"ds-markdown-paragraph\"><strong>Inspektionssystem<\/strong><br \/>\n\u2713 100% t\u00e4ckning av test med flygande sond<br \/>\n\u2713 3D-r\u00f6ntgeninspektion<br \/>\n\u2713 Test av jonisk f\u00f6rorening<\/p>\n<\/li>\n<li>\n<p class=\"ds-markdown-paragraph\"><strong>S\u00e4rskilda processer<\/strong><br \/>\n\u2713 Biokompatibla bel\u00e4ggningar<br \/>\n\u2713 Steril f\u00f6rpackning<br \/>\n\u2713 Konform bel\u00e4ggning<\/p>\n<\/li>\n<\/ul>\n<h2>Rekommendationer f\u00f6r implementering<\/h2>\n<ol start=\"1\">\n<li>\n<p class=\"ds-markdown-paragraph\">Genomf\u00f6ra FMEA-analys under konstruktionsfasen<\/p>\n<\/li>\n<li>\n<p class=\"ds-markdown-paragraph\">Etablera tillv\u00e4xtmodeller f\u00f6r tillf\u00f6rlitlighet<\/p>\n<\/li>\n<li>\n<p class=\"ds-markdown-paragraph\">Implementera system f\u00f6r V&amp;V-verifiering<\/p>\n<\/li>\n<li>\n<p class=\"ds-markdown-paragraph\">F\u00f6rb\u00e4ttra processerna f\u00f6r f\u00f6r\u00e4ndringshantering<\/p>\n<\/li>\n<\/ol>\n<p class=\"ds-markdown-paragraph\"><strong>Framtidsutsikter<\/strong>: Med framstegen inom hj\u00e4rna-dator-gr\u00e4nssnitt och nanorobotik kommer medicinska m\u00f6nsterkort att utvecklas mot innovativa riktningar som neurala elektrodmatriser och biologiskt nedbrytbara kretsar, vilket kr\u00e4ver h\u00f6gre monteringsprecision. Tillverkarna rekommenderas att investera i f\u00f6rpackning p\u00e5 molekyl\u00e4r niv\u00e5 och sj\u00e4lvl\u00e4kande kretsteknik.<\/p>\n<p>&nbsp;<\/p>\n<p>&nbsp;<\/p>\n<p>&nbsp;<\/p>","protected":false},"excerpt":{"rendered":"<p>Medicintekniska produkter som anv\u00e4nder PCBA m\u00e5ste vanligtvis uppfylla strikta regleringsstandarder f\u00f6r att garantera deras s\u00e4kerhet och effektivitet.<\/p>","protected":false},"featured_media":2269,"comment_status":"open","ping_status":"closed","template":"","meta":[],"product_brand":[],"product_cat":[116],"product_tag":[210,207,209],"class_list":{"0":"post-2264","1":"product","2":"type-product","3":"status-publish","4":"has-post-thumbnail","6":"product_cat-pcba","7":"product_tag-medical-pcba","8":"product_tag-pcba","9":"product_tag-pcba-for-medical","11":"first","12":"instock","13":"shipping-taxable","14":"product-type-simple"},"yoast_head":"<!-- This site is optimized with the Yoast SEO plugin v25.1 - https:\/\/yoast.com\/wordpress\/plugins\/seo\/ -->\n<title>PCBA For Medical Industry - Topfastpcb<\/title>\n<meta name=\"description\" content=\"Medical devices that use PCBA are typically required to meet strict regulatory standards to ensure their safety and effectiveness.\" \/>\n<meta name=\"robots\" content=\"index, follow, max-snippet:-1, max-image-preview:large, max-video-preview:-1\" \/>\n<link rel=\"canonical\" href=\"https:\/\/www.topfastpcb.com\/sv\/products\/pcba-for-medical-industry\/\" \/>\n<meta property=\"og:locale\" content=\"sv_SE\" \/>\n<meta property=\"og:type\" content=\"article\" \/>\n<meta property=\"og:title\" content=\"PCBA For Medical Industry - Topfastpcb\" \/>\n<meta property=\"og:description\" content=\"Medical devices that use PCBA are typically required to meet strict regulatory standards to ensure their safety and effectiveness.\" \/>\n<meta property=\"og:url\" content=\"https:\/\/www.topfastpcb.com\/sv\/products\/pcba-for-medical-industry\/\" \/>\n<meta property=\"og:site_name\" content=\"Topfastpcb\" \/>\n<meta property=\"article:modified_time\" content=\"2025-05-06T07:59:15+00:00\" \/>\n<meta property=\"og:image\" content=\"https:\/\/www.topfastpcb.com\/wp-content\/uploads\/2025\/04\/pcba13.jpg\" \/>\n\t<meta property=\"og:image:width\" content=\"750\" \/>\n\t<meta property=\"og:image:height\" content=\"750\" \/>\n\t<meta property=\"og:image:type\" content=\"image\/jpeg\" \/>\n<meta name=\"twitter:card\" content=\"summary_large_image\" \/>\n<meta name=\"twitter:label1\" content=\"Ber\u00e4knad l\u00e4stid\" \/>\n\t<meta name=\"twitter:data1\" content=\"4 minuter\" \/>\n<script type=\"application\/ld+json\" class=\"yoast-schema-graph\">{\"@context\":\"https:\/\/schema.org\",\"@graph\":[{\"@type\":\"WebPage\",\"@id\":\"https:\/\/www.topfastpcb.com\/products\/pcba-for-medical-industry\/\",\"url\":\"https:\/\/www.topfastpcb.com\/products\/pcba-for-medical-industry\/\",\"name\":\"PCBA For Medical Industry - Topfastpcb\",\"isPartOf\":{\"@id\":\"https:\/\/www.topfastpcb.com\/#website\"},\"primaryImageOfPage\":{\"@id\":\"https:\/\/www.topfastpcb.com\/products\/pcba-for-medical-industry\/#primaryimage\"},\"image\":{\"@id\":\"https:\/\/www.topfastpcb.com\/products\/pcba-for-medical-industry\/#primaryimage\"},\"thumbnailUrl\":\"https:\/\/www.topfastpcb.com\/wp-content\/uploads\/2025\/04\/pcba13.jpg\",\"datePublished\":\"2025-04-26T09:55:34+00:00\",\"dateModified\":\"2025-05-06T07:59:15+00:00\",\"description\":\"Medical devices that use PCBA are typically required to meet strict regulatory standards to ensure their safety and effectiveness.\",\"breadcrumb\":{\"@id\":\"https:\/\/www.topfastpcb.com\/products\/pcba-for-medical-industry\/#breadcrumb\"},\"inLanguage\":\"sv-SE\",\"potentialAction\":[{\"@type\":\"ReadAction\",\"target\":[\"https:\/\/www.topfastpcb.com\/products\/pcba-for-medical-industry\/\"]}]},{\"@type\":\"ImageObject\",\"inLanguage\":\"sv-SE\",\"@id\":\"https:\/\/www.topfastpcb.com\/products\/pcba-for-medical-industry\/#primaryimage\",\"url\":\"https:\/\/www.topfastpcb.com\/wp-content\/uploads\/2025\/04\/pcba13.jpg\",\"contentUrl\":\"https:\/\/www.topfastpcb.com\/wp-content\/uploads\/2025\/04\/pcba13.jpg\",\"width\":750,\"height\":750},{\"@type\":\"BreadcrumbList\",\"@id\":\"https:\/\/www.topfastpcb.com\/products\/pcba-for-medical-industry\/#breadcrumb\",\"itemListElement\":[{\"@type\":\"ListItem\",\"position\":1,\"name\":\"\u9996\u9875\",\"item\":\"https:\/\/www.topfastpcb.com\/\"},{\"@type\":\"ListItem\",\"position\":2,\"name\":\"\u5546\u5e97\",\"item\":\"https:\/\/www.topfastpcb.com\/shop\/\"},{\"@type\":\"ListItem\",\"position\":3,\"name\":\"PCBA For Medical Industry\"}]},{\"@type\":\"WebSite\",\"@id\":\"https:\/\/www.topfastpcb.com\/#website\",\"url\":\"https:\/\/www.topfastpcb.com\/\",\"name\":\"Topfastpcb\",\"description\":\"Topfast Prime Choice for Global Electronics Manufacturing\",\"publisher\":{\"@id\":\"https:\/\/www.topfastpcb.com\/#organization\"},\"potentialAction\":[{\"@type\":\"SearchAction\",\"target\":{\"@type\":\"EntryPoint\",\"urlTemplate\":\"https:\/\/www.topfastpcb.com\/?s={search_term_string}\"},\"query-input\":{\"@type\":\"PropertyValueSpecification\",\"valueRequired\":true,\"valueName\":\"search_term_string\"}}],\"inLanguage\":\"sv-SE\"},{\"@type\":\"Organization\",\"@id\":\"https:\/\/www.topfastpcb.com\/#organization\",\"name\":\"Topfastpcb\",\"url\":\"https:\/\/www.topfastpcb.com\/\",\"logo\":{\"@type\":\"ImageObject\",\"inLanguage\":\"sv-SE\",\"@id\":\"https:\/\/www.topfastpcb.com\/#\/schema\/logo\/image\/\",\"url\":\"https:\/\/www.topfastpcb.com\/wp-content\/uploads\/2026\/02\/cropped-topfast-logo.png\",\"contentUrl\":\"https:\/\/www.topfastpcb.com\/wp-content\/uploads\/2026\/02\/cropped-topfast-logo.png\",\"width\":144,\"height\":56,\"caption\":\"Topfastpcb\"},\"image\":{\"@id\":\"https:\/\/www.topfastpcb.com\/#\/schema\/logo\/image\/\"}}]}<\/script>\n<!-- \/ Yoast SEO plugin. -->","yoast_head_json":{"title":"PCBA For Medical Industry - Topfastpcb","description":"Medical devices that use PCBA are typically required to meet strict regulatory standards to ensure their safety and effectiveness.","robots":{"index":"index","follow":"follow","max-snippet":"max-snippet:-1","max-image-preview":"max-image-preview:large","max-video-preview":"max-video-preview:-1"},"canonical":"https:\/\/www.topfastpcb.com\/sv\/products\/pcba-for-medical-industry\/","og_locale":"sv_SE","og_type":"article","og_title":"PCBA For Medical Industry - Topfastpcb","og_description":"Medical devices that use PCBA are typically required to meet strict regulatory standards to ensure their safety and effectiveness.","og_url":"https:\/\/www.topfastpcb.com\/sv\/products\/pcba-for-medical-industry\/","og_site_name":"Topfastpcb","article_modified_time":"2025-05-06T07:59:15+00:00","og_image":[{"width":750,"height":750,"url":"https:\/\/www.topfastpcb.com\/wp-content\/uploads\/2025\/04\/pcba13.jpg","type":"image\/jpeg"}],"twitter_card":"summary_large_image","twitter_misc":{"Ber\u00e4knad l\u00e4stid":"4 minuter"},"schema":{"@context":"https:\/\/schema.org","@graph":[{"@type":"WebPage","@id":"https:\/\/www.topfastpcb.com\/products\/pcba-for-medical-industry\/","url":"https:\/\/www.topfastpcb.com\/products\/pcba-for-medical-industry\/","name":"PCBA For Medical Industry - Topfastpcb","isPartOf":{"@id":"https:\/\/www.topfastpcb.com\/#website"},"primaryImageOfPage":{"@id":"https:\/\/www.topfastpcb.com\/products\/pcba-for-medical-industry\/#primaryimage"},"image":{"@id":"https:\/\/www.topfastpcb.com\/products\/pcba-for-medical-industry\/#primaryimage"},"thumbnailUrl":"https:\/\/www.topfastpcb.com\/wp-content\/uploads\/2025\/04\/pcba13.jpg","datePublished":"2025-04-26T09:55:34+00:00","dateModified":"2025-05-06T07:59:15+00:00","description":"Medical devices that use PCBA are typically required to meet strict regulatory standards to ensure their safety and effectiveness.","breadcrumb":{"@id":"https:\/\/www.topfastpcb.com\/products\/pcba-for-medical-industry\/#breadcrumb"},"inLanguage":"sv-SE","potentialAction":[{"@type":"ReadAction","target":["https:\/\/www.topfastpcb.com\/products\/pcba-for-medical-industry\/"]}]},{"@type":"ImageObject","inLanguage":"sv-SE","@id":"https:\/\/www.topfastpcb.com\/products\/pcba-for-medical-industry\/#primaryimage","url":"https:\/\/www.topfastpcb.com\/wp-content\/uploads\/2025\/04\/pcba13.jpg","contentUrl":"https:\/\/www.topfastpcb.com\/wp-content\/uploads\/2025\/04\/pcba13.jpg","width":750,"height":750},{"@type":"BreadcrumbList","@id":"https:\/\/www.topfastpcb.com\/products\/pcba-for-medical-industry\/#breadcrumb","itemListElement":[{"@type":"ListItem","position":1,"name":"\u9996\u9875","item":"https:\/\/www.topfastpcb.com\/"},{"@type":"ListItem","position":2,"name":"\u5546\u5e97","item":"https:\/\/www.topfastpcb.com\/shop\/"},{"@type":"ListItem","position":3,"name":"PCBA For Medical Industry"}]},{"@type":"WebSite","@id":"https:\/\/www.topfastpcb.com\/#website","url":"https:\/\/www.topfastpcb.com\/","name":"Topfastpcb","description":"Topfast Prime Choice for Global Electronics Manufacturing","publisher":{"@id":"https:\/\/www.topfastpcb.com\/#organization"},"potentialAction":[{"@type":"SearchAction","target":{"@type":"EntryPoint","urlTemplate":"https:\/\/www.topfastpcb.com\/?s={search_term_string}"},"query-input":{"@type":"PropertyValueSpecification","valueRequired":true,"valueName":"search_term_string"}}],"inLanguage":"sv-SE"},{"@type":"Organization","@id":"https:\/\/www.topfastpcb.com\/#organization","name":"Topfastpcb","url":"https:\/\/www.topfastpcb.com\/","logo":{"@type":"ImageObject","inLanguage":"sv-SE","@id":"https:\/\/www.topfastpcb.com\/#\/schema\/logo\/image\/","url":"https:\/\/www.topfastpcb.com\/wp-content\/uploads\/2026\/02\/cropped-topfast-logo.png","contentUrl":"https:\/\/www.topfastpcb.com\/wp-content\/uploads\/2026\/02\/cropped-topfast-logo.png","width":144,"height":56,"caption":"Topfastpcb"},"image":{"@id":"https:\/\/www.topfastpcb.com\/#\/schema\/logo\/image\/"}}]}},"_links":{"self":[{"href":"https:\/\/www.topfastpcb.com\/sv\/wp-json\/wp\/v2\/product\/2264","targetHints":{"allow":["GET"]}}],"collection":[{"href":"https:\/\/www.topfastpcb.com\/sv\/wp-json\/wp\/v2\/product"}],"about":[{"href":"https:\/\/www.topfastpcb.com\/sv\/wp-json\/wp\/v2\/types\/product"}],"replies":[{"embeddable":true,"href":"https:\/\/www.topfastpcb.com\/sv\/wp-json\/wp\/v2\/comments?post=2264"}],"wp:featuredmedia":[{"embeddable":true,"href":"https:\/\/www.topfastpcb.com\/sv\/wp-json\/wp\/v2\/media\/2269"}],"wp:attachment":[{"href":"https:\/\/www.topfastpcb.com\/sv\/wp-json\/wp\/v2\/media?parent=2264"}],"wp:term":[{"taxonomy":"product_brand","embeddable":true,"href":"https:\/\/www.topfastpcb.com\/sv\/wp-json\/wp\/v2\/product_brand?post=2264"},{"taxonomy":"product_cat","embeddable":true,"href":"https:\/\/www.topfastpcb.com\/sv\/wp-json\/wp\/v2\/product_cat?post=2264"},{"taxonomy":"product_tag","embeddable":true,"href":"https:\/\/www.topfastpcb.com\/sv\/wp-json\/wp\/v2\/product_tag?post=2264"}],"curies":[{"name":"wp","href":"https:\/\/api.w.org\/{rel}","templated":true}]}}