{"id":2798,"date":"2025-05-24T15:54:13","date_gmt":"2025-05-24T07:54:13","guid":{"rendered":"https:\/\/www.topfastpcb.com\/?post_type=product&#038;p=2798"},"modified":"2025-05-24T15:56:13","modified_gmt":"2025-05-24T07:56:13","slug":"communication-pcb-assembly","status":"publish","type":"product","link":"https:\/\/www.topfastpcb.com\/sv\/products\/communication-pcb-assembly\/","title":{"rendered":"Montering av kommunikationskretskort"},"content":{"rendered":"<div id=\"ez-toc-container\" class=\"ez-toc-v2_0_74 counter-hierarchy ez-toc-counter ez-toc-custom ez-toc-container-direction\">\n<div class=\"ez-toc-title-container\">\n<p class=\"ez-toc-title\" style=\"cursor:inherit\">Inneh\u00e5llsf\u00f6rteckning<\/p>\n<span class=\"ez-toc-title-toggle\"><\/span><\/div>\n<nav><ul class='ez-toc-list ez-toc-list-level-1' ><li class='ez-toc-page-1 ez-toc-heading-level-2'><a class=\"ez-toc-link ez-toc-heading-1\" href=\"https:\/\/www.topfastpcb.com\/sv\/products\/communication-pcb-assembly\/#Overview_of_Communication_PCB_Assembly_Products\" >\u00d6versikt \u00f6ver produkter f\u00f6r PCB-montering inom kommunikation<\/a><\/li><li class='ez-toc-page-1 ez-toc-heading-level-2'><a class=\"ez-toc-link ez-toc-heading-2\" href=\"https:\/\/www.topfastpcb.com\/sv\/products\/communication-pcb-assembly\/#Core_Advantages_of_Our_Communication_PCB_Assembly\" >Viktiga f\u00f6rdelar med v\u00e5r PCB-montering f\u00f6r kommunikation<\/a><ul class='ez-toc-list-level-3' ><li class='ez-toc-heading-level-3'><a class=\"ez-toc-link ez-toc-heading-3\" href=\"https:\/\/www.topfastpcb.com\/sv\/products\/communication-pcb-assembly\/#Professional_Technical_Team_Advanced_Manufacturing_Capabilities\" >Professionellt tekniskt team och avancerad tillverkningskapacitet<\/a><\/li><li class='ez-toc-page-1 ez-toc-heading-level-3'><a class=\"ez-toc-link ez-toc-heading-4\" href=\"https:\/\/www.topfastpcb.com\/sv\/products\/communication-pcb-assembly\/#Comprehensive_One-Stop_Service\" >Omfattande One-Stop Service<\/a><\/li><\/ul><\/li><li class='ez-toc-page-1 ez-toc-heading-level-2'><a class=\"ez-toc-link ez-toc-heading-5\" href=\"https:\/\/www.topfastpcb.com\/sv\/products\/communication-pcb-assembly\/#Key_Technical_Features_of_Communication_PCB_Assembly\" >Viktiga tekniska egenskaper hos PCB-montering f\u00f6r kommunikation<\/a><ul class='ez-toc-list-level-3' ><li class='ez-toc-heading-level-3'><a class=\"ez-toc-link ez-toc-heading-6\" href=\"https:\/\/www.topfastpcb.com\/sv\/products\/communication-pcb-assembly\/#Superior_High-Frequency_Performance\" >\u00d6verl\u00e4gsen h\u00f6gfrekvent prestanda<\/a><\/li><li class='ez-toc-page-1 ez-toc-heading-level-3'><a class=\"ez-toc-link ez-toc-heading-7\" href=\"https:\/\/www.topfastpcb.com\/sv\/products\/communication-pcb-assembly\/#Reliable_Signal_Integrity\" >Tillf\u00f6rlitlig signalintegritet<\/a><\/li><li class='ez-toc-page-1 ez-toc-heading-level-3'><a class=\"ez-toc-link ez-toc-heading-8\" href=\"https:\/\/www.topfastpcb.com\/sv\/products\/communication-pcb-assembly\/#Robust_Thermal_Management\" >Robust termisk hantering<\/a><\/li><li class='ez-toc-page-1 ez-toc-heading-level-3'><a class=\"ez-toc-link ez-toc-heading-9\" href=\"https:\/\/www.topfastpcb.com\/sv\/products\/communication-pcb-assembly\/#Applications_of_Communication_PCB_Assembly\" >Till\u00e4mpningar av PCB-montering f\u00f6r kommunikation<\/a><\/li><\/ul><\/li><li class='ez-toc-page-1 ez-toc-heading-level-2'><a class=\"ez-toc-link ez-toc-heading-10\" href=\"https:\/\/www.topfastpcb.com\/sv\/products\/communication-pcb-assembly\/#Custom_Communication_PCB_Assembly_Services\" >Anpassade tj\u00e4nster f\u00f6r montering av kretskort f\u00f6r kommunikation<\/a><\/li><li class='ez-toc-page-1 ez-toc-heading-level-2'><a class=\"ez-toc-link ez-toc-heading-11\" href=\"https:\/\/www.topfastpcb.com\/sv\/products\/communication-pcb-assembly\/#Quality_Assurance_After-Sales_Support\" >Kvalitetss\u00e4kring &amp; Support efter f\u00f6rs\u00e4ljning<\/a><\/li><li class='ez-toc-page-1 ez-toc-heading-level-2'><a class=\"ez-toc-link ez-toc-heading-12\" href=\"https:\/\/www.topfastpcb.com\/sv\/products\/communication-pcb-assembly\/#Why_Choose_Our_Communication_PCB_Assembly_Solutions\" >Varf\u00f6r v\u00e4lja v\u00e5ra l\u00f6sningar f\u00f6r montering av kretskort f\u00f6r kommunikation?<\/a><\/li><\/ul><\/nav><\/div>\n\n<p>Som en ledande leverant\u00f6r av en enda l\u00f6sning f\u00f6r PCB-montering av kommunikation \u00e4r vi specialiserade p\u00e5 omfattande tillverkningstj\u00e4nster fr\u00e5n design till produktion. V\u00e5ra PCB-monteringsprodukter f\u00f6r kommunikation anv\u00e4nds ofta i 4G\/5G-kommunikationsutrustning, n\u00e4tverksv\u00e4xlar, routrar och olika smarta kommunikationsmoduler, som fungerar som k\u00e4rnkomponenter i modern telekommunikationsinfrastruktur.<\/p>\n<h2><span class=\"ez-toc-section\" id=\"Overview_of_Communication_PCB_Assembly_Products\"><\/span>\u00d6versikt \u00f6ver produkter f\u00f6r PCB-montering inom kommunikation<span class=\"ez-toc-section-end\"><\/span><\/h2>\n<p>V\u00e5ra 16-lagers kommunikationskretskort tillverkas av h\u00f6gkvalitativa FR-4-material och avancerade processer, vilket ger utm\u00e4rkt h\u00f6gfrekvensprestanda och signalintegritet f\u00f6r att uppfylla de str\u00e4nga kraven i avancerade applikationer som AI Android-moduler.Varje produkt genomg\u00e5r 100% elektronisk testning f\u00f6r att s\u00e4kerst\u00e4lla h\u00f6gsta tillf\u00f6rlitlighetsstandard f\u00f6re leverans.<\/p>\n<h2><span class=\"ez-toc-section\" id=\"Core_Advantages_of_Our_Communication_PCB_Assembly\"><\/span>De viktigaste f\u00f6rdelarna med v\u00e5r kommunikation <a href=\"https:\/\/www.topfastpcb.com\/sv\/products\/category\/pcba\/\">PCB-montering<\/a><span class=\"ez-toc-section-end\"><\/span><\/h2>\n<h3><span class=\"ez-toc-section\" id=\"Professional_Technical_Team_Advanced_Manufacturing_Capabilities\"><\/span>Professionellt tekniskt team och avancerad tillverkningskapacitet<span class=\"ez-toc-section-end\"><\/span><\/h3>\n<p>Vi har ett erfaret team av designingenj\u00f6rer f\u00f6r kommunikationskretskort och moderna produktionslinjer som kan hantera olika behov av montering av kommunikationskretskort - fr\u00e5n enkla enskiktskort till komplexa flerskiktsdesigner. V\u00e5ra tekniska styrkor inkluderar:<\/p>\n<p><strong>Expertis inom h\u00f6gfrekvent design:<\/strong> Kompetent inom kretsdesign f\u00f6r mikrov\u00e5gsband (700MHz-5GHz) f\u00f6r optimal 5G-enhetsprestanda.<br \/>\n<strong>Precisionsbearbetning:<\/strong> Minsta \u00f6ppning p\u00e5 **0,2 mm**, sp\u00e5rbredd\/avst\u00e5nd p\u00e5 **4-6 mil**, vilket st\u00f6der h\u00f6gdensitetsinterkonnektorer.<br \/>\n<strong>Flera olika ytbehandlingar:<\/strong> Alternativen omfattar **HASL (blyfri), ENIG (Immersion Gold), OSP och Immersion Silver**.<br \/>\n<strong>Strikt kvalitetskontroll:<\/strong> Kvalitets\u00f6vervakning av hela processen fr\u00e5n r\u00e5material till f\u00e4rdiga produkter.<\/p>\n<h3><span class=\"ez-toc-section\" id=\"Comprehensive_One-Stop_Service\"><\/span>Omfattande One-Stop Service<span class=\"ez-toc-section-end\"><\/span><\/h3>\n<p>Vi tillhandah\u00e5ller en sann <a href=\"https:\/\/www.topfastpcb.com\/sv\/\">en enda l\u00f6sning<\/a> f\u00f6r montering av kretskort f\u00f6r kommunikation, t\u00e4ckning:<\/p>\n<p>1. Designst\u00f6d: Schematisk design, PCB-layout och signalintegritetsanalys skr\u00e4ddarsydd efter kundens behov.<br \/>\n2.Flexibel tillverkning:Fr\u00e5n snabb prototypframtagning till storskalig produktion.<br \/>\n3.Val av material:Standard FR-4 till h\u00f6gfrekventa material som Rogers och Taconic.<br \/>\n4.Tj\u00e4nster f\u00f6r komplett montering:SMT, THT och testning av hela systemet.<br \/>\n5.Global logistik:S\u00e4ker f\u00f6rpackning och v\u00e4rldsomsp\u00e4nnande frakt f\u00f6r leverans i tid.<\/p>\n<h2><img loading=\"lazy\" decoding=\"async\" src=\"https:\/\/www.topfastpcb.com\/wp-content\/uploads\/2025\/05\/Communication-PCB-Assembly.jpg\" alt=\"Montering av kommunikationskretskort\" width=\"600\" height=\"402\" class=\"aligncenter size-full wp-image-2799\" srcset=\"https:\/\/www.topfastpcb.com\/wp-content\/uploads\/2025\/05\/Communication-PCB-Assembly.jpg 600w, https:\/\/www.topfastpcb.com\/wp-content\/uploads\/2025\/05\/Communication-PCB-Assembly-300x201.jpg 300w, https:\/\/www.topfastpcb.com\/wp-content\/uploads\/2025\/05\/Communication-PCB-Assembly-18x12.jpg 18w\" sizes=\"auto, (max-width: 600px) 100vw, 600px\" \/><\/h2>\n<h2><span class=\"ez-toc-section\" id=\"Key_Technical_Features_of_Communication_PCB_Assembly\"><\/span>Viktiga tekniska egenskaper hos PCB-montering f\u00f6r kommunikation<span class=\"ez-toc-section-end\"><\/span><\/h2>\n<h3><span class=\"ez-toc-section\" id=\"Superior_High-Frequency_Performance\"><\/span>\u00d6verl\u00e4gsen h\u00f6gfrekvent prestanda<span class=\"ez-toc-section-end\"><\/span><\/h3>\n<p>V\u00e5ra produkter anv\u00e4nder specialiserade konstruktioner och material f\u00f6r att s\u00e4kerst\u00e4lla enast\u00e5ende h\u00f6gfrekvensegenskaper:<br \/>\nLaminat med l\u00e5g f\u00f6rlust (t.ex. Rogers RO4000-serie).<br \/>\nExakt impedansreglering (\u00b15% tolerans).<br \/>\nOptimerad stack-up-design f\u00f6r att minimera \u00f6verh\u00f6rning.<br \/>\nAvancerad EMI-sk\u00e4rmning f\u00f6r att minska RF-st\u00f6rningar.<\/p>\n<h3><span class=\"ez-toc-section\" id=\"Reliable_Signal_Integrity\"><\/span>Tillf\u00f6rlitlig signalintegritet<span class=\"ez-toc-section-end\"><\/span><\/h3>\n<p>F\u00f6r h\u00f6ghastighetskommunikationstill\u00e4mpningar betonar vi:<br \/>\nStrikt matchning av sp\u00e5rl\u00e4ngd (\u00b150ps skevhet).<br \/>\nOptimerad PDN-design (Power Delivery Network).<br \/>\nTeknik f\u00f6r differentiell parroutning.<br \/>\nOmfattande strategier f\u00f6r markplanet.<\/p>\n<h3><span class=\"ez-toc-section\" id=\"Robust_Thermal_Management\"><\/span>Robust termisk hantering<span class=\"ez-toc-section-end\"><\/span><\/h3>\n<p>F\u00f6r h\u00f6geffektiva kommunikationsenheter erbjuder v\u00e5ra l\u00f6sningar f\u00f6r kretskortsmontering:<br \/>\nMaterial med h\u00f6g v\u00e4rmeledningsf\u00f6rm\u00e5ga.<br \/>\nOptimerad komponentplacering f\u00f6r v\u00e4rmeavledning.<br \/>\nTermisk via matriser.<br \/>\nH\u00f6gtemperaturbest\u00e4ndiga komponenter.<\/p>\n<h3><span class=\"ez-toc-section\" id=\"Applications_of_Communication_PCB_Assembly\"><\/span>Till\u00e4mpningar av PCB-montering f\u00f6r kommunikation<span class=\"ez-toc-section-end\"><\/span><\/h3>\n<p>V\u00e5ra produkter anv\u00e4nds i stor utstr\u00e4ckning i olika kommunikationsenheter:<\/p>\n<p>1. Tr\u00e5dl\u00f6sa kommunikationssystem: 5G-basstationer, sm\u00e5 celler, utrustning f\u00f6r mikrov\u00e5gs\u00f6verf\u00f6ring.<br \/>\n2.N\u00e4tverksinfrastruktur:Core-routrar, edge-switchar, ONU\/OLT-enheter.<br \/>\n3.Terminalenheter:Smartphones, CPE:er, IoT-kommunikationsmoduler.<br \/>\n4.Specialiserad kommunikationsutrustning:Milit\u00e4ra radioapparater, flygkommunikation, maritima system.<\/p>\n<h2><span class=\"ez-toc-section\" id=\"Custom_Communication_PCB_Assembly_Services\"><\/span>Anpassade tj\u00e4nster f\u00f6r montering av kretskort f\u00f6r kommunikation<span class=\"ez-toc-section-end\"><\/span><\/h2>\n<p>Vi f\u00f6rst\u00e5r de unika behoven hos olika kommunikationsapplikationer och erbjuder fullst\u00e4ndig kundanpassning:<\/p>\n<p>Val av material: Rekommendera det b\u00e4sta substratet baserat p\u00e5 frekvens och milj\u00f6f\u00f6rh\u00e5llanden.<br \/>\nAnpassning av lager:Flexibla alternativ fr\u00e5n **enkelt lager till 20+ lager**.<br \/>\nSpeciella processer:Hybridkort, tung koppar, styva flexkretskort.<br \/>\nSt\u00f6d f\u00f6r certifiering:Hj\u00e4lp med **CE-, FCC- och andra branschcertifieringar**.<\/p>\n<h2><span class=\"ez-toc-section\" id=\"Quality_Assurance_After-Sales_Support\"><\/span>Kvalitetss\u00e4kring &amp; Support efter f\u00f6rs\u00e4ljning<span class=\"ez-toc-section-end\"><\/span><\/h2>\n<p>Vi garanterar PCB-monteringar av h\u00f6gsta kvalitet f\u00f6r kommunikation:<\/p>\n<p>100% t\u00e4ckning av elektriska tester.<br \/>\n\u00d6verensst\u00e4mmer med IPC-A-600 klass 3-standarder.<br \/>\nOmfattande tillf\u00f6rlitlighetstester (termisk cykling, vibrationstester).<br \/>\nDedikerad teknisk support f\u00f6r designkonsultation och felanalys.<br \/>\nSnabb respons p\u00e5 kundernas behov med kontinuerliga processf\u00f6rb\u00e4ttringar.<\/p>\n<h2><span class=\"ez-toc-section\" id=\"Why_Choose_Our_Communication_PCB_Assembly_Solutions\"><\/span>Varf\u00f6r v\u00e4lja v\u00e5ra l\u00f6sningar f\u00f6r montering av kretskort f\u00f6r kommunikation?<span class=\"ez-toc-section-end\"><\/span><\/h2>\n<p>Som en professionell leverant\u00f6r av kretskortsmontering f\u00f6r kommunikation \u00e4r v\u00e5ra viktigaste skillnader bland annat<\/p>\n<p>1. Erfarenhet av branschen: 10+ \u00e5r specialiserad p\u00e5 kretskort f\u00f6r kommunikation.<br \/>\n2.Tekniskt ledarskap:Kontinuerlig forskning och utveckling inom h\u00f6gfrekventa kretskort med h\u00f6g hastighet.<br \/>\n3.Flexibel servicemodell:Smidig \u00f6verg\u00e5ng fr\u00e5n prototyper till massproduktion.<br \/>\n4.Konkurrenskraftig priss\u00e4ttning:Optimerad leveranskedja f\u00f6r kostnadseffektivitet.<br \/>\n5.P\u00e5litlig leverans: 95 %+ leveransgrad i tid.<\/p>\n<p>Oavsett om du utvecklar n\u00e4sta generations 5G-enheter eller uppgraderar befintliga kommunikationsprodukter ger v\u00e5ra l\u00f6sningar f\u00f6r kretskortsmontering inom kommunikation expertsupport.Kontakta oss f\u00f6r mer produktinformation och teknisk konsultation.<\/p>\n<p>&nbsp;<\/p>","protected":false},"excerpt":{"rendered":"<p>Professionell leverant\u00f6r av one-stop-tj\u00e4nster f\u00f6r PCB-montering f\u00f6r kommunikation som specialiserat sig p\u00e5 h\u00f6gfrekventa, h\u00f6gpresterande 4G\/5G-kretskort. Med 6-lagers FR-4-kretskort, 0,2 mm min. h\u00e5lstorlek, ENIG\/Immersion Silver-finish och 100% elektronisk testning. Anpassade l\u00f6sningar, snabb leverans - din p\u00e5litliga partner f\u00f6r kommunikationskretskort.<\/p>","protected":false},"featured_media":2800,"comment_status":"closed","ping_status":"closed","template":"","meta":[],"product_brand":[],"product_cat":[116],"product_tag":[255,231],"class_list":{"0":"post-2798","1":"product","2":"type-product","3":"status-publish","4":"has-post-thumbnail","6":"product_cat-pcba","7":"product_tag-communication-pcb-assembly","8":"product_tag-pcb-assembly","10":"first","11":"instock","12":"shipping-taxable","13":"product-type-simple"},"yoast_head":"<!-- This site is optimized with the Yoast SEO plugin v25.1 - https:\/\/yoast.com\/wordpress\/plugins\/seo\/ -->\n<title>Communication PCB Assembly - Topfastpcb<\/title>\n<meta name=\"description\" content=\"Professional communication PCB assembly one-stop service provider specializing in high-frequency, high-performance 4G\/5G circuit boards. Features 6-layer FR-4 PCBs, 0.2mm min. hole size, ENIG\/Immersion Silver finishes, and 100% electronic testing. Custom solutions, fast delivery\u2014your trusted communication PCB partner.\" \/>\n<meta name=\"robots\" content=\"index, follow, max-snippet:-1, max-image-preview:large, max-video-preview:-1\" \/>\n<link rel=\"canonical\" href=\"https:\/\/www.topfastpcb.com\/sv\/products\/communication-pcb-assembly\/\" \/>\n<meta property=\"og:locale\" content=\"sv_SE\" \/>\n<meta property=\"og:type\" content=\"article\" \/>\n<meta property=\"og:title\" content=\"Communication PCB Assembly - Topfastpcb\" \/>\n<meta property=\"og:description\" content=\"Professional communication PCB assembly one-stop service provider specializing in high-frequency, high-performance 4G\/5G circuit boards. Features 6-layer FR-4 PCBs, 0.2mm min. hole size, ENIG\/Immersion Silver finishes, and 100% electronic testing. Custom solutions, fast delivery\u2014your trusted communication PCB partner.\" \/>\n<meta property=\"og:url\" content=\"https:\/\/www.topfastpcb.com\/sv\/products\/communication-pcb-assembly\/\" \/>\n<meta property=\"og:site_name\" content=\"Topfastpcb\" \/>\n<meta property=\"article:modified_time\" content=\"2025-05-24T07:56:13+00:00\" \/>\n<meta property=\"og:image\" content=\"https:\/\/www.topfastpcb.com\/wp-content\/uploads\/2025\/05\/pcba-3.jpg\" \/>\n\t<meta property=\"og:image:width\" content=\"750\" \/>\n\t<meta property=\"og:image:height\" content=\"750\" \/>\n\t<meta property=\"og:image:type\" content=\"image\/jpeg\" \/>\n<meta name=\"twitter:card\" content=\"summary_large_image\" \/>\n<meta name=\"twitter:label1\" content=\"Ber\u00e4knad l\u00e4stid\" \/>\n\t<meta name=\"twitter:data1\" content=\"4 minuter\" \/>\n<script type=\"application\/ld+json\" class=\"yoast-schema-graph\">{\"@context\":\"https:\/\/schema.org\",\"@graph\":[{\"@type\":\"WebPage\",\"@id\":\"https:\/\/www.topfastpcb.com\/products\/communication-pcb-assembly\/\",\"url\":\"https:\/\/www.topfastpcb.com\/products\/communication-pcb-assembly\/\",\"name\":\"Communication PCB Assembly - Topfastpcb\",\"isPartOf\":{\"@id\":\"https:\/\/www.topfastpcb.com\/#website\"},\"primaryImageOfPage\":{\"@id\":\"https:\/\/www.topfastpcb.com\/products\/communication-pcb-assembly\/#primaryimage\"},\"image\":{\"@id\":\"https:\/\/www.topfastpcb.com\/products\/communication-pcb-assembly\/#primaryimage\"},\"thumbnailUrl\":\"https:\/\/www.topfastpcb.com\/wp-content\/uploads\/2025\/05\/pcba-3.jpg\",\"datePublished\":\"2025-05-24T07:54:13+00:00\",\"dateModified\":\"2025-05-24T07:56:13+00:00\",\"description\":\"Professional communication PCB assembly one-stop service provider specializing in high-frequency, high-performance 4G\/5G circuit boards. Features 6-layer FR-4 PCBs, 0.2mm min. hole size, ENIG\/Immersion Silver finishes, and 100% electronic testing. Custom solutions, fast delivery\u2014your trusted communication PCB partner.\",\"breadcrumb\":{\"@id\":\"https:\/\/www.topfastpcb.com\/products\/communication-pcb-assembly\/#breadcrumb\"},\"inLanguage\":\"sv-SE\",\"potentialAction\":[{\"@type\":\"ReadAction\",\"target\":[\"https:\/\/www.topfastpcb.com\/products\/communication-pcb-assembly\/\"]}]},{\"@type\":\"ImageObject\",\"inLanguage\":\"sv-SE\",\"@id\":\"https:\/\/www.topfastpcb.com\/products\/communication-pcb-assembly\/#primaryimage\",\"url\":\"https:\/\/www.topfastpcb.com\/wp-content\/uploads\/2025\/05\/pcba-3.jpg\",\"contentUrl\":\"https:\/\/www.topfastpcb.com\/wp-content\/uploads\/2025\/05\/pcba-3.jpg\",\"width\":750,\"height\":750},{\"@type\":\"BreadcrumbList\",\"@id\":\"https:\/\/www.topfastpcb.com\/products\/communication-pcb-assembly\/#breadcrumb\",\"itemListElement\":[{\"@type\":\"ListItem\",\"position\":1,\"name\":\"\u9996\u9875\",\"item\":\"https:\/\/www.topfastpcb.com\/\"},{\"@type\":\"ListItem\",\"position\":2,\"name\":\"\u5546\u5e97\",\"item\":\"https:\/\/www.topfastpcb.com\/shop\/\"},{\"@type\":\"ListItem\",\"position\":3,\"name\":\"Communication PCB Assembly\"}]},{\"@type\":\"WebSite\",\"@id\":\"https:\/\/www.topfastpcb.com\/#website\",\"url\":\"https:\/\/www.topfastpcb.com\/\",\"name\":\"Topfastpcb\",\"description\":\"Topfast Prime Choice for Global Electronics Manufacturing\",\"publisher\":{\"@id\":\"https:\/\/www.topfastpcb.com\/#organization\"},\"potentialAction\":[{\"@type\":\"SearchAction\",\"target\":{\"@type\":\"EntryPoint\",\"urlTemplate\":\"https:\/\/www.topfastpcb.com\/?s={search_term_string}\"},\"query-input\":{\"@type\":\"PropertyValueSpecification\",\"valueRequired\":true,\"valueName\":\"search_term_string\"}}],\"inLanguage\":\"sv-SE\"},{\"@type\":\"Organization\",\"@id\":\"https:\/\/www.topfastpcb.com\/#organization\",\"name\":\"Topfastpcb\",\"url\":\"https:\/\/www.topfastpcb.com\/\",\"logo\":{\"@type\":\"ImageObject\",\"inLanguage\":\"sv-SE\",\"@id\":\"https:\/\/www.topfastpcb.com\/#\/schema\/logo\/image\/\",\"url\":\"https:\/\/www.topfastpcb.com\/wp-content\/uploads\/2026\/02\/cropped-topfast-logo.png\",\"contentUrl\":\"https:\/\/www.topfastpcb.com\/wp-content\/uploads\/2026\/02\/cropped-topfast-logo.png\",\"width\":144,\"height\":56,\"caption\":\"Topfastpcb\"},\"image\":{\"@id\":\"https:\/\/www.topfastpcb.com\/#\/schema\/logo\/image\/\"}}]}<\/script>\n<!-- \/ Yoast SEO plugin. -->","yoast_head_json":{"title":"Communication PCB Assembly - Topfastpcb","description":"Professional communication PCB assembly one-stop service provider specializing in high-frequency, high-performance 4G\/5G circuit boards. Features 6-layer FR-4 PCBs, 0.2mm min. hole size, ENIG\/Immersion Silver finishes, and 100% electronic testing. Custom solutions, fast delivery\u2014your trusted communication PCB partner.","robots":{"index":"index","follow":"follow","max-snippet":"max-snippet:-1","max-image-preview":"max-image-preview:large","max-video-preview":"max-video-preview:-1"},"canonical":"https:\/\/www.topfastpcb.com\/sv\/products\/communication-pcb-assembly\/","og_locale":"sv_SE","og_type":"article","og_title":"Communication PCB Assembly - Topfastpcb","og_description":"Professional communication PCB assembly one-stop service provider specializing in high-frequency, high-performance 4G\/5G circuit boards. Features 6-layer FR-4 PCBs, 0.2mm min. hole size, ENIG\/Immersion Silver finishes, and 100% electronic testing. Custom solutions, fast delivery\u2014your trusted communication PCB partner.","og_url":"https:\/\/www.topfastpcb.com\/sv\/products\/communication-pcb-assembly\/","og_site_name":"Topfastpcb","article_modified_time":"2025-05-24T07:56:13+00:00","og_image":[{"width":750,"height":750,"url":"https:\/\/www.topfastpcb.com\/wp-content\/uploads\/2025\/05\/pcba-3.jpg","type":"image\/jpeg"}],"twitter_card":"summary_large_image","twitter_misc":{"Ber\u00e4knad l\u00e4stid":"4 minuter"},"schema":{"@context":"https:\/\/schema.org","@graph":[{"@type":"WebPage","@id":"https:\/\/www.topfastpcb.com\/products\/communication-pcb-assembly\/","url":"https:\/\/www.topfastpcb.com\/products\/communication-pcb-assembly\/","name":"Communication PCB Assembly - Topfastpcb","isPartOf":{"@id":"https:\/\/www.topfastpcb.com\/#website"},"primaryImageOfPage":{"@id":"https:\/\/www.topfastpcb.com\/products\/communication-pcb-assembly\/#primaryimage"},"image":{"@id":"https:\/\/www.topfastpcb.com\/products\/communication-pcb-assembly\/#primaryimage"},"thumbnailUrl":"https:\/\/www.topfastpcb.com\/wp-content\/uploads\/2025\/05\/pcba-3.jpg","datePublished":"2025-05-24T07:54:13+00:00","dateModified":"2025-05-24T07:56:13+00:00","description":"Professional communication PCB assembly one-stop service provider specializing in high-frequency, high-performance 4G\/5G circuit boards. Features 6-layer FR-4 PCBs, 0.2mm min. hole size, ENIG\/Immersion Silver finishes, and 100% electronic testing. Custom solutions, fast delivery\u2014your trusted communication PCB partner.","breadcrumb":{"@id":"https:\/\/www.topfastpcb.com\/products\/communication-pcb-assembly\/#breadcrumb"},"inLanguage":"sv-SE","potentialAction":[{"@type":"ReadAction","target":["https:\/\/www.topfastpcb.com\/products\/communication-pcb-assembly\/"]}]},{"@type":"ImageObject","inLanguage":"sv-SE","@id":"https:\/\/www.topfastpcb.com\/products\/communication-pcb-assembly\/#primaryimage","url":"https:\/\/www.topfastpcb.com\/wp-content\/uploads\/2025\/05\/pcba-3.jpg","contentUrl":"https:\/\/www.topfastpcb.com\/wp-content\/uploads\/2025\/05\/pcba-3.jpg","width":750,"height":750},{"@type":"BreadcrumbList","@id":"https:\/\/www.topfastpcb.com\/products\/communication-pcb-assembly\/#breadcrumb","itemListElement":[{"@type":"ListItem","position":1,"name":"\u9996\u9875","item":"https:\/\/www.topfastpcb.com\/"},{"@type":"ListItem","position":2,"name":"\u5546\u5e97","item":"https:\/\/www.topfastpcb.com\/shop\/"},{"@type":"ListItem","position":3,"name":"Communication PCB Assembly"}]},{"@type":"WebSite","@id":"https:\/\/www.topfastpcb.com\/#website","url":"https:\/\/www.topfastpcb.com\/","name":"Topfastpcb","description":"Topfast Prime Choice for Global Electronics Manufacturing","publisher":{"@id":"https:\/\/www.topfastpcb.com\/#organization"},"potentialAction":[{"@type":"SearchAction","target":{"@type":"EntryPoint","urlTemplate":"https:\/\/www.topfastpcb.com\/?s={search_term_string}"},"query-input":{"@type":"PropertyValueSpecification","valueRequired":true,"valueName":"search_term_string"}}],"inLanguage":"sv-SE"},{"@type":"Organization","@id":"https:\/\/www.topfastpcb.com\/#organization","name":"Topfastpcb","url":"https:\/\/www.topfastpcb.com\/","logo":{"@type":"ImageObject","inLanguage":"sv-SE","@id":"https:\/\/www.topfastpcb.com\/#\/schema\/logo\/image\/","url":"https:\/\/www.topfastpcb.com\/wp-content\/uploads\/2026\/02\/cropped-topfast-logo.png","contentUrl":"https:\/\/www.topfastpcb.com\/wp-content\/uploads\/2026\/02\/cropped-topfast-logo.png","width":144,"height":56,"caption":"Topfastpcb"},"image":{"@id":"https:\/\/www.topfastpcb.com\/#\/schema\/logo\/image\/"}}]}},"_links":{"self":[{"href":"https:\/\/www.topfastpcb.com\/sv\/wp-json\/wp\/v2\/product\/2798","targetHints":{"allow":["GET"]}}],"collection":[{"href":"https:\/\/www.topfastpcb.com\/sv\/wp-json\/wp\/v2\/product"}],"about":[{"href":"https:\/\/www.topfastpcb.com\/sv\/wp-json\/wp\/v2\/types\/product"}],"replies":[{"embeddable":true,"href":"https:\/\/www.topfastpcb.com\/sv\/wp-json\/wp\/v2\/comments?post=2798"}],"wp:featuredmedia":[{"embeddable":true,"href":"https:\/\/www.topfastpcb.com\/sv\/wp-json\/wp\/v2\/media\/2800"}],"wp:attachment":[{"href":"https:\/\/www.topfastpcb.com\/sv\/wp-json\/wp\/v2\/media?parent=2798"}],"wp:term":[{"taxonomy":"product_brand","embeddable":true,"href":"https:\/\/www.topfastpcb.com\/sv\/wp-json\/wp\/v2\/product_brand?post=2798"},{"taxonomy":"product_cat","embeddable":true,"href":"https:\/\/www.topfastpcb.com\/sv\/wp-json\/wp\/v2\/product_cat?post=2798"},{"taxonomy":"product_tag","embeddable":true,"href":"https:\/\/www.topfastpcb.com\/sv\/wp-json\/wp\/v2\/product_tag?post=2798"}],"curies":[{"name":"wp","href":"https:\/\/api.w.org\/{rel}","templated":true}]}}