{"id":2804,"date":"2025-05-24T17:07:40","date_gmt":"2025-05-24T09:07:40","guid":{"rendered":"https:\/\/www.topfastpcb.com\/?post_type=product&#038;p=2804"},"modified":"2025-06-24T10:08:34","modified_gmt":"2025-06-24T02:08:34","slug":"bill-of-materials-bom","status":"publish","type":"product","link":"https:\/\/www.topfastpcb.com\/sv\/products\/bill-of-materials-bom\/","title":{"rendered":"Materialf\u00f6rteckning (BOM)"},"content":{"rendered":"<div id=\"ez-toc-container\" class=\"ez-toc-v2_0_74 counter-hierarchy ez-toc-counter ez-toc-custom ez-toc-container-direction\">\n<div class=\"ez-toc-title-container\">\n<p class=\"ez-toc-title\" style=\"cursor:inherit\">Inneh\u00e5llsf\u00f6rteckning<\/p>\n<span class=\"ez-toc-title-toggle\"><\/span><\/div>\n<nav><ul class='ez-toc-list ez-toc-list-level-1' ><ul class='ez-toc-list-level-3' ><li class='ez-toc-heading-level-3'><a class=\"ez-toc-link ez-toc-heading-1\" href=\"https:\/\/www.topfastpcb.com\/sv\/products\/bill-of-materials-bom\/#Key_Concepts\" >Nyckelbegrepp:<\/a><\/li><\/ul><\/li><li class='ez-toc-page-1 ez-toc-heading-level-2'><a class=\"ez-toc-link ez-toc-heading-2\" href=\"https:\/\/www.topfastpcb.com\/sv\/products\/bill-of-materials-bom\/#BOM_Structure_Types\" >BOM-struktur och typer<\/a><ul class='ez-toc-list-level-3' ><li class='ez-toc-heading-level-3'><a class=\"ez-toc-link ez-toc-heading-3\" href=\"https:\/\/www.topfastpcb.com\/sv\/products\/bill-of-materials-bom\/#1_Structural_Representation\" >1.\u00a0Strukturell representation<\/a><\/li><li class='ez-toc-page-1 ez-toc-heading-level-3'><a class=\"ez-toc-link ez-toc-heading-4\" href=\"https:\/\/www.topfastpcb.com\/sv\/products\/bill-of-materials-bom\/#2_BOM_Types_by_Function\" >2.BOM-typer per funktion<\/a><\/li><li class='ez-toc-page-1 ez-toc-heading-level-3'><a class=\"ez-toc-link ez-toc-heading-5\" href=\"https:\/\/www.topfastpcb.com\/sv\/products\/bill-of-materials-bom\/#3_Development-Stage_BOMs\" >3.BOM:ar i utvecklingsfasen<\/a><\/li><\/ul><\/li><li class='ez-toc-page-1 ez-toc-heading-level-2'><a class=\"ez-toc-link ez-toc-heading-6\" href=\"https:\/\/www.topfastpcb.com\/sv\/products\/bill-of-materials-bom\/#Core_Functions_Applications\" >K\u00e4rnfunktioner och applikationer<\/a><ul class='ez-toc-list-level-3' ><li class='ez-toc-heading-level-3'><a class=\"ez-toc-link ez-toc-heading-7\" href=\"https:\/\/www.topfastpcb.com\/sv\/products\/bill-of-materials-bom\/#1_Cross-Departmental_Utility\" >1.\u00a0Avdelnings\u00f6vergripande nytta<\/a><\/li><li class='ez-toc-page-1 ez-toc-heading-level-3'><a class=\"ez-toc-link ez-toc-heading-8\" href=\"https:\/\/www.topfastpcb.com\/sv\/products\/bill-of-materials-bom\/#2_ERP_Integration\" >2.Integration av aff\u00e4rssystem<\/a><\/li><li class='ez-toc-page-1 ez-toc-heading-level-3'><a class=\"ez-toc-link ez-toc-heading-9\" href=\"https:\/\/www.topfastpcb.com\/sv\/products\/bill-of-materials-bom\/#3_Advanced_BOM_Formats\" >3.Avancerade BOM-format<\/a><\/li><\/ul><\/li><li class='ez-toc-page-1 ez-toc-heading-level-2'><a class=\"ez-toc-link ez-toc-heading-10\" href=\"https:\/\/www.topfastpcb.com\/sv\/products\/bill-of-materials-bom\/#Best_Practices_Challenges\" >B\u00e4sta praxis och utmaningar<\/a><ul class='ez-toc-list-level-3' ><li class='ez-toc-heading-level-3'><a class=\"ez-toc-link ez-toc-heading-11\" href=\"https:\/\/www.topfastpcb.com\/sv\/products\/bill-of-materials-bom\/#Critical_Success_Factors\" >Kritiska framg\u00e5ngsfaktorer<\/a><\/li><li class='ez-toc-page-1 ez-toc-heading-level-3'><a class=\"ez-toc-link ez-toc-heading-12\" href=\"https:\/\/www.topfastpcb.com\/sv\/products\/bill-of-materials-bom\/#Common_Pitfalls\" >Vanliga fallgropar<\/a><\/li><li class='ez-toc-page-1 ez-toc-heading-level-3'><a class=\"ez-toc-link ez-toc-heading-13\" href=\"https:\/\/www.topfastpcb.com\/sv\/products\/bill-of-materials-bom\/#Validation_Methods\" >Valideringsmetoder<\/a><\/li><\/ul><\/li><li class='ez-toc-page-1 ez-toc-heading-level-2'><a class=\"ez-toc-link ez-toc-heading-14\" href=\"https:\/\/www.topfastpcb.com\/sv\/products\/bill-of-materials-bom\/#BOM_in_Digital_Transformation\" >BOM i digital omvandling<\/a><ul class='ez-toc-list-level-3' ><li class='ez-toc-heading-level-3'><a class=\"ez-toc-link ez-toc-heading-15\" href=\"https:\/\/www.topfastpcb.com\/sv\/products\/bill-of-materials-bom\/#1_PDMPLM_Integration\" >1.\u00a0PDM\/PLM-integration<\/a><\/li><li class='ez-toc-page-1 ez-toc-heading-level-3'><a class=\"ez-toc-link ez-toc-heading-16\" href=\"https:\/\/www.topfastpcb.com\/sv\/products\/bill-of-materials-bom\/#2_AIML_Applications\" >2.AI\/ML-till\u00e4mpningar<\/a><\/li><li class='ez-toc-page-1 ez-toc-heading-level-3'><a class=\"ez-toc-link ez-toc-heading-17\" href=\"https:\/\/www.topfastpcb.com\/sv\/products\/bill-of-materials-bom\/#3_IoT_Smart_Manufacturing\" >3.IoT &amp; Smart tillverkning<\/a><\/li><\/ul><\/li><\/ul><\/nav><\/div>\n\n<p class=\"ds-markdown-paragraph\">A<span>\u00a0<\/span><strong>Materialf\u00f6rteckning (BOM)\u00a0<\/strong>\u00e4r en strukturerad lista som definierar de komponenter, delar, r\u00e5material och sammans\u00e4ttningar som kr\u00e4vs f\u00f6r att tillverka en produkt. Den fungerar som ett grundl\u00e4ggande dokument i tillverkningen och beskriver det hierarkiska f\u00f6rh\u00e5llandet mellan \u00f6verordnade och underordnade artiklar samt kvantiteter.<\/p>\n<h3><span class=\"ez-toc-section\" id=\"Key_Concepts\"><\/span>Nyckelbegrepp:<span class=\"ez-toc-section-end\"><\/span><\/h3>\n<ul>\n<li>\n<p class=\"ds-markdown-paragraph\"><strong>Hierarkisk struktur<\/strong>: Representerar produktsammans\u00e4ttning fr\u00e5n toppniv\u00e5enheter till enskilda delar.<\/p>\n<\/li>\n<li>\n<p class=\"ds-markdown-paragraph\"><strong>Till\u00e4mpning f\u00f6r flera branscher<\/strong>:<\/p>\n<ul>\n<li>\n<p class=\"ds-markdown-paragraph\"><em>Diskret tillverkning<\/em>: Visar relationer mellan mekaniska och elektroniska komponenter (t.ex. fordon, elektronik).<\/p>\n<\/li>\n<li>\n<p class=\"ds-markdown-paragraph\"><em>Processindustrier<\/em>: Specificerar formler med r\u00e5varor och f\u00f6rh\u00e5llanden (t.ex. kemikalier, l\u00e4kemedel).<\/p>\n<\/li>\n<\/ul>\n<\/li>\n<li>\n<p class=\"ds-markdown-paragraph\"><strong>ERP\/MRP-k\u00e4rnfil<\/strong>: Avg\u00f6rande f\u00f6r materialplanering, kostnadsber\u00e4kning och produktionsplanering.<\/p>\n<\/li>\n<\/ul>\n<h2><span class=\"ez-toc-section\" id=\"BOM_Structure_Types\"><\/span>BOM-struktur och typer<span class=\"ez-toc-section-end\"><\/span><\/h2>\n<h3><span class=\"ez-toc-section\" id=\"1_Structural_Representation\"><\/span>1.<span>\u00a0<\/span><strong>Strukturell representation<\/strong><span class=\"ez-toc-section-end\"><\/span><\/h3>\n<ul>\n<li>\n<p class=\"ds-markdown-paragraph\"><strong>Stycklista p\u00e5 en niv\u00e5<\/strong>: Listar direkta komponenter i ett \u00f6verordnat objekt.<\/p>\n<\/li>\n<li>\n<p class=\"ds-markdown-paragraph\"><strong>BOM p\u00e5 flera niv\u00e5er<\/strong>: Expanderar till underenheter (t.ex. produkt \u2192 underenhet \u2192 del).<\/p>\n<\/li>\n<li>\n<p class=\"ds-markdown-paragraph\"><strong>Indragen BOM<\/strong>: Visualiserar hierarki med indragning (se<span>\u00a0<\/span><em>Bild 1<\/em>).<\/p>\n<\/li>\n<\/ul>\n<h3><span class=\"ez-toc-section\" id=\"2_BOM_Types_by_Function\"><\/span>2.<span>\u00a0<\/span><strong>BOM-typer per funktion<\/strong><span class=\"ez-toc-section-end\"><\/span><\/h3>\n<div class=\"markdown-table-wrapper\">\n<table>\n<thead>\n<tr>\n<th>Typ<\/th>\n<th>Beskrivning<\/th>\n<th>Exempel Anv\u00e4ndningsfall<\/th>\n<\/tr>\n<\/thead>\n<tbody>\n<tr>\n<td><strong>Standard BOM<\/strong><\/td>\n<td>Definierar fysiska komponenter f\u00f6r produktion.<\/td>\n<td>Tillverkning av en smartphone.<\/td>\n<\/tr>\n<tr>\n<td><strong>Planering av stycklista<\/strong><\/td>\n<td>Anv\u00e4nder procentsatser f\u00f6r att prognostisera produktfamiljer.<\/td>\n<td>Planering av efterfr\u00e5gan p\u00e5 bilmodeller.<\/td>\n<\/tr>\n<tr>\n<td><strong>Modell BOM<\/strong><\/td>\n<td>Konfigurerbar med tillvalskomponenter (ATO\/PTO).<\/td>\n<td>Anpassningsbara b\u00e4rbara datorer.<\/td>\n<\/tr>\n<tr>\n<td><strong>Alternativ Klass BOM<\/strong><\/td>\n<td>Grupperar relaterade alternativ under en kategori.<\/td>\n<td>Utrustningspaket f\u00f6r bilar.<\/td>\n<\/tr>\n<\/tbody>\n<\/table>\n<\/div>\n<h3><span class=\"ez-toc-section\" id=\"3_Development-Stage_BOMs\"><\/span>3.<span>\u00a0<\/span><strong>BOM:ar f\u00f6r utvecklingsstadiet<\/strong><span class=\"ez-toc-section-end\"><\/span><\/h3>\n<ul>\n<li>\n<p class=\"ds-markdown-paragraph\"><strong>Teknisk stycklista (EBOM)<\/strong>: Designfokuserad, fr\u00e5n CAD\/PDM-system.<\/p>\n<\/li>\n<li>\n<p class=\"ds-markdown-paragraph\"><strong>Process BOM (PBOM)<\/strong>: L\u00e4gger till tillverkningssteg och verktygskrav.<\/p>\n<\/li>\n<li>\n<p class=\"ds-markdown-paragraph\"><strong>BOM f\u00f6r tillverkning (MBOM)<\/strong>: Inneh\u00e5ller operativa detaljer (rutter, resurser).<\/p>\n<\/li>\n<\/ul>\n<h2><img loading=\"lazy\" decoding=\"async\" src=\"https:\/\/www.topfastpcb.com\/wp-content\/uploads\/2025\/05\/bom-1.jpg\" alt=\"bom\" width=\"600\" height=\"402\" class=\"aligncenter size-full wp-image-2806\" srcset=\"https:\/\/www.topfastpcb.com\/wp-content\/uploads\/2025\/05\/bom-1.jpg 600w, https:\/\/www.topfastpcb.com\/wp-content\/uploads\/2025\/05\/bom-1-300x201.jpg 300w, https:\/\/www.topfastpcb.com\/wp-content\/uploads\/2025\/05\/bom-1-18x12.jpg 18w\" sizes=\"auto, (max-width: 600px) 100vw, 600px\" \/><\/h2>\n<h2><span class=\"ez-toc-section\" id=\"Core_Functions_Applications\"><\/span>K\u00e4rnfunktioner och applikationer<span class=\"ez-toc-section-end\"><\/span><\/h2>\n<h3><span class=\"ez-toc-section\" id=\"1_Cross-Departmental_Utility\"><\/span>1.<span>\u00a0<\/span><strong>Avdelnings\u00f6vergripande verktyg<\/strong><span class=\"ez-toc-section-end\"><\/span><\/h3>\n<ul>\n<li>\n<p class=\"ds-markdown-paragraph\"><strong>Design<\/strong>: Validerar produktarkitekturen.<\/p>\n<\/li>\n<li>\n<p class=\"ds-markdown-paragraph\"><strong>Produktion<\/strong>: Styr montering och materialutgivning.<\/p>\n<\/li>\n<li>\n<p class=\"ds-markdown-paragraph\"><strong>Upphandling<\/strong>Utl\u00f6ser ink\u00f6psorder.<\/p>\n<\/li>\n<li>\n<p class=\"ds-markdown-paragraph\"><strong>Kostnadsber\u00e4kning<\/strong>: Ber\u00e4knar produktkostnader via komponentuppr\u00e4kning.<\/p>\n<\/li>\n<\/ul>\n<h3><span class=\"ez-toc-section\" id=\"2_ERP_Integration\"><\/span>2.<span>\u00a0<\/span><strong>ERP-integration<\/strong><span class=\"ez-toc-section-end\"><\/span><\/h3>\n<ul>\n<li>\n<p class=\"ds-markdown-paragraph\"><strong>MRP-drivrutin<\/strong>: Omvandlar Master Production Schedule (MPS) till materialkrav.<\/p>\n<\/li>\n<li>\n<p class=\"ds-markdown-paragraph\"><strong>Enhetlig datak\u00e4lla<\/strong>: Kopplar samman teknik, planering och ekonomi.<\/p>\n<\/li>\n<\/ul>\n<h3><span class=\"ez-toc-section\" id=\"3_Advanced_BOM_Formats\"><\/span>3.<span>\u00a0<\/span><strong>Avancerade BOM-format<\/strong><span class=\"ez-toc-section-end\"><\/span><\/h3>\n<ul>\n<li>\n<p class=\"ds-markdown-paragraph\"><strong>Matris BOM<\/strong>: J\u00e4mf\u00f6r varianter (t.ex. produktfamiljer).<\/p>\n<\/li>\n<li>\n<p class=\"ds-markdown-paragraph\"><strong>Modul\u00e4r BOM<\/strong>: Hanterar konfigurerbara produkter (t.ex. industriell utrustning).<\/p>\n<\/li>\n<\/ul>\n<h2><span class=\"ez-toc-section\" id=\"Best_Practices_Challenges\"><\/span>B\u00e4sta praxis och utmaningar<span class=\"ez-toc-section-end\"><\/span><\/h2>\n<h3><span class=\"ez-toc-section\" id=\"Critical_Success_Factors\"><\/span><strong>Kritiska framg\u00e5ngsfaktorer<\/strong><span class=\"ez-toc-section-end\"><\/span><\/h3>\n<ul>\n<li>\n<p class=\"ds-markdown-paragraph\"><strong>Noggrannhet<\/strong>: &gt;98% noggrannhet kr\u00e4vs f\u00f6r ERP-effektivitet.<\/p>\n<\/li>\n<li>\n<p class=\"ds-markdown-paragraph\"><strong>Versionskontroll<\/strong>: Synkronisera EBOM\u2192MBOM-\u00f6verg\u00e5ngar.<\/p>\n<\/li>\n<li>\n<p class=\"ds-markdown-paragraph\"><strong>Speciella komponenter<\/strong>: Handtag<span>\u00a0<\/span><em>fantomer<\/em><span>\u00a0<\/span>(ej lagerf\u00f6rda artiklar) och<span>\u00a0<\/span><em>kit<\/em><span>\u00a0<\/span>logiskt.<\/p>\n<\/li>\n<\/ul>\n<h3><span class=\"ez-toc-section\" id=\"Common_Pitfalls\"><\/span><strong>Vanliga fallgropar<\/strong><span class=\"ez-toc-section-end\"><\/span><\/h3>\n<ul>\n<li>\n<p class=\"ds-markdown-paragraph\"><strong>Felaktiga kvantiteter<\/strong>: Orsakar brist\/\u00f6verlager.<\/p>\n<\/li>\n<li>\n<p class=\"ds-markdown-paragraph\"><strong>F\u00f6r\u00e5ldrade artiklar<\/strong>: Leder till sl\u00f6seri med lager.<\/p>\n<\/li>\n<li>\n<p class=\"ds-markdown-paragraph\"><strong>D\u00e5ligt underh\u00e5ll<\/strong>: Utl\u00f6ser kaskadfel i MRP.<\/p>\n<\/li>\n<\/ul>\n<h3><span class=\"ez-toc-section\" id=\"Validation_Methods\"><\/span><strong>Valideringsmetoder<\/strong><span class=\"ez-toc-section-end\"><\/span><\/h3>\n<ol start=\"1\">\n<li>\n<p class=\"ds-markdown-paragraph\"><strong>Fysiska upprivningar<\/strong>: Demontera produkter f\u00f6r att verifiera stycklistor.<\/p>\n<\/li>\n<li>\n<p class=\"ds-markdown-paragraph\"><strong>Tv\u00e4rfunktionella granskningar<\/strong>: Engagera teknik-, produktions- och planeringsteam.<\/p>\n<\/li>\n<li>\n<p class=\"ds-markdown-paragraph\"><strong>ERP-analys<\/strong>: \u00d6vervaka oplanerade materialr\u00f6relser (t.ex. \u00f6verfl\u00f6diga returer).<\/p>\n<\/li>\n<\/ol>\n<h2><span class=\"ez-toc-section\" id=\"BOM_in_Digital_Transformation\"><\/span>BOM i digital omvandling<span class=\"ez-toc-section-end\"><\/span><\/h2>\n<h3><span class=\"ez-toc-section\" id=\"1_PDMPLM_Integration\"><\/span>1.<span>\u00a0<\/span><strong>PDM\/PLM-integration<\/strong><span class=\"ez-toc-section-end\"><\/span><\/h3>\n<ul>\n<li>\n<p class=\"ds-markdown-paragraph\">Automatisera EBOM\u2192MBOM-konvertering med arbetsfl\u00f6desregler.<\/p>\n<\/li>\n<li>\n<p class=\"ds-markdown-paragraph\">B\u00e4dda in tillverkningsattribut (t.ex. toleranser, bel\u00e4ggningar).<\/p>\n<\/li>\n<\/ul>\n<h3><span class=\"ez-toc-section\" id=\"2_AIML_Applications\"><\/span>2.<span>\u00a0<\/span><strong>AI\/ML-till\u00e4mpningar<\/strong><span class=\"ez-toc-section-end\"><\/span><\/h3>\n<ul>\n<li>\n<p class=\"ds-markdown-paragraph\">F\u00f6ruts\u00e4gbar optimering av stycklistor: F\u00f6resl\u00e5 alternativ vid brist.<\/p>\n<\/li>\n<li>\n<p class=\"ds-markdown-paragraph\">Uppt\u00e4ckt av avvikelser**:Flagga f\u00f6r avvikelser i realtid.<\/p>\n<\/li>\n<\/ul>\n<h3><span class=\"ez-toc-section\" id=\"3_IoT_Smart_Manufacturing\"><\/span>3.<span>\u00a0<\/span><strong>IoT &amp; Smart tillverkning<\/strong><span class=\"ez-toc-section-end\"><\/span><\/h3>\n<ul>\n<li>\n<p class=\"ds-markdown-paragraph\">Dynamiska stycklistor: Justera baserat p\u00e5 sensordata (t.ex. slitdelar).<\/p>\n<\/li>\n<\/ul>\n<p class=\"ds-markdown-paragraph\">En v\u00e4l hanterad BOM \u00e4r ryggraden i en effektiv tillverkning och m\u00f6jligg\u00f6r s\u00f6ml\u00f6s samordning fr\u00e5n design till leverans.F\u00f6retag som investerar i BOM-noggrannhet och digital integration f\u00e5r konkurrenskraftig kostnadskontroll, flexibilitet och f\u00f6rdelar n\u00e4r det g\u00e4ller tid till marknad.<\/p>","protected":false},"excerpt":{"rendered":"<p>Master Bill of Materials (BOM) management: typer, strukturer och b\u00e4sta praxis f\u00f6r tillverkning. L\u00e4r dig hur BOM driver ERP, minskar kostnaderna och effektiviserar produktionen.<\/p>","protected":false},"featured_media":2805,"comment_status":"closed","ping_status":"closed","template":"","meta":[],"product_brand":[],"product_cat":[217],"product_tag":[256,257],"class_list":{"0":"post-2804","1":"product","2":"type-product","3":"status-publish","4":"has-post-thumbnail","6":"product_cat-electronic-components","7":"product_tag-bill-of-materials","8":"product_tag-bom","10":"first","11":"instock","12":"shipping-taxable","13":"product-type-simple"},"yoast_head":"<!-- This site is optimized with the Yoast SEO plugin v25.1 - https:\/\/yoast.com\/wordpress\/plugins\/seo\/ -->\n<title>Bill of Materials (BOM) - Topfastpcb<\/title>\n<meta name=\"description\" content=\"Master Bill of Materials (BOM) management: types, structures, and best practices for manufacturing. Learn how BOMs drive ERP, reduce costs, and streamline production.\" \/>\n<meta name=\"robots\" content=\"index, follow, max-snippet:-1, max-image-preview:large, max-video-preview:-1\" \/>\n<link rel=\"canonical\" href=\"https:\/\/www.topfastpcb.com\/sv\/products\/bill-of-materials-bom\/\" \/>\n<meta property=\"og:locale\" content=\"sv_SE\" \/>\n<meta property=\"og:type\" content=\"article\" \/>\n<meta property=\"og:title\" content=\"Bill of Materials (BOM) - Topfastpcb\" \/>\n<meta property=\"og:description\" content=\"Master Bill of Materials (BOM) management: types, structures, and best practices for manufacturing. Learn how BOMs drive ERP, reduce costs, and streamline production.\" \/>\n<meta property=\"og:url\" content=\"https:\/\/www.topfastpcb.com\/sv\/products\/bill-of-materials-bom\/\" \/>\n<meta property=\"og:site_name\" content=\"Topfastpcb\" \/>\n<meta property=\"article:modified_time\" content=\"2025-06-24T02:08:34+00:00\" \/>\n<meta property=\"og:image\" content=\"https:\/\/www.topfastpcb.com\/wp-content\/uploads\/2025\/05\/bom.jpg\" \/>\n\t<meta property=\"og:image:width\" content=\"750\" \/>\n\t<meta property=\"og:image:height\" content=\"750\" \/>\n\t<meta property=\"og:image:type\" content=\"image\/jpeg\" \/>\n<meta name=\"twitter:card\" content=\"summary_large_image\" \/>\n<meta name=\"twitter:label1\" content=\"Ber\u00e4knad l\u00e4stid\" \/>\n\t<meta name=\"twitter:data1\" content=\"3 minuter\" \/>\n<script type=\"application\/ld+json\" class=\"yoast-schema-graph\">{\"@context\":\"https:\/\/schema.org\",\"@graph\":[{\"@type\":\"WebPage\",\"@id\":\"https:\/\/www.topfastpcb.com\/products\/bill-of-materials-bom\/\",\"url\":\"https:\/\/www.topfastpcb.com\/products\/bill-of-materials-bom\/\",\"name\":\"Bill of Materials (BOM) - Topfastpcb\",\"isPartOf\":{\"@id\":\"https:\/\/www.topfastpcb.com\/#website\"},\"primaryImageOfPage\":{\"@id\":\"https:\/\/www.topfastpcb.com\/products\/bill-of-materials-bom\/#primaryimage\"},\"image\":{\"@id\":\"https:\/\/www.topfastpcb.com\/products\/bill-of-materials-bom\/#primaryimage\"},\"thumbnailUrl\":\"https:\/\/www.topfastpcb.com\/wp-content\/uploads\/2025\/05\/bom.jpg\",\"datePublished\":\"2025-05-24T09:07:40+00:00\",\"dateModified\":\"2025-06-24T02:08:34+00:00\",\"description\":\"Master Bill of Materials (BOM) management: types, structures, and best practices for manufacturing. Learn how BOMs drive ERP, reduce costs, and streamline production.\",\"breadcrumb\":{\"@id\":\"https:\/\/www.topfastpcb.com\/products\/bill-of-materials-bom\/#breadcrumb\"},\"inLanguage\":\"sv-SE\",\"potentialAction\":[{\"@type\":\"ReadAction\",\"target\":[\"https:\/\/www.topfastpcb.com\/products\/bill-of-materials-bom\/\"]}]},{\"@type\":\"ImageObject\",\"inLanguage\":\"sv-SE\",\"@id\":\"https:\/\/www.topfastpcb.com\/products\/bill-of-materials-bom\/#primaryimage\",\"url\":\"https:\/\/www.topfastpcb.com\/wp-content\/uploads\/2025\/05\/bom.jpg\",\"contentUrl\":\"https:\/\/www.topfastpcb.com\/wp-content\/uploads\/2025\/05\/bom.jpg\",\"width\":750,\"height\":750,\"caption\":\"bom\"},{\"@type\":\"BreadcrumbList\",\"@id\":\"https:\/\/www.topfastpcb.com\/products\/bill-of-materials-bom\/#breadcrumb\",\"itemListElement\":[{\"@type\":\"ListItem\",\"position\":1,\"name\":\"\u9996\u9875\",\"item\":\"https:\/\/www.topfastpcb.com\/\"},{\"@type\":\"ListItem\",\"position\":2,\"name\":\"\u5546\u5e97\",\"item\":\"https:\/\/www.topfastpcb.com\/shop\/\"},{\"@type\":\"ListItem\",\"position\":3,\"name\":\"Bill of Materials (BOM)\"}]},{\"@type\":\"WebSite\",\"@id\":\"https:\/\/www.topfastpcb.com\/#website\",\"url\":\"https:\/\/www.topfastpcb.com\/\",\"name\":\"Topfastpcb\",\"description\":\"Topfast Prime Choice for Global Electronics Manufacturing\",\"publisher\":{\"@id\":\"https:\/\/www.topfastpcb.com\/#organization\"},\"potentialAction\":[{\"@type\":\"SearchAction\",\"target\":{\"@type\":\"EntryPoint\",\"urlTemplate\":\"https:\/\/www.topfastpcb.com\/?s={search_term_string}\"},\"query-input\":{\"@type\":\"PropertyValueSpecification\",\"valueRequired\":true,\"valueName\":\"search_term_string\"}}],\"inLanguage\":\"sv-SE\"},{\"@type\":\"Organization\",\"@id\":\"https:\/\/www.topfastpcb.com\/#organization\",\"name\":\"Topfastpcb\",\"url\":\"https:\/\/www.topfastpcb.com\/\",\"logo\":{\"@type\":\"ImageObject\",\"inLanguage\":\"sv-SE\",\"@id\":\"https:\/\/www.topfastpcb.com\/#\/schema\/logo\/image\/\",\"url\":\"https:\/\/www.topfastpcb.com\/wp-content\/uploads\/2026\/02\/cropped-topfast-logo.png\",\"contentUrl\":\"https:\/\/www.topfastpcb.com\/wp-content\/uploads\/2026\/02\/cropped-topfast-logo.png\",\"width\":144,\"height\":56,\"caption\":\"Topfastpcb\"},\"image\":{\"@id\":\"https:\/\/www.topfastpcb.com\/#\/schema\/logo\/image\/\"}}]}<\/script>\n<!-- \/ Yoast SEO plugin. -->","yoast_head_json":{"title":"Bill of Materials (BOM) - Topfastpcb","description":"Master Bill of Materials (BOM) management: types, structures, and best practices for manufacturing. Learn how BOMs drive ERP, reduce costs, and streamline production.","robots":{"index":"index","follow":"follow","max-snippet":"max-snippet:-1","max-image-preview":"max-image-preview:large","max-video-preview":"max-video-preview:-1"},"canonical":"https:\/\/www.topfastpcb.com\/sv\/products\/bill-of-materials-bom\/","og_locale":"sv_SE","og_type":"article","og_title":"Bill of Materials (BOM) - Topfastpcb","og_description":"Master Bill of Materials (BOM) management: types, structures, and best practices for manufacturing. Learn how BOMs drive ERP, reduce costs, and streamline production.","og_url":"https:\/\/www.topfastpcb.com\/sv\/products\/bill-of-materials-bom\/","og_site_name":"Topfastpcb","article_modified_time":"2025-06-24T02:08:34+00:00","og_image":[{"width":750,"height":750,"url":"https:\/\/www.topfastpcb.com\/wp-content\/uploads\/2025\/05\/bom.jpg","type":"image\/jpeg"}],"twitter_card":"summary_large_image","twitter_misc":{"Ber\u00e4knad l\u00e4stid":"3 minuter"},"schema":{"@context":"https:\/\/schema.org","@graph":[{"@type":"WebPage","@id":"https:\/\/www.topfastpcb.com\/products\/bill-of-materials-bom\/","url":"https:\/\/www.topfastpcb.com\/products\/bill-of-materials-bom\/","name":"Bill of Materials (BOM) - Topfastpcb","isPartOf":{"@id":"https:\/\/www.topfastpcb.com\/#website"},"primaryImageOfPage":{"@id":"https:\/\/www.topfastpcb.com\/products\/bill-of-materials-bom\/#primaryimage"},"image":{"@id":"https:\/\/www.topfastpcb.com\/products\/bill-of-materials-bom\/#primaryimage"},"thumbnailUrl":"https:\/\/www.topfastpcb.com\/wp-content\/uploads\/2025\/05\/bom.jpg","datePublished":"2025-05-24T09:07:40+00:00","dateModified":"2025-06-24T02:08:34+00:00","description":"Master Bill of Materials (BOM) management: types, structures, and best practices for manufacturing. Learn how BOMs drive ERP, reduce costs, and streamline production.","breadcrumb":{"@id":"https:\/\/www.topfastpcb.com\/products\/bill-of-materials-bom\/#breadcrumb"},"inLanguage":"sv-SE","potentialAction":[{"@type":"ReadAction","target":["https:\/\/www.topfastpcb.com\/products\/bill-of-materials-bom\/"]}]},{"@type":"ImageObject","inLanguage":"sv-SE","@id":"https:\/\/www.topfastpcb.com\/products\/bill-of-materials-bom\/#primaryimage","url":"https:\/\/www.topfastpcb.com\/wp-content\/uploads\/2025\/05\/bom.jpg","contentUrl":"https:\/\/www.topfastpcb.com\/wp-content\/uploads\/2025\/05\/bom.jpg","width":750,"height":750,"caption":"bom"},{"@type":"BreadcrumbList","@id":"https:\/\/www.topfastpcb.com\/products\/bill-of-materials-bom\/#breadcrumb","itemListElement":[{"@type":"ListItem","position":1,"name":"\u9996\u9875","item":"https:\/\/www.topfastpcb.com\/"},{"@type":"ListItem","position":2,"name":"\u5546\u5e97","item":"https:\/\/www.topfastpcb.com\/shop\/"},{"@type":"ListItem","position":3,"name":"Bill of Materials (BOM)"}]},{"@type":"WebSite","@id":"https:\/\/www.topfastpcb.com\/#website","url":"https:\/\/www.topfastpcb.com\/","name":"Topfastpcb","description":"Topfast Prime Choice for Global Electronics Manufacturing","publisher":{"@id":"https:\/\/www.topfastpcb.com\/#organization"},"potentialAction":[{"@type":"SearchAction","target":{"@type":"EntryPoint","urlTemplate":"https:\/\/www.topfastpcb.com\/?s={search_term_string}"},"query-input":{"@type":"PropertyValueSpecification","valueRequired":true,"valueName":"search_term_string"}}],"inLanguage":"sv-SE"},{"@type":"Organization","@id":"https:\/\/www.topfastpcb.com\/#organization","name":"Topfastpcb","url":"https:\/\/www.topfastpcb.com\/","logo":{"@type":"ImageObject","inLanguage":"sv-SE","@id":"https:\/\/www.topfastpcb.com\/#\/schema\/logo\/image\/","url":"https:\/\/www.topfastpcb.com\/wp-content\/uploads\/2026\/02\/cropped-topfast-logo.png","contentUrl":"https:\/\/www.topfastpcb.com\/wp-content\/uploads\/2026\/02\/cropped-topfast-logo.png","width":144,"height":56,"caption":"Topfastpcb"},"image":{"@id":"https:\/\/www.topfastpcb.com\/#\/schema\/logo\/image\/"}}]}},"_links":{"self":[{"href":"https:\/\/www.topfastpcb.com\/sv\/wp-json\/wp\/v2\/product\/2804","targetHints":{"allow":["GET"]}}],"collection":[{"href":"https:\/\/www.topfastpcb.com\/sv\/wp-json\/wp\/v2\/product"}],"about":[{"href":"https:\/\/www.topfastpcb.com\/sv\/wp-json\/wp\/v2\/types\/product"}],"replies":[{"embeddable":true,"href":"https:\/\/www.topfastpcb.com\/sv\/wp-json\/wp\/v2\/comments?post=2804"}],"wp:featuredmedia":[{"embeddable":true,"href":"https:\/\/www.topfastpcb.com\/sv\/wp-json\/wp\/v2\/media\/2805"}],"wp:attachment":[{"href":"https:\/\/www.topfastpcb.com\/sv\/wp-json\/wp\/v2\/media?parent=2804"}],"wp:term":[{"taxonomy":"product_brand","embeddable":true,"href":"https:\/\/www.topfastpcb.com\/sv\/wp-json\/wp\/v2\/product_brand?post=2804"},{"taxonomy":"product_cat","embeddable":true,"href":"https:\/\/www.topfastpcb.com\/sv\/wp-json\/wp\/v2\/product_cat?post=2804"},{"taxonomy":"product_tag","embeddable":true,"href":"https:\/\/www.topfastpcb.com\/sv\/wp-json\/wp\/v2\/product_tag?post=2804"}],"curies":[{"name":"wp","href":"https:\/\/api.w.org\/{rel}","templated":true}]}}