{"id":3324,"date":"2025-06-17T10:39:32","date_gmt":"2025-06-17T02:39:32","guid":{"rendered":"https:\/\/www.topfastpcb.com\/?post_type=product&#038;p=3324"},"modified":"2025-06-24T10:07:44","modified_gmt":"2025-06-24T02:07:44","slug":"single-sided-flexible-pcb","status":"publish","type":"product","link":"https:\/\/www.topfastpcb.com\/sv\/products\/single-sided-flexible-pcb\/","title":{"rendered":"Enkelsidigt flexibelt kretskort"},"content":{"rendered":"<div id=\"ez-toc-container\" class=\"ez-toc-v2_0_74 counter-hierarchy ez-toc-counter ez-toc-custom ez-toc-container-direction\">\n<div class=\"ez-toc-title-container\">\n<p class=\"ez-toc-title\" style=\"cursor:inherit\">Inneh\u00e5llsf\u00f6rteckning<\/p>\n<span class=\"ez-toc-title-toggle\"><\/span><\/div>\n<nav><ul class='ez-toc-list ez-toc-list-level-1' ><li class='ez-toc-page-1 ez-toc-heading-level-2'><a class=\"ez-toc-link ez-toc-heading-1\" href=\"https:\/\/www.topfastpcb.com\/sv\/products\/single-sided-flexible-pcb\/#Definition_of_single-sided_flexible_PCB\" >Definition av enkelsidigt flexibelt m\u00f6nsterkort<\/a><\/li><li class='ez-toc-page-1 ez-toc-heading-level-2'><a class=\"ez-toc-link ez-toc-heading-2\" href=\"https:\/\/www.topfastpcb.com\/sv\/products\/single-sided-flexible-pcb\/#Product_Advantages\" >Produktens f\u00f6rdelar<\/a><\/li><li class='ez-toc-page-1 ez-toc-heading-level-2'><a class=\"ez-toc-link ez-toc-heading-3\" href=\"https:\/\/www.topfastpcb.com\/sv\/products\/single-sided-flexible-pcb\/#Technical_Specifications\" >Tekniska specifikationer<\/a><\/li><li class='ez-toc-page-1 ez-toc-heading-level-2'><a class=\"ez-toc-link ez-toc-heading-4\" href=\"https:\/\/www.topfastpcb.com\/sv\/products\/single-sided-flexible-pcb\/#Applications\" >Till\u00e4mpningar<\/a><\/li><li class='ez-toc-page-1 ez-toc-heading-level-2'><a class=\"ez-toc-link ez-toc-heading-5\" href=\"https:\/\/www.topfastpcb.com\/sv\/products\/single-sided-flexible-pcb\/#Manufacturing_Capabilities\" >Tillverkningskapacitet<\/a><\/li><li class='ez-toc-page-1 ez-toc-heading-level-2'><a class=\"ez-toc-link ez-toc-heading-6\" href=\"https:\/\/www.topfastpcb.com\/sv\/products\/single-sided-flexible-pcb\/#Additional_Services\" >Ytterligare tj\u00e4nster<\/a><\/li><li class='ez-toc-page-1 ez-toc-heading-level-2'><a class=\"ez-toc-link ez-toc-heading-7\" href=\"https:\/\/www.topfastpcb.com\/sv\/products\/single-sided-flexible-pcb\/#Why_choose_Topfast\" >Varf\u00f6r v\u00e4lja Topfast?<\/a><\/li><\/ul><\/nav><\/div>\n\n<h2><span class=\"ez-toc-section\" id=\"Definition_of_single-sided_flexible_PCB\"><\/span>Definition av enkelsidigt flexibelt m\u00f6nsterkort<span class=\"ez-toc-section-end\"><\/span><\/h2>\n<p>Som ledande inom tillverkning av flexibla m\u00f6nsterkort utnyttjar Topfast 17 \u00e5rs branscherfarenhet f\u00f6r att tillhandah\u00e5lla h\u00f6gkvalitativa enkelsidiga <a href=\"https:\/\/www.topfastpcb.com\/sv\/products\/category\/flexible-pcb\/\">flexibelt kretskort<\/a> l\u00f6sningar. V\u00e5ra enkelsidiga flexibla m\u00f6nsterkort \u00e4r tillverkade av premium polyimidmaterial och erbjuder utm\u00e4rkt b\u00f6jprestanda och tillf\u00f6rlitlighet f\u00f6r applikationer inom konsumentelektronik, medicinsk utrustning, fordonselektronik och mycket mer.<\/p>\n<h2><span class=\"ez-toc-section\" id=\"Product_Advantages\"><\/span>Produktens f\u00f6rdelar<span class=\"ez-toc-section-end\"><\/span><\/h2>\n<p>Topfasts enkelsidiga flexibla m\u00f6nsterkort erbjuder f\u00f6ljande viktiga f\u00f6rdelar:<\/p>\n<p><strong>Ultra-tunn och l\u00e4ttviktig<\/strong>: Tjocklek s\u00e5 l\u00e5g som 0,1 mm, v\u00e4ger endast 1\/3 av traditionella <a href=\"https:\/\/www.topfastpcb.com\/sv\/products\/category\/rigid-pcb\/\">styva kretskort<\/a><br \/>\n<strong>\u00d6verl\u00e4gsen flexibilitet<\/strong>: Anv\u00e4nder h\u00f6gkvalitativa polyimidsubstrat fr\u00e5n DuPont eller Panasonic, med en b\u00f6jningsradie s\u00e5 liten som 3 mm<br \/>\n<strong>H\u00f6g tillf\u00f6rlitlighet<\/strong>: Testad f\u00f6r \u00f6ver 200.000 b\u00f6jningscykler, vilket garanterar stabil prestanda p\u00e5 l\u00e5ng sikt<br \/>\n<strong>Motst\u00e5ndskraft mot h\u00f6ga temperaturer<\/strong>: T\u00e5l extrema temperaturer fr\u00e5n -60\u00b0C till 260\u00b0C<br \/>\n<strong>Utrymmesbesparande<\/strong>: Anpassar sig till komplexa 3D-layouter och minskar enhetens storlek<\/p>\n<h2><span class=\"ez-toc-section\" id=\"Technical_Specifications\"><\/span>Tekniska specifikationer<span class=\"ez-toc-section-end\"><\/span><\/h2>\n<table>\n<thead>\n<tr>\n<th>Parameter<\/th>\n<th>Specifikation<\/th>\n<\/tr>\n<\/thead>\n<tbody>\n<tr>\n<td>Substratets tjocklek<\/td>\n<td>12,5 \u03bcm-50 \u03bcm<\/td>\n<\/tr>\n<tr>\n<td>Kopparfoliens tjocklek<\/td>\n<td>12\u03bcm-35\u03bcm<\/td>\n<\/tr>\n<tr>\n<td>Min. Linjebredd\/avst\u00e5nd<\/td>\n<td>50\u03bcm\/50\u03bcm<\/td>\n<\/tr>\n<tr>\n<td>Min. Storlek p\u00e5 h\u00e5l<\/td>\n<td>0,1 mm<\/td>\n<\/tr>\n<tr>\n<td>Ytfinish<\/td>\n<td>ENIG, OSP, Kemiskt silver<\/td>\n<\/tr>\n<tr>\n<td>B\u00f6jningsradie<\/td>\n<td>Dynamisk: 10\u00d7 skivans tjocklek; Statisk: 3\u00d7 skivans tjocklek<\/td>\n<\/tr>\n<\/tbody>\n<\/table>\n<h2><span class=\"ez-toc-section\" id=\"Applications\"><\/span>Till\u00e4mpningar<span class=\"ez-toc-section-end\"><\/span><\/h2>\n<p>Topfasts enkelsidiga flexibla m\u00f6nsterkort anv\u00e4nds ofta i:<\/p>\n<p>1. <strong>Konsumentelektronik<\/strong>: Interna anslutningar i smartphones, surfplattor och wearables<br \/>\n2. <strong>Medicintekniska produkter<\/strong>B\u00e4rbara monitorer, endoskop och andra medicinska elektroniska anslutningar<br \/>\n3. <strong>Elektronik f\u00f6r fordonsindustrin<\/strong>Anslutningar f\u00f6r kameror, sensorer och belysningssystem ombord<br \/>\n4. <strong>Industriell kontroll<\/strong>Flexibla sammankopplingar f\u00f6r robotik och automationsutrustning<br \/>\n5. <strong>Milit\u00e4r och rymdfart<\/strong>: Anslutningar f\u00f6r utrymmesbegr\u00e4nsad avionik<\/p>\n<h3><img loading=\"lazy\" decoding=\"async\" src=\"https:\/\/www.topfastpcb.com\/wp-content\/uploads\/2025\/06\/Flexible-PCB-12.jpg\" alt=\"Flexibel kretskort\" width=\"800\" height=\"800\" class=\"aligncenter size-full wp-image-3330\" srcset=\"https:\/\/www.topfastpcb.com\/wp-content\/uploads\/2025\/06\/Flexible-PCB-12.jpg 800w, https:\/\/www.topfastpcb.com\/wp-content\/uploads\/2025\/06\/Flexible-PCB-12-300x300.jpg 300w, https:\/\/www.topfastpcb.com\/wp-content\/uploads\/2025\/06\/Flexible-PCB-12-150x150.jpg 150w, https:\/\/www.topfastpcb.com\/wp-content\/uploads\/2025\/06\/Flexible-PCB-12-768x768.jpg 768w, https:\/\/www.topfastpcb.com\/wp-content\/uploads\/2025\/06\/Flexible-PCB-12-12x12.jpg 12w, https:\/\/www.topfastpcb.com\/wp-content\/uploads\/2025\/06\/Flexible-PCB-12-600x600.jpg 600w, https:\/\/www.topfastpcb.com\/wp-content\/uploads\/2025\/06\/Flexible-PCB-12-100x100.jpg 100w\" sizes=\"auto, (max-width: 800px) 100vw, 800px\" \/><\/h3>\n<h2><span class=\"ez-toc-section\" id=\"Manufacturing_Capabilities\"><\/span>Tillverkningskapacitet<span class=\"ez-toc-section-end\"><\/span><\/h2>\n<p>Topfast har en 20.000 kvm stor modern produktionsanl\u00e4ggning med \u00f6ver 1.000 kvalificerade tekniker, utrustade med:<\/p>\n<p>Laserborrning med h\u00f6g precision (min. h\u00e5lstorlek: 0,1 mm)<br \/>\n<a href=\"https:\/\/www.topfastpcb.com\/sv\/blog\/what-is-aoi-automated-optical-inspection\/\">Automatiserad optisk inspektion<\/a> (AOI)-system<br \/>\nTestare med flygande prober f\u00f6r 100% verifiering av elektrisk prestanda<br \/>\nR\u00f6ntgeninspektion f\u00f6r intern kvalitetss\u00e4kring<br \/>\nUtrustning f\u00f6r vakuumlaminering f\u00f6r stark bindning mellan skikten<\/p>\n<p>Vi f\u00f6ljer strikt kvalitetsstyrningsstandarden ISO 9001 och genomf\u00f6r en fullst\u00e4ndig process\u00f6vervakning fr\u00e5n r\u00e5varuink\u00f6p till leverans av slutprodukten f\u00f6r att s\u00e4kerst\u00e4lla h\u00f6gsta kvalitet.<\/p>\n<h2><span class=\"ez-toc-section\" id=\"Additional_Services\"><\/span>Ytterligare tj\u00e4nster<span class=\"ez-toc-section-end\"><\/span><\/h2>\n<p>Ut\u00f6ver enkelsidiga flexibla m\u00f6nsterkort tillhandah\u00e5ller Topfast ocks\u00e5:<\/p>\n<p><strong>Dubbelsidiga flexibla m\u00f6nsterkort<\/strong>: F\u00f6r behov av sammankoppling med h\u00f6gre densitet<br \/>\n<strong>Flexibla m\u00f6nsterkort i flera lager<\/strong>: 4-10 lager komplexa flexibla kretsl\u00f6sningar<br \/>\n<strong>Rigid-Flex m\u00f6nsterkort<\/strong>: Hybridkonstruktioner som kombinerar styva och flexibla f\u00f6rdelar<br \/>\n<strong>Snabb prototyptillverkning<\/strong>: Snabbsvarande prover p\u00e5 s\u00e5 lite som 24 timmar<br \/>\n<strong>DFM-analys<\/strong>: Professionell bed\u00f6mning av design f\u00f6r tillverkningsbarhet<br \/>\n<strong>Teknisk support<\/strong>: Individuell teknisk experthj\u00e4lp<\/p>\n<h2><span class=\"ez-toc-section\" id=\"Why_choose_Topfast\"><\/span>Varf\u00f6r v\u00e4lja Topfast?<span class=\"ez-toc-section-end\"><\/span><\/h2>\n<p>Med 17 \u00e5rs expertis inom tillverkning av flexibla m\u00f6nsterkort \u00e4r Topfast fast beslutna att leverera h\u00f6gkvalitativa ensidiga flexibla kretsl\u00f6sningar.V\u00e5r avancerade utrustning, str\u00e4nga kvalitetskontroll och omfattande branscherfarenhet s\u00e4kerst\u00e4ller att varje flexibelt m\u00f6nsterkort uppfyller de h\u00f6gsta kraven p\u00e5 prestanda och tillf\u00f6rlitlighet. Oavsett om det g\u00e4ller prototyper eller massproduktion erbjuder Topfast de mest konkurrenskraftiga flexibla PCB-produkterna och tj\u00e4nsterna. Kontakta oss f\u00f6r mer produktinformation och teknisk support.<\/p>","protected":false},"excerpt":{"rendered":"<p>Den h\u00e4r artikeln introducerar Topfasts professionella ensidiga flexibla m\u00f6nsterkortsprodukter och belyser deras f\u00f6rdelar, tekniska specifikationer, till\u00e4mpningar och tillverkningskapacitet. Den betonar ultratunn design, h\u00f6g tillf\u00f6rlitlighet och temperaturbest\u00e4ndighet samtidigt som den ocks\u00e5 t\u00e4cker dubbelsidiga och flerskikts flexibla PCB-tj\u00e4nster.<\/p>","protected":false},"featured_media":3326,"comment_status":"closed","ping_status":"closed","template":"","meta":[],"product_brand":[],"product_cat":[96],"product_tag":[288,103],"class_list":{"0":"post-3324","1":"product","2":"type-product","3":"status-publish","4":"has-post-thumbnail","6":"product_cat-flexible-pcb","7":"product_tag-flex-pcb","8":"product_tag-flexible-pcb","10":"first","11":"instock","12":"shipping-taxable","13":"product-type-simple"},"yoast_head":"<!-- This site is optimized with the Yoast SEO plugin v25.1 - https:\/\/yoast.com\/wordpress\/plugins\/seo\/ -->\n<title>Single-Sided Flexible PCB - Topfastpcb<\/title>\n<meta name=\"description\" content=\"Topfast specializes in high-quality single-sided flexible PCBs, with 17 years of experience. Made from premium polyimide materials, they are ultra-thin, lightweight, and highly flexible, ideal for consumer electronics, medical devices, and automotive applications.\" \/>\n<meta name=\"robots\" content=\"index, follow, max-snippet:-1, max-image-preview:large, max-video-preview:-1\" \/>\n<link rel=\"canonical\" href=\"https:\/\/www.topfastpcb.com\/sv\/products\/single-sided-flexible-pcb\/\" \/>\n<meta property=\"og:locale\" content=\"sv_SE\" \/>\n<meta property=\"og:type\" content=\"article\" \/>\n<meta property=\"og:title\" content=\"Single-Sided Flexible PCB - Topfastpcb\" \/>\n<meta property=\"og:description\" content=\"Topfast specializes in high-quality single-sided flexible PCBs, with 17 years of experience. Made from premium polyimide materials, they are ultra-thin, lightweight, and highly flexible, ideal for consumer electronics, medical devices, and automotive applications.\" \/>\n<meta property=\"og:url\" content=\"https:\/\/www.topfastpcb.com\/sv\/products\/single-sided-flexible-pcb\/\" \/>\n<meta property=\"og:site_name\" content=\"Topfastpcb\" \/>\n<meta property=\"article:modified_time\" content=\"2025-06-24T02:07:44+00:00\" \/>\n<meta property=\"og:image\" content=\"https:\/\/www.topfastpcb.com\/wp-content\/uploads\/2025\/06\/Flexible-PCB-13.jpg\" \/>\n\t<meta property=\"og:image:width\" content=\"800\" \/>\n\t<meta property=\"og:image:height\" content=\"800\" \/>\n\t<meta property=\"og:image:type\" content=\"image\/jpeg\" \/>\n<meta name=\"twitter:card\" content=\"summary_large_image\" \/>\n<meta name=\"twitter:label1\" content=\"Ber\u00e4knad l\u00e4stid\" \/>\n\t<meta name=\"twitter:data1\" content=\"3 minuter\" \/>\n<script type=\"application\/ld+json\" class=\"yoast-schema-graph\">{\"@context\":\"https:\/\/schema.org\",\"@graph\":[{\"@type\":\"WebPage\",\"@id\":\"https:\/\/www.topfastpcb.com\/products\/single-sided-flexible-pcb\/\",\"url\":\"https:\/\/www.topfastpcb.com\/products\/single-sided-flexible-pcb\/\",\"name\":\"Single-Sided Flexible PCB - Topfastpcb\",\"isPartOf\":{\"@id\":\"https:\/\/www.topfastpcb.com\/#website\"},\"primaryImageOfPage\":{\"@id\":\"https:\/\/www.topfastpcb.com\/products\/single-sided-flexible-pcb\/#primaryimage\"},\"image\":{\"@id\":\"https:\/\/www.topfastpcb.com\/products\/single-sided-flexible-pcb\/#primaryimage\"},\"thumbnailUrl\":\"https:\/\/www.topfastpcb.com\/wp-content\/uploads\/2025\/06\/Flexible-PCB-13.jpg\",\"datePublished\":\"2025-06-17T02:39:32+00:00\",\"dateModified\":\"2025-06-24T02:07:44+00:00\",\"description\":\"Topfast specializes in high-quality single-sided flexible PCBs, with 17 years of experience. Made from premium polyimide materials, they are ultra-thin, lightweight, and highly flexible, ideal for consumer electronics, medical devices, and automotive applications.\",\"breadcrumb\":{\"@id\":\"https:\/\/www.topfastpcb.com\/products\/single-sided-flexible-pcb\/#breadcrumb\"},\"inLanguage\":\"sv-SE\",\"potentialAction\":[{\"@type\":\"ReadAction\",\"target\":[\"https:\/\/www.topfastpcb.com\/products\/single-sided-flexible-pcb\/\"]}]},{\"@type\":\"ImageObject\",\"inLanguage\":\"sv-SE\",\"@id\":\"https:\/\/www.topfastpcb.com\/products\/single-sided-flexible-pcb\/#primaryimage\",\"url\":\"https:\/\/www.topfastpcb.com\/wp-content\/uploads\/2025\/06\/Flexible-PCB-13.jpg\",\"contentUrl\":\"https:\/\/www.topfastpcb.com\/wp-content\/uploads\/2025\/06\/Flexible-PCB-13.jpg\",\"width\":800,\"height\":800,\"caption\":\"Single-Sided Flexible PCB\"},{\"@type\":\"BreadcrumbList\",\"@id\":\"https:\/\/www.topfastpcb.com\/products\/single-sided-flexible-pcb\/#breadcrumb\",\"itemListElement\":[{\"@type\":\"ListItem\",\"position\":1,\"name\":\"\u9996\u9875\",\"item\":\"https:\/\/www.topfastpcb.com\/\"},{\"@type\":\"ListItem\",\"position\":2,\"name\":\"\u5546\u5e97\",\"item\":\"https:\/\/www.topfastpcb.com\/shop\/\"},{\"@type\":\"ListItem\",\"position\":3,\"name\":\"Single-Sided Flexible PCB\"}]},{\"@type\":\"WebSite\",\"@id\":\"https:\/\/www.topfastpcb.com\/#website\",\"url\":\"https:\/\/www.topfastpcb.com\/\",\"name\":\"Topfastpcb\",\"description\":\"Topfast Prime Choice for Global Electronics Manufacturing\",\"publisher\":{\"@id\":\"https:\/\/www.topfastpcb.com\/#organization\"},\"potentialAction\":[{\"@type\":\"SearchAction\",\"target\":{\"@type\":\"EntryPoint\",\"urlTemplate\":\"https:\/\/www.topfastpcb.com\/?s={search_term_string}\"},\"query-input\":{\"@type\":\"PropertyValueSpecification\",\"valueRequired\":true,\"valueName\":\"search_term_string\"}}],\"inLanguage\":\"sv-SE\"},{\"@type\":\"Organization\",\"@id\":\"https:\/\/www.topfastpcb.com\/#organization\",\"name\":\"Topfastpcb\",\"url\":\"https:\/\/www.topfastpcb.com\/\",\"logo\":{\"@type\":\"ImageObject\",\"inLanguage\":\"sv-SE\",\"@id\":\"https:\/\/www.topfastpcb.com\/#\/schema\/logo\/image\/\",\"url\":\"https:\/\/www.topfastpcb.com\/wp-content\/uploads\/2026\/02\/cropped-topfast-logo.png\",\"contentUrl\":\"https:\/\/www.topfastpcb.com\/wp-content\/uploads\/2026\/02\/cropped-topfast-logo.png\",\"width\":144,\"height\":56,\"caption\":\"Topfastpcb\"},\"image\":{\"@id\":\"https:\/\/www.topfastpcb.com\/#\/schema\/logo\/image\/\"}}]}<\/script>\n<!-- \/ Yoast SEO plugin. -->","yoast_head_json":{"title":"Single-Sided Flexible PCB - Topfastpcb","description":"Topfast specializes in high-quality single-sided flexible PCBs, with 17 years of experience. Made from premium polyimide materials, they are ultra-thin, lightweight, and highly flexible, ideal for consumer electronics, medical devices, and automotive applications.","robots":{"index":"index","follow":"follow","max-snippet":"max-snippet:-1","max-image-preview":"max-image-preview:large","max-video-preview":"max-video-preview:-1"},"canonical":"https:\/\/www.topfastpcb.com\/sv\/products\/single-sided-flexible-pcb\/","og_locale":"sv_SE","og_type":"article","og_title":"Single-Sided Flexible PCB - Topfastpcb","og_description":"Topfast specializes in high-quality single-sided flexible PCBs, with 17 years of experience. Made from premium polyimide materials, they are ultra-thin, lightweight, and highly flexible, ideal for consumer electronics, medical devices, and automotive applications.","og_url":"https:\/\/www.topfastpcb.com\/sv\/products\/single-sided-flexible-pcb\/","og_site_name":"Topfastpcb","article_modified_time":"2025-06-24T02:07:44+00:00","og_image":[{"width":800,"height":800,"url":"https:\/\/www.topfastpcb.com\/wp-content\/uploads\/2025\/06\/Flexible-PCB-13.jpg","type":"image\/jpeg"}],"twitter_card":"summary_large_image","twitter_misc":{"Ber\u00e4knad l\u00e4stid":"3 minuter"},"schema":{"@context":"https:\/\/schema.org","@graph":[{"@type":"WebPage","@id":"https:\/\/www.topfastpcb.com\/products\/single-sided-flexible-pcb\/","url":"https:\/\/www.topfastpcb.com\/products\/single-sided-flexible-pcb\/","name":"Single-Sided Flexible PCB - Topfastpcb","isPartOf":{"@id":"https:\/\/www.topfastpcb.com\/#website"},"primaryImageOfPage":{"@id":"https:\/\/www.topfastpcb.com\/products\/single-sided-flexible-pcb\/#primaryimage"},"image":{"@id":"https:\/\/www.topfastpcb.com\/products\/single-sided-flexible-pcb\/#primaryimage"},"thumbnailUrl":"https:\/\/www.topfastpcb.com\/wp-content\/uploads\/2025\/06\/Flexible-PCB-13.jpg","datePublished":"2025-06-17T02:39:32+00:00","dateModified":"2025-06-24T02:07:44+00:00","description":"Topfast specializes in high-quality single-sided flexible PCBs, with 17 years of experience. Made from premium polyimide materials, they are ultra-thin, lightweight, and highly flexible, ideal for consumer electronics, medical devices, and automotive applications.","breadcrumb":{"@id":"https:\/\/www.topfastpcb.com\/products\/single-sided-flexible-pcb\/#breadcrumb"},"inLanguage":"sv-SE","potentialAction":[{"@type":"ReadAction","target":["https:\/\/www.topfastpcb.com\/products\/single-sided-flexible-pcb\/"]}]},{"@type":"ImageObject","inLanguage":"sv-SE","@id":"https:\/\/www.topfastpcb.com\/products\/single-sided-flexible-pcb\/#primaryimage","url":"https:\/\/www.topfastpcb.com\/wp-content\/uploads\/2025\/06\/Flexible-PCB-13.jpg","contentUrl":"https:\/\/www.topfastpcb.com\/wp-content\/uploads\/2025\/06\/Flexible-PCB-13.jpg","width":800,"height":800,"caption":"Single-Sided Flexible PCB"},{"@type":"BreadcrumbList","@id":"https:\/\/www.topfastpcb.com\/products\/single-sided-flexible-pcb\/#breadcrumb","itemListElement":[{"@type":"ListItem","position":1,"name":"\u9996\u9875","item":"https:\/\/www.topfastpcb.com\/"},{"@type":"ListItem","position":2,"name":"\u5546\u5e97","item":"https:\/\/www.topfastpcb.com\/shop\/"},{"@type":"ListItem","position":3,"name":"Single-Sided Flexible PCB"}]},{"@type":"WebSite","@id":"https:\/\/www.topfastpcb.com\/#website","url":"https:\/\/www.topfastpcb.com\/","name":"Topfastpcb","description":"Topfast Prime Choice for Global Electronics Manufacturing","publisher":{"@id":"https:\/\/www.topfastpcb.com\/#organization"},"potentialAction":[{"@type":"SearchAction","target":{"@type":"EntryPoint","urlTemplate":"https:\/\/www.topfastpcb.com\/?s={search_term_string}"},"query-input":{"@type":"PropertyValueSpecification","valueRequired":true,"valueName":"search_term_string"}}],"inLanguage":"sv-SE"},{"@type":"Organization","@id":"https:\/\/www.topfastpcb.com\/#organization","name":"Topfastpcb","url":"https:\/\/www.topfastpcb.com\/","logo":{"@type":"ImageObject","inLanguage":"sv-SE","@id":"https:\/\/www.topfastpcb.com\/#\/schema\/logo\/image\/","url":"https:\/\/www.topfastpcb.com\/wp-content\/uploads\/2026\/02\/cropped-topfast-logo.png","contentUrl":"https:\/\/www.topfastpcb.com\/wp-content\/uploads\/2026\/02\/cropped-topfast-logo.png","width":144,"height":56,"caption":"Topfastpcb"},"image":{"@id":"https:\/\/www.topfastpcb.com\/#\/schema\/logo\/image\/"}}]}},"_links":{"self":[{"href":"https:\/\/www.topfastpcb.com\/sv\/wp-json\/wp\/v2\/product\/3324","targetHints":{"allow":["GET"]}}],"collection":[{"href":"https:\/\/www.topfastpcb.com\/sv\/wp-json\/wp\/v2\/product"}],"about":[{"href":"https:\/\/www.topfastpcb.com\/sv\/wp-json\/wp\/v2\/types\/product"}],"replies":[{"embeddable":true,"href":"https:\/\/www.topfastpcb.com\/sv\/wp-json\/wp\/v2\/comments?post=3324"}],"wp:featuredmedia":[{"embeddable":true,"href":"https:\/\/www.topfastpcb.com\/sv\/wp-json\/wp\/v2\/media\/3326"}],"wp:attachment":[{"href":"https:\/\/www.topfastpcb.com\/sv\/wp-json\/wp\/v2\/media?parent=3324"}],"wp:term":[{"taxonomy":"product_brand","embeddable":true,"href":"https:\/\/www.topfastpcb.com\/sv\/wp-json\/wp\/v2\/product_brand?post=3324"},{"taxonomy":"product_cat","embeddable":true,"href":"https:\/\/www.topfastpcb.com\/sv\/wp-json\/wp\/v2\/product_cat?post=3324"},{"taxonomy":"product_tag","embeddable":true,"href":"https:\/\/www.topfastpcb.com\/sv\/wp-json\/wp\/v2\/product_tag?post=3324"}],"curies":[{"name":"wp","href":"https:\/\/api.w.org\/{rel}","templated":true}]}}