{"id":3331,"date":"2025-06-18T08:37:32","date_gmt":"2025-06-18T00:37:32","guid":{"rendered":"https:\/\/www.topfastpcb.com\/?post_type=product&#038;p=3331"},"modified":"2025-06-17T16:01:04","modified_gmt":"2025-06-17T08:01:04","slug":"4-layer-flexible-pcb","status":"publish","type":"product","link":"https:\/\/www.topfastpcb.com\/sv\/products\/4-layer-flexible-pcb\/","title":{"rendered":"4-lagers flexibelt kretskort"},"content":{"rendered":"<div id=\"ez-toc-container\" class=\"ez-toc-v2_0_74 counter-hierarchy ez-toc-counter ez-toc-custom ez-toc-container-direction\">\n<div class=\"ez-toc-title-container\">\n<p class=\"ez-toc-title\" style=\"cursor:inherit\">Inneh\u00e5llsf\u00f6rteckning<\/p>\n<span class=\"ez-toc-title-toggle\"><\/span><\/div>\n<nav><ul class='ez-toc-list ez-toc-list-level-1' ><li class='ez-toc-page-1 ez-toc-heading-level-2'><a class=\"ez-toc-link ez-toc-heading-1\" href=\"https:\/\/www.topfastpcb.com\/sv\/products\/4-layer-flexible-pcb\/#Topfast_Professional_4-Layer_Flexible_PCB\" >Topfast Professional 4-lagers flexibelt m\u00f6nsterkort<\/a><\/li><li class='ez-toc-page-1 ez-toc-heading-level-2'><a class=\"ez-toc-link ez-toc-heading-2\" href=\"https:\/\/www.topfastpcb.com\/sv\/products\/4-layer-flexible-pcb\/#Key_Advantages_of_Topfasts_4-Layer_Flexible_PCB\" >Viktiga f\u00f6rdelar med Topfasts 4-lagers flexibla m\u00f6nsterkort<\/a><ul class='ez-toc-list-level-3' ><li class='ez-toc-heading-level-3'><a class=\"ez-toc-link ez-toc-heading-3\" href=\"https:\/\/www.topfastpcb.com\/sv\/products\/4-layer-flexible-pcb\/#1_High-Density_Wiring_for_Complex_Circuits\" >1. Kabeldragning med h\u00f6g densitet f\u00f6r komplexa kretsar<\/a><\/li><li class='ez-toc-page-1 ez-toc-heading-level-3'><a class=\"ez-toc-link ez-toc-heading-4\" href=\"https:\/\/www.topfastpcb.com\/sv\/products\/4-layer-flexible-pcb\/#2_Superior_Flexibility_for_Dynamic_Bending_Environments\" >2.\u00d6verl\u00e4gsen flexibilitet f\u00f6r dynamiska b\u00f6jningsmilj\u00f6er<\/a><\/li><li class='ez-toc-page-1 ez-toc-heading-level-3'><a class=\"ez-toc-link ez-toc-heading-5\" href=\"https:\/\/www.topfastpcb.com\/sv\/products\/4-layer-flexible-pcb\/#3_Tight_Impedance_Control_for_Signal_Integrity\" >3.T\u00e4t impedansstyrning f\u00f6r signalintegritet<\/a><\/li><li class='ez-toc-page-1 ez-toc-heading-level-3'><a class=\"ez-toc-link ez-toc-heading-6\" href=\"https:\/\/www.topfastpcb.com\/sv\/products\/4-layer-flexible-pcb\/#4_Multi-Layer_Shielding_for_EMIEMC_Protection\" >4.Flerskiktssk\u00e4rmning f\u00f6r EMI\/EMC-skydd<\/a><\/li><li class='ez-toc-page-1 ez-toc-heading-level-3'><a class=\"ez-toc-link ez-toc-heading-7\" href=\"https:\/\/www.topfastpcb.com\/sv\/products\/4-layer-flexible-pcb\/#5_High-Reliability_Manufacturing_Process\" >5.Tillverkningsprocess med h\u00f6g tillf\u00f6rlitlighet<\/a><\/li><\/ul><\/li><li class='ez-toc-page-1 ez-toc-heading-level-2'><a class=\"ez-toc-link ez-toc-heading-8\" href=\"https:\/\/www.topfastpcb.com\/sv\/products\/4-layer-flexible-pcb\/#Typical_Applications_of_Topfasts_4-Layer_Flexible_PCB\" >Typiska anv\u00e4ndningsomr\u00e5den f\u00f6r Topfasts 4-lagers flexibla m\u00f6nsterkort<\/a><\/li><li class='ez-toc-page-1 ez-toc-heading-level-2'><a class=\"ez-toc-link ez-toc-heading-9\" href=\"https:\/\/www.topfastpcb.com\/sv\/products\/4-layer-flexible-pcb\/#Why_Choose_Topfast\" >Varf\u00f6r v\u00e4lja Topfast?<\/a><\/li><li class='ez-toc-page-1 ez-toc-heading-level-2'><a class=\"ez-toc-link ez-toc-heading-10\" href=\"https:\/\/www.topfastpcb.com\/sv\/products\/4-layer-flexible-pcb\/#Conclusion\" >Slutsats<\/a><\/li><\/ul><\/nav><\/div>\n\n<h2><span class=\"ez-toc-section\" id=\"Topfast_Professional_4-Layer_Flexible_PCB\"><\/span>Topfast Professional 4-lagers flexibelt m\u00f6nsterkort<span class=\"ez-toc-section-end\"><\/span><\/h2>\n<p>I dagens h\u00f6gt integrerade elektroniska enheter, <strong>4-lagers flexibla m\u00f6nsterkort<\/strong> har blivit den f\u00f6redragna l\u00f6sningen f\u00f6r avancerad industri-, medicin-, fordons- och konsumentelektronik tack vare sin \u00f6verl\u00e4gsna kabeldensitet, dynamiska b\u00f6jningskapacitet och exceptionella tillf\u00f6rlitlighet. Med 17 \u00e5rs erfarenhet, <strong>Topfast<\/strong> \u00e4r specialiserade p\u00e5 design, tillverkning och montering av flexibla 4-lagers m\u00f6nsterkort, vilket ger h\u00f6gpresterande och extremt tillf\u00f6rlitliga flexibla kretsar f\u00f6r kr\u00e4vande applikationer.<\/p>\n<h2><span class=\"ez-toc-section\" id=\"Key_Advantages_of_Topfasts_4-Layer_Flexible_PCB\"><\/span>Viktiga f\u00f6rdelar med Topfasts 4-lagers flexibla m\u00f6nsterkort<span class=\"ez-toc-section-end\"><\/span><\/h2>\n<h3><span class=\"ez-toc-section\" id=\"1_High-Density_Wiring_for_Complex_Circuits\"><\/span>1. Kabeldragning med h\u00f6g densitet f\u00f6r komplexa kretsar<span class=\"ez-toc-section-end\"><\/span><\/h3>\n<p>Topfasts 4-lagers <a href=\"https:\/\/www.topfastpcb.com\/sv\/products\/category\/flexible-pcb\/\">flexibla kretskort<\/a> har en precisionsdesign med stapling och st\u00f6d f\u00f6r 4-lagers kopparledningsdragning f\u00f6r h\u00f6gre ledningsdensitet, vilket g\u00f6r dem idealiska f\u00f6r komplexa kretsdesigner. Oavsett om det g\u00e4ller h\u00f6ghastighetssignal\u00f6verf\u00f6ring, impedansreglering eller flerskiktssk\u00e4rmning ger v\u00e5ra flexibla kretskort felfri prestanda.<\/p>\n<h3><span class=\"ez-toc-section\" id=\"2_Superior_Flexibility_for_Dynamic_Bending_Environments\"><\/span>2.\u00d6verl\u00e4gsen flexibilitet f\u00f6r dynamiska b\u00f6jningsmilj\u00f6er<span class=\"ez-toc-section-end\"><\/span><\/h3>\n<p>V\u00e5ra flexibla 4-lagers m\u00f6nsterkort \u00e4r tillverkade av h\u00f6gkvalitativt polyimidmaterial (PI) och har utm\u00e4rkt b\u00f6jprestanda och klarar \u00f6ver 500.000 dynamiska b\u00f6jcykler.De \u00e4r perfekta f\u00f6r b\u00e4rbara enheter, vikbara smartphones, robotleder och andra h\u00f6gfrekventa b\u00f6jningsapplikationer.<\/p>\n<h3><span class=\"ez-toc-section\" id=\"3_Tight_Impedance_Control_for_Signal_Integrity\"><\/span>3.T\u00e4t impedansstyrning f\u00f6r signalintegritet<span class=\"ez-toc-section-end\"><\/span><\/h3>\n<p>Topfasts flexibla kretskort med 4 lager har en design med precisionsimpedansmatchning och toleranser inom \u00b15%, vilket g\u00f6r dem idealiska f\u00f6r digitala h\u00f6ghastighetssignaler (USB 3.0, HDMI) och h\u00f6gfrekventa RF-applikationer (5G, Wi-Fi 6) f\u00f6r att s\u00e4kerst\u00e4lla stabil och st\u00f6rningsfri \u00f6verf\u00f6ring.<\/p>\n<h3><span class=\"ez-toc-section\" id=\"4_Multi-Layer_Shielding_for_EMIEMC_Protection\"><\/span>4.Flerskiktssk\u00e4rmning f\u00f6r EMI\/EMC-skydd<span class=\"ez-toc-section-end\"><\/span><\/h3>\n<p>Med optimerade stack-up-konfigurationer (t.ex. symmetrisk jord- och effektplansdesign) ger v\u00e5ra flexibla 4-lagers m\u00f6nsterkort enast\u00e5ende EMI\/RFI-avsk\u00e4rmning, l\u00e4mplig f\u00f6r fordonselektronik, medicintekniska produkter och industriella styrsystem med strikta krav p\u00e5 elektromagnetisk kompatibilitet.<\/p>\n<h3><span class=\"ez-toc-section\" id=\"5_High-Reliability_Manufacturing_Process\"><\/span>5.Tillverkningsprocess med h\u00f6g tillf\u00f6rlitlighet<span class=\"ez-toc-section-end\"><\/span><\/h3>\n<p>30 \u03bcm laserborrning f\u00f6r mikrovia-precision<br \/>\n100% AOI\/ICT-testning f\u00f6r att eliminera defekter<br \/>\nIPC-6013-certifierad, uppfyller branschens h\u00f6gsta standarder<br \/>\n72 timmars snabb prototyptillverkning f\u00f6r att p\u00e5skynda utvecklingen<\/p>\n<h2><img loading=\"lazy\" decoding=\"async\" src=\"https:\/\/www.topfastpcb.com\/wp-content\/uploads\/2025\/06\/4-Layer-Flexible-PCB.jpg\" alt=\"4-lagers flexibelt kretskort\" width=\"600\" height=\"402\" class=\"aligncenter size-full wp-image-3336\" srcset=\"https:\/\/www.topfastpcb.com\/wp-content\/uploads\/2025\/06\/4-Layer-Flexible-PCB.jpg 600w, https:\/\/www.topfastpcb.com\/wp-content\/uploads\/2025\/06\/4-Layer-Flexible-PCB-300x201.jpg 300w, https:\/\/www.topfastpcb.com\/wp-content\/uploads\/2025\/06\/4-Layer-Flexible-PCB-18x12.jpg 18w\" sizes=\"auto, (max-width: 600px) 100vw, 600px\" \/><\/h2>\n<h2><span class=\"ez-toc-section\" id=\"Typical_Applications_of_Topfasts_4-Layer_Flexible_PCB\"><\/span>Typiska anv\u00e4ndningsomr\u00e5den f\u00f6r Topfasts 4-lagers flexibla m\u00f6nsterkort<span class=\"ez-toc-section-end\"><\/span><\/h2>\n<p><strong>Medicintekniska produkter<\/strong>: Endoskop, b\u00e4rbara h\u00e4lsomonitorer, implanterbara sensorer<br \/>\n<strong>Elektronik f\u00f6r fordonsindustrin<\/strong>Bildsk\u00e4rmar i fordon, ADAS-sensorer, LiDAR<br \/>\n<strong>Konsumentelektronik<\/strong>Vikbara smartphones, AR\/VR-glas\u00f6gon, smartklockor<br \/>\n<strong>Industriell kontroll<\/strong>Flexibla sammankopplingar f\u00f6r robotar, HMI-paneler, r\u00f6relsekontroller<br \/>\n<strong>Flyg- och rymdindustrin samt f\u00f6rsvar<\/strong>: Avioniska kommunikationssystem, kontroll av dr\u00f6narflygningar<\/p>\n<h2><span class=\"ez-toc-section\" id=\"Why_Choose_Topfast\"><\/span>Varf\u00f6r v\u00e4lja Topfast?<span class=\"ez-toc-section-end\"><\/span><\/h2>\n<p>17+ \u00e5rs branschexpertis inom h\u00f6gprecisions <a href=\"https:\/\/www.topfastpcb.com\/sv\/\">Tillverkning av kretskort<\/a><br \/>\n20.000\u33a1 modern fabrik med laserborrning, VCP-pl\u00e4tering och avancerad utrustning<br \/>\nStrikt kvalitetskontroll med 100% flygande sondtestning &amp; R\u00f6ntgeninspektion<br \/>\nSnabb respons - 72 timmars prototyptillverkning &amp; st\u00f6d f\u00f6r produktion av sm\u00e5 serier<br \/>\nKostnadsoptimering-15%-30% materialbesparingar genom optimerad stack-up-design<\/p>\n<h2><span class=\"ez-toc-section\" id=\"Conclusion\"><\/span>Slutsats<span class=\"ez-toc-section-end\"><\/span><\/h2>\n<p>Topfasts 4-lagers flexibla kretskort erbjuder h\u00f6g densitet, exceptionell flexibilitet och strikta tillverkningsstandarder, vilket g\u00f6r dem till det perfekta valet f\u00f6r avancerad elektronik inom medicin, fordon, konsument och industriella applikationer. Vi tillhandah\u00e5ller flexibla kretsl\u00f6sningar med h\u00f6g tillf\u00f6rlitlighet och h\u00f6g prestanda som \u00e4r skr\u00e4ddarsydda efter dina behov. Kontakta oss idag f\u00f6r din anpassade 4-lagers flexibla PCB-l\u00f6sning!<\/p>","protected":false},"excerpt":{"rendered":"<p>Den h\u00e4r artikeln introducerar Topfasts flexibla 4-lagers m\u00f6nsterkort och belyser deras kapacitet f\u00f6r h\u00f6gdensitetsrouting, dynamisk b\u00f6jbarhet, impedansreglering och EMI-sk\u00e4rmning.Den t\u00e4cker viktiga applikationer inom medicin, fordon och konsumentelektronik, och betonar Topfasts professionalism och tillf\u00f6rlitlighet inom tillverkning av flexibla m\u00f6nsterkort.<\/p>","protected":false},"featured_media":3332,"comment_status":"closed","ping_status":"closed","template":"","meta":[],"product_brand":[],"product_cat":[96],"product_tag":[103,211],"class_list":{"0":"post-3331","1":"product","2":"type-product","3":"status-publish","4":"has-post-thumbnail","6":"product_cat-flexible-pcb","7":"product_tag-flexible-pcb","8":"product_tag-multilayer-flexible-pcb","10":"first","11":"instock","12":"shipping-taxable","13":"product-type-simple"},"yoast_head":"<!-- This site is optimized with the Yoast SEO plugin v25.1 - https:\/\/yoast.com\/wordpress\/plugins\/seo\/ -->\n<title>4-Layer Flexible PCB - Topfastpcb<\/title>\n<meta name=\"description\" content=\"Topfast specializes in 4-layer flexible PCBs with high-density wiring, dynamic bending, and tight impedance control for medical, automotive, and consumer electronics. 17+ years of expertise, 72-hour prototyping, IPC-6013 certified.\" \/>\n<meta name=\"robots\" content=\"index, follow, max-snippet:-1, max-image-preview:large, max-video-preview:-1\" \/>\n<link rel=\"canonical\" href=\"https:\/\/www.topfastpcb.com\/sv\/products\/4-layer-flexible-pcb\/\" \/>\n<meta property=\"og:locale\" content=\"sv_SE\" \/>\n<meta property=\"og:type\" content=\"article\" \/>\n<meta property=\"og:title\" content=\"4-Layer Flexible PCB - Topfastpcb\" \/>\n<meta property=\"og:description\" content=\"Topfast specializes in 4-layer flexible PCBs with high-density wiring, dynamic bending, and tight impedance control for medical, automotive, and consumer electronics. 17+ years of expertise, 72-hour prototyping, IPC-6013 certified.\" \/>\n<meta property=\"og:url\" content=\"https:\/\/www.topfastpcb.com\/sv\/products\/4-layer-flexible-pcb\/\" \/>\n<meta property=\"og:site_name\" content=\"Topfastpcb\" \/>\n<meta property=\"og:image\" content=\"https:\/\/www.topfastpcb.com\/wp-content\/uploads\/2025\/06\/Flexible-PCB-22.jpg\" \/>\n\t<meta property=\"og:image:width\" content=\"800\" \/>\n\t<meta property=\"og:image:height\" content=\"800\" \/>\n\t<meta property=\"og:image:type\" content=\"image\/jpeg\" \/>\n<meta name=\"twitter:card\" content=\"summary_large_image\" \/>\n<meta name=\"twitter:label1\" content=\"Ber\u00e4knad l\u00e4stid\" \/>\n\t<meta name=\"twitter:data1\" content=\"3 minuter\" \/>\n<script type=\"application\/ld+json\" class=\"yoast-schema-graph\">{\"@context\":\"https:\/\/schema.org\",\"@graph\":[{\"@type\":\"WebPage\",\"@id\":\"https:\/\/www.topfastpcb.com\/products\/4-layer-flexible-pcb\/\",\"url\":\"https:\/\/www.topfastpcb.com\/products\/4-layer-flexible-pcb\/\",\"name\":\"4-Layer Flexible PCB - Topfastpcb\",\"isPartOf\":{\"@id\":\"https:\/\/www.topfastpcb.com\/#website\"},\"primaryImageOfPage\":{\"@id\":\"https:\/\/www.topfastpcb.com\/products\/4-layer-flexible-pcb\/#primaryimage\"},\"image\":{\"@id\":\"https:\/\/www.topfastpcb.com\/products\/4-layer-flexible-pcb\/#primaryimage\"},\"thumbnailUrl\":\"https:\/\/www.topfastpcb.com\/wp-content\/uploads\/2025\/06\/Flexible-PCB-22.jpg\",\"datePublished\":\"2025-06-18T00:37:32+00:00\",\"description\":\"Topfast specializes in 4-layer flexible PCBs with high-density wiring, dynamic bending, and tight impedance control for medical, automotive, and consumer electronics. 17+ years of expertise, 72-hour prototyping, IPC-6013 certified.\",\"breadcrumb\":{\"@id\":\"https:\/\/www.topfastpcb.com\/products\/4-layer-flexible-pcb\/#breadcrumb\"},\"inLanguage\":\"sv-SE\",\"potentialAction\":[{\"@type\":\"ReadAction\",\"target\":[\"https:\/\/www.topfastpcb.com\/products\/4-layer-flexible-pcb\/\"]}]},{\"@type\":\"ImageObject\",\"inLanguage\":\"sv-SE\",\"@id\":\"https:\/\/www.topfastpcb.com\/products\/4-layer-flexible-pcb\/#primaryimage\",\"url\":\"https:\/\/www.topfastpcb.com\/wp-content\/uploads\/2025\/06\/Flexible-PCB-22.jpg\",\"contentUrl\":\"https:\/\/www.topfastpcb.com\/wp-content\/uploads\/2025\/06\/Flexible-PCB-22.jpg\",\"width\":800,\"height\":800,\"caption\":\"4-Layer Flexible PCB\"},{\"@type\":\"BreadcrumbList\",\"@id\":\"https:\/\/www.topfastpcb.com\/products\/4-layer-flexible-pcb\/#breadcrumb\",\"itemListElement\":[{\"@type\":\"ListItem\",\"position\":1,\"name\":\"\u9996\u9875\",\"item\":\"https:\/\/www.topfastpcb.com\/\"},{\"@type\":\"ListItem\",\"position\":2,\"name\":\"\u5546\u5e97\",\"item\":\"https:\/\/www.topfastpcb.com\/shop\/\"},{\"@type\":\"ListItem\",\"position\":3,\"name\":\"4-Layer Flexible PCB\"}]},{\"@type\":\"WebSite\",\"@id\":\"https:\/\/www.topfastpcb.com\/#website\",\"url\":\"https:\/\/www.topfastpcb.com\/\",\"name\":\"Topfastpcb\",\"description\":\"Topfast Prime Choice for Global Electronics Manufacturing\",\"publisher\":{\"@id\":\"https:\/\/www.topfastpcb.com\/#organization\"},\"potentialAction\":[{\"@type\":\"SearchAction\",\"target\":{\"@type\":\"EntryPoint\",\"urlTemplate\":\"https:\/\/www.topfastpcb.com\/?s={search_term_string}\"},\"query-input\":{\"@type\":\"PropertyValueSpecification\",\"valueRequired\":true,\"valueName\":\"search_term_string\"}}],\"inLanguage\":\"sv-SE\"},{\"@type\":\"Organization\",\"@id\":\"https:\/\/www.topfastpcb.com\/#organization\",\"name\":\"Topfastpcb\",\"url\":\"https:\/\/www.topfastpcb.com\/\",\"logo\":{\"@type\":\"ImageObject\",\"inLanguage\":\"sv-SE\",\"@id\":\"https:\/\/www.topfastpcb.com\/#\/schema\/logo\/image\/\",\"url\":\"https:\/\/www.topfastpcb.com\/wp-content\/uploads\/2026\/02\/cropped-topfast-logo.png\",\"contentUrl\":\"https:\/\/www.topfastpcb.com\/wp-content\/uploads\/2026\/02\/cropped-topfast-logo.png\",\"width\":144,\"height\":56,\"caption\":\"Topfastpcb\"},\"image\":{\"@id\":\"https:\/\/www.topfastpcb.com\/#\/schema\/logo\/image\/\"}}]}<\/script>\n<!-- \/ Yoast SEO plugin. -->","yoast_head_json":{"title":"4-Layer Flexible PCB - Topfastpcb","description":"Topfast specializes in 4-layer flexible PCBs with high-density wiring, dynamic bending, and tight impedance control for medical, automotive, and consumer electronics. 17+ years of expertise, 72-hour prototyping, IPC-6013 certified.","robots":{"index":"index","follow":"follow","max-snippet":"max-snippet:-1","max-image-preview":"max-image-preview:large","max-video-preview":"max-video-preview:-1"},"canonical":"https:\/\/www.topfastpcb.com\/sv\/products\/4-layer-flexible-pcb\/","og_locale":"sv_SE","og_type":"article","og_title":"4-Layer Flexible PCB - Topfastpcb","og_description":"Topfast specializes in 4-layer flexible PCBs with high-density wiring, dynamic bending, and tight impedance control for medical, automotive, and consumer electronics. 17+ years of expertise, 72-hour prototyping, IPC-6013 certified.","og_url":"https:\/\/www.topfastpcb.com\/sv\/products\/4-layer-flexible-pcb\/","og_site_name":"Topfastpcb","og_image":[{"width":800,"height":800,"url":"https:\/\/www.topfastpcb.com\/wp-content\/uploads\/2025\/06\/Flexible-PCB-22.jpg","type":"image\/jpeg"}],"twitter_card":"summary_large_image","twitter_misc":{"Ber\u00e4knad l\u00e4stid":"3 minuter"},"schema":{"@context":"https:\/\/schema.org","@graph":[{"@type":"WebPage","@id":"https:\/\/www.topfastpcb.com\/products\/4-layer-flexible-pcb\/","url":"https:\/\/www.topfastpcb.com\/products\/4-layer-flexible-pcb\/","name":"4-Layer Flexible PCB - Topfastpcb","isPartOf":{"@id":"https:\/\/www.topfastpcb.com\/#website"},"primaryImageOfPage":{"@id":"https:\/\/www.topfastpcb.com\/products\/4-layer-flexible-pcb\/#primaryimage"},"image":{"@id":"https:\/\/www.topfastpcb.com\/products\/4-layer-flexible-pcb\/#primaryimage"},"thumbnailUrl":"https:\/\/www.topfastpcb.com\/wp-content\/uploads\/2025\/06\/Flexible-PCB-22.jpg","datePublished":"2025-06-18T00:37:32+00:00","description":"Topfast specializes in 4-layer flexible PCBs with high-density wiring, dynamic bending, and tight impedance control for medical, automotive, and consumer electronics. 17+ years of expertise, 72-hour prototyping, IPC-6013 certified.","breadcrumb":{"@id":"https:\/\/www.topfastpcb.com\/products\/4-layer-flexible-pcb\/#breadcrumb"},"inLanguage":"sv-SE","potentialAction":[{"@type":"ReadAction","target":["https:\/\/www.topfastpcb.com\/products\/4-layer-flexible-pcb\/"]}]},{"@type":"ImageObject","inLanguage":"sv-SE","@id":"https:\/\/www.topfastpcb.com\/products\/4-layer-flexible-pcb\/#primaryimage","url":"https:\/\/www.topfastpcb.com\/wp-content\/uploads\/2025\/06\/Flexible-PCB-22.jpg","contentUrl":"https:\/\/www.topfastpcb.com\/wp-content\/uploads\/2025\/06\/Flexible-PCB-22.jpg","width":800,"height":800,"caption":"4-Layer Flexible PCB"},{"@type":"BreadcrumbList","@id":"https:\/\/www.topfastpcb.com\/products\/4-layer-flexible-pcb\/#breadcrumb","itemListElement":[{"@type":"ListItem","position":1,"name":"\u9996\u9875","item":"https:\/\/www.topfastpcb.com\/"},{"@type":"ListItem","position":2,"name":"\u5546\u5e97","item":"https:\/\/www.topfastpcb.com\/shop\/"},{"@type":"ListItem","position":3,"name":"4-Layer Flexible PCB"}]},{"@type":"WebSite","@id":"https:\/\/www.topfastpcb.com\/#website","url":"https:\/\/www.topfastpcb.com\/","name":"Topfastpcb","description":"Topfast Prime Choice for Global Electronics Manufacturing","publisher":{"@id":"https:\/\/www.topfastpcb.com\/#organization"},"potentialAction":[{"@type":"SearchAction","target":{"@type":"EntryPoint","urlTemplate":"https:\/\/www.topfastpcb.com\/?s={search_term_string}"},"query-input":{"@type":"PropertyValueSpecification","valueRequired":true,"valueName":"search_term_string"}}],"inLanguage":"sv-SE"},{"@type":"Organization","@id":"https:\/\/www.topfastpcb.com\/#organization","name":"Topfastpcb","url":"https:\/\/www.topfastpcb.com\/","logo":{"@type":"ImageObject","inLanguage":"sv-SE","@id":"https:\/\/www.topfastpcb.com\/#\/schema\/logo\/image\/","url":"https:\/\/www.topfastpcb.com\/wp-content\/uploads\/2026\/02\/cropped-topfast-logo.png","contentUrl":"https:\/\/www.topfastpcb.com\/wp-content\/uploads\/2026\/02\/cropped-topfast-logo.png","width":144,"height":56,"caption":"Topfastpcb"},"image":{"@id":"https:\/\/www.topfastpcb.com\/#\/schema\/logo\/image\/"}}]}},"_links":{"self":[{"href":"https:\/\/www.topfastpcb.com\/sv\/wp-json\/wp\/v2\/product\/3331","targetHints":{"allow":["GET"]}}],"collection":[{"href":"https:\/\/www.topfastpcb.com\/sv\/wp-json\/wp\/v2\/product"}],"about":[{"href":"https:\/\/www.topfastpcb.com\/sv\/wp-json\/wp\/v2\/types\/product"}],"replies":[{"embeddable":true,"href":"https:\/\/www.topfastpcb.com\/sv\/wp-json\/wp\/v2\/comments?post=3331"}],"wp:featuredmedia":[{"embeddable":true,"href":"https:\/\/www.topfastpcb.com\/sv\/wp-json\/wp\/v2\/media\/3332"}],"wp:attachment":[{"href":"https:\/\/www.topfastpcb.com\/sv\/wp-json\/wp\/v2\/media?parent=3331"}],"wp:term":[{"taxonomy":"product_brand","embeddable":true,"href":"https:\/\/www.topfastpcb.com\/sv\/wp-json\/wp\/v2\/product_brand?post=3331"},{"taxonomy":"product_cat","embeddable":true,"href":"https:\/\/www.topfastpcb.com\/sv\/wp-json\/wp\/v2\/product_cat?post=3331"},{"taxonomy":"product_tag","embeddable":true,"href":"https:\/\/www.topfastpcb.com\/sv\/wp-json\/wp\/v2\/product_tag?post=3331"}],"curies":[{"name":"wp","href":"https:\/\/api.w.org\/{rel}","templated":true}]}}