{"id":3337,"date":"2025-06-19T08:34:41","date_gmt":"2025-06-19T00:34:41","guid":{"rendered":"https:\/\/www.topfastpcb.com\/?post_type=product&#038;p=3337"},"modified":"2025-06-24T10:07:16","modified_gmt":"2025-06-24T02:07:16","slug":"mcu","status":"publish","type":"product","link":"https:\/\/www.topfastpcb.com\/sv\/products\/mcu\/","title":{"rendered":"MCU (Microcontroller Unit)"},"content":{"rendered":"<div id=\"ez-toc-container\" class=\"ez-toc-v2_0_74 counter-hierarchy ez-toc-counter ez-toc-custom ez-toc-container-direction\">\n<div class=\"ez-toc-title-container\">\n<p class=\"ez-toc-title\" style=\"cursor:inherit\">Inneh\u00e5llsf\u00f6rteckning<\/p>\n<span class=\"ez-toc-title-toggle\"><\/span><\/div>\n<nav><ul class='ez-toc-list ez-toc-list-level-1' ><li class='ez-toc-page-1 ez-toc-heading-level-2'><a class=\"ez-toc-link ez-toc-heading-1\" href=\"https:\/\/www.topfastpcb.com\/sv\/products\/mcu\/#Topfast_MCU_Procurement\" >Topfast MCU Upphandling<\/a><ul class='ez-toc-list-level-3' ><li class='ez-toc-heading-level-3'><a class=\"ez-toc-link ez-toc-heading-2\" href=\"https:\/\/www.topfastpcb.com\/sv\/products\/mcu\/#Key_Advantages_of_MCU_Procurement\" >Viktiga f\u00f6rdelar med MCU-upphandling:<\/a><\/li><\/ul><\/li><li class='ez-toc-page-1 ez-toc-heading-level-2'><a class=\"ez-toc-link ez-toc-heading-3\" href=\"https:\/\/www.topfastpcb.com\/sv\/products\/mcu\/#High-Precision_MCU_PCB_Assembly\" >MCU PCB-montering med h\u00f6g precision<\/a><ul class='ez-toc-list-level-3' ><li class='ez-toc-heading-level-3'><a class=\"ez-toc-link ez-toc-heading-4\" href=\"https:\/\/www.topfastpcb.com\/sv\/products\/mcu\/#Key_Features_of_MCU_PCB_Assembly\" >Viktiga funktioner i MCU PCB-montering:<\/a><\/li><\/ul><\/li><li class='ez-toc-page-1 ez-toc-heading-level-2'><a class=\"ez-toc-link ez-toc-heading-5\" href=\"https:\/\/www.topfastpcb.com\/sv\/products\/mcu\/#One-Stop_MCU_PCB_Solution\" >MCU + PCB-l\u00f6sning fr\u00e5n ett och samma st\u00e4lle<\/a><ul class='ez-toc-list-level-3' ><li class='ez-toc-heading-level-3'><a class=\"ez-toc-link ez-toc-heading-6\" href=\"https:\/\/www.topfastpcb.com\/sv\/products\/mcu\/#Topfasts_Competitive_Edge\" >Topfasts konkurrensf\u00f6rdel:<\/a><\/li><\/ul><\/li><li class='ez-toc-page-1 ez-toc-heading-level-2'><a class=\"ez-toc-link ez-toc-heading-7\" href=\"https:\/\/www.topfastpcb.com\/sv\/products\/mcu\/#Applications\" >Till\u00e4mpningar<\/a><\/li><li class='ez-toc-page-1 ez-toc-heading-level-2'><a class=\"ez-toc-link ez-toc-heading-8\" href=\"https:\/\/www.topfastpcb.com\/sv\/products\/mcu\/#Why_choose_Topfast\" >Varf\u00f6r v\u00e4lja Topfast?<\/a><\/li><\/ul><\/nav><\/div>\n\n<p class=\"ds-markdown-paragraph\">I dagens snabbt utvecklande elektronikindustri \u00e4r mikrokontroller (MCU) k\u00e4rnan i smarta enheter, medan h\u00f6gkvalitativ PCB-montering s\u00e4kerst\u00e4ller stabil prestanda. Som en ledande PCB-tillverkare med<span>\u00a0<\/span><strong>17 \u00e5rs erfarenhet av branschen<\/strong>,<span>\u00a0<\/span><a href=\"https:\/\/www.topfastpcb.com\/sv\/\"><strong>Topfast<\/strong><\/a><span>\u00a0<\/span>ger<span>\u00a0<\/span><strong>MCU-ink\u00f6p och PCB-monteringstj\u00e4nster fr\u00e5n ett enda st\u00e4lle<\/strong>och hj\u00e4lper kunderna att minska riskerna i leveranskedjan, optimera kostnaderna och p\u00e5skynda time-to-market.<\/p>\n<h2><span class=\"ez-toc-section\" id=\"Topfast_MCU_Procurement\"><\/span><strong>Topfast MCU Upphandling<\/strong><span class=\"ez-toc-section-end\"><\/span><\/h2>\n<p class=\"ds-markdown-paragraph\">Vi har direkta partnerskap med de fr\u00e4msta globala MCU-varum\u00e4rkena, vilket s\u00e4kerst\u00e4ller<span>\u00a0<\/span><strong>\u00e4kta komponenter, stabil leverans<\/strong>, och<span>\u00a0<\/span><strong>konkurrenskraftig priss\u00e4ttning<\/strong>. Oavsett om du beh\u00f6ver<span>\u00a0<\/span><strong><a href=\"https:\/\/www.topfastpcb.com\/sv\/products\/stm32f103c8t6-microcontroller\/\">STM32<\/a>, ESP32, PIC, NXP, TI<\/strong>eller andra popul\u00e4ra modeller, erbjuder vi<span>\u00a0<\/span><strong>Fullst\u00e4ndigt BOM-st\u00f6d<\/strong><span>\u00a0<\/span>och alternativa l\u00f6sningar f\u00f6r att f\u00f6rhindra produktionsf\u00f6rseningar p\u00e5 grund av brist.<\/p>\n<h3><span class=\"ez-toc-section\" id=\"Key_Advantages_of_MCU_Procurement\"><\/span><strong>Viktiga f\u00f6rdelar med MCU-upphandling:<\/strong><span class=\"ez-toc-section-end\"><\/span><\/h3>\n<p class=\"ds-markdown-paragraph\"><strong>Direkt leverans<\/strong><span>\u00a0<\/span>- STM, NXP, Microchip, TI, Renesas och andra auktoriserade kanaler, vilket eliminerar risken f\u00f6r f\u00f6rfalskningar<br \/>\n<strong>BOM-optimering<\/strong><span>\u00a0<\/span>- Expertteam erbjuder kostnadseffektiva alternativ<br \/>\n<strong>Sp\u00e5rbarhet f\u00f6r batcher<\/strong><span>\u00a0<\/span>- Strikt kvalitetskontroll s\u00e4kerst\u00e4ller tillf\u00f6rlitliga ink\u00f6p<br \/>\n<strong>Hantering av inkurans<\/strong><span>\u00a0<\/span>- Tidiga varningar f\u00f6r utfasade komponenter med rekommendationer f\u00f6r uppgradering<\/p>\n<h2><img loading=\"lazy\" decoding=\"async\" src=\"https:\/\/www.topfastpcb.com\/wp-content\/uploads\/2025\/06\/mcu.jpg\" alt=\"mcu\" width=\"600\" height=\"402\" class=\"aligncenter size-full wp-image-3338\" srcset=\"https:\/\/www.topfastpcb.com\/wp-content\/uploads\/2025\/06\/mcu.jpg 600w, https:\/\/www.topfastpcb.com\/wp-content\/uploads\/2025\/06\/mcu-300x201.jpg 300w, https:\/\/www.topfastpcb.com\/wp-content\/uploads\/2025\/06\/mcu-18x12.jpg 18w\" sizes=\"auto, (max-width: 600px) 100vw, 600px\" \/><\/h2>\n<h2><span class=\"ez-toc-section\" id=\"High-Precision_MCU_PCB_Assembly\"><\/span><strong>MCU PCB-montering med h\u00f6g precision<\/strong><span class=\"ez-toc-section-end\"><\/span><\/h2>\n<p class=\"ds-markdown-paragraph\">MCU-prestanda beror inte bara p\u00e5 sj\u00e4lva chipet utan ocks\u00e5 p\u00e5 PCB-design, l\u00f6dningsprocesser och testning. Topfasts<span>\u00a0<\/span><strong>avancerad SMT-produktionslinje<\/strong><span>\u00a0<\/span>st\u00f6d<span>\u00a0<\/span><strong>0,3 mm finpitch-placering, r\u00f6ntgeninspektion av BGA och AOI\/ICT-testning<\/strong>, garanterar<span>\u00a0<\/span><strong>h\u00f6g precision och tillf\u00f6rlitlighet<\/strong><span>\u00a0<\/span>i MCU PCB-montering.<\/p>\n<h3><span class=\"ez-toc-section\" id=\"Key_Features_of_MCU_PCB_Assembly\"><\/span><strong>Viktiga egenskaper hos MCU <a href=\"https:\/\/www.topfastpcb.com\/sv\/products\/category\/pcba\/\">PCB-montering<\/a>:<\/strong><span class=\"ez-toc-section-end\"><\/span><\/h3>\n<p class=\"ds-markdown-paragraph\"><strong>Precisionsplacering<\/strong><span>\u00a0<\/span>- St\u00f6d f\u00f6r QFP, LGA, BGA och andra komplexa f\u00f6rpackningar<br \/>\n<strong>Inspektion med r\u00f6ntgenstr\u00e5le<\/strong><span>\u00a0<\/span>- S\u00e4kerst\u00e4ller felfri BGA-l\u00f6dning<br \/>\n<strong>F\u00f6rprogrammering av firmware<\/strong><span>\u00a0<\/span>- MCU-blinkning f\u00f6r att minska antalet extra steg<br \/>\n<strong>Omfattande tester<\/strong><span>\u00a0<\/span>- AOI, flying probe, funktionstest f\u00f6r att eliminera defekter<\/p>\n<h2><span class=\"ez-toc-section\" id=\"One-Stop_MCU_PCB_Solution\"><\/span><strong>MCU + PCB-l\u00f6sning fr\u00e5n ett och samma st\u00e4lle<\/strong><span class=\"ez-toc-section-end\"><\/span><\/h2>\n<p class=\"ds-markdown-paragraph\">Vi \u00e4r inte bara en leverant\u00f6r utan din<span>\u00a0<\/span><strong>partner f\u00f6r elektroniktillverkning<\/strong>. Topfast integrerar<span>\u00a0<\/span><strong>Upphandling av MCU, tillverkning av kretskort och SMT-montering<\/strong><span>\u00a0<\/span>under ett tak, vilket eliminerar samordning av flera leverant\u00f6rer, minskar ledtiderna och s\u00e4nker kostnaderna.<\/p>\n<h3><span class=\"ez-toc-section\" id=\"Topfasts_Competitive_Edge\"><\/span><strong>Topfasts konkurrensf\u00f6rdel:<\/strong><span class=\"ez-toc-section-end\"><\/span><\/h3>\n<p class=\"ds-markdown-paragraph\">\u2714<span>\u00a0<\/span><strong>Mer \u00e4n 17 \u00e5rs expertis<\/strong><span>\u00a0<\/span>- Vi betj\u00e4nar globala kunder inom konsumentelektronik, industriell automation, medicinteknik, fordonsindustri m.m.<br \/>\n\u2714<span>\u00a0<\/span><strong>End-to-End-kontroll<\/strong><span>\u00a0<\/span>- Fr\u00e5n BOM till PCBA, 100% egen produktion s\u00e4kerst\u00e4ller kvaliteten<br \/>\n\u2714<span>\u00a0<\/span><strong>Snabb handl\u00e4ggning<\/strong><span>\u00a0<\/span>- St\u00f6d f\u00f6r<span>\u00a0<\/span><strong>prototyptillverkning + massproduktion<\/strong><span>\u00a0<\/span>f\u00f6r flexibel efterfr\u00e5gan<br \/>\n\u2714<span>\u00a0<\/span><strong>Global leveranskedja<\/strong><span>\u00a0<\/span>- Partnerskap med f\u00f6rstklassiga komponentleverant\u00f6rer f\u00f6r stabila ink\u00f6p<\/p>\n<h2><span class=\"ez-toc-section\" id=\"Applications\"><\/span><strong>Till\u00e4mpningar<\/strong><span class=\"ez-toc-section-end\"><\/span><\/h2>\n<div class=\"markdown-table-wrapper\">\n<table>\n<thead>\n<tr>\n<th><strong>Industri<\/strong><\/th>\n<th><strong>Typiska till\u00e4mpningar<\/strong><\/th>\n<th><strong>Rekommenderade MCU:er<\/strong><\/th>\n<\/tr>\n<\/thead>\n<tbody>\n<tr>\n<td><strong>Konsumentelektronik<\/strong><\/td>\n<td>Smarta hem, wearables<\/td>\n<td>STM32, ESP32<\/td>\n<\/tr>\n<tr>\n<td><strong>Industriell automation<\/strong><\/td>\n<td>Motorstyrning, HMI-system<\/td>\n<td>NXP Kinetis, TI TMS<\/td>\n<\/tr>\n<tr>\n<td><strong>Medicintekniska produkter<\/strong><\/td>\n<td>B\u00e4rbara monitorer, insulinpumpar<\/td>\n<td>Microchip PIC32<\/td>\n<\/tr>\n<tr>\n<td><strong>Elektronik f\u00f6r fordonsindustrin<\/strong><\/td>\n<td>Laddare f\u00f6r elbilar, instrumentpaneler<\/td>\n<td>Infineon AURIX, Renesas RX<\/td>\n<\/tr>\n<tr>\n<td><strong>IoT-enheter<\/strong><\/td>\n<td>Tr\u00e5dl\u00f6sa sensorer, edge computing<\/td>\n<td>Nordisk nRF, STM32L<\/td>\n<\/tr>\n<\/tbody>\n<\/table>\n<\/div>\n<h2><span class=\"ez-toc-section\" id=\"Why_choose_Topfast\"><\/span>Varf\u00f6r v\u00e4lja Topfast?<span class=\"ez-toc-section-end\"><\/span><\/h2>\n<p class=\"ds-markdown-paragraph\">Med<span>\u00a0<\/span><strong>avancerad tillverkningsutrustning, strikt kvalitetskontroll och en global leveranskedja<\/strong>, Topfast levererar<span>\u00a0<\/span><strong>h\u00f6g tillf\u00f6rlitlighet, kostnadseffektiva MCU-ink\u00f6p och PCB-monteringstj\u00e4nster<\/strong>. Oavsett om f\u00f6r<span>\u00a0<\/span><strong>prototyptillverkning eller massproduktion<\/strong>hj\u00e4lper vi till att p\u00e5skynda produktutvecklingen och minska riskerna i leveranskedjan.<\/p>\n<p class=\"ds-markdown-paragraph\"><strong>Kontakta oss idag f\u00f6r en upphandling av MCU &amp; <a href=\"https:\/\/www.topfastpcb.com\/sv\/contact\/\">Offert f\u00f6r PCB-montering<\/a>!<\/strong><\/p>","protected":false},"excerpt":{"rendered":"<p><span>Topfast erbjuder professionella MCU-ink\u00f6p och PCB-monteringstj\u00e4nster och levererar STM32, ESP32, PIC och mer med SMT-montering med h\u00f6g precision, r\u00f6ntgeninspektion och fullst\u00e4ndig testning.Med 17+ \u00e5rs erfarenhet erbjuder vi en one-stop-l\u00f6sning f\u00f6r snabb och p\u00e5litlig produktion!<\/span><\/p>","protected":false},"featured_media":3339,"comment_status":"closed","ping_status":"closed","template":"","meta":[],"product_brand":[],"product_cat":[217],"product_tag":[289,231],"class_list":{"0":"post-3337","1":"product","2":"type-product","3":"status-publish","4":"has-post-thumbnail","6":"product_cat-electronic-components","7":"product_tag-mcu","8":"product_tag-pcb-assembly","10":"first","11":"instock","12":"shipping-taxable","13":"product-type-simple"},"yoast_head":"<!-- This site is optimized with the Yoast SEO plugin v25.1 - https:\/\/yoast.com\/wordpress\/plugins\/seo\/ -->\n<title>MCU(Microcontroller Unit) - Topfastpcb<\/title>\n<meta name=\"description\" content=\"Topfast provides professional MCU procurement &amp; PCB assembly services, including STM32\/ESP32\/PIC direct supply, high-precision SMT assembly, and testing. 17+ years of expertise, one-stop solution for quality &amp; fast delivery!\" \/>\n<meta name=\"robots\" content=\"index, follow, max-snippet:-1, max-image-preview:large, max-video-preview:-1\" \/>\n<link rel=\"canonical\" href=\"https:\/\/www.topfastpcb.com\/sv\/products\/mcu\/\" \/>\n<meta property=\"og:locale\" content=\"sv_SE\" \/>\n<meta property=\"og:type\" content=\"article\" \/>\n<meta property=\"og:title\" content=\"MCU(Microcontroller Unit) - Topfastpcb\" \/>\n<meta property=\"og:description\" content=\"Topfast provides professional MCU procurement &amp; PCB assembly services, including STM32\/ESP32\/PIC direct supply, high-precision SMT assembly, and testing. 17+ years of expertise, one-stop solution for quality &amp; fast delivery!\" \/>\n<meta property=\"og:url\" content=\"https:\/\/www.topfastpcb.com\/sv\/products\/mcu\/\" \/>\n<meta property=\"og:site_name\" content=\"Topfastpcb\" \/>\n<meta property=\"article:modified_time\" content=\"2025-06-24T02:07:16+00:00\" \/>\n<meta property=\"og:image\" content=\"https:\/\/www.topfastpcb.com\/wp-content\/uploads\/2025\/06\/mcu3.jpg\" \/>\n\t<meta property=\"og:image:width\" content=\"750\" \/>\n\t<meta property=\"og:image:height\" content=\"750\" \/>\n\t<meta property=\"og:image:type\" content=\"image\/jpeg\" \/>\n<meta name=\"twitter:card\" content=\"summary_large_image\" \/>\n<meta name=\"twitter:label1\" content=\"Ber\u00e4knad l\u00e4stid\" \/>\n\t<meta name=\"twitter:data1\" content=\"3 minuter\" \/>\n<script type=\"application\/ld+json\" class=\"yoast-schema-graph\">{\"@context\":\"https:\/\/schema.org\",\"@graph\":[{\"@type\":\"WebPage\",\"@id\":\"https:\/\/www.topfastpcb.com\/products\/mcu\/\",\"url\":\"https:\/\/www.topfastpcb.com\/products\/mcu\/\",\"name\":\"MCU(Microcontroller Unit) - Topfastpcb\",\"isPartOf\":{\"@id\":\"https:\/\/www.topfastpcb.com\/#website\"},\"primaryImageOfPage\":{\"@id\":\"https:\/\/www.topfastpcb.com\/products\/mcu\/#primaryimage\"},\"image\":{\"@id\":\"https:\/\/www.topfastpcb.com\/products\/mcu\/#primaryimage\"},\"thumbnailUrl\":\"https:\/\/www.topfastpcb.com\/wp-content\/uploads\/2025\/06\/mcu3.jpg\",\"datePublished\":\"2025-06-19T00:34:41+00:00\",\"dateModified\":\"2025-06-24T02:07:16+00:00\",\"description\":\"Topfast provides professional MCU procurement & PCB assembly services, including STM32\/ESP32\/PIC direct supply, high-precision SMT assembly, and testing. 17+ years of expertise, one-stop solution for quality & fast delivery!\",\"breadcrumb\":{\"@id\":\"https:\/\/www.topfastpcb.com\/products\/mcu\/#breadcrumb\"},\"inLanguage\":\"sv-SE\",\"potentialAction\":[{\"@type\":\"ReadAction\",\"target\":[\"https:\/\/www.topfastpcb.com\/products\/mcu\/\"]}]},{\"@type\":\"ImageObject\",\"inLanguage\":\"sv-SE\",\"@id\":\"https:\/\/www.topfastpcb.com\/products\/mcu\/#primaryimage\",\"url\":\"https:\/\/www.topfastpcb.com\/wp-content\/uploads\/2025\/06\/mcu3.jpg\",\"contentUrl\":\"https:\/\/www.topfastpcb.com\/wp-content\/uploads\/2025\/06\/mcu3.jpg\",\"width\":750,\"height\":750},{\"@type\":\"BreadcrumbList\",\"@id\":\"https:\/\/www.topfastpcb.com\/products\/mcu\/#breadcrumb\",\"itemListElement\":[{\"@type\":\"ListItem\",\"position\":1,\"name\":\"\u9996\u9875\",\"item\":\"https:\/\/www.topfastpcb.com\/\"},{\"@type\":\"ListItem\",\"position\":2,\"name\":\"\u5546\u5e97\",\"item\":\"https:\/\/www.topfastpcb.com\/shop\/\"},{\"@type\":\"ListItem\",\"position\":3,\"name\":\"MCU(Microcontroller Unit)\"}]},{\"@type\":\"WebSite\",\"@id\":\"https:\/\/www.topfastpcb.com\/#website\",\"url\":\"https:\/\/www.topfastpcb.com\/\",\"name\":\"Topfastpcb\",\"description\":\"Topfast Prime Choice for Global Electronics Manufacturing\",\"publisher\":{\"@id\":\"https:\/\/www.topfastpcb.com\/#organization\"},\"potentialAction\":[{\"@type\":\"SearchAction\",\"target\":{\"@type\":\"EntryPoint\",\"urlTemplate\":\"https:\/\/www.topfastpcb.com\/?s={search_term_string}\"},\"query-input\":{\"@type\":\"PropertyValueSpecification\",\"valueRequired\":true,\"valueName\":\"search_term_string\"}}],\"inLanguage\":\"sv-SE\"},{\"@type\":\"Organization\",\"@id\":\"https:\/\/www.topfastpcb.com\/#organization\",\"name\":\"Topfastpcb\",\"url\":\"https:\/\/www.topfastpcb.com\/\",\"logo\":{\"@type\":\"ImageObject\",\"inLanguage\":\"sv-SE\",\"@id\":\"https:\/\/www.topfastpcb.com\/#\/schema\/logo\/image\/\",\"url\":\"https:\/\/www.topfastpcb.com\/wp-content\/uploads\/2026\/02\/cropped-topfast-logo.png\",\"contentUrl\":\"https:\/\/www.topfastpcb.com\/wp-content\/uploads\/2026\/02\/cropped-topfast-logo.png\",\"width\":144,\"height\":56,\"caption\":\"Topfastpcb\"},\"image\":{\"@id\":\"https:\/\/www.topfastpcb.com\/#\/schema\/logo\/image\/\"}}]}<\/script>\n<!-- \/ Yoast SEO plugin. -->","yoast_head_json":{"title":"MCU(Microcontroller Unit) - Topfastpcb","description":"Topfast provides professional MCU procurement & PCB assembly services, including STM32\/ESP32\/PIC direct supply, high-precision SMT assembly, and testing. 17+ years of expertise, one-stop solution for quality & fast delivery!","robots":{"index":"index","follow":"follow","max-snippet":"max-snippet:-1","max-image-preview":"max-image-preview:large","max-video-preview":"max-video-preview:-1"},"canonical":"https:\/\/www.topfastpcb.com\/sv\/products\/mcu\/","og_locale":"sv_SE","og_type":"article","og_title":"MCU(Microcontroller Unit) - Topfastpcb","og_description":"Topfast provides professional MCU procurement & PCB assembly services, including STM32\/ESP32\/PIC direct supply, high-precision SMT assembly, and testing. 17+ years of expertise, one-stop solution for quality & fast delivery!","og_url":"https:\/\/www.topfastpcb.com\/sv\/products\/mcu\/","og_site_name":"Topfastpcb","article_modified_time":"2025-06-24T02:07:16+00:00","og_image":[{"width":750,"height":750,"url":"https:\/\/www.topfastpcb.com\/wp-content\/uploads\/2025\/06\/mcu3.jpg","type":"image\/jpeg"}],"twitter_card":"summary_large_image","twitter_misc":{"Ber\u00e4knad l\u00e4stid":"3 minuter"},"schema":{"@context":"https:\/\/schema.org","@graph":[{"@type":"WebPage","@id":"https:\/\/www.topfastpcb.com\/products\/mcu\/","url":"https:\/\/www.topfastpcb.com\/products\/mcu\/","name":"MCU(Microcontroller Unit) - Topfastpcb","isPartOf":{"@id":"https:\/\/www.topfastpcb.com\/#website"},"primaryImageOfPage":{"@id":"https:\/\/www.topfastpcb.com\/products\/mcu\/#primaryimage"},"image":{"@id":"https:\/\/www.topfastpcb.com\/products\/mcu\/#primaryimage"},"thumbnailUrl":"https:\/\/www.topfastpcb.com\/wp-content\/uploads\/2025\/06\/mcu3.jpg","datePublished":"2025-06-19T00:34:41+00:00","dateModified":"2025-06-24T02:07:16+00:00","description":"Topfast provides professional MCU procurement & PCB assembly services, including STM32\/ESP32\/PIC direct supply, high-precision SMT assembly, and testing. 17+ years of expertise, one-stop solution for quality & fast delivery!","breadcrumb":{"@id":"https:\/\/www.topfastpcb.com\/products\/mcu\/#breadcrumb"},"inLanguage":"sv-SE","potentialAction":[{"@type":"ReadAction","target":["https:\/\/www.topfastpcb.com\/products\/mcu\/"]}]},{"@type":"ImageObject","inLanguage":"sv-SE","@id":"https:\/\/www.topfastpcb.com\/products\/mcu\/#primaryimage","url":"https:\/\/www.topfastpcb.com\/wp-content\/uploads\/2025\/06\/mcu3.jpg","contentUrl":"https:\/\/www.topfastpcb.com\/wp-content\/uploads\/2025\/06\/mcu3.jpg","width":750,"height":750},{"@type":"BreadcrumbList","@id":"https:\/\/www.topfastpcb.com\/products\/mcu\/#breadcrumb","itemListElement":[{"@type":"ListItem","position":1,"name":"\u9996\u9875","item":"https:\/\/www.topfastpcb.com\/"},{"@type":"ListItem","position":2,"name":"\u5546\u5e97","item":"https:\/\/www.topfastpcb.com\/shop\/"},{"@type":"ListItem","position":3,"name":"MCU(Microcontroller Unit)"}]},{"@type":"WebSite","@id":"https:\/\/www.topfastpcb.com\/#website","url":"https:\/\/www.topfastpcb.com\/","name":"Topfastpcb","description":"Topfast Prime Choice for Global Electronics Manufacturing","publisher":{"@id":"https:\/\/www.topfastpcb.com\/#organization"},"potentialAction":[{"@type":"SearchAction","target":{"@type":"EntryPoint","urlTemplate":"https:\/\/www.topfastpcb.com\/?s={search_term_string}"},"query-input":{"@type":"PropertyValueSpecification","valueRequired":true,"valueName":"search_term_string"}}],"inLanguage":"sv-SE"},{"@type":"Organization","@id":"https:\/\/www.topfastpcb.com\/#organization","name":"Topfastpcb","url":"https:\/\/www.topfastpcb.com\/","logo":{"@type":"ImageObject","inLanguage":"sv-SE","@id":"https:\/\/www.topfastpcb.com\/#\/schema\/logo\/image\/","url":"https:\/\/www.topfastpcb.com\/wp-content\/uploads\/2026\/02\/cropped-topfast-logo.png","contentUrl":"https:\/\/www.topfastpcb.com\/wp-content\/uploads\/2026\/02\/cropped-topfast-logo.png","width":144,"height":56,"caption":"Topfastpcb"},"image":{"@id":"https:\/\/www.topfastpcb.com\/#\/schema\/logo\/image\/"}}]}},"_links":{"self":[{"href":"https:\/\/www.topfastpcb.com\/sv\/wp-json\/wp\/v2\/product\/3337","targetHints":{"allow":["GET"]}}],"collection":[{"href":"https:\/\/www.topfastpcb.com\/sv\/wp-json\/wp\/v2\/product"}],"about":[{"href":"https:\/\/www.topfastpcb.com\/sv\/wp-json\/wp\/v2\/types\/product"}],"replies":[{"embeddable":true,"href":"https:\/\/www.topfastpcb.com\/sv\/wp-json\/wp\/v2\/comments?post=3337"}],"wp:featuredmedia":[{"embeddable":true,"href":"https:\/\/www.topfastpcb.com\/sv\/wp-json\/wp\/v2\/media\/3339"}],"wp:attachment":[{"href":"https:\/\/www.topfastpcb.com\/sv\/wp-json\/wp\/v2\/media?parent=3337"}],"wp:term":[{"taxonomy":"product_brand","embeddable":true,"href":"https:\/\/www.topfastpcb.com\/sv\/wp-json\/wp\/v2\/product_brand?post=3337"},{"taxonomy":"product_cat","embeddable":true,"href":"https:\/\/www.topfastpcb.com\/sv\/wp-json\/wp\/v2\/product_cat?post=3337"},{"taxonomy":"product_tag","embeddable":true,"href":"https:\/\/www.topfastpcb.com\/sv\/wp-json\/wp\/v2\/product_tag?post=3337"}],"curies":[{"name":"wp","href":"https:\/\/api.w.org\/{rel}","templated":true}]}}