{"id":3343,"date":"2025-06-20T08:24:32","date_gmt":"2025-06-20T00:24:32","guid":{"rendered":"https:\/\/www.topfastpcb.com\/?post_type=product&#038;p=3343"},"modified":"2025-06-24T10:05:53","modified_gmt":"2025-06-24T02:05:53","slug":"resistors","status":"publish","type":"product","link":"https:\/\/www.topfastpcb.com\/sv\/products\/resistors\/","title":{"rendered":"Motst\u00e5nd"},"content":{"rendered":"<div id=\"ez-toc-container\" class=\"ez-toc-v2_0_74 counter-hierarchy ez-toc-counter ez-toc-custom ez-toc-container-direction\">\n<div class=\"ez-toc-title-container\">\n<p class=\"ez-toc-title\" style=\"cursor:inherit\">Inneh\u00e5llsf\u00f6rteckning<\/p>\n<span class=\"ez-toc-title-toggle\"><\/span><\/div>\n<nav><ul class='ez-toc-list ez-toc-list-level-1' ><li class='ez-toc-page-1 ez-toc-heading-level-2'><a class=\"ez-toc-link ez-toc-heading-1\" href=\"https:\/\/www.topfastpcb.com\/sv\/products\/resistors\/#Definition_and_function_of_resistors\" >Definition och funktion av resistorer<\/a><\/li><li class='ez-toc-page-1 ez-toc-heading-level-2'><a class=\"ez-toc-link ez-toc-heading-2\" href=\"https:\/\/www.topfastpcb.com\/sv\/products\/resistors\/#Comprehensive_Resistor_Product_Portfolio\" >Omfattande produktportf\u00f6lj f\u00f6r resistorer<\/a><ul class='ez-toc-list-level-3' ><li class='ez-toc-heading-level-3'><a class=\"ez-toc-link ez-toc-heading-3\" href=\"https:\/\/www.topfastpcb.com\/sv\/products\/resistors\/#High-Precision_Metal_Film_Resistor_Series\" >H\u00f6gprecisions metallfilmsresistorer i serie<\/a><\/li><li class='ez-toc-page-1 ez-toc-heading-level-3'><a class=\"ez-toc-link ez-toc-heading-4\" href=\"https:\/\/www.topfastpcb.com\/sv\/products\/resistors\/#High-Power_Wirewound_Resistor_Solutions\" >L\u00f6sningar f\u00f6r tr\u00e5dlindade resistorer med h\u00f6g effekt<\/a><\/li><li class='ez-toc-page-1 ez-toc-heading-level-3'><a class=\"ez-toc-link ez-toc-heading-5\" href=\"https:\/\/www.topfastpcb.com\/sv\/products\/resistors\/#Complete_Surface_Mount_Resistor_SMD_Series\" >Komplett serie ytmonterade resistorer (SMD)<\/a><\/li><li class='ez-toc-page-1 ez-toc-heading-level-3'><a class=\"ez-toc-link ez-toc-heading-6\" href=\"https:\/\/www.topfastpcb.com\/sv\/products\/resistors\/#Custom_Specialty_Resistor_Services\" >Specialanpassade tj\u00e4nster f\u00f6r specialresistorer<\/a><\/li><\/ul><\/li><li class='ez-toc-page-1 ez-toc-heading-level-2'><a class=\"ez-toc-link ez-toc-heading-7\" href=\"https:\/\/www.topfastpcb.com\/sv\/products\/resistors\/#Quality_Assurance_System_Exceeding_Industry_Standards\" >Kvalitetss\u00e4kringssystem som \u00f6vertr\u00e4ffar branschstandarder<\/a><ul class='ez-toc-list-level-3' ><li class='ez-toc-heading-level-3'><a class=\"ez-toc-link ez-toc-heading-8\" href=\"https:\/\/www.topfastpcb.com\/sv\/products\/resistors\/#Raw_Material_Control\" >Kontroll av r\u00e5material<\/a><\/li><li class='ez-toc-page-1 ez-toc-heading-level-3'><a class=\"ez-toc-link ez-toc-heading-9\" href=\"https:\/\/www.topfastpcb.com\/sv\/products\/resistors\/#Advanced_Manufacturing_Processes\" >Avancerade tillverkningsprocesser<\/a><\/li><li class='ez-toc-page-1 ez-toc-heading-level-3'><a class=\"ez-toc-link ez-toc-heading-10\" href=\"https:\/\/www.topfastpcb.com\/sv\/products\/resistors\/#Rigorous_Reliability_Testing\" >Rigor\u00f6sa tillf\u00f6rlitlighetstester<\/a><\/li><\/ul><\/li><li class='ez-toc-page-1 ez-toc-heading-level-2'><a class=\"ez-toc-link ez-toc-heading-11\" href=\"https:\/\/www.topfastpcb.com\/sv\/products\/resistors\/#Value-Added_Services_for_Customers\" >Merv\u00e4rdestj\u00e4nster f\u00f6r kunder<\/a><ul class='ez-toc-list-level-3' ><li class='ez-toc-heading-level-3'><a class=\"ez-toc-link ez-toc-heading-12\" href=\"https:\/\/www.topfastpcb.com\/sv\/products\/resistors\/#Technical_Support_Team\" >Team f\u00f6r teknisk support<\/a><\/li><li class='ez-toc-page-1 ez-toc-heading-level-3'><a class=\"ez-toc-link ez-toc-heading-13\" href=\"https:\/\/www.topfastpcb.com\/sv\/products\/resistors\/#Rapid_Response_Mechanism\" >Mekanism f\u00f6r snabb respons<\/a><\/li><li class='ez-toc-page-1 ez-toc-heading-level-3'><a class=\"ez-toc-link ez-toc-heading-14\" href=\"https:\/\/www.topfastpcb.com\/sv\/products\/resistors\/#Cost_Optimization_Solutions\" >L\u00f6sningar f\u00f6r kostnadsoptimering<\/a><\/li><\/ul><\/li><li class='ez-toc-page-1 ez-toc-heading-level-2'><a class=\"ez-toc-link ez-toc-heading-15\" href=\"https:\/\/www.topfastpcb.com\/sv\/products\/resistors\/#Industry_Application_Cases\" >Till\u00e4mpningsfall f\u00f6r industrin<\/a><ul class='ez-toc-list-level-3' ><li class='ez-toc-heading-level-3'><a class=\"ez-toc-link ez-toc-heading-16\" href=\"https:\/\/www.topfastpcb.com\/sv\/products\/resistors\/#About_Topfast\" >Om Topfast<\/a><\/li><\/ul><\/li><li class='ez-toc-page-1 ez-toc-heading-level-2'><a class=\"ez-toc-link ez-toc-heading-17\" href=\"https:\/\/www.topfastpcb.com\/sv\/products\/resistors\/#Why_choose_Topfast\" >Varf\u00f6r v\u00e4lja Topfast?<\/a><\/li><\/ul><\/nav><\/div>\n\n<h2><span class=\"ez-toc-section\" id=\"Definition_and_function_of_resistors\"><\/span>Definition och funktion av resistorer<span class=\"ez-toc-section-end\"><\/span><\/h2>\n<p>A <a href=\"https:\/\/www.topfastpcb.com\/sv\/blog\/the-resistor\/\">Motst\u00e5nd<\/a> \u00e4r en grundl\u00e4ggande komponent i elektroniska enheter, som ofta anv\u00e4nds f\u00f6r att styra eller begr\u00e4nsa str\u00f6mmen i en krets. Resistorns resistansv\u00e4rde best\u00e4mmer i vilken utstr\u00e4ckning den hindrar str\u00f6mmen fr\u00e5n att fl\u00f6da. Enligt Ohms lag (V=IR) g\u00e4ller att ju h\u00f6gre resistansv\u00e4rdet \u00e4r, desto mindre blir str\u00f6mmen som flyter vid en given sp\u00e4nning, d\u00e4r V \u00e4r sp\u00e4nning, I \u00e4r str\u00f6m och R \u00e4r resistans.<\/p>\n<p class=\"ds-markdown-paragraph\">Inom elektronisk kretsdesign \u00e4r resistorer en av de mest grundl\u00e4ggande passiva komponenterna, vars prestanda direkt p\u00e5verkar stabiliteten och tillf\u00f6rlitligheten hos hela system.Som <a href=\"https:\/\/www.topfastpcb.com\/sv\/\">Tillverkning av kretskort<\/a> specialister med 17 \u00e5rs yrkeserfarenhet, Topfast f\u00f6rst\u00e5r djupt egenskaperna och applikationsscenarierna f\u00f6r olika motst\u00e5nd, vilket ger kunderna kompletta l\u00f6sningar fr\u00e5n komponentval till montering.<\/p>\n<h2><span class=\"ez-toc-section\" id=\"Comprehensive_Resistor_Product_Portfolio\"><\/span>Omfattande produktportf\u00f6lj f\u00f6r resistorer<span class=\"ez-toc-section-end\"><\/span><\/h2>\n<p class=\"ds-markdown-paragraph\">Topfast&#8217;s resistorlager t\u00e4cker alla vanliga typer f\u00f6r att uppfylla strikta krav i olika applikationer:<\/p>\n<h3 class=\"ds-markdown-paragraph\"><span class=\"ez-toc-section\" id=\"High-Precision_Metal_Film_Resistor_Series\"><\/span><strong>H\u00f6gprecisions metallfilmsresistorer i serie<\/strong><span class=\"ez-toc-section-end\"><\/span><\/h3>\n<p class=\"ds-markdown-paragraph\">Tillverkas med avancerad vakuumdeponeringsteknik med toleranser p\u00e5 \u00b10,1% och temperaturkoefficienter s\u00e5 l\u00e5ga som 25 ppm\/\u2103. Speciellt l\u00e4mpliga f\u00f6r medicinsk utrustning och precisionsinstrument som kr\u00e4ver exceptionell stabilitet. V\u00e5ra metallfilmsresistorer genomg\u00e5r 100% \u00e5ldringstester f\u00f6r att s\u00e4kerst\u00e4lla l\u00e5ngsiktig tillf\u00f6rlitlighet.<\/p>\n<h3 class=\"ds-markdown-paragraph\"><span class=\"ez-toc-section\" id=\"High-Power_Wirewound_Resistor_Solutions\"><\/span><strong>L\u00f6sningar f\u00f6r tr\u00e5dlindade resistorer med h\u00f6g effekt<\/strong><span class=\"ez-toc-section-end\"><\/span><\/h3>\n<p class=\"ds-markdown-paragraph\">Effektklasser fr\u00e5n 5 W till 300 W, med motst\u00e5ndstr\u00e5d av speciallegering och keramiska k\u00e4rnor med utm\u00e4rkt h\u00f6gtemperaturprestanda.Anv\u00e4nds framg\u00e5ngsrikt i industriella frekvensomriktare och kraftsystem, med en genomsnittlig tid mellan fel som \u00f6verstiger 100.000 timmar.<\/p>\n<h3 class=\"ds-markdown-paragraph\"><span class=\"ez-toc-section\" id=\"Complete_Surface_Mount_Resistor_SMD_Series\"><\/span><strong>Komplett serie ytmonterade resistorer (SMD)<\/strong><span class=\"ez-toc-section-end\"><\/span><\/h3>\n<p class=\"ds-markdown-paragraph\">Alla storlekar fr\u00e5n 0201 till 2512, med alternativ f\u00f6r tjockfilm och tunnfilm.V\u00e5ra SMD-resistorer har innovativa termineringsstrukturer som f\u00f6rb\u00e4ttrar l\u00f6dningss\u00e4kerheten med 30% j\u00e4mf\u00f6rt med industristandarder, vilket g\u00f6r dem idealiska f\u00f6r milj\u00f6er med h\u00f6ga vibrationer som fordonselektronik.<\/p>\n<h3 class=\"ds-markdown-paragraph\"><span class=\"ez-toc-section\" id=\"Custom_Specialty_Resistor_Services\"><\/span><strong>Specialanpassade tj\u00e4nster f\u00f6r specialresistorer<\/strong><span class=\"ez-toc-section-end\"><\/span><\/h3>\n<ul>\n<li>\n<p class=\"ds-markdown-paragraph\">Icke-magnetiska resistorer:System av specialmaterial med restmagnetism &lt; 0,01 mT, som uppfyller strikta krav f\u00f6r utrustning f\u00f6r medicinsk avbildning, t.ex. MRI-system<\/p>\n<\/li>\n<li>\n<p class=\"ds-markdown-paragraph\">Motst\u00e5nd f\u00f6r h\u00f6gsp\u00e4nning:Driftsp\u00e4nningar p\u00e5 upp till 50 kV f\u00f6r specialutrustning som r\u00f6ntgenapparater<\/p>\n<\/li>\n<li>\n<p class=\"ds-markdown-paragraph\">\u00d6versp\u00e4nningsresistenta resistorer:Pulst\u00e5lighet som \u00f6vertr\u00e4ffar standardprodukter med 5 g\u00e5nger<\/p>\n<\/li>\n<\/ul>\n<h2><img loading=\"lazy\" decoding=\"async\" src=\"https:\/\/www.topfastpcb.com\/wp-content\/uploads\/2025\/06\/resistors-4.jpg\" alt=\"resistorer\" width=\"600\" height=\"402\" class=\"aligncenter size-full wp-image-3344\" srcset=\"https:\/\/www.topfastpcb.com\/wp-content\/uploads\/2025\/06\/resistors-4.jpg 600w, https:\/\/www.topfastpcb.com\/wp-content\/uploads\/2025\/06\/resistors-4-300x201.jpg 300w, https:\/\/www.topfastpcb.com\/wp-content\/uploads\/2025\/06\/resistors-4-18x12.jpg 18w\" sizes=\"auto, (max-width: 600px) 100vw, 600px\" \/><\/h2>\n<h2><span class=\"ez-toc-section\" id=\"Quality_Assurance_System_Exceeding_Industry_Standards\"><\/span>Kvalitetss\u00e4kringssystem som \u00f6vertr\u00e4ffar branschstandarder<span class=\"ez-toc-section-end\"><\/span><\/h2>\n<p class=\"ds-markdown-paragraph\">Topfast har implementerat ett omfattande system f\u00f6r kvalitetskontroll:<\/p>\n<h3 class=\"ds-markdown-paragraph\"><span class=\"ez-toc-section\" id=\"Raw_Material_Control\"><\/span><strong>Kontroll av r\u00e5material<\/strong><span class=\"ez-toc-section-end\"><\/span><\/h3>\n<p class=\"ds-markdown-paragraph\">Direkta partnerskap med f\u00f6rstklassiga leverant\u00f6rer som Vishay och Yageo, med:<\/p>\n<ul>\n<li>\n<p class=\"ds-markdown-paragraph\">Fullst\u00e4ndig inspektion av elektriska parametrar<\/p>\n<\/li>\n<li>\n<p class=\"ds-markdown-paragraph\">Test av l\u00f6dbarhet<\/p>\n<\/li>\n<li>\n<p class=\"ds-markdown-paragraph\">Mikrostrukturanalys<\/p>\n<\/li>\n<\/ul>\n<h3 class=\"ds-markdown-paragraph\"><span class=\"ez-toc-section\" id=\"Advanced_Manufacturing_Processes\"><\/span><strong>Avancerade tillverkningsprocesser<\/strong><span class=\"ez-toc-section-end\"><\/span><\/h3>\n<ul>\n<li>\n<p class=\"ds-markdown-paragraph\">Japansk h\u00f6gprecisionsutrustning f\u00f6r placering (\u00b125 \u03bcm noggrannhet)<\/p>\n<\/li>\n<li>\n<p class=\"ds-markdown-paragraph\">Kv\u00e4veskyddad \u00e5terfl\u00f6desl\u00f6dning (oxidationshastighet &lt;0,1%)<\/p>\n<\/li>\n<li>\n<p class=\"ds-markdown-paragraph\">100% <a href=\"https:\/\/www.topfastpcb.com\/sv\/blog\/what-is-aoi-automated-optical-inspection\/\">automatiserad optisk inspektion<\/a> (AOI) t\u00e4ckning<\/p>\n<\/li>\n<\/ul>\n<h3 class=\"ds-markdown-paragraph\"><span class=\"ez-toc-section\" id=\"Rigorous_Reliability_Testing\"><\/span><strong>Rigor\u00f6sa tillf\u00f6rlitlighetstester<\/strong><span class=\"ez-toc-section-end\"><\/span><\/h3>\n<ul>\n<li>\n<p class=\"ds-markdown-paragraph\">Temperaturcykling (-55\u00b0C~+125\u00b0C) 100 cykler<\/p>\n<\/li>\n<li>\n<p class=\"ds-markdown-paragraph\">85\u2103\/85%RH fuktig v\u00e4rmetestning i 1000 timmar<\/p>\n<\/li>\n<li>\n<p class=\"ds-markdown-paragraph\">Mekanisk vibrationsprovning (20G)<\/p>\n<\/li>\n<\/ul>\n<h2><span class=\"ez-toc-section\" id=\"Value-Added_Services_for_Customers\"><\/span>Merv\u00e4rdestj\u00e4nster f\u00f6r kunder<span class=\"ez-toc-section-end\"><\/span><\/h2>\n<h3 class=\"ds-markdown-paragraph\"><span class=\"ez-toc-section\" id=\"Technical_Support_Team\"><\/span><strong>Team f\u00f6r teknisk support<\/strong><span class=\"ez-toc-section-end\"><\/span><\/h3>\n<p class=\"ds-markdown-paragraph\">FAE-ingenj\u00f6rer med 10+ \u00e5rs erfarenhet som tillhandah\u00e5ller:<\/p>\n<ul>\n<li>\n<p class=\"ds-markdown-paragraph\">Optimering av kretsdesign<\/p>\n<\/li>\n<li>\n<p class=\"ds-markdown-paragraph\">Simulering av termisk analys<\/p>\n<\/li>\n<li>\n<p class=\"ds-markdown-paragraph\">Analys av feltillst\u00e5nd<\/p>\n<\/li>\n<\/ul>\n<h3 class=\"ds-markdown-paragraph\"><span class=\"ez-toc-section\" id=\"Rapid_Response_Mechanism\"><\/span><strong>Mekanism f\u00f6r snabb respons<\/strong><span class=\"ez-toc-section-end\"><\/span><\/h3>\n<ul>\n<li>\n<p class=\"ds-markdown-paragraph\">Provleverans inom 24 timmar<\/p>\n<\/li>\n<li>\n<p class=\"ds-markdown-paragraph\">Best\u00e4llningar av sm\u00e5 partier inom 5 dagar<\/p>\n<\/li>\n<li>\n<p class=\"ds-markdown-paragraph\">Prioriterad kanal f\u00f6r n\u00f6dorder<\/p>\n<\/li>\n<\/ul>\n<h3 class=\"ds-markdown-paragraph\"><span class=\"ez-toc-section\" id=\"Cost_Optimization_Solutions\"><\/span><strong>L\u00f6sningar f\u00f6r kostnadsoptimering<\/strong><span class=\"ez-toc-section-end\"><\/span><\/h3>\n<p class=\"ds-markdown-paragraph\">Genom:<\/p>\n<ul>\n<li>\n<p class=\"ds-markdown-paragraph\">Utv\u00e4rdering av alternativa komponenter<\/p>\n<\/li>\n<li>\n<p class=\"ds-markdown-paragraph\">Rekommendationer f\u00f6r f\u00f6renkling av processer<\/p>\n<\/li>\n<li>\n<p class=\"ds-markdown-paragraph\">Rabatter vid volymk\u00f6p<\/p>\n<\/li>\n<\/ul>\n<h2><span class=\"ez-toc-section\" id=\"Industry_Application_Cases\"><\/span>Till\u00e4mpningsfall f\u00f6r industrin<span class=\"ez-toc-section-end\"><\/span><\/h2>\n<p class=\"ds-markdown-paragraph\"><strong>Basstationer f\u00f6r 5G-kommunikation<\/strong><br \/>\nSpecialutvecklade resistormatriser med l\u00e5g parasitinduktans f\u00f6rb\u00e4ttrade signalintegriteten med 40% och anv\u00e4ndes framg\u00e5ngsrikt i RF-moduler f\u00f6r basstationer f\u00f6r millimeterv\u00e5gor.<\/p>\n<p class=\"ds-markdown-paragraph\"><strong>Fordon f\u00f6r ny energi<\/strong><br \/>\nUtvecklade h\u00f6gtemperaturmotst\u00e5ndsl\u00f6sningar f\u00f6r 125 \u2103 f\u00f6r fordonsindustrin som uppfyller AEC-Q200-certifiering och massproduceras f\u00f6r BMS-system.<\/p>\n<p class=\"ds-markdown-paragraph\"><strong>Medicinsk utrustning<\/strong><br \/>\nTillhandah\u00f6ll l\u00f6sningar f\u00f6r icke-magnetiska resistorer f\u00f6r ett internationellt varum\u00e4rke inom CT-utrustning och hj\u00e4lpte till med FDA-certifiering.<\/p>\n<h3><span class=\"ez-toc-section\" id=\"About_Topfast\"><\/span>Om Topfast<span class=\"ez-toc-section-end\"><\/span><\/h3>\n<p class=\"ds-markdown-paragraph\">Etablerades 2008 med en modern produktionsbas p\u00e5 20 000\u33a1, certifierad enligt ISO9001\/14001\/IATF16949-standarder. Vi betj\u00e4nar 3 000+ globala kunder med \u00e5rliga leveranser av resistorkomponenter som \u00f6verstiger 500 miljoner enheter. Vi tillhandah\u00e5ller inte bara produkter utan p\u00e5litliga elektroniska tillverkningsl\u00f6sningar.<\/p>\n<h2><span class=\"ez-toc-section\" id=\"Why_choose_Topfast\"><\/span>Varf\u00f6r v\u00e4lja Topfast?<span class=\"ez-toc-section-end\"><\/span><\/h2>\n<p class=\"ds-markdown-paragraph\">Som en professionell leverant\u00f6r av tj\u00e4nster f\u00f6r PCB-tillverkning levererar Topfast verkligt tillf\u00f6rlitliga motst\u00e5ndsl\u00f6sningar genom djup teknisk f\u00f6rst\u00e5else, strikta kvalitetskontrollsystem och rik applikationserfarenhet.Oavsett om det g\u00e4ller standardprodukter eller specialanpassade krav svarar vi med professionellt engagemang och effektiv service.Att v\u00e4lja Topfast inneb\u00e4r att v\u00e4lja sinnesfrid.<\/p>","protected":false},"excerpt":{"rendered":"<p><span>Den h\u00e4r artikeln beskriver Topfasts produktsystem f\u00f6r motst\u00e5nd och tekniska f\u00f6rdelar, som omfattar h\u00f6gprecisionsmetallfilmsmotst\u00e5nd, h\u00f6geffektiva tr\u00e5dlindade motst\u00e5nd och specialanpassade motst\u00e5nd.Den f\u00f6rklarar rigor\u00f6sa kvalitetskontroll\u00e5tg\u00e4rder och merv\u00e4rdestj\u00e4nster, vilket visar f\u00f6retagets omfattande kapacitet som en professionell PCB-tillverkare.<\/span><\/p>","protected":false},"featured_media":3345,"comment_status":"closed","ping_status":"closed","template":"","meta":[],"product_brand":[],"product_cat":[217],"product_tag":[290],"class_list":{"0":"post-3343","1":"product","2":"type-product","3":"status-publish","4":"has-post-thumbnail","6":"product_cat-electronic-components","7":"product_tag-resistors","9":"first","10":"instock","11":"shipping-taxable","12":"product-type-simple"},"yoast_head":"<!-- This site is optimized with the Yoast SEO plugin v25.1 - https:\/\/yoast.com\/wordpress\/plugins\/seo\/ -->\n<title>Resistors - Topfastpcb<\/title>\n<meta name=\"description\" content=\"Topfast provides professional-grade resistor solutions including metal film, wirewound, SMD resistors with strict quality control and custom development. 17 years PCB manufacturing experience serving 3000+ global clients.\" \/>\n<meta name=\"robots\" content=\"index, follow, max-snippet:-1, max-image-preview:large, max-video-preview:-1\" \/>\n<link rel=\"canonical\" href=\"https:\/\/www.topfastpcb.com\/sv\/products\/resistors\/\" \/>\n<meta property=\"og:locale\" content=\"sv_SE\" \/>\n<meta property=\"og:type\" content=\"article\" \/>\n<meta property=\"og:title\" content=\"Resistors - Topfastpcb\" \/>\n<meta property=\"og:description\" content=\"Topfast provides professional-grade resistor solutions including metal film, wirewound, SMD resistors with strict quality control and custom development. 17 years PCB manufacturing experience serving 3000+ global clients.\" \/>\n<meta property=\"og:url\" content=\"https:\/\/www.topfastpcb.com\/sv\/products\/resistors\/\" \/>\n<meta property=\"og:site_name\" content=\"Topfastpcb\" \/>\n<meta property=\"article:modified_time\" content=\"2025-06-24T02:05:53+00:00\" \/>\n<meta property=\"og:image\" content=\"https:\/\/www.topfastpcb.com\/wp-content\/uploads\/2025\/06\/resistors-2.jpg\" \/>\n\t<meta property=\"og:image:width\" content=\"750\" \/>\n\t<meta property=\"og:image:height\" content=\"750\" \/>\n\t<meta property=\"og:image:type\" content=\"image\/jpeg\" \/>\n<meta name=\"twitter:card\" content=\"summary_large_image\" \/>\n<meta name=\"twitter:label1\" content=\"Ber\u00e4knad l\u00e4stid\" \/>\n\t<meta name=\"twitter:data1\" content=\"3 minuter\" \/>\n<script type=\"application\/ld+json\" class=\"yoast-schema-graph\">{\"@context\":\"https:\/\/schema.org\",\"@graph\":[{\"@type\":\"WebPage\",\"@id\":\"https:\/\/www.topfastpcb.com\/products\/resistors\/\",\"url\":\"https:\/\/www.topfastpcb.com\/products\/resistors\/\",\"name\":\"Resistors - Topfastpcb\",\"isPartOf\":{\"@id\":\"https:\/\/www.topfastpcb.com\/#website\"},\"primaryImageOfPage\":{\"@id\":\"https:\/\/www.topfastpcb.com\/products\/resistors\/#primaryimage\"},\"image\":{\"@id\":\"https:\/\/www.topfastpcb.com\/products\/resistors\/#primaryimage\"},\"thumbnailUrl\":\"https:\/\/www.topfastpcb.com\/wp-content\/uploads\/2025\/06\/resistors-2.jpg\",\"datePublished\":\"2025-06-20T00:24:32+00:00\",\"dateModified\":\"2025-06-24T02:05:53+00:00\",\"description\":\"Topfast provides professional-grade resistor solutions including metal film, wirewound, SMD resistors with strict quality control and custom development. 17 years PCB manufacturing experience serving 3000+ global clients.\",\"breadcrumb\":{\"@id\":\"https:\/\/www.topfastpcb.com\/products\/resistors\/#breadcrumb\"},\"inLanguage\":\"sv-SE\",\"potentialAction\":[{\"@type\":\"ReadAction\",\"target\":[\"https:\/\/www.topfastpcb.com\/products\/resistors\/\"]}]},{\"@type\":\"ImageObject\",\"inLanguage\":\"sv-SE\",\"@id\":\"https:\/\/www.topfastpcb.com\/products\/resistors\/#primaryimage\",\"url\":\"https:\/\/www.topfastpcb.com\/wp-content\/uploads\/2025\/06\/resistors-2.jpg\",\"contentUrl\":\"https:\/\/www.topfastpcb.com\/wp-content\/uploads\/2025\/06\/resistors-2.jpg\",\"width\":750,\"height\":750},{\"@type\":\"BreadcrumbList\",\"@id\":\"https:\/\/www.topfastpcb.com\/products\/resistors\/#breadcrumb\",\"itemListElement\":[{\"@type\":\"ListItem\",\"position\":1,\"name\":\"\u9996\u9875\",\"item\":\"https:\/\/www.topfastpcb.com\/\"},{\"@type\":\"ListItem\",\"position\":2,\"name\":\"\u5546\u5e97\",\"item\":\"https:\/\/www.topfastpcb.com\/shop\/\"},{\"@type\":\"ListItem\",\"position\":3,\"name\":\"Resistors\"}]},{\"@type\":\"WebSite\",\"@id\":\"https:\/\/www.topfastpcb.com\/#website\",\"url\":\"https:\/\/www.topfastpcb.com\/\",\"name\":\"Topfastpcb\",\"description\":\"Topfast Prime Choice for Global Electronics Manufacturing\",\"publisher\":{\"@id\":\"https:\/\/www.topfastpcb.com\/#organization\"},\"potentialAction\":[{\"@type\":\"SearchAction\",\"target\":{\"@type\":\"EntryPoint\",\"urlTemplate\":\"https:\/\/www.topfastpcb.com\/?s={search_term_string}\"},\"query-input\":{\"@type\":\"PropertyValueSpecification\",\"valueRequired\":true,\"valueName\":\"search_term_string\"}}],\"inLanguage\":\"sv-SE\"},{\"@type\":\"Organization\",\"@id\":\"https:\/\/www.topfastpcb.com\/#organization\",\"name\":\"Topfastpcb\",\"url\":\"https:\/\/www.topfastpcb.com\/\",\"logo\":{\"@type\":\"ImageObject\",\"inLanguage\":\"sv-SE\",\"@id\":\"https:\/\/www.topfastpcb.com\/#\/schema\/logo\/image\/\",\"url\":\"https:\/\/www.topfastpcb.com\/wp-content\/uploads\/2026\/02\/cropped-topfast-logo.png\",\"contentUrl\":\"https:\/\/www.topfastpcb.com\/wp-content\/uploads\/2026\/02\/cropped-topfast-logo.png\",\"width\":144,\"height\":56,\"caption\":\"Topfastpcb\"},\"image\":{\"@id\":\"https:\/\/www.topfastpcb.com\/#\/schema\/logo\/image\/\"}}]}<\/script>\n<!-- \/ Yoast SEO plugin. -->","yoast_head_json":{"title":"Resistors - Topfastpcb","description":"Topfast provides professional-grade resistor solutions including metal film, wirewound, SMD resistors with strict quality control and custom development. 17 years PCB manufacturing experience serving 3000+ global clients.","robots":{"index":"index","follow":"follow","max-snippet":"max-snippet:-1","max-image-preview":"max-image-preview:large","max-video-preview":"max-video-preview:-1"},"canonical":"https:\/\/www.topfastpcb.com\/sv\/products\/resistors\/","og_locale":"sv_SE","og_type":"article","og_title":"Resistors - Topfastpcb","og_description":"Topfast provides professional-grade resistor solutions including metal film, wirewound, SMD resistors with strict quality control and custom development. 17 years PCB manufacturing experience serving 3000+ global clients.","og_url":"https:\/\/www.topfastpcb.com\/sv\/products\/resistors\/","og_site_name":"Topfastpcb","article_modified_time":"2025-06-24T02:05:53+00:00","og_image":[{"width":750,"height":750,"url":"https:\/\/www.topfastpcb.com\/wp-content\/uploads\/2025\/06\/resistors-2.jpg","type":"image\/jpeg"}],"twitter_card":"summary_large_image","twitter_misc":{"Ber\u00e4knad l\u00e4stid":"3 minuter"},"schema":{"@context":"https:\/\/schema.org","@graph":[{"@type":"WebPage","@id":"https:\/\/www.topfastpcb.com\/products\/resistors\/","url":"https:\/\/www.topfastpcb.com\/products\/resistors\/","name":"Resistors - Topfastpcb","isPartOf":{"@id":"https:\/\/www.topfastpcb.com\/#website"},"primaryImageOfPage":{"@id":"https:\/\/www.topfastpcb.com\/products\/resistors\/#primaryimage"},"image":{"@id":"https:\/\/www.topfastpcb.com\/products\/resistors\/#primaryimage"},"thumbnailUrl":"https:\/\/www.topfastpcb.com\/wp-content\/uploads\/2025\/06\/resistors-2.jpg","datePublished":"2025-06-20T00:24:32+00:00","dateModified":"2025-06-24T02:05:53+00:00","description":"Topfast provides professional-grade resistor solutions including metal film, wirewound, SMD resistors with strict quality control and custom development. 17 years PCB manufacturing experience serving 3000+ global clients.","breadcrumb":{"@id":"https:\/\/www.topfastpcb.com\/products\/resistors\/#breadcrumb"},"inLanguage":"sv-SE","potentialAction":[{"@type":"ReadAction","target":["https:\/\/www.topfastpcb.com\/products\/resistors\/"]}]},{"@type":"ImageObject","inLanguage":"sv-SE","@id":"https:\/\/www.topfastpcb.com\/products\/resistors\/#primaryimage","url":"https:\/\/www.topfastpcb.com\/wp-content\/uploads\/2025\/06\/resistors-2.jpg","contentUrl":"https:\/\/www.topfastpcb.com\/wp-content\/uploads\/2025\/06\/resistors-2.jpg","width":750,"height":750},{"@type":"BreadcrumbList","@id":"https:\/\/www.topfastpcb.com\/products\/resistors\/#breadcrumb","itemListElement":[{"@type":"ListItem","position":1,"name":"\u9996\u9875","item":"https:\/\/www.topfastpcb.com\/"},{"@type":"ListItem","position":2,"name":"\u5546\u5e97","item":"https:\/\/www.topfastpcb.com\/shop\/"},{"@type":"ListItem","position":3,"name":"Resistors"}]},{"@type":"WebSite","@id":"https:\/\/www.topfastpcb.com\/#website","url":"https:\/\/www.topfastpcb.com\/","name":"Topfastpcb","description":"Topfast Prime Choice for Global Electronics Manufacturing","publisher":{"@id":"https:\/\/www.topfastpcb.com\/#organization"},"potentialAction":[{"@type":"SearchAction","target":{"@type":"EntryPoint","urlTemplate":"https:\/\/www.topfastpcb.com\/?s={search_term_string}"},"query-input":{"@type":"PropertyValueSpecification","valueRequired":true,"valueName":"search_term_string"}}],"inLanguage":"sv-SE"},{"@type":"Organization","@id":"https:\/\/www.topfastpcb.com\/#organization","name":"Topfastpcb","url":"https:\/\/www.topfastpcb.com\/","logo":{"@type":"ImageObject","inLanguage":"sv-SE","@id":"https:\/\/www.topfastpcb.com\/#\/schema\/logo\/image\/","url":"https:\/\/www.topfastpcb.com\/wp-content\/uploads\/2026\/02\/cropped-topfast-logo.png","contentUrl":"https:\/\/www.topfastpcb.com\/wp-content\/uploads\/2026\/02\/cropped-topfast-logo.png","width":144,"height":56,"caption":"Topfastpcb"},"image":{"@id":"https:\/\/www.topfastpcb.com\/#\/schema\/logo\/image\/"}}]}},"_links":{"self":[{"href":"https:\/\/www.topfastpcb.com\/sv\/wp-json\/wp\/v2\/product\/3343","targetHints":{"allow":["GET"]}}],"collection":[{"href":"https:\/\/www.topfastpcb.com\/sv\/wp-json\/wp\/v2\/product"}],"about":[{"href":"https:\/\/www.topfastpcb.com\/sv\/wp-json\/wp\/v2\/types\/product"}],"replies":[{"embeddable":true,"href":"https:\/\/www.topfastpcb.com\/sv\/wp-json\/wp\/v2\/comments?post=3343"}],"wp:featuredmedia":[{"embeddable":true,"href":"https:\/\/www.topfastpcb.com\/sv\/wp-json\/wp\/v2\/media\/3345"}],"wp:attachment":[{"href":"https:\/\/www.topfastpcb.com\/sv\/wp-json\/wp\/v2\/media?parent=3343"}],"wp:term":[{"taxonomy":"product_brand","embeddable":true,"href":"https:\/\/www.topfastpcb.com\/sv\/wp-json\/wp\/v2\/product_brand?post=3343"},{"taxonomy":"product_cat","embeddable":true,"href":"https:\/\/www.topfastpcb.com\/sv\/wp-json\/wp\/v2\/product_cat?post=3343"},{"taxonomy":"product_tag","embeddable":true,"href":"https:\/\/www.topfastpcb.com\/sv\/wp-json\/wp\/v2\/product_tag?post=3343"}],"curies":[{"name":"wp","href":"https:\/\/api.w.org\/{rel}","templated":true}]}}