{"id":3366,"date":"2025-06-22T08:30:25","date_gmt":"2025-06-22T00:30:25","guid":{"rendered":"https:\/\/www.topfastpcb.com\/?post_type=product&#038;p=3366"},"modified":"2025-06-24T10:02:51","modified_gmt":"2025-06-24T02:02:51","slug":"capacitor","status":"publish","type":"product","link":"https:\/\/www.topfastpcb.com\/sv\/products\/capacitor\/","title":{"rendered":"Kondensator"},"content":{"rendered":"<div id=\"ez-toc-container\" class=\"ez-toc-v2_0_74 counter-hierarchy ez-toc-counter ez-toc-custom ez-toc-container-direction\">\n<div class=\"ez-toc-title-container\">\n<p class=\"ez-toc-title\" style=\"cursor:inherit\">Inneh\u00e5llsf\u00f6rteckning<\/p>\n<span class=\"ez-toc-title-toggle\"><\/span><\/div>\n<nav><ul class='ez-toc-list ez-toc-list-level-1' ><li class='ez-toc-page-1 ez-toc-heading-level-2'><a class=\"ez-toc-link ez-toc-heading-1\" href=\"https:\/\/www.topfastpcb.com\/sv\/products\/capacitor\/#What_is_a_capacitor\" >Vad \u00e4r en kondensator?<\/a><\/li><li class='ez-toc-page-1 ez-toc-heading-level-2'><a class=\"ez-toc-link ez-toc-heading-2\" href=\"https:\/\/www.topfastpcb.com\/sv\/products\/capacitor\/#The_Function_of_Capacitors\" >Kondensatorns funktion<\/a><ul class='ez-toc-list-level-3' ><li class='ez-toc-heading-level-3'><a class=\"ez-toc-link ez-toc-heading-3\" href=\"https:\/\/www.topfastpcb.com\/sv\/products\/capacitor\/#1_Filtering_and_Coupling_Functions\" >1. Filtrerings- och kopplingsfunktioner<\/a><\/li><li class='ez-toc-page-1 ez-toc-heading-level-3'><a class=\"ez-toc-link ez-toc-heading-4\" href=\"https:\/\/www.topfastpcb.com\/sv\/products\/capacitor\/#2_Decoupling_and_Bypass_Capacitors\" >2.Frikopplings- och f\u00f6rbikopplingskondensatorer<\/a><\/li><li class='ez-toc-page-1 ez-toc-heading-level-3'><a class=\"ez-toc-link ez-toc-heading-5\" href=\"https:\/\/www.topfastpcb.com\/sv\/products\/capacitor\/#3_Timing_Circuits\" >3.Timing-kretsar<\/a><\/li><\/ul><\/li><li class='ez-toc-page-1 ez-toc-heading-level-2'><a class=\"ez-toc-link ez-toc-heading-6\" href=\"https:\/\/www.topfastpcb.com\/sv\/products\/capacitor\/#One-stop_solution_for_PCB_assembly\" >One-stop-l\u00f6sning f\u00f6r PCB-montering<\/a><\/li><li class='ez-toc-page-1 ez-toc-heading-level-2'><a class=\"ez-toc-link ez-toc-heading-7\" href=\"https:\/\/www.topfastpcb.com\/sv\/products\/capacitor\/#Comprehensive_Quality_Assurance_System\" >Omfattande system f\u00f6r kvalitetss\u00e4kring<\/a><\/li><li class='ez-toc-page-1 ez-toc-heading-level-2'><a class=\"ez-toc-link ez-toc-heading-8\" href=\"https:\/\/www.topfastpcb.com\/sv\/products\/capacitor\/#Why_choose_Topfast\" >Varf\u00f6r v\u00e4lja Topfast?<\/a><\/li><\/ul><\/nav><\/div>\n\n<h2><span class=\"ez-toc-section\" id=\"What_is_a_capacitor\"><\/span>Vad \u00e4r en kondensator?<span class=\"ez-toc-section-end\"><\/span><\/h2>\n<p>En kondensator \u00e4r i princip en elektronisk komponent som kan lagra elektrisk laddning. Den best\u00e5r av tv\u00e5 \u00f6msesidigt isolerade ledare och ett dielektriskt material d\u00e4remellan. N\u00e4r en sp\u00e4nning l\u00e4ggs p\u00e5 \u00f6ver kondensatorn ackumuleras positiva och negativa laddningar p\u00e5 de tv\u00e5 ledarna men fl\u00f6dar inte direkt, vilket bildar ett elektriskt f\u00e4lt som lagrar energi. Detta g\u00f6r det m\u00f6jligt <a href=\"https:\/\/www.topfastpcb.com\/sv\/blog\/how-to-test-capacitors\/\">kondensatorn<\/a> f\u00f6r att ge en stor momentan str\u00f6m under str\u00f6mfluktuationer, vilket s\u00e4kerst\u00e4ller stabil systemdrift. Som en oumb\u00e4rlig passiv komponent i kretsdesign \u00e4r kondensatorernas betydelse inte mindre \u00e4n sj\u00e4lva chipen. Fr\u00e5n smartphones till rymdfarkoster, fr\u00e5n medicintekniska produkter till industriella styrsystem, kondensatorer s\u00e4kerst\u00e4ller i tysthet stabil drift av varje elektronisk produkt med sina unika energilagringsegenskaper och signalbehandlingsfunktioner.<\/p>\n<p>Som branschledare med 17 \u00e5rs erfarenhet inom <a href=\"https:\/\/www.topfastpcb.com\/sv\/\">Tillverkning av kretskort<\/a> och montering f\u00f6rst\u00e5r Topfast kondensatorernas kritiska roll i kretsdesign. D\u00e4rf\u00f6r l\u00e4gger vi s\u00e4rskild vikt vid kondensatorval och layout och ser till att varje kondensator fungerar maximalt effektivt genom ett rigor\u00f6st kvalitetskontrollsystem. Ta kamerablixtkretsen som exempel: elektrolytkondensatorer av h\u00f6g kvalitet anv\u00e4nds som energilagringsenheter. Genom att exakt ber\u00e4kna deras kapacitans och sp\u00e4nningsv\u00e4rden frig\u00f6rs tillr\u00e4ckligt med str\u00f6m f\u00f6r att driva blixtr\u00f6ret under fotograferings\u00f6gonblicket, samtidigt som kondensatorskador orsakade av \u00f6versp\u00e4nning f\u00f6rhindras.<\/p>\n<h2><span class=\"ez-toc-section\" id=\"The_Function_of_Capacitors\"><\/span>Kondensatorns funktion<span class=\"ez-toc-section-end\"><\/span><\/h2>\n<h3><span class=\"ez-toc-section\" id=\"1_Filtering_and_Coupling_Functions\"><\/span>1. Filtrerings- och kopplingsfunktioner<span class=\"ez-toc-section-end\"><\/span><\/h3>\n<p>En annan anm\u00e4rkningsv\u00e4rd egenskap hos kondensatorer \u00e4r deras olika \"attityder\" till AC- och DC-signaler - de sl\u00e4pper igenom AC-signaler medan de blockerar DC-signaler.Denna egenskap g\u00f6r kondensatorer till oumb\u00e4rliga komponenter vid signalbehandling.<br \/>\nI applikationer f\u00f6r filtrering av str\u00f6mf\u00f6rs\u00f6rjning utformar ingenj\u00f6rer noggrant flerstegs kondensatorfiltreringsn\u00e4tverk, som vanligtvis kombinerar elektrolytkondensatorer med stor kapacitet med keramiska kondensatorer med liten kapacitet.De f\u00f6rstn\u00e4mnda \u00e4r ansvariga f\u00f6r att filtrera bort l\u00e5gfrekvent rippel, medan de sistn\u00e4mnda \u00e4r inriktade p\u00e5 h\u00f6gfrekvent brus. Denna \"size-matching\"-metod ger kunderna exceptionellt ren likstr\u00f6m, vilket \u00e4r grunden f\u00f6r stabil drift av m\u00e5nga avancerade elektroniska enheter.<br \/>\nN\u00e4r det g\u00e4ller signalkoppling kan designtekniken f\u00f6r flerskiktade m\u00f6nsterkort minimera inverkan av parasit\u00e4ra parametrar p\u00e5 kopplingskondensatorer.Genom att exakt placera h\u00f6gkvalitativa filmkondensatorer p\u00e5 kritiska signalv\u00e4gar kan AC-signaler \u00f6verf\u00f6ras utan f\u00f6rlust, samtidigt som DC-biasinterferens mellan olika kretsniv\u00e5er isoleras effektivt.<\/p>\n<h3><span class=\"ez-toc-section\" id=\"2_Decoupling_and_Bypass_Capacitors\"><\/span>2.Frikopplings- och f\u00f6rbikopplingskondensatorer<span class=\"ez-toc-section-end\"><\/span><\/h3>\n<p>I digitala h\u00f6ghastighetskretsar och RF-system \u00f6verg\u00e5r kondensatorer fr\u00e5n passiva komponenter till aktiva stabilisatorer.N\u00e4r chipen v\u00e4xlar mellan olika h\u00f6ghastighetsdriftl\u00e4gen genererar de transienta str\u00f6mkrav. Att enbart f\u00f6rlita sig p\u00e5 str\u00f6mf\u00f6rs\u00f6rjningens respons skulle orsaka sp\u00e4nningsfluktuationer och systeminstabilitet.<\/p>\n<p>Ett n\u00e4tverk av frikopplingskondensatorer med noggrant ber\u00e4knade kapacitansv\u00e4rden \u00e4r placerat n\u00e4ra str\u00f6mstiften p\u00e5 varje IC.Med hj\u00e4lp av avancerad SMT-monteringsteknik kan \u00e4ven ultrasm\u00e5 keramiska kondensatorer, s\u00e5 sm\u00e5 som 01005, placeras med stor precision.Genom att minimera sp\u00e5rl\u00e4ngden mellan kondensatorn och chipet reduceras loopinduktansen till l\u00e4gsta m\u00f6jliga niv\u00e5, vilket s\u00e4kerst\u00e4ller att kondensatorn kan svara p\u00e5 chipets str\u00f6mbehov inom nanosekunder. Denna str\u00e4van efter perfektion i detaljerna g\u00f6r att m\u00f6nsterkortsprodukterna presterar exceptionellt bra i h\u00f6ghastighetsapplikationer.<\/p>\n<p>Bypasskondensatorer vid kritiska noder i analoga kretsar m\u00e5ste inte bara beakta kondensatorns nominella v\u00e4rde utan \u00e4ven dess ekvivalenta serieresistans (ESR) och temperaturegenskaper.Genom en exakt design av bypass-n\u00e4tverket skapas en \"brusavlastningskanal\" f\u00f6r k\u00e4nsliga kretsnoder, vilket avsev\u00e4rt f\u00f6rb\u00e4ttrar systemets signal\/brusf\u00f6rh\u00e5llande och stabilitet.<\/p>\n<h3><span class=\"ez-toc-section\" id=\"3_Timing_Circuits\"><\/span>3.Timing-kretsar<span class=\"ez-toc-section-end\"><\/span><\/h3>\n<p>N\u00e4r kondensatorer och resistorer bildar ett RC-n\u00e4tverk fungerar de som \"klockgeneratorer\" i den elektroniska v\u00e4rlden.Kondensatorernas laddnings- och urladdningsprocesser uppvisar exakta tidsegenskaper, som anv\u00e4nds i stor utstr\u00e4ckning i olika timing- och oscillationskretsar.<br \/>\nTopfast har l\u00e5ng erfarenhet av tillverkning av kretskort f\u00f6r medicintekniska produkter, som ofta kr\u00e4ver extremt exakta timingkretsar f\u00f6r \u00f6vervakning av vitala tecken.Vi anv\u00e4nder keramiska kondensatorer av C0G\/NP0-klass med utm\u00e4rkt temperaturstabilitet i kombination med precisionsmotst\u00e5nd f\u00f6r att konstruera RC-timingn\u00e4tverk med minimal temperaturdrift. Genom att exakt styra kondensatorernas laddnings- och urladdningskurvor uppn\u00e5r vi en timingnoggrannhet p\u00e5 millisekund- eller till och med mikrosekundniv\u00e5, vilket s\u00e4kerst\u00e4ller tillf\u00f6rlitlig drift av medicintekniska produkter.<br \/>\nI LED-dimningskretsar utnyttjar vi kondensatorernas timingegenskaper f\u00f6r att skapa mjuka \u00f6verg\u00e5ngseffekter f\u00f6r ljusstyrkan.Genom att noggrant v\u00e4lja kondensatormaterial och optimera kretslayouten undviker vi vanliga \"stegliknande\" dimningsproblem, vilket ger en bekv\u00e4m visuell upplevelse f\u00f6r anv\u00e4ndarna.Detta fokus p\u00e5 anv\u00e4ndarupplevelsen \u00e4r det som skiljer Topfast fr\u00e5n vanliga m\u00f6nsterkortstillverkare.<\/p>\n<h2><img loading=\"lazy\" decoding=\"async\" src=\"https:\/\/www.topfastpcb.com\/wp-content\/uploads\/2025\/06\/Capacitor-4.jpg\" alt=\"Kondensator\" width=\"600\" height=\"402\" class=\"aligncenter size-full wp-image-3367\" srcset=\"https:\/\/www.topfastpcb.com\/wp-content\/uploads\/2025\/06\/Capacitor-4.jpg 600w, https:\/\/www.topfastpcb.com\/wp-content\/uploads\/2025\/06\/Capacitor-4-300x201.jpg 300w, https:\/\/www.topfastpcb.com\/wp-content\/uploads\/2025\/06\/Capacitor-4-18x12.jpg 18w\" sizes=\"auto, (max-width: 600px) 100vw, 600px\" \/><\/h2>\n<h2><span class=\"ez-toc-section\" id=\"One-stop_solution_for_PCB_assembly\"><\/span>En enda l\u00f6sning f\u00f6r <a href=\"https:\/\/www.topfastpcb.com\/sv\/products\/category\/pcba\/\">Montering av kretskort<\/a><span class=\"ez-toc-section-end\"><\/span><\/h2>\n<p>Som senior expert inom elektronisk tillverkning tillhandah\u00e5ller Topfast inte bara PCB-tillverkningstj\u00e4nster utan har ocks\u00e5 byggt ett komplett system f\u00f6r upphandling av enheter och ett system f\u00f6r kondensatorf\u00f6rs\u00f6rjningskedja. Vi uppr\u00e4tth\u00e5ller l\u00e5ngsiktiga samarbetsrelationer med toppkondensatortillverkare som Murata, TDK och AVX f\u00f6r att s\u00e4kerst\u00e4lla att v\u00e5ra kunder kan f\u00e5 \u00e4kta originalkomponenter. Oavsett om det g\u00e4ller keramiska standardkondensatorer, elektrolytkondensatorer eller h\u00f6gsp\u00e4nningskondensatorer och h\u00f6gtemperaturkondensatorer f\u00f6r speciella applikationer kan vi snabbt svara och tillhandah\u00e5lla skr\u00e4ddarsydda l\u00f6sningar som uppfyller dina krav.<\/p>\n<p>N\u00e4r kunderna tillhandah\u00e5ller en BOM-lista (Bill of Materials) utf\u00f6r vi en professionell komponentverifiering och erbjuder alternativa f\u00f6rslag f\u00f6r att f\u00f6rhindra prestandaf\u00f6rluster som orsakas av parameteravvikelser.F\u00f6r kondensatorapplikationer i h\u00f6gfrekventa kretsar ger vi ocks\u00e5 rekommendationer om val av dielektriskt material f\u00f6r att hj\u00e4lpa kunderna att uppn\u00e5 optimal balans mellan kostnad och prestanda.<\/p>\n<p>Under PCB-montering, fr\u00e5n 01005-storlek miniatyr SMD-kondensatorer till stora volymer aluminiumelektrolytkondensatorer, SMT-utrustning och v\u00e5gl\u00f6dningsprocesser s\u00e4kerst\u00e4ller perfekt\u710a\u63a5 kvalitet.Varje monterat kretskort genomg\u00e5r rigor\u00f6s AOI- och r\u00f6ntgeninspektion f\u00f6r att s\u00e4kerst\u00e4lla att kondensatorns polaritet, position och svetskvalitet helt uppfyller kraven.<\/p>\n<h2><span class=\"ez-toc-section\" id=\"Comprehensive_Quality_Assurance_System\"><\/span>Omfattande system f\u00f6r kvalitetss\u00e4kring<span class=\"ez-toc-section-end\"><\/span><\/h2>\n<p>Kvalitet \u00e4r inte n\u00e5got som uppt\u00e4cks, utan n\u00e5got som utformas.Vi kontrollerar kondensatorernas kvalitet fr\u00e5n k\u00e4llan. Alla kondensatorer som kommer in i fabriken genomg\u00e5r strikta inkommande inspektioner, inklusive visuella inspektioner, elektriska parametertester (LCR-tester) och n\u00f6dv\u00e4ndiga r\u00f6ntgeninspektioner. Vi har etablerat ett komplett sp\u00e5rbarhetssystem f\u00f6r batcher f\u00f6r att s\u00e4kerst\u00e4lla att eventuella kvalitetsproblem snabbt kan identifieras och l\u00f6sas.<\/p>\n<p>Vi utvecklar skr\u00e4ddarsydda strategier f\u00f6r kvalitetskontroll f\u00f6r olika till\u00e4mpningsscenarier.F\u00f6r kondensatorer i h\u00f6gfrekventa kretsar fokuserar vi p\u00e5 deras Q-faktor och ESR-parametrar; f\u00f6r effektfiltreringskondensatorer prioriterar vi kapacitetsnoggrannhet och h\u00e5llbarhet.Den h\u00e4r riktade kvalitetskontrollen s\u00e4kerst\u00e4ller att vi levererar m\u00f6nsterkortsprodukter som verkligen uppfyller v\u00e5ra kunders applikationskrav.<\/p>\n<p>Utrustade med omfattande tillf\u00f6rlitlighetstestutrustning i PCB-milj\u00f6testlaboratoriet kan vi simulera olika extrema driftsf\u00f6rh\u00e5llanden f\u00f6r att validera kondensatorprestanda.Oavsett om det \u00e4r l\u00e5ngsiktiga \u00e5ldringstester under h\u00f6ga temperaturer och h\u00f6g luftfuktighet eller h\u00e5llbarhetstester under mekaniska vibrationsf\u00f6rh\u00e5llanden, ger Topfast kunderna tillf\u00f6rlitligt och korrekt datasupport.<\/p>\n<h2><span class=\"ez-toc-section\" id=\"Why_choose_Topfast\"><\/span>Varf\u00f6r v\u00e4lja Topfast?<span class=\"ez-toc-section-end\"><\/span><\/h2>\n<p>Trots att kondensatorer \u00e4r sm\u00e5 spelar de en avg\u00f6rande roll i elektroniska system.Med 17 \u00e5rs branschexpertis har Topfast etablerat ett omfattande kapacitetssystem som omfattar kondensatorval, upphandling, kretskortsdesign, tillverkning och montering. Vi tillhandah\u00e5ller inte bara produkter utan erbjuder ocks\u00e5 l\u00f6sningar baserade p\u00e5 djup teknisk f\u00f6rst\u00e5else. Oavsett om det g\u00e4ller konventionell konsumentelektronik eller fordonselektronik och medicinsk utrustning med h\u00f6g tillf\u00f6rlitlighet, anv\u00e4nder Topfast sitt professionella tekniska team, sin strikta kvalitetskontroll och omfattande tillverkningserfarenhet f\u00f6r att leverera tillf\u00f6rlitliga applikationsl\u00f6sningar f\u00f6r kondensatorer till kunderna.<\/p>\n<p>I dagens snabbt f\u00f6r\u00e4nderliga elektroniska tekniklandskap kommer Topfast att forts\u00e4tta att anv\u00e4nda kondensatorer som utg\u00e5ngspunkt, f\u00f6rdjupa sig i varje detalj i elektronisk tillverkning och utnyttja professionalism och hantverk f\u00f6r att skapa st\u00f6rre v\u00e4rde f\u00f6r v\u00e5ra kunder.Vi tror att det \u00e4r just denna noggranna uppm\u00e4rksamhet p\u00e5 dessa \"sm\u00e5 komponenter\" som m\u00f6jligg\u00f6r \"h\u00f6g prestanda\" hos elektroniska produkter.<\/p>","protected":false},"excerpt":{"rendered":"<p>Topfast \u00e4r specialiserade p\u00e5 att tillhandah\u00e5lla PCB-l\u00f6sningar med kondensatorer. Med 17 \u00e5rs branscherfarenhet s\u00e4kerst\u00e4ller vi h\u00f6gsta kvalitet vid val, upphandling och montering av kondensatorer. Fr\u00e5n h\u00f6gfrekventa kretsar till krafthantering anv\u00e4nder vi v\u00e5r professionella expertis f\u00f6r att bygga en stabil och p\u00e5litlig grund f\u00f6r dina elektroniska tillverkningsbehov.<\/p>","protected":false},"featured_media":3368,"comment_status":"closed","ping_status":"closed","template":"","meta":[],"product_brand":[],"product_cat":[217],"product_tag":[294],"class_list":{"0":"post-3366","1":"product","2":"type-product","3":"status-publish","4":"has-post-thumbnail","6":"product_cat-electronic-components","7":"product_tag-capacitor","9":"first","10":"instock","11":"shipping-taxable","12":"product-type-simple"},"yoast_head":"<!-- This site is optimized with the Yoast SEO plugin v25.1 - https:\/\/yoast.com\/wordpress\/plugins\/seo\/ -->\n<title>Capacitor - Topfastpcb<\/title>\n<meta name=\"description\" content=\"Topfast specializes in providing capacitor PCB solutions. With 17 years of industry experience, we ensure the highest quality in capacitor selection, procurement, and assembly. From high-frequency circuits to power management, we use our professional expertise to build a stable and reliable foundation for your electronic manufacturing needs.\" \/>\n<meta name=\"robots\" content=\"index, follow, max-snippet:-1, max-image-preview:large, max-video-preview:-1\" \/>\n<link rel=\"canonical\" href=\"https:\/\/www.topfastpcb.com\/sv\/products\/capacitor\/\" \/>\n<meta property=\"og:locale\" content=\"sv_SE\" \/>\n<meta property=\"og:type\" content=\"article\" \/>\n<meta property=\"og:title\" content=\"Capacitor - Topfastpcb\" \/>\n<meta property=\"og:description\" content=\"Topfast specializes in providing capacitor PCB solutions. With 17 years of industry experience, we ensure the highest quality in capacitor selection, procurement, and assembly. From high-frequency circuits to power management, we use our professional expertise to build a stable and reliable foundation for your electronic manufacturing needs.\" \/>\n<meta property=\"og:url\" content=\"https:\/\/www.topfastpcb.com\/sv\/products\/capacitor\/\" \/>\n<meta property=\"og:site_name\" content=\"Topfastpcb\" \/>\n<meta property=\"article:modified_time\" content=\"2025-06-24T02:02:51+00:00\" \/>\n<meta property=\"og:image\" content=\"https:\/\/www.topfastpcb.com\/wp-content\/uploads\/2025\/06\/Capacitor-1.jpg\" \/>\n\t<meta property=\"og:image:width\" content=\"750\" \/>\n\t<meta property=\"og:image:height\" content=\"750\" \/>\n\t<meta property=\"og:image:type\" content=\"image\/jpeg\" \/>\n<meta name=\"twitter:card\" content=\"summary_large_image\" \/>\n<meta name=\"twitter:label1\" content=\"Ber\u00e4knad l\u00e4stid\" \/>\n\t<meta name=\"twitter:data1\" content=\"6 minuter\" \/>\n<script type=\"application\/ld+json\" class=\"yoast-schema-graph\">{\"@context\":\"https:\/\/schema.org\",\"@graph\":[{\"@type\":\"WebPage\",\"@id\":\"https:\/\/www.topfastpcb.com\/products\/capacitor\/\",\"url\":\"https:\/\/www.topfastpcb.com\/products\/capacitor\/\",\"name\":\"Capacitor - Topfastpcb\",\"isPartOf\":{\"@id\":\"https:\/\/www.topfastpcb.com\/#website\"},\"primaryImageOfPage\":{\"@id\":\"https:\/\/www.topfastpcb.com\/products\/capacitor\/#primaryimage\"},\"image\":{\"@id\":\"https:\/\/www.topfastpcb.com\/products\/capacitor\/#primaryimage\"},\"thumbnailUrl\":\"https:\/\/www.topfastpcb.com\/wp-content\/uploads\/2025\/06\/Capacitor-1.jpg\",\"datePublished\":\"2025-06-22T00:30:25+00:00\",\"dateModified\":\"2025-06-24T02:02:51+00:00\",\"description\":\"Topfast specializes in providing capacitor PCB solutions. With 17 years of industry experience, we ensure the highest quality in capacitor selection, procurement, and assembly. From high-frequency circuits to power management, we use our professional expertise to build a stable and reliable foundation for your electronic manufacturing needs.\",\"breadcrumb\":{\"@id\":\"https:\/\/www.topfastpcb.com\/products\/capacitor\/#breadcrumb\"},\"inLanguage\":\"sv-SE\",\"potentialAction\":[{\"@type\":\"ReadAction\",\"target\":[\"https:\/\/www.topfastpcb.com\/products\/capacitor\/\"]}]},{\"@type\":\"ImageObject\",\"inLanguage\":\"sv-SE\",\"@id\":\"https:\/\/www.topfastpcb.com\/products\/capacitor\/#primaryimage\",\"url\":\"https:\/\/www.topfastpcb.com\/wp-content\/uploads\/2025\/06\/Capacitor-1.jpg\",\"contentUrl\":\"https:\/\/www.topfastpcb.com\/wp-content\/uploads\/2025\/06\/Capacitor-1.jpg\",\"width\":750,\"height\":750,\"caption\":\"Capacitor\"},{\"@type\":\"BreadcrumbList\",\"@id\":\"https:\/\/www.topfastpcb.com\/products\/capacitor\/#breadcrumb\",\"itemListElement\":[{\"@type\":\"ListItem\",\"position\":1,\"name\":\"\u9996\u9875\",\"item\":\"https:\/\/www.topfastpcb.com\/\"},{\"@type\":\"ListItem\",\"position\":2,\"name\":\"\u5546\u5e97\",\"item\":\"https:\/\/www.topfastpcb.com\/shop\/\"},{\"@type\":\"ListItem\",\"position\":3,\"name\":\"Capacitor\"}]},{\"@type\":\"WebSite\",\"@id\":\"https:\/\/www.topfastpcb.com\/#website\",\"url\":\"https:\/\/www.topfastpcb.com\/\",\"name\":\"Topfastpcb\",\"description\":\"Topfast Prime Choice for Global Electronics Manufacturing\",\"publisher\":{\"@id\":\"https:\/\/www.topfastpcb.com\/#organization\"},\"potentialAction\":[{\"@type\":\"SearchAction\",\"target\":{\"@type\":\"EntryPoint\",\"urlTemplate\":\"https:\/\/www.topfastpcb.com\/?s={search_term_string}\"},\"query-input\":{\"@type\":\"PropertyValueSpecification\",\"valueRequired\":true,\"valueName\":\"search_term_string\"}}],\"inLanguage\":\"sv-SE\"},{\"@type\":\"Organization\",\"@id\":\"https:\/\/www.topfastpcb.com\/#organization\",\"name\":\"Topfastpcb\",\"url\":\"https:\/\/www.topfastpcb.com\/\",\"logo\":{\"@type\":\"ImageObject\",\"inLanguage\":\"sv-SE\",\"@id\":\"https:\/\/www.topfastpcb.com\/#\/schema\/logo\/image\/\",\"url\":\"https:\/\/www.topfastpcb.com\/wp-content\/uploads\/2026\/02\/cropped-topfast-logo.png\",\"contentUrl\":\"https:\/\/www.topfastpcb.com\/wp-content\/uploads\/2026\/02\/cropped-topfast-logo.png\",\"width\":144,\"height\":56,\"caption\":\"Topfastpcb\"},\"image\":{\"@id\":\"https:\/\/www.topfastpcb.com\/#\/schema\/logo\/image\/\"}}]}<\/script>\n<!-- \/ Yoast SEO plugin. -->","yoast_head_json":{"title":"Capacitor - Topfastpcb","description":"Topfast specializes in providing capacitor PCB solutions. With 17 years of industry experience, we ensure the highest quality in capacitor selection, procurement, and assembly. From high-frequency circuits to power management, we use our professional expertise to build a stable and reliable foundation for your electronic manufacturing needs.","robots":{"index":"index","follow":"follow","max-snippet":"max-snippet:-1","max-image-preview":"max-image-preview:large","max-video-preview":"max-video-preview:-1"},"canonical":"https:\/\/www.topfastpcb.com\/sv\/products\/capacitor\/","og_locale":"sv_SE","og_type":"article","og_title":"Capacitor - Topfastpcb","og_description":"Topfast specializes in providing capacitor PCB solutions. With 17 years of industry experience, we ensure the highest quality in capacitor selection, procurement, and assembly. From high-frequency circuits to power management, we use our professional expertise to build a stable and reliable foundation for your electronic manufacturing needs.","og_url":"https:\/\/www.topfastpcb.com\/sv\/products\/capacitor\/","og_site_name":"Topfastpcb","article_modified_time":"2025-06-24T02:02:51+00:00","og_image":[{"width":750,"height":750,"url":"https:\/\/www.topfastpcb.com\/wp-content\/uploads\/2025\/06\/Capacitor-1.jpg","type":"image\/jpeg"}],"twitter_card":"summary_large_image","twitter_misc":{"Ber\u00e4knad l\u00e4stid":"6 minuter"},"schema":{"@context":"https:\/\/schema.org","@graph":[{"@type":"WebPage","@id":"https:\/\/www.topfastpcb.com\/products\/capacitor\/","url":"https:\/\/www.topfastpcb.com\/products\/capacitor\/","name":"Capacitor - Topfastpcb","isPartOf":{"@id":"https:\/\/www.topfastpcb.com\/#website"},"primaryImageOfPage":{"@id":"https:\/\/www.topfastpcb.com\/products\/capacitor\/#primaryimage"},"image":{"@id":"https:\/\/www.topfastpcb.com\/products\/capacitor\/#primaryimage"},"thumbnailUrl":"https:\/\/www.topfastpcb.com\/wp-content\/uploads\/2025\/06\/Capacitor-1.jpg","datePublished":"2025-06-22T00:30:25+00:00","dateModified":"2025-06-24T02:02:51+00:00","description":"Topfast specializes in providing capacitor PCB solutions. With 17 years of industry experience, we ensure the highest quality in capacitor selection, procurement, and assembly. From high-frequency circuits to power management, we use our professional expertise to build a stable and reliable foundation for your electronic manufacturing needs.","breadcrumb":{"@id":"https:\/\/www.topfastpcb.com\/products\/capacitor\/#breadcrumb"},"inLanguage":"sv-SE","potentialAction":[{"@type":"ReadAction","target":["https:\/\/www.topfastpcb.com\/products\/capacitor\/"]}]},{"@type":"ImageObject","inLanguage":"sv-SE","@id":"https:\/\/www.topfastpcb.com\/products\/capacitor\/#primaryimage","url":"https:\/\/www.topfastpcb.com\/wp-content\/uploads\/2025\/06\/Capacitor-1.jpg","contentUrl":"https:\/\/www.topfastpcb.com\/wp-content\/uploads\/2025\/06\/Capacitor-1.jpg","width":750,"height":750,"caption":"Capacitor"},{"@type":"BreadcrumbList","@id":"https:\/\/www.topfastpcb.com\/products\/capacitor\/#breadcrumb","itemListElement":[{"@type":"ListItem","position":1,"name":"\u9996\u9875","item":"https:\/\/www.topfastpcb.com\/"},{"@type":"ListItem","position":2,"name":"\u5546\u5e97","item":"https:\/\/www.topfastpcb.com\/shop\/"},{"@type":"ListItem","position":3,"name":"Capacitor"}]},{"@type":"WebSite","@id":"https:\/\/www.topfastpcb.com\/#website","url":"https:\/\/www.topfastpcb.com\/","name":"Topfastpcb","description":"Topfast Prime Choice for Global Electronics Manufacturing","publisher":{"@id":"https:\/\/www.topfastpcb.com\/#organization"},"potentialAction":[{"@type":"SearchAction","target":{"@type":"EntryPoint","urlTemplate":"https:\/\/www.topfastpcb.com\/?s={search_term_string}"},"query-input":{"@type":"PropertyValueSpecification","valueRequired":true,"valueName":"search_term_string"}}],"inLanguage":"sv-SE"},{"@type":"Organization","@id":"https:\/\/www.topfastpcb.com\/#organization","name":"Topfastpcb","url":"https:\/\/www.topfastpcb.com\/","logo":{"@type":"ImageObject","inLanguage":"sv-SE","@id":"https:\/\/www.topfastpcb.com\/#\/schema\/logo\/image\/","url":"https:\/\/www.topfastpcb.com\/wp-content\/uploads\/2026\/02\/cropped-topfast-logo.png","contentUrl":"https:\/\/www.topfastpcb.com\/wp-content\/uploads\/2026\/02\/cropped-topfast-logo.png","width":144,"height":56,"caption":"Topfastpcb"},"image":{"@id":"https:\/\/www.topfastpcb.com\/#\/schema\/logo\/image\/"}}]}},"_links":{"self":[{"href":"https:\/\/www.topfastpcb.com\/sv\/wp-json\/wp\/v2\/product\/3366","targetHints":{"allow":["GET"]}}],"collection":[{"href":"https:\/\/www.topfastpcb.com\/sv\/wp-json\/wp\/v2\/product"}],"about":[{"href":"https:\/\/www.topfastpcb.com\/sv\/wp-json\/wp\/v2\/types\/product"}],"replies":[{"embeddable":true,"href":"https:\/\/www.topfastpcb.com\/sv\/wp-json\/wp\/v2\/comments?post=3366"}],"wp:featuredmedia":[{"embeddable":true,"href":"https:\/\/www.topfastpcb.com\/sv\/wp-json\/wp\/v2\/media\/3368"}],"wp:attachment":[{"href":"https:\/\/www.topfastpcb.com\/sv\/wp-json\/wp\/v2\/media?parent=3366"}],"wp:term":[{"taxonomy":"product_brand","embeddable":true,"href":"https:\/\/www.topfastpcb.com\/sv\/wp-json\/wp\/v2\/product_brand?post=3366"},{"taxonomy":"product_cat","embeddable":true,"href":"https:\/\/www.topfastpcb.com\/sv\/wp-json\/wp\/v2\/product_cat?post=3366"},{"taxonomy":"product_tag","embeddable":true,"href":"https:\/\/www.topfastpcb.com\/sv\/wp-json\/wp\/v2\/product_tag?post=3366"}],"curies":[{"name":"wp","href":"https:\/\/api.w.org\/{rel}","templated":true}]}}