{"id":3432,"date":"2025-06-25T08:20:21","date_gmt":"2025-06-25T00:20:21","guid":{"rendered":"https:\/\/www.topfastpcb.com\/?post_type=product&#038;p=3432"},"modified":"2025-06-24T11:51:05","modified_gmt":"2025-06-24T03:51:05","slug":"diode","status":"publish","type":"product","link":"https:\/\/www.topfastpcb.com\/sv\/products\/diode\/","title":{"rendered":"Diod"},"content":{"rendered":"<div id=\"ez-toc-container\" class=\"ez-toc-v2_0_74 counter-hierarchy ez-toc-counter ez-toc-custom ez-toc-container-direction\">\n<div class=\"ez-toc-title-container\">\n<p class=\"ez-toc-title\" style=\"cursor:inherit\">Inneh\u00e5llsf\u00f6rteckning<\/p>\n<span class=\"ez-toc-title-toggle\"><\/span><\/div>\n<nav><ul class='ez-toc-list ez-toc-list-level-1' ><li class='ez-toc-page-1 ez-toc-heading-level-2'><a class=\"ez-toc-link ez-toc-heading-1\" href=\"https:\/\/www.topfastpcb.com\/sv\/products\/diode\/#The_Importance_of_Diode_Selection\" >Vikten av att v\u00e4lja diod<\/a><\/li><li class='ez-toc-page-1 ez-toc-heading-level-2'><a class=\"ez-toc-link ez-toc-heading-2\" href=\"https:\/\/www.topfastpcb.com\/sv\/products\/diode\/#Our_Professional_Diode_Procurement_Advantages\" >F\u00f6rdelar med v\u00e5r professionella diodupphandling<\/a><\/li><li class='ez-toc-page-1 ez-toc-heading-level-2'><a class=\"ez-toc-link ez-toc-heading-3\" href=\"https:\/\/www.topfastpcb.com\/sv\/products\/diode\/#Diodes_and_PCB_manufacturing_complement_each_other\" >Dioder och m\u00f6nsterkortstillverkning kompletterar varandra<\/a><\/li><li class='ez-toc-page-1 ez-toc-heading-level-2'><a class=\"ez-toc-link ez-toc-heading-4\" href=\"https:\/\/www.topfastpcb.com\/sv\/products\/diode\/#Industry-Specific_Diode_Solutions\" >Branschspecifika diodl\u00f6sningar<\/a><\/li><li class='ez-toc-page-1 ez-toc-heading-level-2'><a class=\"ez-toc-link ez-toc-heading-5\" href=\"https:\/\/www.topfastpcb.com\/sv\/products\/diode\/#One-stop_solution_from_prototype_to_mass_production\" >En enda l\u00f6sning fr\u00e5n prototyp till massproduktion<\/a><\/li><li class='ez-toc-page-1 ez-toc-heading-level-2'><a class=\"ez-toc-link ez-toc-heading-6\" href=\"https:\/\/www.topfastpcb.com\/sv\/products\/diode\/#Why_choose_Topfast\" >Varf\u00f6r v\u00e4lja Topfast?<\/a><ul class='ez-toc-list-level-3' ><li class='ez-toc-heading-level-3'><a class=\"ez-toc-link ez-toc-heading-7\" href=\"https:\/\/www.topfastpcb.com\/sv\/products\/diode\/#Get_Your_Custom_Diode_Solution_Now\" >F\u00e5 din anpassade diodl\u00f6sning nu<\/a><\/li><\/ul><\/li><\/ul><\/nav><\/div>\n\n<p class=\"ds-markdown-paragraph\">Dioder \u00e4r den mest grundl\u00e4ggande och kritiska halvledarkomponenten och anv\u00e4nds i praktiskt taget alla kretsar, fr\u00e5n enkel str\u00f6mriktning till komplex h\u00f6gfrekvent signalbehandling. Diodernas prestanda har en direkt inverkan p\u00e5 hela det elektroniska systemets tillf\u00f6rlitlighet och effektivitet. Med 17 \u00e5rs erfarenhet som expert p\u00e5 m\u00f6nsterkortstillverkning erbjuder Topfast h\u00f6gkvalitativa, helt\u00e4ckande m\u00f6nsterkortsl\u00f6sningar f\u00f6r att s\u00e4kerst\u00e4lla att dina konstruktioner uppn\u00e5r optimal prestanda fr\u00e5n komponenter till f\u00e4rdiga kort.<\/p>\n<h2><span class=\"ez-toc-section\" id=\"The_Importance_of_Diode_Selection\"><\/span>Vikten av att v\u00e4lja diod<span class=\"ez-toc-section-end\"><\/span><\/h2>\n<p class=\"ds-markdown-paragraph\">Dioder styr det enkelriktade fl\u00f6det av str\u00f6m i elektroniska kretsar.Om du v\u00e4ljer fel diod kan det resultera i<\/p>\n<ul>\n<li>\n<p class=\"ds-markdown-paragraph\"><strong>L\u00e5g energieffektivitet<\/strong><span>\u00a0<\/span>(f\u00f6r stort sp\u00e4nningsfall vid anv\u00e4ndning av vanliga likriktardioder i st\u00e4llet f\u00f6r Schottky-dioder)<\/p>\n<\/li>\n<li>\n<p class=\"ds-markdown-paragraph\"><strong>Instabilitet i systemet<\/strong><span>\u00a0<\/span>(elektrostatisk skada p\u00e5 grund av otillr\u00e4ckligt skydd med TVS-diod)<\/p>\n<\/li>\n<li>\n<p class=\"ds-markdown-paragraph\"><strong>F\u00f6rs\u00e4mrad signalintegritet<\/strong><span>\u00a0<\/span>(felaktigt val av punktkontaktdiod i h\u00f6gfrekvensapplikationer)<\/p>\n<\/li>\n<li>\n<p class=\"ds-markdown-paragraph\"><strong>F\u00f6rkortad livsl\u00e4ngd f\u00f6r produkten<\/strong><span>\u00a0<\/span>(instabil drift p\u00e5 grund av felaktigt val av Zenerdiod)<\/p>\n<\/li>\n<\/ul>\n<p class=\"ds-markdown-paragraph\">Vi m\u00f6ter ofta kunder som s\u00f6ker hj\u00e4lp f\u00f6r misslyckade m\u00f6nsterkortskonstruktioner, d\u00e4r grundorsaken ofta kan sp\u00e5ras tillbaka till felaktigt val av dioder. Till exempel anv\u00e4nde en tillverkare av industriell styrutrustning f\u00f6rst standardlikriktardioder, vilket resulterade i en effektmodul med endast 78% effektivitet. Efter v\u00e5r professionella rekommendation att byta till Schottky-dioder med l\u00e5g VF-halt f\u00f6rb\u00e4ttrades effektiviteten till 92%, med en 15\u00b0C l\u00e4gre temperatur\u00f6kning.<\/p>\n<h2><img loading=\"lazy\" decoding=\"async\" src=\"https:\/\/www.topfastpcb.com\/wp-content\/uploads\/2025\/06\/diode.jpg\" alt=\"diod\" width=\"600\" height=\"402\" class=\"aligncenter size-full wp-image-3435\" srcset=\"https:\/\/www.topfastpcb.com\/wp-content\/uploads\/2025\/06\/diode.jpg 600w, https:\/\/www.topfastpcb.com\/wp-content\/uploads\/2025\/06\/diode-300x201.jpg 300w, https:\/\/www.topfastpcb.com\/wp-content\/uploads\/2025\/06\/diode-18x12.jpg 18w\" sizes=\"auto, (max-width: 600px) 100vw, 600px\" \/><\/h2>\n<h2><span class=\"ez-toc-section\" id=\"Our_Professional_Diode_Procurement_Advantages\"><\/span>F\u00f6rdelar med v\u00e5r professionella diodupphandling<span class=\"ez-toc-section-end\"><\/span><\/h2>\n<p class=\"ds-markdown-paragraph\">Som en enda leverant\u00f6r av PCB-l\u00f6sningar har vi byggt ett robust n\u00e4tverk f\u00f6r diodf\u00f6rs\u00f6rjningskedjan och erbjuder:<\/p>\n<ol start=\"1\">\n<li>\n<p class=\"ds-markdown-paragraph\"><strong>St\u00f6d f\u00f6r dioder i hela kategorin<\/strong>: T\u00e4cker 2000+ modeller, fr\u00e5n grundl\u00e4ggande PN-junction-dioder till specialiserade PIN-dioder och varaktordioder.<\/p>\n<\/li>\n<li>\n<p class=\"ds-markdown-paragraph\"><strong>Auktoriserade leverant\u00f6rskanaler<\/strong>: Partnerskap med ledande varum\u00e4rken som ON Semiconductor, Vishay och Diodes Inc. garanterar komponenternas \u00e4kthet.<\/p>\n<\/li>\n<li>\n<p class=\"ds-markdown-paragraph\"><strong>Teknisk matchningstj\u00e4nst<\/strong>: V\u00e5rt ingenj\u00f6rsteam rekommenderar de l\u00e4mpligaste diodtyperna baserat p\u00e5 din applikation (effekt\/signal\/skydd).<\/p>\n<\/li>\n<li>\n<p class=\"ds-markdown-paragraph\"><strong>L\u00f6sningar f\u00f6r kostnadsoptimering<\/strong>: F\u00f6r h\u00f6gvolymsproduktion tillhandah\u00e5ller vi alternativa modellf\u00f6rslag f\u00f6r att minska BOM-kostnaderna utan att kompromissa med prestanda.<\/p>\n<\/li>\n<\/ol>\n<h2><span class=\"ez-toc-section\" id=\"Diodes_and_PCB_manufacturing_complement_each_other\"><\/span>Dioder och <a href=\"https:\/\/www.topfastpcb.com\/sv\/\">Tillverkning av kretskort<\/a> komplettera varandra<span class=\"ez-toc-section-end\"><\/span><\/h2>\n<p class=\"ds-markdown-paragraph\">N\u00e4r du har k\u00f6pt komponenterna m\u00e5ste de monteras perfekt p\u00e5 kretskortet. <a href=\"https:\/\/www.topfastpcb.com\/sv\/blog\/what-is-a-pcb-design\/\">PCB-design<\/a> \u00e4r ocks\u00e5 mycket viktigt, eftersom det p\u00e5verkar den f\u00e4rdiga produktens stabilitet och tillf\u00f6rlitlighet. De merv\u00e4rdestj\u00e4nster vi tillhandah\u00e5ller inkluderar:<\/p>\n<ul>\n<li>\n<p class=\"ds-markdown-paragraph\"><strong>Termisk konstruktionsanalys<\/strong>: Optimering av placeringen av likriktardioder f\u00f6r h\u00f6g str\u00f6mstyrka f\u00f6r att f\u00f6rhindra lokal \u00f6verhettning.<\/p>\n<\/li>\n<li>\n<p class=\"ds-markdown-paragraph\"><strong>Simulering av signalintegritet<\/strong>Utv\u00e4rdering av hur h\u00f6ghastighets-Schottky-dioder p\u00e5verkar signalkvaliteten.<\/p>\n<\/li>\n<li>\n<p class=\"ds-markdown-paragraph\"><strong>L\u00f6sningar f\u00f6r ESD-skydd<\/strong>: Utformning av skyddsn\u00e4t med TVS-dioder f\u00f6r k\u00e4nsliga kretsar.<\/p>\n<\/li>\n<li>\n<p class=\"ds-markdown-paragraph\"><strong>Granskning av tillverkningsbarhet<\/strong>: S\u00e4kerst\u00e4lla att diodf\u00f6rpackningar \u00e4r kompatibla med PCB-processer.<\/p>\n<\/li>\n<\/ul>\n<p class=\"ds-markdown-paragraph\">I ett nyligen genomf\u00f6rt projekt inom fordonselektronik omarbetade vi diodlayouten i en LED-drivkrets, vilket f\u00f6rb\u00e4ttrade produktionsutbytet fr\u00e5n 83% till 99,6%.Genom att optimera valet av Zenerdioder \u00f6kade dessutom sp\u00e4nningsregleringens noggrannhet med 30%.<\/p>\n<h2><span class=\"ez-toc-section\" id=\"Industry-Specific_Diode_Solutions\"><\/span>Branschspecifika diodl\u00f6sningar<span class=\"ez-toc-section-end\"><\/span><\/h2>\n<p class=\"ds-markdown-paragraph\">Olika applikationer kr\u00e4ver unika diodkrav:<\/p>\n<p class=\"ds-markdown-paragraph\"><strong>Elektronik f\u00f6r fordonsindustrin<\/strong>:<\/p>\n<ul>\n<li>\n<p class=\"ds-markdown-paragraph\">AEC-Q101-kompatibla dioder av fordonsstandard<\/p>\n<\/li>\n<li>\n<p class=\"ds-markdown-paragraph\">Skyddsl\u00f6sningar f\u00f6r TVS-dioder med h\u00f6g vibrationst\u00e5lighet<\/p>\n<\/li>\n<li>\n<p class=\"ds-markdown-paragraph\">Schottky-likriktardioder med brett temperaturomr\u00e5de (-40\u00b0C till 150\u00b0C)<\/p>\n<\/li>\n<\/ul>\n<p class=\"ds-markdown-paragraph\"><strong>Industriell kontroll<\/strong>:<\/p>\n<ul>\n<li>\n<p class=\"ds-markdown-paragraph\">SCR-l\u00f6sningar (kiselstyrd likriktare) f\u00f6r h\u00f6ga str\u00f6mmar<\/p>\n<\/li>\n<li>\n<p class=\"ds-markdown-paragraph\">Optokopplardioder med h\u00f6g isoleringssp\u00e4nning<\/p>\n<\/li>\n<li>\n<p class=\"ds-markdown-paragraph\">EMI-resistenta diodmatriser med snabb \u00e5terst\u00e4llning<\/p>\n<\/li>\n<\/ul>\n<p class=\"ds-markdown-paragraph\"><strong>Medicintekniska produkter<\/strong>:<\/p>\n<ul>\n<li>\n<p class=\"ds-markdown-paragraph\">Precisionssignaldioder med l\u00e5gt l\u00e4ckage<\/p>\n<\/li>\n<li>\n<p class=\"ds-markdown-paragraph\">Isoleringsdioder som uppfyller kraven f\u00f6r medicinsk s\u00e4kerhet<\/p>\n<\/li>\n<li>\n<p class=\"ds-markdown-paragraph\">Zenerdioder med h\u00f6g tillf\u00f6rlitlighet f\u00f6r livsuppeh\u00e5llande utrustning<\/p>\n<\/li>\n<\/ul>\n<p class=\"ds-markdown-paragraph\"><strong>IoT-produkter<\/strong>:<\/p>\n<ul>\n<li>\n<p class=\"ds-markdown-paragraph\">Optimering av MOSFET-dioder med extremt l\u00e5g effekt<\/p>\n<\/li>\n<li>\n<p class=\"ds-markdown-paragraph\">Fotodiodl\u00f6sningar f\u00f6r energisk\u00f6rd<\/p>\n<\/li>\n<li>\n<p class=\"ds-markdown-paragraph\">Diodkomponenter i miniatyrf\u00f6rpackning (SOD-323 etc.)<\/p>\n<\/li>\n<\/ul>\n<h2><span class=\"ez-toc-section\" id=\"One-stop_solution_from_prototype_to_mass_production\"><\/span>En enda l\u00f6sning fr\u00e5n prototyp till massproduktion<span class=\"ez-toc-section-end\"><\/span><\/h2>\n<p class=\"ds-markdown-paragraph\">Vi f\u00f6rst\u00e5r att elektronikutveckling \u00e4r en iterativ process och erbjuder d\u00e4rf\u00f6r flexibelt st\u00f6d:<\/p>\n<ol start=\"1\">\n<li>\n<p class=\"ds-markdown-paragraph\"><strong>Fas f\u00f6r prototypframtagning<\/strong>:<\/p>\n<ul>\n<li>\n<p class=\"ds-markdown-paragraph\">Snabb leverans av dioder i sm\u00e5 serier med m\u00e5nga olika varianter<\/p>\n<\/li>\n<li>\n<p class=\"ds-markdown-paragraph\">Gratis provtagning f\u00f6r ingenj\u00f6rer<\/p>\n<\/li>\n<li>\n<p class=\"ds-markdown-paragraph\">Granskning av PCB-design och r\u00e5d om val av diod<\/p>\n<\/li>\n<\/ul>\n<\/li>\n<li>\n<p class=\"ds-markdown-paragraph\"><strong>Pilotproduktionsfas<\/strong>:<\/p>\n<ul>\n<li>\n<p class=\"ds-markdown-paragraph\">Riskbed\u00f6mning och backup-l\u00f6sningar f\u00f6r leveranskedjan<\/p>\n<\/li>\n<li>\n<p class=\"ds-markdown-paragraph\">Test av diodparametrarnas konsistens<\/p>\n<\/li>\n<li>\n<p class=\"ds-markdown-paragraph\">St\u00f6d f\u00f6r utveckling av testfixturer f\u00f6r produktion<\/p>\n<\/li>\n<\/ul>\n<\/li>\n<li>\n<p class=\"ds-markdown-paragraph\"><strong>Fas f\u00f6r massproduktion<\/strong>:<\/p>\n<ul>\n<li>\n<p class=\"ds-markdown-paragraph\">L\u00e5ngsiktigt stabil diodf\u00f6rs\u00f6rjning<\/p>\n<\/li>\n<li>\n<p class=\"ds-markdown-paragraph\">Sp\u00e5rbarhet f\u00f6r batcher och kvalitetsdokumentation<\/p>\n<\/li>\n<li>\n<p class=\"ds-markdown-paragraph\">Kontinuerlig kostnadsminskning och alternativa l\u00f6sningar<\/p>\n<\/li>\n<\/ul>\n<\/li>\n<\/ol>\n<p class=\"ds-markdown-paragraph\">Ett kundfall inom smarta hem visade att v\u00e5ra fullcykeltj\u00e4nster minskade produktens \u00f6verg\u00e5ngstid fr\u00e5n prototyp till massproduktion med 40%, eliminerade diodrelaterade kvalitetsproblem och s\u00e4nkte upphandlingskostnaderna med 22%.<\/p>\n<h2><span class=\"ez-toc-section\" id=\"Why_choose_Topfast\"><\/span>Varf\u00f6r v\u00e4lja <a href=\"https:\/\/www.topfastpcb.com\/sv\/about\/\">Topfast<\/a>?<span class=\"ez-toc-section-end\"><\/span><\/h2>\n<p class=\"ds-markdown-paragraph\">Inom den konkurrensutsatta sektorn f\u00f6r elektroniktillverkning levererar vi<span>\u00a0<\/span><strong>teknikdriven<\/strong><span>\u00a0<\/span>tj\u00e4nster:<\/p>\n<ul>\n<li>\n<p class=\"ds-markdown-paragraph\"><strong>17 \u00e5rs specialiserad erfarenhet<\/strong>: Betj\u00e4nade 3800+ kunder, slutf\u00f6rde 15000+ diodrelaterade projekt.<\/p>\n<\/li>\n<li>\n<p class=\"ds-markdown-paragraph\"><strong>UL\/ISO9001-certifiering<\/strong>: Strikt kvalitetskontroll s\u00e4kerst\u00e4ller diodtillf\u00f6rlitlighet.<\/p>\n<\/li>\n<li>\n<p class=\"ds-markdown-paragraph\"><strong>48 timmars snabb prototypframtagning<\/strong>: Akut projektst\u00f6d, inklusive upphandling av dioder och tillverkning av kretskort.<\/p>\n<\/li>\n<li>\n<p class=\"ds-markdown-paragraph\"><strong>Globalt logistikn\u00e4tverk<\/strong>: Just-in-time-leveranser (JIT) f\u00f6r att minska kundernas lagerh\u00e5llning.<\/p>\n<\/li>\n<li>\n<p class=\"ds-markdown-paragraph\"><strong>Team av tekniska experter<\/strong>: FAEs med i genomsnitt 10 \u00e5rs branscherfarenhet ger individuellt st\u00f6d.<\/p>\n<\/li>\n<\/ul>\n<p class=\"ds-markdown-paragraph\">Vi f\u00f6rst\u00e5r att exceptionell m\u00f6nsterkortstillverkning inte bara kr\u00e4ver avancerad utrustning utan ocks\u00e5 djup komponentkompetens.V\u00e5r ing\u00e5ende kunskap om diodernas egenskaper g\u00f6r att vi kan leverera verkligt v\u00e4rdefulla l\u00f6sningar, inte bara kretskortstillverkning.<\/p>\n<h3><span class=\"ez-toc-section\" id=\"Get_Your_Custom_Diode_Solution_Now\"><\/span><a href=\"https:\/\/www.topfastpcb.com\/sv\/contact\/\">F\u00e5 din anpassade diodl\u00f6sning nu<\/a><span class=\"ez-toc-section-end\"><\/span><\/h3>\n<p class=\"ds-markdown-paragraph\">Oavsett vilket stadium din produktutveckling befinner sig i \u00e4r v\u00e5rt expertteam redo att hj\u00e4lpa till.Skicka in dina krav och ta emot:<\/p>\n<ul>\n<li>\n<p class=\"ds-markdown-paragraph\">Inledande f\u00f6rslag och offert inom<span>\u00a0<\/span><strong>1 timme<\/strong><\/p>\n<\/li>\n<li>\n<p class=\"ds-markdown-paragraph\">Feedback om teknisk genomf\u00f6rbarhet inom<span>\u00a0<\/span><strong>4 timmar<\/strong><\/p>\n<\/li>\n<li>\n<p class=\"ds-markdown-paragraph\">Fullst\u00e4ndig plan f\u00f6r projektgenomf\u00f6rande inom<span>\u00a0<\/span><strong>24 timmar<\/strong><\/p>\n<\/li>\n<\/ul>\n<p class=\"ds-markdown-paragraph\">F\u00f6r komplexa projekt ordnar vi tekniska m\u00f6ten p\u00e5 plats f\u00f6r att utforska optimala diodapplikationer. L\u00e5t v\u00e5r professionella diodkompetens och erfarenhet av m\u00f6nsterkortstillverkning skydda dina elektroniska konstruktioner.<\/p>","protected":false},"excerpt":{"rendered":"<p>Diodernas kritiska roll i elektroniska kretsar g\u00f6r att vi erbjuder helt\u00e4ckande diodl\u00f6sningar, inklusive upphandling av olika typer av dioder och PCB-integrationstj\u00e4nster. Fr\u00e5n likriktning, sp\u00e4nningsreglering till optoelektronisk omvandling ser vi till att dina elektroniska projekt uppn\u00e5r optimal prestanda och tillf\u00f6rlitlighet.<\/p>","protected":false},"featured_media":3436,"comment_status":"closed","ping_status":"closed","template":"","meta":[],"product_brand":[],"product_cat":[217],"product_tag":[303],"class_list":{"0":"post-3432","1":"product","2":"type-product","3":"status-publish","4":"has-post-thumbnail","6":"product_cat-electronic-components","7":"product_tag-diode","9":"first","10":"instock","11":"shipping-taxable","12":"product-type-simple"},"yoast_head":"<!-- This site is optimized with the Yoast SEO plugin v25.1 - https:\/\/yoast.com\/wordpress\/plugins\/seo\/ -->\n<title>Diode - Topfastpcb<\/title>\n<meta name=\"robots\" content=\"index, follow, max-snippet:-1, max-image-preview:large, max-video-preview:-1\" \/>\n<link rel=\"canonical\" href=\"https:\/\/www.topfastpcb.com\/sv\/products\/diode\/\" \/>\n<meta property=\"og:locale\" content=\"sv_SE\" \/>\n<meta property=\"og:type\" content=\"article\" \/>\n<meta property=\"og:title\" content=\"Diode - Topfastpcb\" \/>\n<meta property=\"og:description\" content=\"The critical role of diodes in electronic circuits, we provide comprehensive diode solutions, including procurement of various types of diodes and PCB integration services. From rectification, voltage regulation to optoelectronic conversion, we ensure your electronic projects achieve optimal performance and reliability.\" \/>\n<meta property=\"og:url\" content=\"https:\/\/www.topfastpcb.com\/sv\/products\/diode\/\" \/>\n<meta property=\"og:site_name\" content=\"Topfastpcb\" \/>\n<meta property=\"og:image\" content=\"https:\/\/www.topfastpcb.com\/wp-content\/uploads\/2025\/06\/diode-1.jpg\" \/>\n\t<meta property=\"og:image:width\" content=\"750\" \/>\n\t<meta property=\"og:image:height\" content=\"750\" \/>\n\t<meta property=\"og:image:type\" content=\"image\/jpeg\" \/>\n<meta name=\"twitter:card\" content=\"summary_large_image\" \/>\n<meta name=\"twitter:label1\" content=\"Ber\u00e4knad l\u00e4stid\" \/>\n\t<meta name=\"twitter:data1\" content=\"4 minuter\" \/>\n<script type=\"application\/ld+json\" class=\"yoast-schema-graph\">{\"@context\":\"https:\/\/schema.org\",\"@graph\":[{\"@type\":\"WebPage\",\"@id\":\"https:\/\/www.topfastpcb.com\/products\/diode\/\",\"url\":\"https:\/\/www.topfastpcb.com\/products\/diode\/\",\"name\":\"Diode - Topfastpcb\",\"isPartOf\":{\"@id\":\"https:\/\/www.topfastpcb.com\/#website\"},\"primaryImageOfPage\":{\"@id\":\"https:\/\/www.topfastpcb.com\/products\/diode\/#primaryimage\"},\"image\":{\"@id\":\"https:\/\/www.topfastpcb.com\/products\/diode\/#primaryimage\"},\"thumbnailUrl\":\"https:\/\/www.topfastpcb.com\/wp-content\/uploads\/2025\/06\/diode-1.jpg\",\"datePublished\":\"2025-06-25T00:20:21+00:00\",\"breadcrumb\":{\"@id\":\"https:\/\/www.topfastpcb.com\/products\/diode\/#breadcrumb\"},\"inLanguage\":\"sv-SE\",\"potentialAction\":[{\"@type\":\"ReadAction\",\"target\":[\"https:\/\/www.topfastpcb.com\/products\/diode\/\"]}]},{\"@type\":\"ImageObject\",\"inLanguage\":\"sv-SE\",\"@id\":\"https:\/\/www.topfastpcb.com\/products\/diode\/#primaryimage\",\"url\":\"https:\/\/www.topfastpcb.com\/wp-content\/uploads\/2025\/06\/diode-1.jpg\",\"contentUrl\":\"https:\/\/www.topfastpcb.com\/wp-content\/uploads\/2025\/06\/diode-1.jpg\",\"width\":750,\"height\":750,\"caption\":\"diode\"},{\"@type\":\"BreadcrumbList\",\"@id\":\"https:\/\/www.topfastpcb.com\/products\/diode\/#breadcrumb\",\"itemListElement\":[{\"@type\":\"ListItem\",\"position\":1,\"name\":\"\u9996\u9875\",\"item\":\"https:\/\/www.topfastpcb.com\/\"},{\"@type\":\"ListItem\",\"position\":2,\"name\":\"\u5546\u5e97\",\"item\":\"https:\/\/www.topfastpcb.com\/shop\/\"},{\"@type\":\"ListItem\",\"position\":3,\"name\":\"Diode\"}]},{\"@type\":\"WebSite\",\"@id\":\"https:\/\/www.topfastpcb.com\/#website\",\"url\":\"https:\/\/www.topfastpcb.com\/\",\"name\":\"Topfastpcb\",\"description\":\"Topfast Prime Choice for Global Electronics Manufacturing\",\"publisher\":{\"@id\":\"https:\/\/www.topfastpcb.com\/#organization\"},\"potentialAction\":[{\"@type\":\"SearchAction\",\"target\":{\"@type\":\"EntryPoint\",\"urlTemplate\":\"https:\/\/www.topfastpcb.com\/?s={search_term_string}\"},\"query-input\":{\"@type\":\"PropertyValueSpecification\",\"valueRequired\":true,\"valueName\":\"search_term_string\"}}],\"inLanguage\":\"sv-SE\"},{\"@type\":\"Organization\",\"@id\":\"https:\/\/www.topfastpcb.com\/#organization\",\"name\":\"Topfastpcb\",\"url\":\"https:\/\/www.topfastpcb.com\/\",\"logo\":{\"@type\":\"ImageObject\",\"inLanguage\":\"sv-SE\",\"@id\":\"https:\/\/www.topfastpcb.com\/#\/schema\/logo\/image\/\",\"url\":\"https:\/\/www.topfastpcb.com\/wp-content\/uploads\/2026\/02\/cropped-topfast-logo.png\",\"contentUrl\":\"https:\/\/www.topfastpcb.com\/wp-content\/uploads\/2026\/02\/cropped-topfast-logo.png\",\"width\":144,\"height\":56,\"caption\":\"Topfastpcb\"},\"image\":{\"@id\":\"https:\/\/www.topfastpcb.com\/#\/schema\/logo\/image\/\"}}]}<\/script>\n<!-- \/ Yoast SEO plugin. -->","yoast_head_json":{"title":"Diode - Topfastpcb","robots":{"index":"index","follow":"follow","max-snippet":"max-snippet:-1","max-image-preview":"max-image-preview:large","max-video-preview":"max-video-preview:-1"},"canonical":"https:\/\/www.topfastpcb.com\/sv\/products\/diode\/","og_locale":"sv_SE","og_type":"article","og_title":"Diode - Topfastpcb","og_description":"The critical role of diodes in electronic circuits, we provide comprehensive diode solutions, including procurement of various types of diodes and PCB integration services. From rectification, voltage regulation to optoelectronic conversion, we ensure your electronic projects achieve optimal performance and reliability.","og_url":"https:\/\/www.topfastpcb.com\/sv\/products\/diode\/","og_site_name":"Topfastpcb","og_image":[{"width":750,"height":750,"url":"https:\/\/www.topfastpcb.com\/wp-content\/uploads\/2025\/06\/diode-1.jpg","type":"image\/jpeg"}],"twitter_card":"summary_large_image","twitter_misc":{"Ber\u00e4knad l\u00e4stid":"4 minuter"},"schema":{"@context":"https:\/\/schema.org","@graph":[{"@type":"WebPage","@id":"https:\/\/www.topfastpcb.com\/products\/diode\/","url":"https:\/\/www.topfastpcb.com\/products\/diode\/","name":"Diode - Topfastpcb","isPartOf":{"@id":"https:\/\/www.topfastpcb.com\/#website"},"primaryImageOfPage":{"@id":"https:\/\/www.topfastpcb.com\/products\/diode\/#primaryimage"},"image":{"@id":"https:\/\/www.topfastpcb.com\/products\/diode\/#primaryimage"},"thumbnailUrl":"https:\/\/www.topfastpcb.com\/wp-content\/uploads\/2025\/06\/diode-1.jpg","datePublished":"2025-06-25T00:20:21+00:00","breadcrumb":{"@id":"https:\/\/www.topfastpcb.com\/products\/diode\/#breadcrumb"},"inLanguage":"sv-SE","potentialAction":[{"@type":"ReadAction","target":["https:\/\/www.topfastpcb.com\/products\/diode\/"]}]},{"@type":"ImageObject","inLanguage":"sv-SE","@id":"https:\/\/www.topfastpcb.com\/products\/diode\/#primaryimage","url":"https:\/\/www.topfastpcb.com\/wp-content\/uploads\/2025\/06\/diode-1.jpg","contentUrl":"https:\/\/www.topfastpcb.com\/wp-content\/uploads\/2025\/06\/diode-1.jpg","width":750,"height":750,"caption":"diode"},{"@type":"BreadcrumbList","@id":"https:\/\/www.topfastpcb.com\/products\/diode\/#breadcrumb","itemListElement":[{"@type":"ListItem","position":1,"name":"\u9996\u9875","item":"https:\/\/www.topfastpcb.com\/"},{"@type":"ListItem","position":2,"name":"\u5546\u5e97","item":"https:\/\/www.topfastpcb.com\/shop\/"},{"@type":"ListItem","position":3,"name":"Diode"}]},{"@type":"WebSite","@id":"https:\/\/www.topfastpcb.com\/#website","url":"https:\/\/www.topfastpcb.com\/","name":"Topfastpcb","description":"Topfast Prime Choice for Global Electronics Manufacturing","publisher":{"@id":"https:\/\/www.topfastpcb.com\/#organization"},"potentialAction":[{"@type":"SearchAction","target":{"@type":"EntryPoint","urlTemplate":"https:\/\/www.topfastpcb.com\/?s={search_term_string}"},"query-input":{"@type":"PropertyValueSpecification","valueRequired":true,"valueName":"search_term_string"}}],"inLanguage":"sv-SE"},{"@type":"Organization","@id":"https:\/\/www.topfastpcb.com\/#organization","name":"Topfastpcb","url":"https:\/\/www.topfastpcb.com\/","logo":{"@type":"ImageObject","inLanguage":"sv-SE","@id":"https:\/\/www.topfastpcb.com\/#\/schema\/logo\/image\/","url":"https:\/\/www.topfastpcb.com\/wp-content\/uploads\/2026\/02\/cropped-topfast-logo.png","contentUrl":"https:\/\/www.topfastpcb.com\/wp-content\/uploads\/2026\/02\/cropped-topfast-logo.png","width":144,"height":56,"caption":"Topfastpcb"},"image":{"@id":"https:\/\/www.topfastpcb.com\/#\/schema\/logo\/image\/"}}]}},"_links":{"self":[{"href":"https:\/\/www.topfastpcb.com\/sv\/wp-json\/wp\/v2\/product\/3432","targetHints":{"allow":["GET"]}}],"collection":[{"href":"https:\/\/www.topfastpcb.com\/sv\/wp-json\/wp\/v2\/product"}],"about":[{"href":"https:\/\/www.topfastpcb.com\/sv\/wp-json\/wp\/v2\/types\/product"}],"replies":[{"embeddable":true,"href":"https:\/\/www.topfastpcb.com\/sv\/wp-json\/wp\/v2\/comments?post=3432"}],"wp:featuredmedia":[{"embeddable":true,"href":"https:\/\/www.topfastpcb.com\/sv\/wp-json\/wp\/v2\/media\/3436"}],"wp:attachment":[{"href":"https:\/\/www.topfastpcb.com\/sv\/wp-json\/wp\/v2\/media?parent=3432"}],"wp:term":[{"taxonomy":"product_brand","embeddable":true,"href":"https:\/\/www.topfastpcb.com\/sv\/wp-json\/wp\/v2\/product_brand?post=3432"},{"taxonomy":"product_cat","embeddable":true,"href":"https:\/\/www.topfastpcb.com\/sv\/wp-json\/wp\/v2\/product_cat?post=3432"},{"taxonomy":"product_tag","embeddable":true,"href":"https:\/\/www.topfastpcb.com\/sv\/wp-json\/wp\/v2\/product_tag?post=3432"}],"curies":[{"name":"wp","href":"https:\/\/api.w.org\/{rel}","templated":true}]}}