{"id":3473,"date":"2025-06-27T08:26:18","date_gmt":"2025-06-27T00:26:18","guid":{"rendered":"https:\/\/www.topfastpcb.com\/?post_type=product&#038;p=3473"},"modified":"2025-06-26T10:33:53","modified_gmt":"2025-06-26T02:33:53","slug":"inductor","status":"publish","type":"product","link":"https:\/\/www.topfastpcb.com\/sv\/products\/inductor\/","title":{"rendered":"Induktans"},"content":{"rendered":"<div id=\"ez-toc-container\" class=\"ez-toc-v2_0_74 counter-hierarchy ez-toc-counter ez-toc-custom ez-toc-container-direction\">\n<div class=\"ez-toc-title-container\">\n<p class=\"ez-toc-title\" style=\"cursor:inherit\">Inneh\u00e5llsf\u00f6rteckning<\/p>\n<span class=\"ez-toc-title-toggle\"><\/span><\/div>\n<nav><ul class='ez-toc-list ez-toc-list-level-1' ><li class='ez-toc-page-1 ez-toc-heading-level-2'><a class=\"ez-toc-link ez-toc-heading-1\" href=\"https:\/\/www.topfastpcb.com\/sv\/products\/inductor\/#One-Stop_Inductor_Procurement_PCB_Assembly_Solutions\" >One-Stop Inductor Procurement &amp; L\u00f6sningar f\u00f6r PCB-montering<\/a><ul class='ez-toc-list-level-3' ><li class='ez-toc-heading-level-3'><a class=\"ez-toc-link ez-toc-heading-2\" href=\"https:\/\/www.topfastpcb.com\/sv\/products\/inductor\/#Comprehensive_Inductor_Procurement_Services\" >Omfattande upphandlingstj\u00e4nster f\u00f6r induktorer<\/a><\/li><li class='ez-toc-page-1 ez-toc-heading-level-3'><a class=\"ez-toc-link ez-toc-heading-3\" href=\"https:\/\/www.topfastpcb.com\/sv\/products\/inductor\/#High-Precision_PCB_Assembly_Services\" >Tj\u00e4nster f\u00f6r PCB-montering med h\u00f6g precision<\/a><\/li><li class='ez-toc-page-1 ez-toc-heading-level-3'><a class=\"ez-toc-link ez-toc-heading-4\" href=\"https:\/\/www.topfastpcb.com\/sv\/products\/inductor\/#Why_Global_Clients_Trust_TopFast\" >Varf\u00f6r globala kunder litar p\u00e5 TopFast<\/a><\/li><li class='ez-toc-page-1 ez-toc-heading-level-3'><a class=\"ez-toc-link ez-toc-heading-5\" href=\"https:\/\/www.topfastpcb.com\/sv\/products\/inductor\/#Industries_Served\" >Industrier som betj\u00e4nas<\/a><\/li><li class='ez-toc-page-1 ez-toc-heading-level-3'><a class=\"ez-toc-link ez-toc-heading-6\" href=\"https:\/\/www.topfastpcb.com\/sv\/products\/inductor\/#Start_Your_Project_Today\" >Starta ditt projekt idag<\/a><\/li><\/ul><\/li><\/ul><\/nav><\/div>\n\n<h2><span class=\"ez-toc-section\" id=\"One-Stop_Inductor_Procurement_PCB_Assembly_Solutions\"><\/span>One-Stop Inductor Procurement &amp; L\u00f6sningar f\u00f6r PCB-montering<span class=\"ez-toc-section-end\"><\/span><\/h2>\n<p class=\"ds-markdown-paragraph\">TopFast \u00e4r inte bara en m\u00f6nsterkortstillverkare; vi erbjuder kompletta l\u00f6sningar f\u00f6r elektroniktillverkning fr\u00e5n design till f\u00e4rdig produkt. Fr\u00e5n upphandling av komponenter till nyckelf\u00e4rdig montering har vi hj\u00e4lpt tusentals f\u00f6retag runt om i v\u00e4rlden att uppn\u00e5 sina m\u00e5l f\u00f6r elektroniktillverkning sedan vi grundades 2008.<\/p>\n<p class=\"ds-markdown-paragraph\"><strong>Varf\u00f6r v\u00e4lja TopFast?<\/strong><br \/>\n\u2714 17 \u00e5rs expertis inom tillverkning och montering av kretskort<br \/>\n\u2714 Service fr\u00e5n b\u00f6rjan till slut: Fr\u00e5n ink\u00f6p av komponenter till <a href=\"https:\/\/www.topfastpcb.com\/sv\/products\/turnkey-pcb-assembly-services\/\">nyckelf\u00e4rdig montering<\/a><br \/>\n\u2714 Globalt n\u00e4tverk av leveranskedjor f\u00f6r stabil komponentf\u00f6rs\u00f6rjning<br \/>\n\u2714 Snabb respons: Offerter inom 1 timme, teknisk support dygnet runt<br \/>\n\u2714 100% kvalitetsinspektion &amp; full sp\u00e5rbarhet<\/p>\n<p class=\"ds-markdown-paragraph\"><a target=\"_blank\" rel=\"noopener noreferrer\" href=\"https:\/\/www.topfastpcb.com\/sv\/contact\/\">F\u00e5 en gratis offert nu<\/a><\/p>\n<h3><img loading=\"lazy\" decoding=\"async\" src=\"https:\/\/www.topfastpcb.com\/wp-content\/uploads\/2025\/06\/inductor.jpg\" alt=\"Induktor\" width=\"600\" height=\"402\" class=\"aligncenter size-full wp-image-3478\" srcset=\"https:\/\/www.topfastpcb.com\/wp-content\/uploads\/2025\/06\/inductor.jpg 600w, https:\/\/www.topfastpcb.com\/wp-content\/uploads\/2025\/06\/inductor-300x201.jpg 300w, https:\/\/www.topfastpcb.com\/wp-content\/uploads\/2025\/06\/inductor-18x12.jpg 18w\" sizes=\"auto, (max-width: 600px) 100vw, 600px\" \/><\/h3>\n<h3><span class=\"ez-toc-section\" id=\"Comprehensive_Inductor_Procurement_Services\"><\/span>Omfattande upphandlingstj\u00e4nster f\u00f6r induktorer<span class=\"ez-toc-section-end\"><\/span><\/h3>\n<p class=\"ds-markdown-paragraph\">Induktorer \u00e4r kritiska komponenter i elektroniska kretsar. TopFast samarbetar med auktoriserade globala leverant\u00f6rer f\u00f6r att leverera ett komplett utbud av induktorl\u00f6sningar:<\/p>\n<ul>\n<li>\n<p class=\"ds-markdown-paragraph\"><strong>SMD effektinduktorer<\/strong>: F\u00f6r kompakta konstruktioner<\/p>\n<\/li>\n<li>\n<p class=\"ds-markdown-paragraph\"><strong>Toroidala induktorer med ferritk\u00e4rna<\/strong>: Applikationer med h\u00f6g verkningsgrad<\/p>\n<\/li>\n<li>\n<p class=\"ds-markdown-paragraph\"><strong>RF-drosslar<\/strong>: Optimerad f\u00f6r prestanda f\u00f6r tr\u00e5dl\u00f6s kommunikation<\/p>\n<\/li>\n<li>\n<p class=\"ds-markdown-paragraph\"><strong>Anpassade induktorer<\/strong>: Skr\u00e4ddarsydd f\u00f6r unika designkrav<\/p>\n<\/li>\n<\/ul>\n<p class=\"ds-markdown-paragraph\">Ut\u00f6ver induktorer hanterar vi dina kompletta behov av BOM-ink\u00f6p:<\/p>\n<ul>\n<li>\n<p class=\"ds-markdown-paragraph\">Passiva komponenter (<a href=\"https:\/\/www.topfastpcb.com\/sv\/products\/capacitor\/\">kondensatorer<\/a>, <a href=\"https:\/\/www.topfastpcb.com\/sv\/products\/resistors\/\">resistorer<\/a>, etc.)<\/p>\n<\/li>\n<li>\n<p class=\"ds-markdown-paragraph\">Halvledare och integrerade kretsar<\/p>\n<\/li>\n<li>\n<p class=\"ds-markdown-paragraph\">Kommunikationsmoduler (Wi-Fi, Bluetooth, etc.)<\/p>\n<\/li>\n<li>\n<p class=\"ds-markdown-paragraph\">Kraftkomponenter och kontaktdon<\/p>\n<\/li>\n<li>\n<p class=\"ds-markdown-paragraph\">Fordon &amp; specialiserade komponenter av medicinsk kvalitet<\/p>\n<\/li>\n<\/ul>\n<p class=\"ds-markdown-paragraph\"><a target=\"_blank\" rel=\"noopener noreferrer\" href=\"https:\/\/www.topfastpcb.com\/sv\/products\/bill-of-materials-bom\/\">Ladda upp din stycklista f\u00f6r optimering<\/a><\/p>\n<h3><span class=\"ez-toc-section\" id=\"High-Precision_PCB_Assembly_Services\"><\/span>Tj\u00e4nster f\u00f6r PCB-montering med h\u00f6g precision<span class=\"ez-toc-section-end\"><\/span><\/h3>\n<p class=\"ds-markdown-paragraph\">TopFasts kretskortsmontering s\u00e4kerst\u00e4ller ett felfritt utf\u00f6rande av induktorintensiva konstruktioner:<\/p>\n<ul>\n<li>\n<p class=\"ds-markdown-paragraph\">Automatiserad placering av SMD-induktorer (\u00b10,025 mm noggrannhet)<\/p>\n<\/li>\n<li>\n<p class=\"ds-markdown-paragraph\">Montering med blandad teknik (SMT + THT)<\/p>\n<\/li>\n<li>\n<p class=\"ds-markdown-paragraph\">Specialiserad l\u00f6dning f\u00f6r h\u00f6gstr\u00f6msinduktorer<\/p>\n<\/li>\n<li>\n<p class=\"ds-markdown-paragraph\">Conformal coating &amp; inkapsling f\u00f6r tuffa milj\u00f6er<\/p>\n<\/li>\n<li>\n<p class=\"ds-markdown-paragraph\">End-to-end-support fr\u00e5n prototypframtagning till massproduktion<\/p>\n<\/li>\n<\/ul>\n<p class=\"ds-markdown-paragraph\">Vi \u00e4r specialiserade p\u00e5 komplexa PCBA-projekt med hundratals komponenter, vilket garanterar en exakt placering.<\/p>\n<p class=\"ds-markdown-paragraph\"><a target=\"_blank\" rel=\"noopener noreferrer\" href=\"https:\/\/www.topfastpcb.com\/sv\/products\/category\/pcba\/\">Utforska v\u00e5ra PCBA-kapaciteter<\/a><\/p>\n<h3><span class=\"ez-toc-section\" id=\"Why_Global_Clients_Trust_TopFast\"><\/span>Varf\u00f6r globala kunder litar p\u00e5 TopFast<span class=\"ez-toc-section-end\"><\/span><\/h3>\n<ol start=\"1\">\n<li>\n<p class=\"ds-markdown-paragraph\"><strong>F\u00f6rdelar med leveranskedjan<\/strong>: Direkta partnerskap med toppm\u00e4rken s\u00e4kerst\u00e4ller kvalitet och kostnadseffektivitet<\/p>\n<\/li>\n<li>\n<p class=\"ds-markdown-paragraph\"><strong>Teknisk support<\/strong>: Gratis granskning av designfiler och optimering av experter<\/p>\n<\/li>\n<li>\n<p class=\"ds-markdown-paragraph\"><strong>Snabb handl\u00e4ggning<\/strong>1-3 dagars komponentupphandling, snabbare time-to-market<\/p>\n<\/li>\n<li>\n<p class=\"ds-markdown-paragraph\"><strong>Kvalitetss\u00e4kring<\/strong>ISO-certifierad fabrik med rigor\u00f6sa QC-processer<\/p>\n<\/li>\n<\/ol>\n<p class=\"ds-markdown-paragraph\"><em>&#8220;TopFast minskade v\u00e5ra BOM-kostnader med 15 % samtidigt som de kortade ledtiderna med 30 %.Deras team f\u00f6rst\u00e5r verkligen v\u00e5ra behov.&#8221;<\/em><span>\u00a0<\/span>- Internationell tillverkare av IoT-enheter<\/p>\n<h3><span class=\"ez-toc-section\" id=\"Industries_Served\"><\/span>Industrier som betj\u00e4nas<span class=\"ez-toc-section-end\"><\/span><\/h3>\n<p class=\"ds-markdown-paragraph\">V\u00e5ra l\u00f6sningar driver applikationer inom:<\/p>\n<ul>\n<li>\n<p class=\"ds-markdown-paragraph\">System f\u00f6r kraftomvandling (SMPS, DC-DC, etc.)<\/p>\n<\/li>\n<li>\n<p class=\"ds-markdown-paragraph\">Tr\u00e5dl\u00f6sa kommunikationsenheter<\/p>\n<\/li>\n<li>\n<p class=\"ds-markdown-paragraph\">Industriella styrsystem<\/p>\n<\/li>\n<li>\n<p class=\"ds-markdown-paragraph\">Medicinsk elektronik<\/p>\n<\/li>\n<li>\n<p class=\"ds-markdown-paragraph\">Elektronik f\u00f6r fordonsindustrin<\/p>\n<\/li>\n<li>\n<p class=\"ds-markdown-paragraph\">Smarta hem &amp; IoT-produkter<\/p>\n<\/li>\n<\/ul>\n<h3><span class=\"ez-toc-section\" id=\"Start_Your_Project_Today\"><\/span>Starta ditt projekt idag<span class=\"ez-toc-section-end\"><\/span><\/h3>\n<p class=\"ds-markdown-paragraph\">Bara 3 enkla steg:<\/p>\n<ol start=\"1\">\n<li>\n<p class=\"ds-markdown-paragraph\">Ladda upp dina Gerber &amp; BOM-filer<\/p>\n<\/li>\n<li>\n<p class=\"ds-markdown-paragraph\">F\u00e5 expertr\u00e5d om optimering och en offert<\/p>\n<\/li>\n<li>\n<p class=\"ds-markdown-paragraph\">Bekr\u00e4fta din best\u00e4llning - vi sk\u00f6ter resten<\/p>\n<\/li>\n<\/ol>\n<p class=\"ds-markdown-paragraph\">\ud83d\udce7 E-post: <a href=\"https:\/\/mailto:op@topfastpcb.com\/\" target=\"_blank\" rel=\"noopener noreferrer\">op@topfastpcb.com<\/a><br \/>\n\ud83d\udcde Telefon: +86 139 2957 6863<br \/>\n\ud83d\udd52 24\/7 kundsupport<\/p>\n<p class=\"ds-markdown-paragraph\"><a target=\"_blank\" rel=\"noopener noreferrer\" href=\"https:\/\/www.topfastpcb.com\/sv\/contact\/\">Ladda upp filer f\u00f6r en offert p\u00e5 1 timme<\/a><\/p>","protected":false},"excerpt":{"rendered":"<p>TopFast erbjuder globala kunder ett komplett utbud av tj\u00e4nster, fr\u00e5n upphandling av induktorer till nyckelf\u00e4rdig PCB-montering.Vi arbetar med ledande varum\u00e4rken f\u00f6r att optimera dina BOM-kostnader, s\u00e4kerst\u00e4lla snabb leverans och garantera 100 % sp\u00e5rbarhet av kvaliteten. Oavsett om du beh\u00f6ver SMD-sp\u00e4nningsinduktorer, RF-drosslar eller komplex PCBA kan vi erbjuda professionellt st\u00f6d.<\/p>","protected":false},"featured_media":3474,"comment_status":"closed","ping_status":"closed","template":"","meta":[],"product_brand":[],"product_cat":[217],"product_tag":[309],"class_list":{"0":"post-3473","1":"product","2":"type-product","3":"status-publish","4":"has-post-thumbnail","6":"product_cat-electronic-components","7":"product_tag-inductor","9":"first","10":"instock","11":"shipping-taxable","12":"product-type-simple"},"yoast_head":"<!-- This site is optimized with the Yoast SEO plugin v25.1 - https:\/\/yoast.com\/wordpress\/plugins\/seo\/ -->\n<title>Inductor - Topfastpcb<\/title>\n<meta name=\"description\" content=\"TopFast provides one-stop PCB manufacturing and inductor procurement services, including complete BOM component procurement, precision PCB assembly, and global supply chain support. Quick quotes and 24-hour response.\" \/>\n<meta name=\"robots\" content=\"index, follow, max-snippet:-1, max-image-preview:large, max-video-preview:-1\" \/>\n<link rel=\"canonical\" href=\"https:\/\/www.topfastpcb.com\/sv\/products\/inductor\/\" \/>\n<meta property=\"og:locale\" content=\"sv_SE\" \/>\n<meta property=\"og:type\" content=\"article\" \/>\n<meta property=\"og:title\" content=\"Inductor - Topfastpcb\" \/>\n<meta property=\"og:description\" content=\"TopFast provides one-stop PCB manufacturing and inductor procurement services, including complete BOM component procurement, precision PCB assembly, and global supply chain support. Quick quotes and 24-hour response.\" \/>\n<meta property=\"og:url\" content=\"https:\/\/www.topfastpcb.com\/sv\/products\/inductor\/\" \/>\n<meta property=\"og:site_name\" content=\"Topfastpcb\" \/>\n<meta property=\"og:image\" content=\"https:\/\/www.topfastpcb.com\/wp-content\/uploads\/2025\/06\/inductor-1.jpg\" \/>\n\t<meta property=\"og:image:width\" content=\"750\" \/>\n\t<meta property=\"og:image:height\" content=\"750\" \/>\n\t<meta property=\"og:image:type\" content=\"image\/jpeg\" \/>\n<meta name=\"twitter:card\" content=\"summary_large_image\" \/>\n<meta name=\"twitter:label1\" content=\"Ber\u00e4knad l\u00e4stid\" \/>\n\t<meta name=\"twitter:data1\" content=\"3 minuter\" \/>\n<script type=\"application\/ld+json\" class=\"yoast-schema-graph\">{\"@context\":\"https:\/\/schema.org\",\"@graph\":[{\"@type\":\"WebPage\",\"@id\":\"https:\/\/www.topfastpcb.com\/products\/inductor\/\",\"url\":\"https:\/\/www.topfastpcb.com\/products\/inductor\/\",\"name\":\"Inductor - Topfastpcb\",\"isPartOf\":{\"@id\":\"https:\/\/www.topfastpcb.com\/#website\"},\"primaryImageOfPage\":{\"@id\":\"https:\/\/www.topfastpcb.com\/products\/inductor\/#primaryimage\"},\"image\":{\"@id\":\"https:\/\/www.topfastpcb.com\/products\/inductor\/#primaryimage\"},\"thumbnailUrl\":\"https:\/\/www.topfastpcb.com\/wp-content\/uploads\/2025\/06\/inductor-1.jpg\",\"datePublished\":\"2025-06-27T00:26:18+00:00\",\"description\":\"TopFast provides one-stop PCB manufacturing and inductor procurement services, including complete BOM component procurement, precision PCB assembly, and global supply chain support. Quick quotes and 24-hour response.\",\"breadcrumb\":{\"@id\":\"https:\/\/www.topfastpcb.com\/products\/inductor\/#breadcrumb\"},\"inLanguage\":\"sv-SE\",\"potentialAction\":[{\"@type\":\"ReadAction\",\"target\":[\"https:\/\/www.topfastpcb.com\/products\/inductor\/\"]}]},{\"@type\":\"ImageObject\",\"inLanguage\":\"sv-SE\",\"@id\":\"https:\/\/www.topfastpcb.com\/products\/inductor\/#primaryimage\",\"url\":\"https:\/\/www.topfastpcb.com\/wp-content\/uploads\/2025\/06\/inductor-1.jpg\",\"contentUrl\":\"https:\/\/www.topfastpcb.com\/wp-content\/uploads\/2025\/06\/inductor-1.jpg\",\"width\":750,\"height\":750,\"caption\":\"inductor\"},{\"@type\":\"BreadcrumbList\",\"@id\":\"https:\/\/www.topfastpcb.com\/products\/inductor\/#breadcrumb\",\"itemListElement\":[{\"@type\":\"ListItem\",\"position\":1,\"name\":\"\u9996\u9875\",\"item\":\"https:\/\/www.topfastpcb.com\/\"},{\"@type\":\"ListItem\",\"position\":2,\"name\":\"\u5546\u5e97\",\"item\":\"https:\/\/www.topfastpcb.com\/shop\/\"},{\"@type\":\"ListItem\",\"position\":3,\"name\":\"Inductor\"}]},{\"@type\":\"WebSite\",\"@id\":\"https:\/\/www.topfastpcb.com\/#website\",\"url\":\"https:\/\/www.topfastpcb.com\/\",\"name\":\"Topfastpcb\",\"description\":\"Topfast Prime Choice for Global Electronics Manufacturing\",\"publisher\":{\"@id\":\"https:\/\/www.topfastpcb.com\/#organization\"},\"potentialAction\":[{\"@type\":\"SearchAction\",\"target\":{\"@type\":\"EntryPoint\",\"urlTemplate\":\"https:\/\/www.topfastpcb.com\/?s={search_term_string}\"},\"query-input\":{\"@type\":\"PropertyValueSpecification\",\"valueRequired\":true,\"valueName\":\"search_term_string\"}}],\"inLanguage\":\"sv-SE\"},{\"@type\":\"Organization\",\"@id\":\"https:\/\/www.topfastpcb.com\/#organization\",\"name\":\"Topfastpcb\",\"url\":\"https:\/\/www.topfastpcb.com\/\",\"logo\":{\"@type\":\"ImageObject\",\"inLanguage\":\"sv-SE\",\"@id\":\"https:\/\/www.topfastpcb.com\/#\/schema\/logo\/image\/\",\"url\":\"https:\/\/www.topfastpcb.com\/wp-content\/uploads\/2026\/02\/cropped-topfast-logo.png\",\"contentUrl\":\"https:\/\/www.topfastpcb.com\/wp-content\/uploads\/2026\/02\/cropped-topfast-logo.png\",\"width\":144,\"height\":56,\"caption\":\"Topfastpcb\"},\"image\":{\"@id\":\"https:\/\/www.topfastpcb.com\/#\/schema\/logo\/image\/\"}}]}<\/script>\n<!-- \/ Yoast SEO plugin. -->","yoast_head_json":{"title":"Inductor - Topfastpcb","description":"TopFast provides one-stop PCB manufacturing and inductor procurement services, including complete BOM component procurement, precision PCB assembly, and global supply chain support. Quick quotes and 24-hour response.","robots":{"index":"index","follow":"follow","max-snippet":"max-snippet:-1","max-image-preview":"max-image-preview:large","max-video-preview":"max-video-preview:-1"},"canonical":"https:\/\/www.topfastpcb.com\/sv\/products\/inductor\/","og_locale":"sv_SE","og_type":"article","og_title":"Inductor - Topfastpcb","og_description":"TopFast provides one-stop PCB manufacturing and inductor procurement services, including complete BOM component procurement, precision PCB assembly, and global supply chain support. Quick quotes and 24-hour response.","og_url":"https:\/\/www.topfastpcb.com\/sv\/products\/inductor\/","og_site_name":"Topfastpcb","og_image":[{"width":750,"height":750,"url":"https:\/\/www.topfastpcb.com\/wp-content\/uploads\/2025\/06\/inductor-1.jpg","type":"image\/jpeg"}],"twitter_card":"summary_large_image","twitter_misc":{"Ber\u00e4knad l\u00e4stid":"3 minuter"},"schema":{"@context":"https:\/\/schema.org","@graph":[{"@type":"WebPage","@id":"https:\/\/www.topfastpcb.com\/products\/inductor\/","url":"https:\/\/www.topfastpcb.com\/products\/inductor\/","name":"Inductor - Topfastpcb","isPartOf":{"@id":"https:\/\/www.topfastpcb.com\/#website"},"primaryImageOfPage":{"@id":"https:\/\/www.topfastpcb.com\/products\/inductor\/#primaryimage"},"image":{"@id":"https:\/\/www.topfastpcb.com\/products\/inductor\/#primaryimage"},"thumbnailUrl":"https:\/\/www.topfastpcb.com\/wp-content\/uploads\/2025\/06\/inductor-1.jpg","datePublished":"2025-06-27T00:26:18+00:00","description":"TopFast provides one-stop PCB manufacturing and inductor procurement services, including complete BOM component procurement, precision PCB assembly, and global supply chain support. Quick quotes and 24-hour response.","breadcrumb":{"@id":"https:\/\/www.topfastpcb.com\/products\/inductor\/#breadcrumb"},"inLanguage":"sv-SE","potentialAction":[{"@type":"ReadAction","target":["https:\/\/www.topfastpcb.com\/products\/inductor\/"]}]},{"@type":"ImageObject","inLanguage":"sv-SE","@id":"https:\/\/www.topfastpcb.com\/products\/inductor\/#primaryimage","url":"https:\/\/www.topfastpcb.com\/wp-content\/uploads\/2025\/06\/inductor-1.jpg","contentUrl":"https:\/\/www.topfastpcb.com\/wp-content\/uploads\/2025\/06\/inductor-1.jpg","width":750,"height":750,"caption":"inductor"},{"@type":"BreadcrumbList","@id":"https:\/\/www.topfastpcb.com\/products\/inductor\/#breadcrumb","itemListElement":[{"@type":"ListItem","position":1,"name":"\u9996\u9875","item":"https:\/\/www.topfastpcb.com\/"},{"@type":"ListItem","position":2,"name":"\u5546\u5e97","item":"https:\/\/www.topfastpcb.com\/shop\/"},{"@type":"ListItem","position":3,"name":"Inductor"}]},{"@type":"WebSite","@id":"https:\/\/www.topfastpcb.com\/#website","url":"https:\/\/www.topfastpcb.com\/","name":"Topfastpcb","description":"Topfast Prime Choice for Global Electronics Manufacturing","publisher":{"@id":"https:\/\/www.topfastpcb.com\/#organization"},"potentialAction":[{"@type":"SearchAction","target":{"@type":"EntryPoint","urlTemplate":"https:\/\/www.topfastpcb.com\/?s={search_term_string}"},"query-input":{"@type":"PropertyValueSpecification","valueRequired":true,"valueName":"search_term_string"}}],"inLanguage":"sv-SE"},{"@type":"Organization","@id":"https:\/\/www.topfastpcb.com\/#organization","name":"Topfastpcb","url":"https:\/\/www.topfastpcb.com\/","logo":{"@type":"ImageObject","inLanguage":"sv-SE","@id":"https:\/\/www.topfastpcb.com\/#\/schema\/logo\/image\/","url":"https:\/\/www.topfastpcb.com\/wp-content\/uploads\/2026\/02\/cropped-topfast-logo.png","contentUrl":"https:\/\/www.topfastpcb.com\/wp-content\/uploads\/2026\/02\/cropped-topfast-logo.png","width":144,"height":56,"caption":"Topfastpcb"},"image":{"@id":"https:\/\/www.topfastpcb.com\/#\/schema\/logo\/image\/"}}]}},"_links":{"self":[{"href":"https:\/\/www.topfastpcb.com\/sv\/wp-json\/wp\/v2\/product\/3473","targetHints":{"allow":["GET"]}}],"collection":[{"href":"https:\/\/www.topfastpcb.com\/sv\/wp-json\/wp\/v2\/product"}],"about":[{"href":"https:\/\/www.topfastpcb.com\/sv\/wp-json\/wp\/v2\/types\/product"}],"replies":[{"embeddable":true,"href":"https:\/\/www.topfastpcb.com\/sv\/wp-json\/wp\/v2\/comments?post=3473"}],"wp:featuredmedia":[{"embeddable":true,"href":"https:\/\/www.topfastpcb.com\/sv\/wp-json\/wp\/v2\/media\/3474"}],"wp:attachment":[{"href":"https:\/\/www.topfastpcb.com\/sv\/wp-json\/wp\/v2\/media?parent=3473"}],"wp:term":[{"taxonomy":"product_brand","embeddable":true,"href":"https:\/\/www.topfastpcb.com\/sv\/wp-json\/wp\/v2\/product_brand?post=3473"},{"taxonomy":"product_cat","embeddable":true,"href":"https:\/\/www.topfastpcb.com\/sv\/wp-json\/wp\/v2\/product_cat?post=3473"},{"taxonomy":"product_tag","embeddable":true,"href":"https:\/\/www.topfastpcb.com\/sv\/wp-json\/wp\/v2\/product_tag?post=3473"}],"curies":[{"name":"wp","href":"https:\/\/api.w.org\/{rel}","templated":true}]}}