{"id":3498,"date":"2025-06-30T08:30:06","date_gmt":"2025-06-30T00:30:06","guid":{"rendered":"https:\/\/www.topfastpcb.com\/?post_type=product&#038;p=3498"},"modified":"2025-06-27T16:10:26","modified_gmt":"2025-06-27T08:10:26","slug":"10-layer-rigid-flex-pcb","status":"publish","type":"product","link":"https:\/\/www.topfastpcb.com\/sv\/products\/10-layer-rigid-flex-pcb\/","title":{"rendered":"10-lagers Rigid-Flex PCB"},"content":{"rendered":"<h2>10-lagers mjuk-h\u00e5rd kompositteknik<\/h2>\n<p class=\"ds-markdown-paragraph\">I dagens h\u00f6gdensitetsdesign av elektroniska enheter har 10-lagers styva flexkort blivit det perfekta valet f\u00f6r avancerade applikationer. Som PCB-tillverkare med 17 \u00e5rs yrkeserfarenhet erbjuder Topfast en one-stop-l\u00f6sning f\u00f6r h\u00f6gkvalitativa styva flexkort som uppfyller milit\u00e4ra standarder.<\/p>\n<h3>Varf\u00f6r v\u00e4lja 10-lagers Rigid-Flex m\u00f6nsterkort?<\/h3>\n<p class=\"ds-markdown-paragraph\">10-lagers styv-flex m\u00f6nsterkort har f\u00f6ljande egenskaper<span>\u00a0<\/span><strong>enast\u00e5ende egenskaper<\/strong>:<\/p>\n<ul>\n<li>\n<p class=\"ds-markdown-paragraph\"><strong>Ultrah\u00f6g precision<\/strong>: Minsta \u00f6ppning 0,07mm, minsta linjebredd\/avst\u00e5nd 0,045mm (2mil\/2mil)<\/p>\n<\/li>\n<li>\n<p class=\"ds-markdown-paragraph\"><strong>Milit\u00e4rklassad kvalitet<\/strong>: Uppfyller IPC Class 2\/3-standarder, 100% elektrisk testgaranti<\/p>\n<\/li>\n<li>\n<p class=\"ds-markdown-paragraph\"><strong>Exceptionell h\u00e5llbarhet<\/strong>: Klarar 20.000 b\u00f6jtester, 3U guldpl\u00e4terad ytbehandling<\/p>\n<\/li>\n<li>\n<p class=\"ds-markdown-paragraph\"><strong>Motst\u00e5nd mot h\u00f6gsp\u00e4nning<\/strong>: 1000V sp\u00e4nningst\u00e5lighet f\u00f6r kr\u00e4vande applikationer<\/p>\n<\/li>\n<li>\n<p class=\"ds-markdown-paragraph\"><strong>H\u00f6gklassiga material<\/strong>: Anv\u00e4nder avancerade material som Shengyi S1000-2M<\/p>\n<\/li>\n<\/ul>\n<blockquote>\n<p class=\"ds-markdown-paragraph\">&#8220;Inom medicinsk utrustning och flyg- och rymdtill\u00e4mpningar har v\u00e5ra 10-lagers styva flexkretskort vunnit globala kunders f\u00f6rtroende med en utbytesgrad p\u00e5 99,2%.&#8221;<\/p>\n<\/blockquote>\n<p><a href=\"https:\/\/www.topfastpcb.com\/sv\/contact\/\">Kontakta oss nu f\u00f6r tillverkning av 10-lagers styv-flex m\u00f6nsterkort<\/a><\/p>\n<p class=\"ds-markdown-paragraph\"><a href=\"https:\/\/www.topfastpcb.com\/sv\/products\/category\/rigid-flex-pcb\/\">Styv-flex PCB<\/a> p\u00e5 ett skickligt s\u00e4tt kombinera<span>\u00a0<\/span><strong>stabilitet hos styva kretskort<\/strong><span>\u00a0<\/span>med<span>\u00a0<\/span><strong>flexibilitet hos flexibla kretsar<\/strong>, uppn\u00e5s genom:<\/p>\n<ol start=\"1\">\n<li>\n<p class=\"ds-markdown-paragraph\"><strong>Materialvetenskapligt genombrott<\/strong>: Perfekt kombination av styva FR4-kort och flexibla substrat av polyimid (PI)<\/p>\n<\/li>\n<li>\n<p class=\"ds-markdown-paragraph\"><strong>Strukturell innovation<\/strong>: Komplexa stack-up-designs i upp till 30 lager, vilket m\u00f6jligg\u00f6r 3D-kablage<\/p>\n<\/li>\n<li>\n<p class=\"ds-markdown-paragraph\"><strong>Precisionshantverk<\/strong>: Exakt inriktning och lamineringsteknik som garanterar noll bubblor, noll delaminering<\/p>\n<\/li>\n<\/ol>\n<p class=\"ds-markdown-paragraph\">Denna teknik \u00e4r s\u00e4rskilt l\u00e4mplig f\u00f6r<span>\u00a0<\/span><strong>b\u00e4rbara enheter<\/strong>,<span>\u00a0<\/span><strong>medicinska instrument,<\/strong><span>\u00a0<\/span>och<span>\u00a0<\/span><strong>flyg- och rymdelektronik<\/strong><span>\u00a0<\/span>som kr\u00e4ver h\u00f6g tillf\u00f6rlitlighet samtidigt som de sparar utrymme.<\/p>\n<h2><img loading=\"lazy\" decoding=\"async\" src=\"https:\/\/www.topfastpcb.com\/wp-content\/uploads\/2025\/06\/Rigid-flex-pcb.jpg\" alt=\"Styv-flex kretskort\" width=\"600\" height=\"402\" class=\"aligncenter size-full wp-image-3499\" srcset=\"https:\/\/www.topfastpcb.com\/wp-content\/uploads\/2025\/06\/Rigid-flex-pcb.jpg 600w, https:\/\/www.topfastpcb.com\/wp-content\/uploads\/2025\/06\/Rigid-flex-pcb-300x201.jpg 300w, https:\/\/www.topfastpcb.com\/wp-content\/uploads\/2025\/06\/Rigid-flex-pcb-18x12.jpg 18w\" sizes=\"auto, (max-width: 600px) 100vw, 600px\" \/><\/h2>\n<h2>One-stop-service fr\u00e5n design till leverans<\/h2>\n<p class=\"ds-markdown-paragraph\">V\u00e5r<span>\u00a0<\/span><strong>tj\u00e4nster med en enda kontaktpunkt<\/strong><span>\u00a0<\/span>inkludera:<\/p>\n<ul>\n<li>\n<p class=\"ds-markdown-paragraph\"><strong>Snabb prototyptillverkning<\/strong>: Prover tillg\u00e4ngliga inom s\u00e5 snabbt som 24 timmar f\u00f6r att p\u00e5skynda din R&amp; D<\/p>\n<\/li>\n<li>\n<p class=\"ds-markdown-paragraph\"><strong>Massproduktion<\/strong>: M\u00e5nadskapacitet p\u00e5 50.000\u33a1 f\u00f6r att m\u00f6ta olika krav<\/p>\n<\/li>\n<li>\n<p class=\"ds-markdown-paragraph\"><strong>Strikt kvalitetskontroll<\/strong>: 100% AOI-inspektion + elektrisk testning s\u00e4kerst\u00e4ller kvalitet av milit\u00e4r klass<\/p>\n<\/li>\n<li>\n<p class=\"ds-markdown-paragraph\"><strong>Teknisk support<\/strong>: Ett 20-\u00e5rigt erfaret ingenj\u00f6rsteam som ger r\u00e5d om designoptimering<\/p>\n<\/li>\n<\/ul>\n<p class=\"ds-markdown-paragraph\"><strong>Typiska till\u00e4mpningsfall<\/strong>:<\/p>\n<ul>\n<li>\n<p class=\"ds-markdown-paragraph\">En tillverkare av medicinsk utrustning som anv\u00e4nder v\u00e5ra 10-lagers styv-flex m\u00f6nsterkort uppn\u00e5dde 40 % mindre storlek och 35 % b\u00e4ttre tillf\u00f6rlitlighet<\/p>\n<\/li>\n<li>\n<p class=\"ds-markdown-paragraph\">En kund inom flyg- och rymdindustrin minskade systemvikten med 25% genom v\u00e5r l\u00f6sning<\/p>\n<\/li>\n<\/ul>\n<h2>Varf\u00f6r v\u00e4ljer globala kunder Topfast?<\/h2>\n<ol start=\"1\">\n<li>\n<p class=\"ds-markdown-paragraph\"><strong>Fullst\u00e4ndiga certifieringar<\/strong>: UL, ROHS, ISO9001 certifierad, kvalitetsgaranti<\/p>\n<\/li>\n<li>\n<p class=\"ds-markdown-paragraph\"><strong>Snabb respons<\/strong>: 1-timmars offert, 4-timmars teknisk feedback, 24\/7 kundservice<\/p>\n<\/li>\n<li>\n<p class=\"ds-markdown-paragraph\"><strong>Kostnadsoptimering<\/strong>: Ett professionellt team bidrar till att minska produktionskostnaderna med 15-30%.<\/p>\n<\/li>\n<li>\n<p class=\"ds-markdown-paragraph\"><strong>Global leverans<\/strong>: St\u00f6djer logistik \u00f6ver hela v\u00e4rlden med en leveransgrad p\u00e5 99,5% i r\u00e4tt tid<\/p>\n<\/li>\n<\/ol>\n<h2>F\u00e5 din skr\u00e4ddarsydda l\u00f6sning nu<\/h2>\n<p class=\"ds-markdown-paragraph\">Oavsett om du beh\u00f6ver<span>\u00a0<\/span><strong>10-lagers styv-flex PCB<\/strong><span>\u00a0<\/span>prover eller bulkbest\u00e4llningar, Topfast kan erbjuda de mest konkurrenskraftiga l\u00f6sningarna.<\/p>\n<p class=\"ds-markdown-paragraph\"><strong>Erbjudande med begr\u00e4nsad giltighetstid<\/strong>: De 20 f\u00f6rsta konsultkunderna f\u00e5r en gratis designgranskning och 5% rabatt p\u00e5 f\u00f6rsta best\u00e4llningen!<\/p>\n<p class=\"ds-markdown-paragraph\"><a target=\"_blank\" rel=\"noopener noreferrer\" href=\"https:\/\/www.topfastpcb.com\/sv\/contact\/\">F\u00e5 en omedelbar offert<\/a><\/p>\n<h2>Om Topfast<\/h2>\n<p class=\"ds-markdown-paragraph\">Topfast grundades 2008 och \u00e4r ett<span>\u00a0<\/span><strong>leverant\u00f6r av helhetsl\u00f6sningar f\u00f6r PCB-design, tillverkning och montering<\/strong>. V\u00e5ra produkter inkluderar HDI-kort, tjocka kopparkort, h\u00f6gfrekventa kort etc., som ofta anv\u00e4nds inom kommunikation, medicin, fordonselektronik och andra omr\u00e5den. Med automatiserade produktionslinjer och strikta kvalitetskontrollsystem \u00e4r vi fast beslutna att f\u00f6rse kunderna med<span>\u00a0<\/span><strong>h\u00f6g kvalitet, h\u00f6g tillf\u00f6rlitlighet<\/strong><span>\u00a0<\/span>tj\u00e4nster f\u00f6r tillverkning av elektronik.<\/p>\n<p class=\"ds-markdown-paragraph\"><strong>V\u00e5ra \u00e5taganden<\/strong>:<br \/>\n\u2713 Kvalitetss\u00e4kring av milit\u00e4r klass<br \/>\n\u2713 Garanti f\u00f6r leverans i tid<br \/>\n\u2713 Professionellt tekniskt st\u00f6d<br \/>\n\u2713 L\u00f6sningar f\u00f6r kostnadsoptimering<\/p>","protected":false},"excerpt":{"rendered":"<p>Tekniska specifikationer, applikationsf\u00f6rdelar och Topfasts professionella tillverkningskapacitet f\u00f6r 10-lagers rigid-flex-kort. Topfast tillhandah\u00e5ller styva flexkort av milit\u00e4r kvalitet som st\u00f6der kundanpassade krav, med en minsta linjebredd p\u00e5 0,045 mm, 1000 V sp\u00e4nningsresistans och UL- och ROHS-certifiering, och erbjuder en helhetsl\u00f6sning.<\/p>","protected":false},"featured_media":3500,"comment_status":"closed","ping_status":"closed","template":"","meta":[],"product_brand":[],"product_cat":[114],"product_tag":[199],"class_list":{"0":"post-3498","1":"product","2":"type-product","3":"status-publish","4":"has-post-thumbnail","6":"product_cat-rigid-flex-pcb","7":"product_tag-rigid-flex-pcb","9":"first","10":"instock","11":"shipping-taxable","12":"product-type-simple"},"yoast_head":"<!-- This site is optimized with the Yoast SEO plugin v25.1 - https:\/\/yoast.com\/wordpress\/plugins\/seo\/ -->\n<title>10-Layer Rigid-Flex PCB - Topfastpcb<\/title>\n<meta name=\"description\" content=\"Topfast offers high-quality 10-layer rigid-flex PCB manufacturing services, meeting military-grade standards, with a minimum line width of 0.045mm, voltage resistance of 1000V, ISO 9001 certification, and 24-hour rapid response, providing you with a one-stop solution from design to production.\" \/>\n<meta name=\"robots\" content=\"index, follow, max-snippet:-1, max-image-preview:large, max-video-preview:-1\" \/>\n<link rel=\"canonical\" href=\"https:\/\/www.topfastpcb.com\/sv\/products\/10-layer-rigid-flex-pcb\/\" \/>\n<meta property=\"og:locale\" content=\"sv_SE\" \/>\n<meta property=\"og:type\" content=\"article\" \/>\n<meta property=\"og:title\" content=\"10-Layer Rigid-Flex PCB - Topfastpcb\" \/>\n<meta property=\"og:description\" content=\"Topfast offers high-quality 10-layer rigid-flex PCB manufacturing services, meeting military-grade standards, with a minimum line width of 0.045mm, voltage resistance of 1000V, ISO 9001 certification, and 24-hour rapid response, providing you with a one-stop solution from design to production.\" \/>\n<meta property=\"og:url\" content=\"https:\/\/www.topfastpcb.com\/sv\/products\/10-layer-rigid-flex-pcb\/\" \/>\n<meta property=\"og:site_name\" content=\"Topfastpcb\" \/>\n<meta property=\"og:image\" content=\"https:\/\/www.topfastpcb.com\/wp-content\/uploads\/2025\/06\/rigid-flexible-pcb38.jpg\" \/>\n\t<meta property=\"og:image:width\" content=\"750\" \/>\n\t<meta property=\"og:image:height\" content=\"750\" \/>\n\t<meta property=\"og:image:type\" content=\"image\/jpeg\" \/>\n<meta name=\"twitter:card\" content=\"summary_large_image\" \/>\n<meta name=\"twitter:label1\" content=\"Ber\u00e4knad l\u00e4stid\" \/>\n\t<meta name=\"twitter:data1\" content=\"3 minuter\" \/>\n<script type=\"application\/ld+json\" class=\"yoast-schema-graph\">{\"@context\":\"https:\/\/schema.org\",\"@graph\":[{\"@type\":\"WebPage\",\"@id\":\"https:\/\/www.topfastpcb.com\/products\/10-layer-rigid-flex-pcb\/\",\"url\":\"https:\/\/www.topfastpcb.com\/products\/10-layer-rigid-flex-pcb\/\",\"name\":\"10-Layer Rigid-Flex PCB - Topfastpcb\",\"isPartOf\":{\"@id\":\"https:\/\/www.topfastpcb.com\/#website\"},\"primaryImageOfPage\":{\"@id\":\"https:\/\/www.topfastpcb.com\/products\/10-layer-rigid-flex-pcb\/#primaryimage\"},\"image\":{\"@id\":\"https:\/\/www.topfastpcb.com\/products\/10-layer-rigid-flex-pcb\/#primaryimage\"},\"thumbnailUrl\":\"https:\/\/www.topfastpcb.com\/wp-content\/uploads\/2025\/06\/rigid-flexible-pcb38.jpg\",\"datePublished\":\"2025-06-30T00:30:06+00:00\",\"description\":\"Topfast offers high-quality 10-layer rigid-flex PCB manufacturing services, meeting military-grade standards, with a minimum line width of 0.045mm, voltage resistance of 1000V, ISO 9001 certification, and 24-hour rapid response, providing you with a one-stop solution from design to production.\",\"breadcrumb\":{\"@id\":\"https:\/\/www.topfastpcb.com\/products\/10-layer-rigid-flex-pcb\/#breadcrumb\"},\"inLanguage\":\"sv-SE\",\"potentialAction\":[{\"@type\":\"ReadAction\",\"target\":[\"https:\/\/www.topfastpcb.com\/products\/10-layer-rigid-flex-pcb\/\"]}]},{\"@type\":\"ImageObject\",\"inLanguage\":\"sv-SE\",\"@id\":\"https:\/\/www.topfastpcb.com\/products\/10-layer-rigid-flex-pcb\/#primaryimage\",\"url\":\"https:\/\/www.topfastpcb.com\/wp-content\/uploads\/2025\/06\/rigid-flexible-pcb38.jpg\",\"contentUrl\":\"https:\/\/www.topfastpcb.com\/wp-content\/uploads\/2025\/06\/rigid-flexible-pcb38.jpg\",\"width\":750,\"height\":750,\"caption\":\"10-layer Rigid-flex pcb\"},{\"@type\":\"BreadcrumbList\",\"@id\":\"https:\/\/www.topfastpcb.com\/products\/10-layer-rigid-flex-pcb\/#breadcrumb\",\"itemListElement\":[{\"@type\":\"ListItem\",\"position\":1,\"name\":\"\u9996\u9875\",\"item\":\"https:\/\/www.topfastpcb.com\/\"},{\"@type\":\"ListItem\",\"position\":2,\"name\":\"\u5546\u5e97\",\"item\":\"https:\/\/www.topfastpcb.com\/shop\/\"},{\"@type\":\"ListItem\",\"position\":3,\"name\":\"10-Layer Rigid-Flex PCB\"}]},{\"@type\":\"WebSite\",\"@id\":\"https:\/\/www.topfastpcb.com\/#website\",\"url\":\"https:\/\/www.topfastpcb.com\/\",\"name\":\"Topfastpcb\",\"description\":\"Topfast Prime Choice for Global Electronics Manufacturing\",\"publisher\":{\"@id\":\"https:\/\/www.topfastpcb.com\/#organization\"},\"potentialAction\":[{\"@type\":\"SearchAction\",\"target\":{\"@type\":\"EntryPoint\",\"urlTemplate\":\"https:\/\/www.topfastpcb.com\/?s={search_term_string}\"},\"query-input\":{\"@type\":\"PropertyValueSpecification\",\"valueRequired\":true,\"valueName\":\"search_term_string\"}}],\"inLanguage\":\"sv-SE\"},{\"@type\":\"Organization\",\"@id\":\"https:\/\/www.topfastpcb.com\/#organization\",\"name\":\"Topfastpcb\",\"url\":\"https:\/\/www.topfastpcb.com\/\",\"logo\":{\"@type\":\"ImageObject\",\"inLanguage\":\"sv-SE\",\"@id\":\"https:\/\/www.topfastpcb.com\/#\/schema\/logo\/image\/\",\"url\":\"https:\/\/www.topfastpcb.com\/wp-content\/uploads\/2026\/02\/cropped-topfast-logo.png\",\"contentUrl\":\"https:\/\/www.topfastpcb.com\/wp-content\/uploads\/2026\/02\/cropped-topfast-logo.png\",\"width\":144,\"height\":56,\"caption\":\"Topfastpcb\"},\"image\":{\"@id\":\"https:\/\/www.topfastpcb.com\/#\/schema\/logo\/image\/\"}}]}<\/script>\n<!-- \/ Yoast SEO plugin. -->","yoast_head_json":{"title":"10-Layer Rigid-Flex PCB - Topfastpcb","description":"Topfast offers high-quality 10-layer rigid-flex PCB manufacturing services, meeting military-grade standards, with a minimum line width of 0.045mm, voltage resistance of 1000V, ISO 9001 certification, and 24-hour rapid response, providing you with a one-stop solution from design to production.","robots":{"index":"index","follow":"follow","max-snippet":"max-snippet:-1","max-image-preview":"max-image-preview:large","max-video-preview":"max-video-preview:-1"},"canonical":"https:\/\/www.topfastpcb.com\/sv\/products\/10-layer-rigid-flex-pcb\/","og_locale":"sv_SE","og_type":"article","og_title":"10-Layer Rigid-Flex PCB - Topfastpcb","og_description":"Topfast offers high-quality 10-layer rigid-flex PCB manufacturing services, meeting military-grade standards, with a minimum line width of 0.045mm, voltage resistance of 1000V, ISO 9001 certification, and 24-hour rapid response, providing you with a one-stop solution from design to production.","og_url":"https:\/\/www.topfastpcb.com\/sv\/products\/10-layer-rigid-flex-pcb\/","og_site_name":"Topfastpcb","og_image":[{"width":750,"height":750,"url":"https:\/\/www.topfastpcb.com\/wp-content\/uploads\/2025\/06\/rigid-flexible-pcb38.jpg","type":"image\/jpeg"}],"twitter_card":"summary_large_image","twitter_misc":{"Ber\u00e4knad l\u00e4stid":"3 minuter"},"schema":{"@context":"https:\/\/schema.org","@graph":[{"@type":"WebPage","@id":"https:\/\/www.topfastpcb.com\/products\/10-layer-rigid-flex-pcb\/","url":"https:\/\/www.topfastpcb.com\/products\/10-layer-rigid-flex-pcb\/","name":"10-Layer Rigid-Flex PCB - Topfastpcb","isPartOf":{"@id":"https:\/\/www.topfastpcb.com\/#website"},"primaryImageOfPage":{"@id":"https:\/\/www.topfastpcb.com\/products\/10-layer-rigid-flex-pcb\/#primaryimage"},"image":{"@id":"https:\/\/www.topfastpcb.com\/products\/10-layer-rigid-flex-pcb\/#primaryimage"},"thumbnailUrl":"https:\/\/www.topfastpcb.com\/wp-content\/uploads\/2025\/06\/rigid-flexible-pcb38.jpg","datePublished":"2025-06-30T00:30:06+00:00","description":"Topfast offers high-quality 10-layer rigid-flex PCB manufacturing services, meeting military-grade standards, with a minimum line width of 0.045mm, voltage resistance of 1000V, ISO 9001 certification, and 24-hour rapid response, providing you with a one-stop solution from design to production.","breadcrumb":{"@id":"https:\/\/www.topfastpcb.com\/products\/10-layer-rigid-flex-pcb\/#breadcrumb"},"inLanguage":"sv-SE","potentialAction":[{"@type":"ReadAction","target":["https:\/\/www.topfastpcb.com\/products\/10-layer-rigid-flex-pcb\/"]}]},{"@type":"ImageObject","inLanguage":"sv-SE","@id":"https:\/\/www.topfastpcb.com\/products\/10-layer-rigid-flex-pcb\/#primaryimage","url":"https:\/\/www.topfastpcb.com\/wp-content\/uploads\/2025\/06\/rigid-flexible-pcb38.jpg","contentUrl":"https:\/\/www.topfastpcb.com\/wp-content\/uploads\/2025\/06\/rigid-flexible-pcb38.jpg","width":750,"height":750,"caption":"10-layer Rigid-flex pcb"},{"@type":"BreadcrumbList","@id":"https:\/\/www.topfastpcb.com\/products\/10-layer-rigid-flex-pcb\/#breadcrumb","itemListElement":[{"@type":"ListItem","position":1,"name":"\u9996\u9875","item":"https:\/\/www.topfastpcb.com\/"},{"@type":"ListItem","position":2,"name":"\u5546\u5e97","item":"https:\/\/www.topfastpcb.com\/shop\/"},{"@type":"ListItem","position":3,"name":"10-Layer Rigid-Flex PCB"}]},{"@type":"WebSite","@id":"https:\/\/www.topfastpcb.com\/#website","url":"https:\/\/www.topfastpcb.com\/","name":"Topfastpcb","description":"Topfast Prime Choice for Global Electronics Manufacturing","publisher":{"@id":"https:\/\/www.topfastpcb.com\/#organization"},"potentialAction":[{"@type":"SearchAction","target":{"@type":"EntryPoint","urlTemplate":"https:\/\/www.topfastpcb.com\/?s={search_term_string}"},"query-input":{"@type":"PropertyValueSpecification","valueRequired":true,"valueName":"search_term_string"}}],"inLanguage":"sv-SE"},{"@type":"Organization","@id":"https:\/\/www.topfastpcb.com\/#organization","name":"Topfastpcb","url":"https:\/\/www.topfastpcb.com\/","logo":{"@type":"ImageObject","inLanguage":"sv-SE","@id":"https:\/\/www.topfastpcb.com\/#\/schema\/logo\/image\/","url":"https:\/\/www.topfastpcb.com\/wp-content\/uploads\/2026\/02\/cropped-topfast-logo.png","contentUrl":"https:\/\/www.topfastpcb.com\/wp-content\/uploads\/2026\/02\/cropped-topfast-logo.png","width":144,"height":56,"caption":"Topfastpcb"},"image":{"@id":"https:\/\/www.topfastpcb.com\/#\/schema\/logo\/image\/"}}]}},"_links":{"self":[{"href":"https:\/\/www.topfastpcb.com\/sv\/wp-json\/wp\/v2\/product\/3498","targetHints":{"allow":["GET"]}}],"collection":[{"href":"https:\/\/www.topfastpcb.com\/sv\/wp-json\/wp\/v2\/product"}],"about":[{"href":"https:\/\/www.topfastpcb.com\/sv\/wp-json\/wp\/v2\/types\/product"}],"replies":[{"embeddable":true,"href":"https:\/\/www.topfastpcb.com\/sv\/wp-json\/wp\/v2\/comments?post=3498"}],"wp:featuredmedia":[{"embeddable":true,"href":"https:\/\/www.topfastpcb.com\/sv\/wp-json\/wp\/v2\/media\/3500"}],"wp:attachment":[{"href":"https:\/\/www.topfastpcb.com\/sv\/wp-json\/wp\/v2\/media?parent=3498"}],"wp:term":[{"taxonomy":"product_brand","embeddable":true,"href":"https:\/\/www.topfastpcb.com\/sv\/wp-json\/wp\/v2\/product_brand?post=3498"},{"taxonomy":"product_cat","embeddable":true,"href":"https:\/\/www.topfastpcb.com\/sv\/wp-json\/wp\/v2\/product_cat?post=3498"},{"taxonomy":"product_tag","embeddable":true,"href":"https:\/\/www.topfastpcb.com\/sv\/wp-json\/wp\/v2\/product_tag?post=3498"}],"curies":[{"name":"wp","href":"https:\/\/api.w.org\/{rel}","templated":true}]}}