{"id":1361,"date":"2025-04-02T13:01:23","date_gmt":"2025-04-02T13:01:23","guid":{"rendered":"http:\/\/topfastpcbb.ru\/?page_id=1361"},"modified":"2025-12-09T21:06:46","modified_gmt":"2025-12-09T13:06:46","slug":"terms-of-service","status":"publish","type":"page","link":"https:\/\/www.topfastpcb.com\/tr\/terms-of-service\/","title":{"rendered":"HI\u0307ZMET \u015eARTLARI"},"content":{"rendered":"<h2 class=\"wp-block-heading\">HI\u0307ZMET \u015eARTLARI<\/h2><p>Web sitemize eri\u015ferek, \u00fcr\u00fcn sat\u0131n alarak ve\/veya par\u00e7alar\u0131 \u00f6zelle\u015ftirerek \"Kullan\u0131c\u0131m\u0131z\" olursunuz ve a\u015fa\u011f\u0131daki Hizmet Ko\u015fullar\u0131na (k\u00f6pr\u00fc yoluyla sa\u011flanan ek ko\u015fullar, \u015fartlar ve politikalar dahil) tabi olmay\u0131 kabul edersiniz. Bu Hizmet Ko\u015fullar\u0131 izleyiciler, tedarik\u00e7iler, m\u00fc\u015fteriler, t\u00fcccarlar ve i\u00e7erik katk\u0131da bulunanlar dahil olmak \u00fczere t\u00fcm Kullan\u0131c\u0131lar i\u00e7in ge\u00e7erlidir.<\/p><p>\u015eartlar\u0131n Kabul Edilmesi<\/p><p>Bu web sitesine eri\u015fmeden veya bu web sitesini kullanmadan \u00f6nce l\u00fctfen Hizmet Ko\u015fullar\u0131n\u0131 dikkatlice okuyunuz. Bu web sitesine eri\u015fiminiz veya bu web sitesini kullan\u0131m\u0131n\u0131z, bu \u015fartlar\u0131 kabul etti\u011finiz anlam\u0131na gelir. \u015eartlar\u0131n t\u00fcm\u00fcn\u00fc kabul etmiyorsan\u0131z, l\u00fctfen bu siteyi veya hizmetlerini kullanmay\u0131n. Bu \u015fartlar\u0131n bir teklif te\u015fkil etmesi halinde, kabul\u00fcn\u00fcz bu \u015fartlarla s\u0131n\u0131rl\u0131d\u0131r.<\/p><p><strong>Yeni \u00d6zellikler ve Hizmet \u015eartlar\u0131<\/strong><\/p><p>Siteye eklenen her t\u00fcrl\u00fc yeni \u00f6zellik veya ara\u00e7 da Hizmet \u015eartlar\u0131na tabi olacakt\u0131r. Hizmet Ko\u015fullar\u0131n\u0131n en g\u00fcncel versiyonu bu sayfada g\u00f6sterilecektir. Hizmet Ko\u015fullar\u0131n\u0131n herhangi bir b\u00f6l\u00fcm\u00fcn\u00fc istedi\u011fimiz zaman g\u00fcncelleme, de\u011fi\u015ftirme veya yerine yenisini koyma hakk\u0131m\u0131z sakl\u0131d\u0131r. En son de\u011fi\u015fikliklerden haberdar oldu\u011funuzdan emin olmak i\u00e7in l\u00fctfen periyodik olarak tekrar kontrol edin. Herhangi bir de\u011fi\u015fikli\u011fin yay\u0131nlanmas\u0131n\u0131n ard\u0131ndan Siteyi kullanmaya devam etmeniz, bu de\u011fi\u015fiklikleri kabul etti\u011finiz anlam\u0131na gelir.<\/p>","protected":false},"excerpt":{"rendered":"<p>H\u0130ZMET \u015eARTLARI Web sitemize eri\u015ferek, \u00fcr\u00fcn sat\u0131n alarak ve\/veya par\u00e7alar\u0131 \u00f6zelle\u015ftirerek \"Kullan\u0131c\u0131m\u0131z\" olursunuz ve a\u015fa\u011f\u0131daki Hizmet \u015eartlar\u0131na (k\u00f6pr\u00fc yoluyla sa\u011flanan ek \u015fartlar, ko\u015fullar ve politikalar dahil) tabi olmay\u0131 kabul edersiniz. Bu Hizmet \u015eartlar\u0131 izleyiciler, tedarik\u00e7iler, m\u00fc\u015fteriler, t\u00fcccarlar ve i\u00e7erik katk\u0131da bulunanlar dahil olmak \u00fczere t\u00fcm Kullan\u0131c\u0131lar i\u00e7in ge\u00e7erlidir. \u015eartlar\u0131n Kabul\u00fc [&hellip;]<\/p>","protected":false},"author":1,"featured_media":0,"parent":0,"menu_order":0,"comment_status":"closed","ping_status":"closed","template":"page-templates\/terms-of-service.php","meta":{"footnotes":""},"class_list":["post-1361","page","type-page","status-publish","hentry"],"yoast_head":"<!-- This site is optimized with the Yoast SEO plugin v25.1 - https:\/\/yoast.com\/wordpress\/plugins\/seo\/ -->\n<title>Terms of Service-Topfast<\/title>\n<meta name=\"description\" content=\"By accessing our website, purchasing products and\/or customizing parts, you become our \u201cUser\u201d and agree to be bound by the following Terms of Service (including additional terms, conditions, and policies provided via hyperlink).\" \/>\n<meta name=\"robots\" content=\"index, follow, max-snippet:-1, max-image-preview:large, max-video-preview:-1\" \/>\n<link rel=\"canonical\" href=\"https:\/\/www.topfastpcb.com\/tr\/terms-of-service\/\" \/>\n<meta property=\"og:locale\" content=\"tr_TR\" \/>\n<meta property=\"og:type\" content=\"article\" \/>\n<meta property=\"og:title\" content=\"Terms of Service-Topfast\" \/>\n<meta property=\"og:description\" content=\"By accessing our website, purchasing products and\/or customizing parts, you become our \u201cUser\u201d and agree to be bound by the following Terms of Service (including additional terms, conditions, and policies provided via hyperlink).\" \/>\n<meta property=\"og:url\" content=\"https:\/\/www.topfastpcb.com\/tr\/terms-of-service\/\" \/>\n<meta property=\"og:site_name\" content=\"Topfastpcb\" \/>\n<meta property=\"article:modified_time\" content=\"2025-12-09T13:06:46+00:00\" \/>\n<meta name=\"twitter:card\" content=\"summary_large_image\" \/>\n<meta name=\"twitter:label1\" content=\"Tahmini okuma s\u00fcresi\" \/>\n\t<meta name=\"twitter:data1\" content=\"2 dakika\" \/>\n<script type=\"application\/ld+json\" class=\"yoast-schema-graph\">{\"@context\":\"https:\/\/schema.org\",\"@graph\":[{\"@type\":\"WebPage\",\"@id\":\"https:\/\/www.topfastpcb.com\/terms-of-service\/\",\"url\":\"https:\/\/www.topfastpcb.com\/terms-of-service\/\",\"name\":\"Terms of Service-Topfast\",\"isPartOf\":{\"@id\":\"https:\/\/www.topfastpcb.com\/#website\"},\"datePublished\":\"2025-04-02T13:01:23+00:00\",\"dateModified\":\"2025-12-09T13:06:46+00:00\",\"description\":\"By accessing our website, purchasing products and\/or customizing parts, you become our \u201cUser\u201d and agree to be bound by the following Terms of Service (including additional terms, conditions, and policies provided via hyperlink).\",\"breadcrumb\":{\"@id\":\"https:\/\/www.topfastpcb.com\/terms-of-service\/#breadcrumb\"},\"inLanguage\":\"tr\",\"potentialAction\":[{\"@type\":\"ReadAction\",\"target\":[\"https:\/\/www.topfastpcb.com\/terms-of-service\/\"]}]},{\"@type\":\"BreadcrumbList\",\"@id\":\"https:\/\/www.topfastpcb.com\/terms-of-service\/#breadcrumb\",\"itemListElement\":[{\"@type\":\"ListItem\",\"position\":1,\"name\":\"\u9996\u9875\",\"item\":\"https:\/\/www.topfastpcb.com\/\"},{\"@type\":\"ListItem\",\"position\":2,\"name\":\"TERMS OF SERVICE\"}]},{\"@type\":\"WebSite\",\"@id\":\"https:\/\/www.topfastpcb.com\/#website\",\"url\":\"https:\/\/www.topfastpcb.com\/\",\"name\":\"Topfastpcb\",\"description\":\"Topfast Prime Choice for Global Electronics Manufacturing\",\"publisher\":{\"@id\":\"https:\/\/www.topfastpcb.com\/#organization\"},\"potentialAction\":[{\"@type\":\"SearchAction\",\"target\":{\"@type\":\"EntryPoint\",\"urlTemplate\":\"https:\/\/www.topfastpcb.com\/?s={search_term_string}\"},\"query-input\":{\"@type\":\"PropertyValueSpecification\",\"valueRequired\":true,\"valueName\":\"search_term_string\"}}],\"inLanguage\":\"tr\"},{\"@type\":\"Organization\",\"@id\":\"https:\/\/www.topfastpcb.com\/#organization\",\"name\":\"Topfastpcb\",\"url\":\"https:\/\/www.topfastpcb.com\/\",\"logo\":{\"@type\":\"ImageObject\",\"inLanguage\":\"tr\",\"@id\":\"https:\/\/www.topfastpcb.com\/#\/schema\/logo\/image\/\",\"url\":\"https:\/\/www.topfastpcb.com\/wp-content\/uploads\/2026\/02\/cropped-topfast-logo.png\",\"contentUrl\":\"https:\/\/www.topfastpcb.com\/wp-content\/uploads\/2026\/02\/cropped-topfast-logo.png\",\"width\":144,\"height\":56,\"caption\":\"Topfastpcb\"},\"image\":{\"@id\":\"https:\/\/www.topfastpcb.com\/#\/schema\/logo\/image\/\"}}]}<\/script>\n<!-- \/ Yoast SEO plugin. -->","yoast_head_json":{"title":"Terms of Service-Topfast","description":"By accessing our website, purchasing products and\/or customizing parts, you become our \u201cUser\u201d and agree to be bound by the following Terms of Service (including additional terms, conditions, and policies provided via hyperlink).","robots":{"index":"index","follow":"follow","max-snippet":"max-snippet:-1","max-image-preview":"max-image-preview:large","max-video-preview":"max-video-preview:-1"},"canonical":"https:\/\/www.topfastpcb.com\/tr\/terms-of-service\/","og_locale":"tr_TR","og_type":"article","og_title":"Terms of Service-Topfast","og_description":"By accessing our website, purchasing products and\/or customizing parts, you become our \u201cUser\u201d and agree to be bound by the following Terms of Service (including additional terms, conditions, and policies provided via hyperlink).","og_url":"https:\/\/www.topfastpcb.com\/tr\/terms-of-service\/","og_site_name":"Topfastpcb","article_modified_time":"2025-12-09T13:06:46+00:00","twitter_card":"summary_large_image","twitter_misc":{"Tahmini okuma s\u00fcresi":"2 dakika"},"schema":{"@context":"https:\/\/schema.org","@graph":[{"@type":"WebPage","@id":"https:\/\/www.topfastpcb.com\/terms-of-service\/","url":"https:\/\/www.topfastpcb.com\/terms-of-service\/","name":"Terms of Service-Topfast","isPartOf":{"@id":"https:\/\/www.topfastpcb.com\/#website"},"datePublished":"2025-04-02T13:01:23+00:00","dateModified":"2025-12-09T13:06:46+00:00","description":"By accessing our website, purchasing products and\/or customizing parts, you become our \u201cUser\u201d and agree to be bound by the following Terms of Service (including additional terms, conditions, and policies provided via hyperlink).","breadcrumb":{"@id":"https:\/\/www.topfastpcb.com\/terms-of-service\/#breadcrumb"},"inLanguage":"tr","potentialAction":[{"@type":"ReadAction","target":["https:\/\/www.topfastpcb.com\/terms-of-service\/"]}]},{"@type":"BreadcrumbList","@id":"https:\/\/www.topfastpcb.com\/terms-of-service\/#breadcrumb","itemListElement":[{"@type":"ListItem","position":1,"name":"\u9996\u9875","item":"https:\/\/www.topfastpcb.com\/"},{"@type":"ListItem","position":2,"name":"TERMS OF SERVICE"}]},{"@type":"WebSite","@id":"https:\/\/www.topfastpcb.com\/#website","url":"https:\/\/www.topfastpcb.com\/","name":"Topfastpcb","description":"Topfast Prime Choice for Global Electronics Manufacturing","publisher":{"@id":"https:\/\/www.topfastpcb.com\/#organization"},"potentialAction":[{"@type":"SearchAction","target":{"@type":"EntryPoint","urlTemplate":"https:\/\/www.topfastpcb.com\/?s={search_term_string}"},"query-input":{"@type":"PropertyValueSpecification","valueRequired":true,"valueName":"search_term_string"}}],"inLanguage":"tr"},{"@type":"Organization","@id":"https:\/\/www.topfastpcb.com\/#organization","name":"Topfastpcb","url":"https:\/\/www.topfastpcb.com\/","logo":{"@type":"ImageObject","inLanguage":"tr","@id":"https:\/\/www.topfastpcb.com\/#\/schema\/logo\/image\/","url":"https:\/\/www.topfastpcb.com\/wp-content\/uploads\/2026\/02\/cropped-topfast-logo.png","contentUrl":"https:\/\/www.topfastpcb.com\/wp-content\/uploads\/2026\/02\/cropped-topfast-logo.png","width":144,"height":56,"caption":"Topfastpcb"},"image":{"@id":"https:\/\/www.topfastpcb.com\/#\/schema\/logo\/image\/"}}]}},"_links":{"self":[{"href":"https:\/\/www.topfastpcb.com\/tr\/wp-json\/wp\/v2\/pages\/1361","targetHints":{"allow":["GET"]}}],"collection":[{"href":"https:\/\/www.topfastpcb.com\/tr\/wp-json\/wp\/v2\/pages"}],"about":[{"href":"https:\/\/www.topfastpcb.com\/tr\/wp-json\/wp\/v2\/types\/page"}],"author":[{"embeddable":true,"href":"https:\/\/www.topfastpcb.com\/tr\/wp-json\/wp\/v2\/users\/1"}],"replies":[{"embeddable":true,"href":"https:\/\/www.topfastpcb.com\/tr\/wp-json\/wp\/v2\/comments?post=1361"}],"version-history":[{"count":1,"href":"https:\/\/www.topfastpcb.com\/tr\/wp-json\/wp\/v2\/pages\/1361\/revisions"}],"predecessor-version":[{"id":1901,"href":"https:\/\/www.topfastpcb.com\/tr\/wp-json\/wp\/v2\/pages\/1361\/revisions\/1901"}],"wp:attachment":[{"href":"https:\/\/www.topfastpcb.com\/tr\/wp-json\/wp\/v2\/media?parent=1361"}],"curies":[{"name":"wp","href":"https:\/\/api.w.org\/{rel}","templated":true}]}}