{"id":3,"date":"2025-03-26T11:47:51","date_gmt":"2025-03-26T11:47:51","guid":{"rendered":"http:\/\/topfastpcbb.ru\/?page_id=3"},"modified":"2025-12-09T20:47:30","modified_gmt":"2025-12-09T12:47:30","slug":"privacy-policy","status":"publish","type":"page","link":"https:\/\/www.topfastpcb.com\/tr\/privacy-policy\/","title":{"rendered":"Gizlilik Politikas\u0131"},"content":{"rendered":"<p>Bu site, kullan\u0131c\u0131n\u0131n gizlilik politikas\u0131na b\u00fcy\u00fck \u00f6nem vermekte ve ilgili yasa ve y\u00f6netmeliklere kesinlikle uymaktad\u0131r.Bu sitenin hizmetlerini kullanmaya devam etmeden \u00f6nce, l\u00fctfen bu gizlilik politikas\u0131n\u0131 okuyun.Hizmetlerimizi kullanmaya devam ederseniz, bu s\u00f6zle\u015fmenin t\u00fcm i\u00e7eri\u011fini tamamen okudu\u011funuz ve anlad\u0131\u011f\u0131n\u0131z anlam\u0131na gelir.<br>Bu site, bu hizmetin t\u00fcm kullan\u0131c\u0131lar\u0131n\u0131n gizlili\u011fine sayg\u0131 duyar ve korur. Size daha do\u011fru ve ki\u015fiselle\u015ftirilmi\u015f bir hizmet sunmak i\u00e7in Site, ki\u015fisel bilgilerinizi bu Gizlilik Politikas\u0131na uygun olarak kullanacak ve if\u015fa edecektir. Bu Gizlilik Politikas\u0131nda aksi belirtilmedik\u00e7e, Site bu bilgileri \u00f6nceden izniniz olmadan \u00fc\u00e7\u00fcnc\u00fc \u015fah\u0131slara if\u015fa etmeyecek veya sa\u011flamayacakt\u0131r. Site, bu Gizlilik Politikas\u0131n\u0131 zaman zaman g\u00fcncelleyebilir. Hizmet Kullan\u0131m S\u00f6zle\u015fmemizi kabul etti\u011finizde bu Gizlilik Politikas\u0131n\u0131n tamam\u0131n\u0131 kabul etmi\u015f say\u0131l\u0131rs\u0131n\u0131z. Bu Gizlilik Politikas\u0131, Hizmet Kullan\u0131m S\u00f6zle\u015fmemizin ayr\u0131lmaz bir par\u00e7as\u0131d\u0131r.<\/p><ol class=\"wp-block-list\"><li><strong>Uygulama Kapsam\u0131<\/strong><br>a) Bu web sitesinde bir hesap i\u00e7in kaydoldu\u011funuzda, ki\u015fisel kay\u0131t bilgilerinizi bu web sitesinin gerekliliklerine uygun olarak sa\u011flars\u0131n\u0131z;<br>b) Web sitesinin a\u011f hizmetlerini kulland\u0131\u011f\u0131n\u0131zda veya web sitesinin web sayfalar\u0131n\u0131 ziyaret etti\u011finizde, web sitesi IP adresiniz, taray\u0131c\u0131 t\u00fcr\u00fcn\u00fcz, diliniz, eri\u015fim tarih ve saatiniz, bilgilerin donan\u0131m ve yaz\u0131l\u0131m \u00f6zellikleri ve ihtiya\u00e7 duydu\u011funuz web sayfalar\u0131n\u0131n kay\u0131tlar\u0131 dahil ancak bunlarla s\u0131n\u0131rl\u0131 olmamak \u00fczere taray\u0131c\u0131n\u0131z ve bilgisayar\u0131n\u0131zdaki bilgileri otomatik olarak al\u0131r ve kaydeder; c) Web sitesi, IP adresiniz, taray\u0131c\u0131 t\u00fcr\u00fcn\u00fcz, diliniz, eri\u015fim tarih ve saatiniz ve ihtiya\u00e7 duydu\u011funuz bilgilerdeki herhangi bir de\u011fi\u015fikli\u011fi size bildirecektir. talep edilen web sayfas\u0131 kay\u0131tlar\u0131 vb;<br>c) Bu web sitesi taraf\u0131ndan i\u015f ortaklar\u0131ndan hukuka uygun yollarla elde edilen kullan\u0131c\u0131lar\u0131n ki\u015fisel verileri.<br>d) Bu site, kullan\u0131c\u0131lar\u0131n \u00e7\u0131plakl\u0131k, pornografi, k\u00fcf\u00fcr vb. sak\u0131ncal\u0131 bilgileri yay\u0131nlamas\u0131n\u0131 kesinlikle yasaklar. G\u00f6nderinin i\u00e7eri\u011fini inceleyece\u011fiz ve sak\u0131ncal\u0131 bilgi bulundu\u011funda, kullan\u0131c\u0131n\u0131n t\u00fcm ayr\u0131cal\u0131klar\u0131 devre d\u0131\u015f\u0131 b\u0131rak\u0131lacakt\u0131r.<br>A\u015fa\u011f\u0131daki bilgilerin bu gizlilik politikas\u0131 i\u00e7in ge\u00e7erli olmad\u0131\u011f\u0131n\u0131 anl\u0131yor ve kabul ediyorsunuz:<br>a) Platformumuz taraf\u0131ndan sa\u011flanan arama hizmetlerini kulland\u0131\u011f\u0131n\u0131zda girdi\u011finiz anahtar kelime bilgileri;<br>b) Bu site, faaliyetlere kat\u0131l\u0131m, i\u015flem bilgileri ve de\u011ferlendirme ayr\u0131nt\u0131lar\u0131 dahil ancak bunlarla s\u0131n\u0131rl\u0131 olmamak \u00fczere taraf\u0131n\u0131zdan a\u00e7\u0131klanan ilgili bilgi ve verileri toplar;<br>c) Yasalar\u0131n veya kurallar\u0131n ihlali ve sitenin size kar\u015f\u0131 al\u0131nm\u0131\u015f olmas\u0131.<\/li><\/ol><ol start=\"2\" class=\"wp-block-list\"><li><strong>Bilgi Kullan\u0131m\u0131<\/strong><br>a) Bu site, \u00f6nceden izninizi almad\u0131\u011f\u0131n\u0131z s\u00fcrece ki\u015fisel bilgilerinizi ilgisiz herhangi bir \u00fc\u00e7\u00fcnc\u00fc tarafa vermeyecek, satmayacak, kiralamayacak, payla\u015fmayacak veya ticaretini yapmayacak veya \u00fc\u00e7\u00fcnc\u00fc taraf ve bu site (bu sitenin ba\u011fl\u0131 kurulu\u015flar\u0131 dahil) sizin i\u00e7in ayr\u0131 ayr\u0131 veya ortakla\u015fa hizmet sunmayacak ve hizmetin sona ermesinden sonra, eri\u015ftikleri t\u00fcm bilgiler dahil olmak \u00fczere bilgilere eri\u015fmeleri yasaklanacakt\u0131r.<br>b) Bu site ayr\u0131ca, herhangi bir \u00fc\u00e7\u00fcnc\u00fc taraf\u0131n ki\u015fisel bilgilerinizi herhangi bir \u015fekilde tazminat \u00f6demeden toplamas\u0131na, d\u00fczenlemesine, satmas\u0131na veya yaymas\u0131na izin vermez. Bu sitenin platformunun herhangi bir kullan\u0131c\u0131s\u0131 yukar\u0131daki faaliyetlerde bulunursa, bu site, ke\u015ffedildikten hemen sonra kullan\u0131c\u0131yla olan hizmet s\u00f6zle\u015fmesini feshetme hakk\u0131na sahiptir.<br>c) Kullan\u0131c\u0131lara hizmet vermek amac\u0131yla Site, ki\u015fisel bilgilerinizi, size \u00fcr\u00fcnler ve hizmetler hakk\u0131nda bilgi g\u00f6ndermek veya size \u00fcr\u00fcnleri ve hizmetleri hakk\u0131nda bilgi g\u00f6nderebilmeleri i\u00e7in ortaklar\u0131m\u0131zla bilgi payla\u015fmak (ikincisi \u00f6nceden onay\u0131n\u0131z\u0131 gerektirir) dahil ancak bunlarla s\u0131n\u0131rl\u0131 olmamak \u00fczere ilginizi \u00e7ekecek bilgileri sa\u011flamak i\u00e7in kullanabilir.<\/li>\n\n<li><strong>Bilgi A\u00e7\u0131klamas\u0131<\/strong><br>A\u015fa\u011f\u0131daki ko\u015fullar alt\u0131nda, bu web sitesi ki\u015fisel bilgilerinizi tamamen veya k\u0131smen ki\u015fisel isteklerinize veya yasa h\u00fck\u00fcmlerine g\u00f6re a\u00e7\u0131klayacakt\u0131r:<br>a) \u00f6nceden izninizi alarak \u00fc\u00e7\u00fcnc\u00fc bir tarafa;<br>b) \u0130htiyac\u0131n\u0131z olan \u00fcr\u00fcn ve hizmetleri size sa\u011flamak i\u00e7in, bu web sitesinin ki\u015fisel bilgilerinizi \u00fc\u00e7\u00fcnc\u00fc bir tarafla payla\u015fmas\u0131 gerekir;<br>c) Kanunun ilgili h\u00fck\u00fcmlerine uygun olarak veya idari veya adli organlar\u0131n talebi \u00fczerine \u00fc\u00e7\u00fcnc\u00fc bir ki\u015fiye veya idari, adli kurumlara;<br>d) \u0130lgili yasa ve y\u00f6netmelikleri veya hizmet s\u00f6zle\u015fmesini veya bu web sitesinin ilgili kurallar\u0131n\u0131 ihlal ederseniz, \u00fc\u00e7\u00fcnc\u00fc bir tarafa if\u015fa edilmesi gerekir;<br>e) Uygun bir fikri m\u00fclkiyet haklar\u0131 \u015fikayet\u00e7isi iseniz ve bir \u015fikayette bulunduysan\u0131z, bu web sitesi, iki taraf\u0131n haklar \u00fczerindeki olas\u0131 anla\u015fmazl\u0131\u011f\u0131 ele almas\u0131 i\u00e7in daval\u0131n\u0131n talebine g\u00f6re daval\u0131ya if\u015fa edecektir;<br>f) Bu web sitesinin platformunda olu\u015fturulan belirli bir i\u015flemde, i\u015flemin taraflar\u0131ndan herhangi birinin i\u015flemin y\u00fck\u00fcml\u00fcl\u00fcklerini yerine getirmesi veya k\u0131smen yerine getirmesi ve i\u015flemin y\u00fck\u00fcml\u00fcl\u00fcklerini k\u0131smen yerine getiren bilgileri sunmas\u0131 ve bilgilerin if\u015fa edilmesi i\u00e7in bir talepte bulunmas\u0131 halinde, bu site, i\u015flemin tamamlanmas\u0131n\u0131 veya anla\u015fmazl\u0131klar\u0131n \u00e7\u00f6z\u00fcm\u00fcn\u00fc kolayla\u015ft\u0131rmak i\u00e7in kullan\u0131c\u0131ya i\u015flemin di\u011fer taraf\u0131n\u0131n ileti\u015fim bilgilerini ve di\u011fer gerekli bilgileri sa\u011flamaya karar verme hakk\u0131na sahiptir.<br>g) Bu web sitesinin yasalar, y\u00f6netmelikler veya web sitesi politikalar\u0131na g\u00f6re uygun g\u00f6rd\u00fc\u011f\u00fc di\u011fer a\u00e7\u0131klamalar.<\/li>\n\n<li><strong>Bilgi Depolama ve De\u011fi\u015fimi<\/strong><br>Bu web sitesi taraf\u0131ndan hakk\u0131n\u0131zda toplanan bilgi ve materyaller bu web sitesinin ve (veya) ba\u011fl\u0131 kurulu\u015flar\u0131n\u0131n sunucular\u0131nda saklanacakt\u0131r ve bu bilgi ve materyaller bulundu\u011funuz \u00fclke veya b\u00f6lgeye veya bu web sitesinin bilgi ve materyalleri toplad\u0131\u011f\u0131 yerin d\u0131\u015f\u0131na iletilebilir ve \u00fclke d\u0131\u015f\u0131ndan eri\u015filebilir, saklanabilir ve g\u00f6r\u00fcnt\u00fclenebilir.<\/li>\n\n<li><strong>\u00c7erezlerin Kullan\u0131m\u0131<\/strong><br>a) \u00c7erezleri reddetmediyseniz, oturum a\u00e7abilmeniz veya platformumuzun \u00e7erezlere dayanan hizmetlerini veya \u00f6zelliklerini kullanabilmeniz i\u00e7in bilgisayar\u0131n\u0131za web sitemizi kuraca\u011f\u0131z veya web sitemize eri\u015fece\u011fiz. \u00c7erezlerin kullan\u0131m\u0131, promosyon hizmetleri de dahil olmak \u00fczere size daha \u00f6zenli ve ki\u015fiselle\u015ftirilmi\u015f hizmetler sunmam\u0131z\u0131 sa\u011flar.<br>b) \u00c7erezleri kabul etmeyi veya reddetmeyi se\u00e7me hakk\u0131na sahipsiniz. taray\u0131c\u0131 ayarlar\u0131n\u0131z\u0131 de\u011fi\u015ftirerek \u00e7erezleri reddedebilirsiniz. ancak, \u00e7erezleri reddetmeyi se\u00e7erseniz, web hizmetlerimize veya \u00e7erezlere dayanan \u00f6zelliklerimize giri\u015f yapamayabilir veya bunlar\u0131 kullanamayabilirsiniz.<br>c) Bu politika, bu web sitesi taraf\u0131ndan belirlenen \u00e7erezler arac\u0131l\u0131\u011f\u0131yla elde edilen bilgiler i\u00e7in ge\u00e7erli olacakt\u0131r.<\/li>\n\n<li><strong>Bilgi G\u00fcvenli\u011fi<\/strong><br>a) Bu web sitesinin hesab\u0131n\u0131n g\u00fcvenlik koruma i\u015flevi vard\u0131r, l\u00fctfen kullan\u0131c\u0131 ad\u0131 ve \u015fifre bilgilerinizi do\u011fru \u015fekilde saklay\u0131n.Bu site, bilgilerinizin kaybolmamas\u0131n\u0131, k\u00f6t\u00fcye kullan\u0131lmamas\u0131n\u0131 veya de\u011fi\u015ftirilmemesini sa\u011flamak i\u00e7in kullan\u0131c\u0131 \u015fifresi ve di\u011fer g\u00fcvenlik \u00f6nlemleri arac\u0131l\u0131\u011f\u0131yla \u015fifrelenecektir.Yukar\u0131da belirtilen g\u00fcvenlik \u00f6nlemlerine ra\u011fmen, bilgi a\u011f\u0131nda \"m\u00fckemmel g\u00fcvenlik \u00f6nlemleri\" olmad\u0131\u011f\u0131n\u0131 l\u00fctfen unutmay\u0131n.<br>b) \u00c7evrimi\u00e7i i\u015flemler i\u00e7in sitenin a\u011f hizmetlerini kullan\u0131rken, ka\u00e7\u0131n\u0131lmaz olarak ileti\u015fim bilgileri veya posta adresi gibi ki\u015fisel bilgilerinizi kar\u015f\u0131 tarafa veya potansiyel kar\u015f\u0131 tarafa if\u015fa etmeniz gerekecektir.L\u00fctfen ki\u015fisel bilgilerinizi uygun \u015fekilde koruyun ve yaln\u0131zca gerekli oldu\u011funda ba\u015fkalar\u0131na verin. Ki\u015fisel bilgilerinizin, \u00f6zellikle de kullan\u0131c\u0131 ad\u0131 ve \u015fifrenizin s\u0131zd\u0131r\u0131ld\u0131\u011f\u0131n\u0131 fark ederseniz, uygun \u00f6nlemleri alabilmemiz i\u00e7in l\u00fctfen derhal m\u00fc\u015fteri hizmetlerimizle ileti\u015fime ge\u00e7in.<\/li><\/ol>","protected":false},"excerpt":{"rendered":"<p>Bu site, kullan\u0131c\u0131n\u0131n gizlilik politikas\u0131na b\u00fcy\u00fck \u00f6nem vermekte ve ilgili yasa ve y\u00f6netmeliklere kesinlikle uymaktad\u0131r. Bu sitenin hizmetlerini kullanmaya devam etmeden \u00f6nce, l\u00fctfen bu gizlilik politikas\u0131n\u0131 okuyun. Hizmetlerimizi kullanmaya devam ederseniz, bu s\u00f6zle\u015fmenin t\u00fcm i\u00e7eri\u011fini tam olarak okudu\u011funuz ve anlad\u0131\u011f\u0131n\u0131z anlam\u0131na gelir. bu [&hellip;]<\/p>","protected":false},"author":1,"featured_media":0,"parent":0,"menu_order":0,"comment_status":"closed","ping_status":"closed","template":"page-templates\/privacy-policy.php","meta":{"footnotes":""},"class_list":["post-3","page","type-page","status-publish","hentry"],"yoast_head":"<!-- This site is optimized with the Yoast SEO plugin v25.1 - https:\/\/yoast.com\/wordpress\/plugins\/seo\/ -->\n<title>Privacy Policy-Topfast<\/title>\n<meta name=\"description\" content=\"This site attaches great importance to the user&#039;s privacy policy, and strictly abide by relevant laws and regulations. Before you continue to use the services of this site, please read this privacy policy.\" \/>\n<meta name=\"robots\" content=\"index, follow, max-snippet:-1, max-image-preview:large, max-video-preview:-1\" \/>\n<link rel=\"canonical\" href=\"https:\/\/www.topfastpcb.com\/tr\/privacy-policy\/\" \/>\n<meta property=\"og:locale\" content=\"tr_TR\" \/>\n<meta property=\"og:type\" content=\"article\" \/>\n<meta property=\"og:title\" content=\"Privacy Policy-Topfast\" \/>\n<meta property=\"og:description\" content=\"This site attaches great importance to the user&#039;s privacy policy, and strictly abide by relevant laws and regulations. Before you continue to use the services of this site, please read this privacy policy.\" \/>\n<meta property=\"og:url\" content=\"https:\/\/www.topfastpcb.com\/tr\/privacy-policy\/\" \/>\n<meta property=\"og:site_name\" content=\"Topfastpcb\" \/>\n<meta property=\"article:modified_time\" content=\"2025-12-09T12:47:30+00:00\" \/>\n<meta name=\"twitter:card\" content=\"summary_large_image\" \/>\n<meta name=\"twitter:label1\" content=\"Tahmini okuma s\u00fcresi\" \/>\n\t<meta name=\"twitter:data1\" content=\"7 dakika\" \/>\n<script type=\"application\/ld+json\" class=\"yoast-schema-graph\">{\"@context\":\"https:\/\/schema.org\",\"@graph\":[{\"@type\":\"WebPage\",\"@id\":\"https:\/\/www.topfastpcb.com\/privacy-policy\/\",\"url\":\"https:\/\/www.topfastpcb.com\/privacy-policy\/\",\"name\":\"Privacy Policy-Topfast\",\"isPartOf\":{\"@id\":\"https:\/\/www.topfastpcb.com\/#website\"},\"datePublished\":\"2025-03-26T11:47:51+00:00\",\"dateModified\":\"2025-12-09T12:47:30+00:00\",\"description\":\"This site attaches great importance to the user's privacy policy, and strictly abide by relevant laws and regulations. Before you continue to use the services of this site, please read this privacy policy.\",\"breadcrumb\":{\"@id\":\"https:\/\/www.topfastpcb.com\/privacy-policy\/#breadcrumb\"},\"inLanguage\":\"tr\",\"potentialAction\":[{\"@type\":\"ReadAction\",\"target\":[\"https:\/\/www.topfastpcb.com\/privacy-policy\/\"]}]},{\"@type\":\"BreadcrumbList\",\"@id\":\"https:\/\/www.topfastpcb.com\/privacy-policy\/#breadcrumb\",\"itemListElement\":[{\"@type\":\"ListItem\",\"position\":1,\"name\":\"\u9996\u9875\",\"item\":\"https:\/\/www.topfastpcb.com\/\"},{\"@type\":\"ListItem\",\"position\":2,\"name\":\"Privacy Policy\"}]},{\"@type\":\"WebSite\",\"@id\":\"https:\/\/www.topfastpcb.com\/#website\",\"url\":\"https:\/\/www.topfastpcb.com\/\",\"name\":\"Topfastpcb\",\"description\":\"Topfast Prime Choice for Global Electronics Manufacturing\",\"publisher\":{\"@id\":\"https:\/\/www.topfastpcb.com\/#organization\"},\"potentialAction\":[{\"@type\":\"SearchAction\",\"target\":{\"@type\":\"EntryPoint\",\"urlTemplate\":\"https:\/\/www.topfastpcb.com\/?s={search_term_string}\"},\"query-input\":{\"@type\":\"PropertyValueSpecification\",\"valueRequired\":true,\"valueName\":\"search_term_string\"}}],\"inLanguage\":\"tr\"},{\"@type\":\"Organization\",\"@id\":\"https:\/\/www.topfastpcb.com\/#organization\",\"name\":\"Topfastpcb\",\"url\":\"https:\/\/www.topfastpcb.com\/\",\"logo\":{\"@type\":\"ImageObject\",\"inLanguage\":\"tr\",\"@id\":\"https:\/\/www.topfastpcb.com\/#\/schema\/logo\/image\/\",\"url\":\"https:\/\/www.topfastpcb.com\/wp-content\/uploads\/2026\/02\/cropped-topfast-logo.png\",\"contentUrl\":\"https:\/\/www.topfastpcb.com\/wp-content\/uploads\/2026\/02\/cropped-topfast-logo.png\",\"width\":144,\"height\":56,\"caption\":\"Topfastpcb\"},\"image\":{\"@id\":\"https:\/\/www.topfastpcb.com\/#\/schema\/logo\/image\/\"}}]}<\/script>\n<!-- \/ Yoast SEO plugin. -->","yoast_head_json":{"title":"Privacy Policy-Topfast","description":"This site attaches great importance to the user's privacy policy, and strictly abide by relevant laws and regulations. Before you continue to use the services of this site, please read this privacy policy.","robots":{"index":"index","follow":"follow","max-snippet":"max-snippet:-1","max-image-preview":"max-image-preview:large","max-video-preview":"max-video-preview:-1"},"canonical":"https:\/\/www.topfastpcb.com\/tr\/privacy-policy\/","og_locale":"tr_TR","og_type":"article","og_title":"Privacy Policy-Topfast","og_description":"This site attaches great importance to the user's privacy policy, and strictly abide by relevant laws and regulations. Before you continue to use the services of this site, please read this privacy policy.","og_url":"https:\/\/www.topfastpcb.com\/tr\/privacy-policy\/","og_site_name":"Topfastpcb","article_modified_time":"2025-12-09T12:47:30+00:00","twitter_card":"summary_large_image","twitter_misc":{"Tahmini okuma s\u00fcresi":"7 dakika"},"schema":{"@context":"https:\/\/schema.org","@graph":[{"@type":"WebPage","@id":"https:\/\/www.topfastpcb.com\/privacy-policy\/","url":"https:\/\/www.topfastpcb.com\/privacy-policy\/","name":"Privacy Policy-Topfast","isPartOf":{"@id":"https:\/\/www.topfastpcb.com\/#website"},"datePublished":"2025-03-26T11:47:51+00:00","dateModified":"2025-12-09T12:47:30+00:00","description":"This site attaches great importance to the user's privacy policy, and strictly abide by relevant laws and regulations. Before you continue to use the services of this site, please read this privacy policy.","breadcrumb":{"@id":"https:\/\/www.topfastpcb.com\/privacy-policy\/#breadcrumb"},"inLanguage":"tr","potentialAction":[{"@type":"ReadAction","target":["https:\/\/www.topfastpcb.com\/privacy-policy\/"]}]},{"@type":"BreadcrumbList","@id":"https:\/\/www.topfastpcb.com\/privacy-policy\/#breadcrumb","itemListElement":[{"@type":"ListItem","position":1,"name":"\u9996\u9875","item":"https:\/\/www.topfastpcb.com\/"},{"@type":"ListItem","position":2,"name":"Privacy Policy"}]},{"@type":"WebSite","@id":"https:\/\/www.topfastpcb.com\/#website","url":"https:\/\/www.topfastpcb.com\/","name":"Topfastpcb","description":"Topfast Prime Choice for Global Electronics Manufacturing","publisher":{"@id":"https:\/\/www.topfastpcb.com\/#organization"},"potentialAction":[{"@type":"SearchAction","target":{"@type":"EntryPoint","urlTemplate":"https:\/\/www.topfastpcb.com\/?s={search_term_string}"},"query-input":{"@type":"PropertyValueSpecification","valueRequired":true,"valueName":"search_term_string"}}],"inLanguage":"tr"},{"@type":"Organization","@id":"https:\/\/www.topfastpcb.com\/#organization","name":"Topfastpcb","url":"https:\/\/www.topfastpcb.com\/","logo":{"@type":"ImageObject","inLanguage":"tr","@id":"https:\/\/www.topfastpcb.com\/#\/schema\/logo\/image\/","url":"https:\/\/www.topfastpcb.com\/wp-content\/uploads\/2026\/02\/cropped-topfast-logo.png","contentUrl":"https:\/\/www.topfastpcb.com\/wp-content\/uploads\/2026\/02\/cropped-topfast-logo.png","width":144,"height":56,"caption":"Topfastpcb"},"image":{"@id":"https:\/\/www.topfastpcb.com\/#\/schema\/logo\/image\/"}}]}},"_links":{"self":[{"href":"https:\/\/www.topfastpcb.com\/tr\/wp-json\/wp\/v2\/pages\/3","targetHints":{"allow":["GET"]}}],"collection":[{"href":"https:\/\/www.topfastpcb.com\/tr\/wp-json\/wp\/v2\/pages"}],"about":[{"href":"https:\/\/www.topfastpcb.com\/tr\/wp-json\/wp\/v2\/types\/page"}],"author":[{"embeddable":true,"href":"https:\/\/www.topfastpcb.com\/tr\/wp-json\/wp\/v2\/users\/1"}],"replies":[{"embeddable":true,"href":"https:\/\/www.topfastpcb.com\/tr\/wp-json\/wp\/v2\/comments?post=3"}],"version-history":[{"count":1,"href":"https:\/\/www.topfastpcb.com\/tr\/wp-json\/wp\/v2\/pages\/3\/revisions"}],"predecessor-version":[{"id":1897,"href":"https:\/\/www.topfastpcb.com\/tr\/wp-json\/wp\/v2\/pages\/3\/revisions\/1897"}],"wp:attachment":[{"href":"https:\/\/www.topfastpcb.com\/tr\/wp-json\/wp\/v2\/media?parent=3"}],"curies":[{"name":"wp","href":"https:\/\/api.w.org\/{rel}","templated":true}]}}