{"id":365,"date":"2025-03-28T03:04:19","date_gmt":"2025-03-28T03:04:19","guid":{"rendered":"http:\/\/topfastpcbb.ru\/about-two\/"},"modified":"2025-12-03T11:56:55","modified_gmt":"2025-12-03T03:56:55","slug":"about","status":"publish","type":"page","link":"https:\/\/www.topfastpcb.com\/tr\/about\/","title":{"rendered":"Hakk\u0131nda"},"content":{"rendered":"<h2>Daha H\u0131zl\u0131 Olun Daha \u0130yi Olun - Topfast<\/h2>\n<p>        <img decoding=\"async\" src=\"https:\/\/www.topfastpcb.com\/wp-content\/uploads\/2025\/04\/4%E6%9C%8817%E6%97%A51-%E5%B0%81%E9%9D%A2-1.jpg\" alt=\"Topfast Elektronik \u00dcretim Tesisi\"><br \/>\n        2008 y\u0131l\u0131nda kurulan Topfast, K\u00fcresel Elektronik \u00dcretimi i\u00e7in \u0130lk Tercihtir. Tasar\u0131m, imalat ve montajda 17 y\u0131ll\u0131k deneyime sahip lider bir PCB \u00fcreticisi olarak, h\u0131zl\u0131 prototipleme ve d\u00fc\u015f\u00fck hacimli \u00fcretim konusunda uzman\u0131z.<br \/>\n          Daha fazlas\u0131n\u0131 istihdam ediyoruz <strong>1.000 profesyonel<\/strong> bizim <strong>30.000 m\u00b2'lik tesis<\/strong>Huawei, Xiaomi, Rakuten, Thales Group, Mitsubishi, DJI UAV ve Hikvision gibi k\u00fcresel yenilik\u00e7ilere hizmet vermektedir.<br \/>\n        Topfast, ola\u011fan\u00fcst\u00fc kalite ve zaman\u0131nda teslimat i\u00e7in pazarda tan\u0131n\u0131rl\u0131k kazanm\u0131\u015ft\u0131r. \"Y\u00fcksek kalite\" ve \"h\u0131zl\u0131 teslimat\" taahh\u00fcd\u00fcnde bulunan g\u00fcvenilir bir PCB orta\u011f\u0131 olarak m\u00fc\u015fteri memnuniyetine odaklanmaya devam ediyoruz.<\/p>\n<h3>Uzmanl\u0131\u011f\u0131m\u0131z<\/h3>\n<p>          HDI Panolar\u0131<br \/>\n          Kal\u0131n Bak\u0131r Levhalar<br \/>\n          Arka Panel Panolar\u0131<br \/>\n          Yar\u0131 \u0130letken Test Kartlar\u0131<br \/>\n          Y\u00fcksek Frekansl\u0131 Panolar<br \/>\n          Y\u00fcksek H\u0131zl\u0131 Panolar<br \/>\n          Sert-Flex Levhalar<br \/>\n        <!-- Inquiry Buttons Section --><br \/>\n          <a href=\"#\" rel=\"nofollow\">Teklif \u0130steyin<\/a><br \/>\n          <a href=\"#\" rel=\"nofollow\">Teknik Sorgulama<\/a><br \/>\n            17+<br \/>\n            Y\u0131l Tecr\u00fcbe<br \/>\n            1K+<br \/>\n            \u00c7al\u0131\u015fanlar<br \/>\n            30K<br \/>\n            Metrekare<br \/>\n            100%<br \/>\n            Sertifikal\u0131<\/p>\n<h3>K\u00fcresel M\u00fc\u015fteriler<\/h3>\n<p>          Huawei<br \/>\n          Xiaomi<br \/>\n          Rakuten<br \/>\n          Thales Grubu<br \/>\n          Mitsubishi<br \/>\n          DJI \u0130HA<br \/>\n          Hikvision<br \/>\n          IoT Liderleri<\/p>\n<h3>Sertifikalar<\/h3>\n<p>        T\u00fcm \u00fcr\u00fcnler UL, ROHS ve ISO9001 sertifikas\u0131 ile IPC standartlar\u0131n\u0131 kar\u015f\u0131lamaktad\u0131r.<\/p>\n<h3>Uygulamalar<\/h3>\n<p>        \u0130leti\u015fim, T\u0131bbi Ekipman, End\u00fcstriyel Kontrol, G\u00fc\u00e7 Kayna\u011f\u0131, T\u00fcketici Elektroni\u011fi, Havac\u0131l\u0131k ve Uzay, Otomotiv<br \/>\n        <!-- Additional Inquiry Button --><br \/>\n          <a href=\"#\" rel=\"nofollow\">\u00dccretsiz Numune \u0130steyin<\/a><\/p>\n<h3>Taahh\u00fcd\u00fcm\u00fcz<\/h3>\n<p>Tasar\u0131m dan\u0131\u015fmanl\u0131\u011f\u0131 ve teknik destek sa\u011flayan k\u0131demli teknisyenlerle (20+ y\u0131ll\u0131k deneyim) \"\u00f6nce m\u00fc\u015fteri, \u00f6nce kalite\" ilkesine ba\u011fl\u0131y\u0131z. PCB kalitesini sa\u011flamak i\u00e7in s\u00fcrekli olarak yeni ekipman ve teknolojiye yat\u0131r\u0131m yap\u0131yoruz.<\/p>\n<p>        <a href=\"#\" rel=\"nofollow\">Yeteneklerimizi G\u00f6r\u00fcnt\u00fcleyin<\/a><br \/>\n          G\u00f6rev<\/p>\n<p>\u00c7al\u0131\u015fanlara ula\u015fmak, m\u00fc\u015fterileri ta\u015f\u0131mak ve \u00c7in'in d\u00fcnya \u00e7ap\u0131nda ak\u0131ll\u0131 \u00fcretimine yard\u0131mc\u0131 olmak.<\/p>\n<p>          Vizyon<\/p>\n<p>Mutlu \u00e7al\u0131\u015fanlar\u0131 ve de\u011ferli m\u00fc\u015fterileri olan as\u0131rl\u0131k bir ak\u0131ll\u0131 elektronik teknoloji \u015firketi olun.<\/p>\n<p>          Temel De\u011ferler<\/p>\n<p>\u00d6nce M\u00fc\u015fteri Teknoloji Liderli\u011fi D\u00fcr\u00fcstl\u00fck ve kar\u015f\u0131l\u0131kl\u0131l\u0131k i\u00e7in \u00e7abalamak.<\/p>\n<h2>T\u00fcm \u00dcr\u00fcnler<\/h2>\n<h6>PCB ve PCBA Prototip ve Montaj Kart\u0131 Sa\u011flay\u0131n<\/h6>\n<p>        <!-- \u4ea7\u54c1\u98791 --><br \/>\n          <a href=\"https:\/\/www.topfastpcb.com\/tr\/products\/high-speed-pcb\/\"><\/p>\n<h3>Y\u00fcksek H\u0131zl\u0131 PCB 2025<\/h3>\n<p>          <\/a><br \/>\n        <!-- \u4ea7\u54c1\u98792 --><br \/>\n          <a href=\"https:\/\/www.topfastpcb.com\/tr\/products\/deep-ultraviolet-duv-purifier-pcbs\/\"><\/p>\n<h3>Seramik PCB<\/h3>\n<p>          <\/a><br \/>\n        <!-- \u4ea7\u54c1\u98793 --><br \/>\n          <a href=\"https:\/\/www.topfastpcb.com\/tr\/products\/double-sided-flexible-pcb\/\"><\/p>\n<h3>Esnek PCB<\/h3>\n<p>          <\/a><br \/>\n        <!-- \u4ea7\u54c1\u98794 --><br \/>\n          <a href=\"https:\/\/www.topfastpcb.com\/tr\/products\/consumer-electronics-pcba\/\"><\/p>\n<h3>T\u00fcketici Elektroni\u011fi PCBA<\/h3>\n<p>          <\/a><br \/>\n        <!-- \u4ea7\u54c1\u98795 --><br \/>\n          <a href=\"https:\/\/www.topfastpcb.com\/tr\/products\/metal-stiffener-rigid-flex-pcb\/\"><\/p>\n<h3>Rijit-Esnek PCB<\/h3>\n<p>          <\/a><br \/>\n        <!-- \u4ea7\u54c1\u98796 --><br \/>\n          <a href=\"https:\/\/www.topfastpcb.com\/tr\/products\/pcba-for-medical-industry\/\"><\/p>\n<h3>T\u0131bbi PCBA<\/h3>\n<p>          <\/a><br \/>\n        <!-- \u4ea7\u54c1\u98797 --><br \/>\n          <a href=\"https:\/\/www.topfastpcb.com\/tr\/products\/high-tg-rigid-pcb\/\"><\/p>\n<h3>Y\u00fcksek TG Sert PCB 2025<\/h3>\n<p>          <\/a><\/p>\n<style>\n\/* \u4ea7\u54c1\u5c55\u793a\u533a\u6837\u5f0f *\/\n.tf-products-section {\n  padding: 60px 0;\n  position: relative;\n}\n.tf-products-header {\n  text-align: center;\n  margin-bottom: 40px;\n  padding: 0 20px;\n}\n.tf-main-title {\n  font-size: 48px;\n  color: #2e7d32;\n  margin: 0 0 15px;\n  font-weight: 700;\n  letter-spacing: -1px;\n}\n.tf-subtitle {\n  font-size: 18px;\n  color: #546e7a;\n  margin: 0;\n  font-weight: 400;\n}\n\/* \u4ea7\u54c1\u8f6e\u64ad\u6837\u5f0f *\/\n.tf-products-carousel {\n  position: relative;\n  max-width: 1470px;\n  margin: 0 auto;\n  padding: 0 40px;\n}\n.tf-carousel-container {\n  overflow: hidden;\n  position: relative;\n}\n.tf-carousel-track {\n  display: flex;\n  gap: 30px;\n  transition: transform 0.5s ease;\n  padding: 10px 0;\n}\n.tf-product-card {\n  flex: 0 0 calc(20% - 24px);\n  min-width: 280px; \/* \u589e\u5927\u5361\u7247\u5bbd\u5ea6 *\/\n  border-radius: 8px;\n  overflow: hidden;\n  transition: all 0.3s ease;\n  position: relative;\n  background: #fff;\n  \/* \u79fb\u9664\u9634\u5f71\u6548\u679c *\/\n}\n.tf-product-card:hover {\n  transform: translateY(-5px);\n}\n.tf-product-image {\n  height: 280px; \/* \u589e\u5927\u56fe\u7247\u9ad8\u5ea6 *\/\n  background-size: cover;\n  background-position: center;\n  position: relative;\n}\n.tf-product-overlay {\n  position: absolute;\n  bottom: 0;\n  left: 0;\n  right: 0;\n  background: linear-gradient(to top, rgba(0,0,0,0.8), transparent);\n  padding: 20px;\n  color: white;\n}\n.tf-product-title {\n  margin: 0;\n  font-size: 18px;\n  font-weight: 600;\n  color: #fff;\n  text-shadow: 0 1px 3px rgba(0,0,0,0.3);\n}\n\/* \u54cd\u5e94\u5f0f\u8bbe\u8ba1 *\/\n@media (max-width: 1200px) {\n  .tf-product-card {\n    flex: 0 0 calc(25% - 23px);\n  }\n}\n@media (max-width: 992px) {\n  .tf-main-title {\n    font-size: 36px;\n  }\n  .tf-product-card {\n    flex: 0 0 calc(33.333% - 20px);\n  }\n}\n@media (max-width: 768px) {\n  .tf-products-section {\n    padding: 40px 0;\n  }\n  .tf-products-carousel {\n    padding: 0 20px;\n  }\n  .tf-product-card {\n    flex: 0 0 calc(50% - 15px);\n  }\n  .tf-product-image {\n    height: 240px; \/* \u8c03\u6574\u79fb\u52a8\u7aef\u56fe\u7247\u9ad8\u5ea6 *\/\n  }\n}\n@media (max-width: 576px) {\n  .tf-main-title {\n    font-size: 28px;\n  }\n  .tf-subtitle {\n    font-size: 16px;\n  }\n  .tf-product-card {\n    flex: 0 0 100%;\n    max-width: 320px;\n    margin: 0 auto;\n  }\n  .tf-carousel-track {\n    gap: 20px;\n  }\n  .tf-product-image {\n    height: 260px; \/* \u8fdb\u4e00\u6b65\u8c03\u6574\u79fb\u52a8\u7aef\u56fe\u7247\u9ad8\u5ea6 *\/\n  }\n}\n<\/style>\n<h2>S\u0131k\u00e7a Sorulan Sorular<\/h2>\n<p>      <!-- \u7b2c\u4e00\u5217FAQ --><br \/>\n            +<\/p>\n<h3>TopFast ne i\u015f yapar?<\/h3>\n<p>TopFast, PCB'lerin, PCBA'lar\u0131n ve uzman k\u00fcresel tedarik\u00e7ilerden tek elden PCB \u00fcretimi, montaj\u0131 ve tedarikinin y\u00fcksek kaliteli, zaman\u0131nda teslimat\u0131n\u0131 sa\u011flar.<\/p>\n<p>            +<\/p>\n<h3>Teslim s\u00fcreniz nedir?<\/h3>\n<p>Destekleyebilece\u011fimiz en h\u0131zl\u0131 teslim s\u00fcresi 12 saattir. 1 saat h\u0131zl\u0131 teklif. 4 saat h\u0131zl\u0131 m\u00fchendislik. Bu, \u00fcr\u00fcn gereksinimlerinize ve miktar\u0131na ba\u011fl\u0131d\u0131r. Ayr\u0131ca, teslim s\u00fcresi de teklifinize dahil edilecektir.<\/p>\n<p>            +<\/p>\n<h3>\u00dccretsiz numune sunuyor musunuz?<\/h3>\n<p>\u00dccretsiz PCB'ler sunmuyoruz, seri \u00fcretimden \u00f6nce kalitemizi do\u011frulamak istiyorsan\u0131z, bir prototip sipari\u015fi vermek daha iyidir.Kalitemizi do\u011frulad\u0131ktan sonra, ihtiyac\u0131n\u0131z olan herhangi bir miktar i\u00e7in kolayca sipari\u015f verebilirsiniz.<\/p>\n<p>            +<\/p>\n<h3>Nakliye \u00fccreti ne olacak?<\/h3>\n<p>K\u00fc\u00e7\u00fck paketler i\u00e7in ekspres kurye kullanman\u0131z\u0131 \u00f6neririz (\u00f6rne\u011fin DHL, UPS, FedEx ve EMS kap\u0131dan kap\u0131ya hizmet!).Bu en h\u0131zl\u0131 ama ayn\u0131 zamanda en pahal\u0131 yoldur.B\u00fcy\u00fck paketler i\u00e7in deniz ta\u015f\u0131mac\u0131l\u0131\u011f\u0131 en iyi \u00e7\u00f6z\u00fcmd\u00fcr.Size do\u011fru nakliye \u00fccretlerini ancak miktar, a\u011f\u0131rl\u0131k ve nakliye y\u00f6ntemi ayr\u0131nt\u0131lar\u0131n\u0131 bilirsek verebiliriz.<\/p>\n<p>      <!-- \u7b2c\u4e8c\u5217FAQ --><br \/>\n            +<\/p>\n<h3>Nas\u0131l sipari\u015f verebilirim?<\/h3>\n<p>\u00c7evrimi\u00e7i:Web sitemizden \u00fccretsiz fiyat teklifi al\u0131n. E-posta: \u5411Sales@topfastpcb.com A\u015fa\u011f\u0131daki bilgileri i\u00e7eren bir e-posta g\u00f6nderin: ad, \u015firket, adres, telefon numaras\u0131, e-posta adresi, \u00fcr\u00fcn numaras\u0131, miktar, \u00fcr\u00fcn s\u00fcresi ve bizimle payla\u015fmak istedi\u011finiz di\u011fer bilgiler. Gerber dosyan\u0131z\u0131 ekleyin.<\/p>\n<p>Telefon:Herhangi bir sorunuz varsa, l\u00fctfen +86-13929576863 adresinden bizi aramaktan \u00e7ekinmeyin.<\/p>\n<p>            +<\/p>\n<h3>PCB'lerinizi nerede \u00fcretiyorsunuz?<\/h3>\n<p>K\u00fcresel bir PCB \u00fcreticisi olarak, fabrikalar\u0131m\u0131z Guangzhou, \u00c7in ve Shenzhen, \u00c7in'de bulunmaktad\u0131r ve size en iyi hizmeti sunmak i\u00e7in her b\u00f6lgenin avantajlar\u0131n\u0131 kullanmaktad\u0131r.<\/p>\n<p>            +<\/p>\n<h3>B\u00fcy\u00fck bir sipari\u015f vermeye haz\u0131r\u0131m, ancak \u00f6nce kalitenizi test etmem gerekiyor.Sorun olur mu?<\/h3>\n<p>Elbette. \u00d6nce bir prototip sipari\u015fi verebilirsiniz. Kaliteyi kontrol etmek i\u00e7in se\u00e7eneklerden herhangi birini kullan\u0131n ve ard\u0131ndan seri \u00fcretime devam etmek isteyip istemedi\u011finizi bize bildirin. 2025<\/p>\n<p>            +<\/p>\n<h3>Fiyatlar\u0131n\u0131z \u00e7ok d\u00fc\u015f\u00fck, m\u00fckemmel kaliteyi nas\u0131l sa\u011fl\u0131yorsunuz?<\/h3>\n<p>1. S\u00fcrekli olarak yeni ekipman ve teknoloji sunuyoruz. 2 Kartlar\u0131n kalitesini sa\u011flamak i\u00e7in y\u00fcksek kaliteli malzemeler kullan\u0131yoruz. 3 \u00dcretim y\u00f6netimi ve profesyonel PCB becerileri konusunda zengin deneyime sahip, yirmi y\u0131l\u0131 a\u015fk\u0131n s\u00fcredir PCB \u00fcretimi yapan 25'ten fazla deneyimli y\u00f6netici ve teknisyenimiz var. Genel giderlerimiz son derece d\u00fc\u015f\u00fck \u00e7\u00fcnk\u00fc verimli bir do\u011frudan sat\u0131\u015f kanal\u0131m\u0131z var. \u00d6dedi\u011finiz her kuru\u015f en y\u00fcksek kalite i\u00e7indir!<\/p>\n<style>\n\/* FAQ\u90e8\u5206\u6574\u4f53\u6837\u5f0f *\/\n.topfast-faq-section {\n  padding: 80px 0;\n  font-family: 'Poppins', Arial, sans-serif;\n}\n.topfast-faq-container {\n  max-width: 1470px;\n  margin: 0 auto;\n  padding: 0 20px;\n}\n.topfast-faq-main-title {\n  text-align: center;\n  font-size: 42px;\n  color: #2e7d32;\n  margin-bottom: 50px;\n  font-weight: 700;\n  position: relative;\n}\n.topfast-faq-main-title:after {\n  content: '';\n  display: block;\n  width: 80px;\n  height: 4px;\n  background: #4caf50;\n  margin: 15px auto 0;\n}\n.topfast-faq-columns {\n  display: flex;\n  gap: 40px;\n}\n.topfast-faq-column {\n  flex: 1;\n}\n\/* FAQ\u9879\u6837\u5f0f *\/\n.topfast-faq-item {\n  margin-bottom: 20px;\n  border-radius: 8px;\n  overflow: hidden;\n  box-shadow: 0 3px 15px rgba(0,0,0,0.05);\n  transition: all 0.3s ease;\n}\n.topfast-faq-item:hover {\n  box-shadow: 0 5px 25px rgba(0,0,0,0.1);\n}\n.topfast-faq-question {\n  background: #fff;\n  padding: 20px 25px;\n  cursor: pointer;\n  display: flex;\n  align-items: center;\n  transition: all 0.3s ease;\n}\n.topfast-faq-question:hover {\n  background: #f1f8e9;\n}\n.topfast-faq-question h3 {\n  margin: 0;\n  font-size: 18px;\n  font-weight: 600;\n  color: #333;\n  flex: 1;\n}\n.topfast-faq-icon {\n  display: inline-block;\n  width: 24px;\n  height: 24px;\n  background: #4caf50;\n  color: white;\n  border-radius: 50%;\n  text-align: center;\n  line-height: 24px;\n  margin-right: 15px;\n  font-size: 18px;\n  font-weight: bold;\n  transition: all 0.3s ease;\n}\n.topfast-faq-item.active .topfast-faq-icon {\n  transform: rotate(45deg);\n  background: #2e7d32;\n}\n.topfast-faq-answer {\n  background: #fff;\n  padding: 0 25px;\n  max-height: 0;\n  overflow: hidden;\n  transition: all 0.3s ease;\n}\n.topfast-faq-item.active .topfast-faq-answer {\n  padding: 0 25px 20px;\n  max-height: 500px;\n}\n.topfast-faq-answer p {\n  margin: 15px 0 0;\n  color: #555;\n  line-height: 1.6;\n}\n\/* \u54cd\u5e94\u5f0f\u8bbe\u8ba1 *\/\n@media (max-width: 992px) {\n  .topfast-faq-columns {\n    flex-direction: column;\n    gap: 20px;\n  }\n  .topfast-faq-main-title {\n    font-size: 36px;\n  }\n}\n@media (max-width: 768px) {\n  .topfast-faq-section {\n    padding: 60px 0;\n  }\n  .topfast-faq-main-title {\n    font-size: 30px;\n    margin-bottom: 30px;\n  }\n  .topfast-faq-question {\n    padding: 15px 20px;\n  }\n  .topfast-faq-question h3 {\n    font-size: 16px;\n  }\n  .topfast-faq-icon {\n    width: 20px;\n    height: 20px;\n    line-height: 20px;\n    font-size: 16px;\n    margin-right: 12px;\n  }\n}\n<\/style>","protected":false},"excerpt":{"rendered":"<p>Daha H\u0131zl\u0131,Daha \u0130yi Olun \u2013 Topfast 2008 y\u0131l\u0131nda kurulan Topfast, k\u00fcresel elektronik \u00fcretimi i\u00e7in en iyi se\u00e7imdir. 17 y\u0131ll\u0131k tasar\u0131m, \u00fcretim ve montaj deneyimine sahip lider bir PCB \u00fcreticisi olarak, h\u0131zl\u0131 prototip olu\u015fturma ve d\u00fc\u015f\u00fck hacimli \u00fcretimde uzman\u0131z. 30.000 m\u00b2'lik tesisimizde 1.000'den fazla profesyonel \u00e7al\u0131\u015fan\u0131 istihdam ediyor ve [\u2026] dahil olmak \u00fczere k\u00fcresel yenilik\u00e7ilere hizmet veriyoruz.<\/p>","protected":false},"author":1,"featured_media":0,"parent":0,"menu_order":0,"comment_status":"closed","ping_status":"closed","template":"page-templates\/about.php","meta":{"footnotes":""},"class_list":["post-365","page","type-page","status-publish","hentry"],"yoast_head":"<!-- This site is optimized with the Yoast SEO plugin v25.1 - https:\/\/yoast.com\/wordpress\/plugins\/seo\/ -->\n<title>Specialized PCB Manufacturer-Topfast<\/title>\n<meta name=\"description\" content=\"Topfast Prime Choice for Global Electronics Manufacturing. We are a professional and reliable one-stop printed circuit board solution provider specializing in PCB rapid prototyping and low-volume products.\" \/>\n<meta name=\"robots\" content=\"index, follow, max-snippet:-1, max-image-preview:large, max-video-preview:-1\" \/>\n<link rel=\"canonical\" href=\"https:\/\/www.topfastpcb.com\/tr\/about\/\" \/>\n<meta property=\"og:locale\" content=\"tr_TR\" \/>\n<meta property=\"og:type\" content=\"article\" \/>\n<meta property=\"og:title\" content=\"Specialized PCB Manufacturer-Topfast\" \/>\n<meta property=\"og:description\" content=\"Topfast Prime Choice for Global Electronics Manufacturing. We are a professional and reliable one-stop printed circuit board solution provider specializing in PCB rapid prototyping and low-volume products.\" \/>\n<meta property=\"og:url\" content=\"https:\/\/www.topfastpcb.com\/tr\/about\/\" \/>\n<meta property=\"og:site_name\" content=\"Topfastpcb\" \/>\n<meta property=\"article:modified_time\" content=\"2025-12-03T03:56:55+00:00\" \/>\n<meta property=\"og:image\" content=\"https:\/\/www.topfastpcb.com\/wp-content\/uploads\/2025\/04\/4%E6%9C%8817%E6%97%A51-%E5%B0%81%E9%9D%A2-1.jpg\" \/>\n<meta name=\"twitter:card\" content=\"summary_large_image\" \/>\n<meta name=\"twitter:label1\" content=\"Tahmini okuma s\u00fcresi\" \/>\n\t<meta name=\"twitter:data1\" content=\"3 dakika\" \/>\n<script type=\"application\/ld+json\" class=\"yoast-schema-graph\">{\"@context\":\"https:\/\/schema.org\",\"@graph\":[{\"@type\":\"WebPage\",\"@id\":\"https:\/\/www.topfastpcb.com\/about\/\",\"url\":\"https:\/\/www.topfastpcb.com\/about\/\",\"name\":\"Specialized PCB Manufacturer-Topfast\",\"isPartOf\":{\"@id\":\"https:\/\/www.topfastpcb.com\/#website\"},\"primaryImageOfPage\":{\"@id\":\"https:\/\/www.topfastpcb.com\/about\/#primaryimage\"},\"image\":{\"@id\":\"https:\/\/www.topfastpcb.com\/about\/#primaryimage\"},\"thumbnailUrl\":\"https:\/\/www.topfastpcb.com\/wp-content\/uploads\/2025\/04\/4%E6%9C%8817%E6%97%A51-%E5%B0%81%E9%9D%A2-1.jpg\",\"datePublished\":\"2025-03-28T03:04:19+00:00\",\"dateModified\":\"2025-12-03T03:56:55+00:00\",\"description\":\"Topfast Prime Choice for Global Electronics Manufacturing. We are a professional and reliable one-stop printed circuit board solution provider specializing in PCB rapid prototyping and low-volume products.\",\"breadcrumb\":{\"@id\":\"https:\/\/www.topfastpcb.com\/about\/#breadcrumb\"},\"inLanguage\":\"tr\",\"potentialAction\":[{\"@type\":\"ReadAction\",\"target\":[\"https:\/\/www.topfastpcb.com\/about\/\"]}]},{\"@type\":\"ImageObject\",\"inLanguage\":\"tr\",\"@id\":\"https:\/\/www.topfastpcb.com\/about\/#primaryimage\",\"url\":\"https:\/\/www.topfastpcb.com\/wp-content\/uploads\/2025\/04\/4%E6%9C%8817%E6%97%A51-%E5%B0%81%E9%9D%A2-1.jpg\",\"contentUrl\":\"https:\/\/www.topfastpcb.com\/wp-content\/uploads\/2025\/04\/4%E6%9C%8817%E6%97%A51-%E5%B0%81%E9%9D%A2-1.jpg\"},{\"@type\":\"BreadcrumbList\",\"@id\":\"https:\/\/www.topfastpcb.com\/about\/#breadcrumb\",\"itemListElement\":[{\"@type\":\"ListItem\",\"position\":1,\"name\":\"\u9996\u9875\",\"item\":\"https:\/\/www.topfastpcb.com\/\"},{\"@type\":\"ListItem\",\"position\":2,\"name\":\"About\"}]},{\"@type\":\"WebSite\",\"@id\":\"https:\/\/www.topfastpcb.com\/#website\",\"url\":\"https:\/\/www.topfastpcb.com\/\",\"name\":\"Topfastpcb\",\"description\":\"Topfast Prime Choice for Global Electronics Manufacturing\",\"publisher\":{\"@id\":\"https:\/\/www.topfastpcb.com\/#organization\"},\"potentialAction\":[{\"@type\":\"SearchAction\",\"target\":{\"@type\":\"EntryPoint\",\"urlTemplate\":\"https:\/\/www.topfastpcb.com\/?s={search_term_string}\"},\"query-input\":{\"@type\":\"PropertyValueSpecification\",\"valueRequired\":true,\"valueName\":\"search_term_string\"}}],\"inLanguage\":\"tr\"},{\"@type\":\"Organization\",\"@id\":\"https:\/\/www.topfastpcb.com\/#organization\",\"name\":\"Topfastpcb\",\"url\":\"https:\/\/www.topfastpcb.com\/\",\"logo\":{\"@type\":\"ImageObject\",\"inLanguage\":\"tr\",\"@id\":\"https:\/\/www.topfastpcb.com\/#\/schema\/logo\/image\/\",\"url\":\"https:\/\/www.topfastpcb.com\/wp-content\/uploads\/2026\/02\/cropped-topfast-logo.png\",\"contentUrl\":\"https:\/\/www.topfastpcb.com\/wp-content\/uploads\/2026\/02\/cropped-topfast-logo.png\",\"width\":144,\"height\":56,\"caption\":\"Topfastpcb\"},\"image\":{\"@id\":\"https:\/\/www.topfastpcb.com\/#\/schema\/logo\/image\/\"}}]}<\/script>\n<!-- \/ Yoast SEO plugin. -->","yoast_head_json":{"title":"Specialized PCB Manufacturer-Topfast","description":"Topfast Prime Choice for Global Electronics Manufacturing. We are a professional and reliable one-stop printed circuit board solution provider specializing in PCB rapid prototyping and low-volume products.","robots":{"index":"index","follow":"follow","max-snippet":"max-snippet:-1","max-image-preview":"max-image-preview:large","max-video-preview":"max-video-preview:-1"},"canonical":"https:\/\/www.topfastpcb.com\/tr\/about\/","og_locale":"tr_TR","og_type":"article","og_title":"Specialized PCB Manufacturer-Topfast","og_description":"Topfast Prime Choice for Global Electronics Manufacturing. We are a professional and reliable one-stop printed circuit board solution provider specializing in PCB rapid prototyping and low-volume products.","og_url":"https:\/\/www.topfastpcb.com\/tr\/about\/","og_site_name":"Topfastpcb","article_modified_time":"2025-12-03T03:56:55+00:00","og_image":[{"url":"https:\/\/www.topfastpcb.com\/wp-content\/uploads\/2025\/04\/4%E6%9C%8817%E6%97%A51-%E5%B0%81%E9%9D%A2-1.jpg","type":"","width":"","height":""}],"twitter_card":"summary_large_image","twitter_misc":{"Tahmini okuma s\u00fcresi":"3 dakika"},"schema":{"@context":"https:\/\/schema.org","@graph":[{"@type":"WebPage","@id":"https:\/\/www.topfastpcb.com\/about\/","url":"https:\/\/www.topfastpcb.com\/about\/","name":"Specialized PCB Manufacturer-Topfast","isPartOf":{"@id":"https:\/\/www.topfastpcb.com\/#website"},"primaryImageOfPage":{"@id":"https:\/\/www.topfastpcb.com\/about\/#primaryimage"},"image":{"@id":"https:\/\/www.topfastpcb.com\/about\/#primaryimage"},"thumbnailUrl":"https:\/\/www.topfastpcb.com\/wp-content\/uploads\/2025\/04\/4%E6%9C%8817%E6%97%A51-%E5%B0%81%E9%9D%A2-1.jpg","datePublished":"2025-03-28T03:04:19+00:00","dateModified":"2025-12-03T03:56:55+00:00","description":"Topfast Prime Choice for Global Electronics Manufacturing. We are a professional and reliable one-stop printed circuit board solution provider specializing in PCB rapid prototyping and low-volume products.","breadcrumb":{"@id":"https:\/\/www.topfastpcb.com\/about\/#breadcrumb"},"inLanguage":"tr","potentialAction":[{"@type":"ReadAction","target":["https:\/\/www.topfastpcb.com\/about\/"]}]},{"@type":"ImageObject","inLanguage":"tr","@id":"https:\/\/www.topfastpcb.com\/about\/#primaryimage","url":"https:\/\/www.topfastpcb.com\/wp-content\/uploads\/2025\/04\/4%E6%9C%8817%E6%97%A51-%E5%B0%81%E9%9D%A2-1.jpg","contentUrl":"https:\/\/www.topfastpcb.com\/wp-content\/uploads\/2025\/04\/4%E6%9C%8817%E6%97%A51-%E5%B0%81%E9%9D%A2-1.jpg"},{"@type":"BreadcrumbList","@id":"https:\/\/www.topfastpcb.com\/about\/#breadcrumb","itemListElement":[{"@type":"ListItem","position":1,"name":"\u9996\u9875","item":"https:\/\/www.topfastpcb.com\/"},{"@type":"ListItem","position":2,"name":"About"}]},{"@type":"WebSite","@id":"https:\/\/www.topfastpcb.com\/#website","url":"https:\/\/www.topfastpcb.com\/","name":"Topfastpcb","description":"Topfast Prime Choice for Global Electronics Manufacturing","publisher":{"@id":"https:\/\/www.topfastpcb.com\/#organization"},"potentialAction":[{"@type":"SearchAction","target":{"@type":"EntryPoint","urlTemplate":"https:\/\/www.topfastpcb.com\/?s={search_term_string}"},"query-input":{"@type":"PropertyValueSpecification","valueRequired":true,"valueName":"search_term_string"}}],"inLanguage":"tr"},{"@type":"Organization","@id":"https:\/\/www.topfastpcb.com\/#organization","name":"Topfastpcb","url":"https:\/\/www.topfastpcb.com\/","logo":{"@type":"ImageObject","inLanguage":"tr","@id":"https:\/\/www.topfastpcb.com\/#\/schema\/logo\/image\/","url":"https:\/\/www.topfastpcb.com\/wp-content\/uploads\/2026\/02\/cropped-topfast-logo.png","contentUrl":"https:\/\/www.topfastpcb.com\/wp-content\/uploads\/2026\/02\/cropped-topfast-logo.png","width":144,"height":56,"caption":"Topfastpcb"},"image":{"@id":"https:\/\/www.topfastpcb.com\/#\/schema\/logo\/image\/"}}]}},"_links":{"self":[{"href":"https:\/\/www.topfastpcb.com\/tr\/wp-json\/wp\/v2\/pages\/365","targetHints":{"allow":["GET"]}}],"collection":[{"href":"https:\/\/www.topfastpcb.com\/tr\/wp-json\/wp\/v2\/pages"}],"about":[{"href":"https:\/\/www.topfastpcb.com\/tr\/wp-json\/wp\/v2\/types\/page"}],"author":[{"embeddable":true,"href":"https:\/\/www.topfastpcb.com\/tr\/wp-json\/wp\/v2\/users\/1"}],"replies":[{"embeddable":true,"href":"https:\/\/www.topfastpcb.com\/tr\/wp-json\/wp\/v2\/comments?post=365"}],"version-history":[{"count":87,"href":"https:\/\/www.topfastpcb.com\/tr\/wp-json\/wp\/v2\/pages\/365\/revisions"}],"predecessor-version":[{"id":3941,"href":"https:\/\/www.topfastpcb.com\/tr\/wp-json\/wp\/v2\/pages\/365\/revisions\/3941"}],"wp:attachment":[{"href":"https:\/\/www.topfastpcb.com\/tr\/wp-json\/wp\/v2\/media?parent=365"}],"curies":[{"name":"wp","href":"https:\/\/api.w.org\/{rel}","templated":true}]}}