{"id":794,"date":"2025-04-14T08:41:43","date_gmt":"2025-04-14T08:41:43","guid":{"rendered":"http:\/\/topfastpcbb.ru\/?page_id=794"},"modified":"2025-12-09T21:16:41","modified_gmt":"2025-12-09T13:16:41","slug":"return-and-exchange-process","status":"publish","type":"page","link":"https:\/\/www.topfastpcb.com\/tr\/return-and-exchange-process\/","title":{"rendered":"\u0130ade ve De\u011fi\u015fim S\u00fcreci"},"content":{"rendered":"<p>Sat\u0131\u015f sonras\u0131 sistemi iyile\u015ftirmek ve t\u00fcketicileri daha memnun etmek i\u00e7in \u015firket bir iade ve de\u011fi\u015fim sistemi uygulam\u0131\u015ft\u0131r, iade ve de\u011fi\u015fim ko\u015fullar\u0131n\u0131 kar\u015f\u0131layan ve mallar\u0131 iade etme ve de\u011fi\u015ftirme yetkisine sahip m\u00fc\u015fteriler, l\u00fctfen a\u015fa\u011f\u0131daki \u015fartlar\u0131 uygulay\u0131n (\u00f6zel \u00fcr\u00fcnler i\u00e7in aksi takdirde sa\u011flanan iade ve de\u011fi\u015fim sistemi hari\u00e7):<\/p><h4>1. \u0130ade ve de\u011fi\u015fim nesneleri:<\/h4><p>\u015eirket \u00fcr\u00fcnlerini sat\u0131n alan herhangi bir m\u00fc\u015fteri, teslimat \u015fekli ve \u00f6deme \u015fekli ne olursa olsun, y\u00f6netmelik h\u00fck\u00fcmlerine uygun olarak iade ve de\u011fi\u015fim yapabilir.<\/p><h4>2. \u0130ade ve de\u011fi\u015fim ko\u015fullar\u0131:<\/h4><p>1) Kalite sorunlar\u0131 olan \u00fcr\u00fcnler (\u015eirket, kendi nedenlerinden kaynaklanan kalite sorunlar\u0131ndan sorumlu de\u011fildir).<\/p><p>2) \u0130ade edilen mallar\u0131n a\u015fa\u011f\u0131daki temel ko\u015fullar\u0131 kar\u015f\u0131lamas\u0131 gerekir:<\/p><p><strong>Mallar kontamine olmam\u0131\u015ft\u0131r<\/strong><\/p><p>Mallar\u0131n ambalaj\u0131 eksiksiz (i\u00e7 ve d\u0131\u015f ambalaj dahil) ve mallar yeni, orijinal haliyle kullan\u0131lmam\u0131\u015f, mallar\u0131 teslim ald\u0131\u011f\u0131n\u0131zdaki durumuyla tutarl\u0131 olmal\u0131 ve ikincil sat\u0131\u015flar\u0131 etkilememelidir;<\/p><p>Ayr\u0131ca, mallar\u0131n orijinal kutusunu ve teslimat paketinin yan\u0131 s\u0131ra t\u00fcm aksesuarlar\u0131, etiketleri, nakliye belgelerini, \u00fcr\u00fcn sertifikas\u0131n\u0131, k\u0131lavuzlar\u0131, faturalar\u0131 (varsa) ve t\u00fcm \u00fccretsiz hediyeleri (varsa) iade edin Herhangi bir sorunuz veya endi\u015feniz varsa \u015firket size para iadesi yapacakt\u0131r.<\/p><h4>3\u3001\u0130ade i\u015flemi<\/h4><p>\u015eirket, iade etti\u011finiz mallar\u0131 belirtilen s\u00fcre i\u00e7inde ald\u0131ktan sonra, mallar\u0131n ve aksesuarlar\u0131n (varsa) sa\u011flam oldu\u011funu ve etiketlerin, faturalar\u0131n ve hediyelerin (varsa) eksiksiz oldu\u011funu onaylad\u0131ktan sonra, yasalara g\u00f6re mallar i\u00e7in \u00f6dedi\u011finiz tutar\u0131 size iade edecektir.<\/p><h3>4\u3001\u0130adeler ve de\u011fi\u015fimler Not:<\/h3><p>\u0130ade edilen mallar bu iade politikas\u0131n\u0131n ko\u015fullar\u0131n\u0131 kar\u015f\u0131lam\u0131yorsa, \u015firketimiz iadenizi veya de\u011fi\u015fiminizi kabul etmeyecek ve geri \u00f6demeyi ger\u00e7ekle\u015ftiremeyecektir.<\/p><p>Faturay\u0131, aksesuarlar\u0131 veya hediyeleri (varsa) iade etmemeniz durumunda, \u015firketimiz fatura vergisini, aksesuarlar\u0131 veya hediyeleri piyasa fiyat\u0131 \u00fczerinden \u00f6dedi\u011finiz tutardan d\u00fc\u015fme hakk\u0131na sahiptir.<\/p><p>Sipari\u015finizdeki faturay\u0131, aksesuar\u0131 veya \u00fccretsiz \u00fcr\u00fcn\u00fc iade etmemeniz, ancak \u015eirketin fatura vergisini, aksesuar\u0131n veya \u00fccretsiz \u00fcr\u00fcn\u00fcn piyasa fiyat\u0131n\u0131 d\u00fc\u015fmemesi veya sizden s\u00f6z konusu \u00fcr\u00fcn\u00fc veya malzemeyi iade etmenizi istememesi, \u015eirketin ilgili taleplerde bulunma hakk\u0131ndan feragat etti\u011fi anlam\u0131na gelmeyecektir.<\/p><p>M\u00fc\u015fteriler, sorular\u0131 i\u00e7in \u015eirketin sat\u0131\u015f sonras\u0131 yard\u0131m hatt\u0131n\u0131 arayabilirler.<\/p>","protected":false},"excerpt":{"rendered":"<p>Sat\u0131\u015f sonras\u0131 sistemi iyile\u015ftirmek ve t\u00fcketicileri daha memnun etmek i\u00e7in \u015firket bir iade ve de\u011fi\u015fim sistemi uygulam\u0131\u015ft\u0131r, iade ve de\u011fi\u015fim ko\u015fullar\u0131n\u0131 kar\u015f\u0131layan ve mallar\u0131 iade etme ve de\u011fi\u015ftirme yetkisine sahip m\u00fc\u015fteriler, l\u00fctfen a\u015fa\u011f\u0131daki \u015fartlar\u0131 uygulay\u0131n (aksi takdirde sa\u011flanan iade ve de\u011fi\u015fim sistemi hari\u00e7 [&hellip;]<\/p>","protected":false},"author":1,"featured_media":0,"parent":0,"menu_order":0,"comment_status":"closed","ping_status":"closed","template":"page-templates\/return-and-exchange-process.php","meta":{"footnotes":""},"class_list":["post-794","page","type-page","status-publish","hentry"],"yoast_head":"<!-- This site is optimized with the Yoast SEO plugin v25.1 - https:\/\/yoast.com\/wordpress\/plugins\/seo\/ -->\n<title>Return and Exchange Process-Topfast<\/title>\n<meta name=\"description\" content=\"In order to improve the after-sales system and strive to make consumers more satisfied, the company has implemented a return and exchange system, which meets the conditions for return and exchange and is authorized to return and exchange the goods to the customer.\" \/>\n<meta name=\"robots\" content=\"index, follow, max-snippet:-1, max-image-preview:large, max-video-preview:-1\" \/>\n<link rel=\"canonical\" href=\"https:\/\/www.topfastpcb.com\/tr\/return-and-exchange-process\/\" \/>\n<meta property=\"og:locale\" content=\"tr_TR\" \/>\n<meta property=\"og:type\" content=\"article\" \/>\n<meta property=\"og:title\" content=\"Return and Exchange Process-Topfast\" \/>\n<meta property=\"og:description\" content=\"In order to improve the after-sales system and strive to make consumers more satisfied, the company has implemented a return and exchange system, which meets the conditions for return and exchange and is authorized to return and exchange the goods to the customer.\" \/>\n<meta property=\"og:url\" content=\"https:\/\/www.topfastpcb.com\/tr\/return-and-exchange-process\/\" \/>\n<meta property=\"og:site_name\" content=\"Topfastpcb\" \/>\n<meta property=\"article:modified_time\" content=\"2025-12-09T13:16:41+00:00\" \/>\n<meta name=\"twitter:card\" content=\"summary_large_image\" \/>\n<meta name=\"twitter:label1\" content=\"Tahmini okuma s\u00fcresi\" \/>\n\t<meta name=\"twitter:data1\" content=\"3 dakika\" \/>\n<script type=\"application\/ld+json\" class=\"yoast-schema-graph\">{\"@context\":\"https:\/\/schema.org\",\"@graph\":[{\"@type\":\"WebPage\",\"@id\":\"https:\/\/www.topfastpcb.com\/return-and-exchange-process\/\",\"url\":\"https:\/\/www.topfastpcb.com\/return-and-exchange-process\/\",\"name\":\"Return and Exchange Process-Topfast\",\"isPartOf\":{\"@id\":\"https:\/\/www.topfastpcb.com\/#website\"},\"datePublished\":\"2025-04-14T08:41:43+00:00\",\"dateModified\":\"2025-12-09T13:16:41+00:00\",\"description\":\"In order to improve the after-sales system and strive to make consumers more satisfied, the company has implemented a return and exchange system, which meets the conditions for return and exchange and is authorized to return and exchange the goods to the customer.\",\"breadcrumb\":{\"@id\":\"https:\/\/www.topfastpcb.com\/return-and-exchange-process\/#breadcrumb\"},\"inLanguage\":\"tr\",\"potentialAction\":[{\"@type\":\"ReadAction\",\"target\":[\"https:\/\/www.topfastpcb.com\/return-and-exchange-process\/\"]}]},{\"@type\":\"BreadcrumbList\",\"@id\":\"https:\/\/www.topfastpcb.com\/return-and-exchange-process\/#breadcrumb\",\"itemListElement\":[{\"@type\":\"ListItem\",\"position\":1,\"name\":\"\u9996\u9875\",\"item\":\"https:\/\/www.topfastpcb.com\/\"},{\"@type\":\"ListItem\",\"position\":2,\"name\":\"Return and Exchange Process\"}]},{\"@type\":\"WebSite\",\"@id\":\"https:\/\/www.topfastpcb.com\/#website\",\"url\":\"https:\/\/www.topfastpcb.com\/\",\"name\":\"Topfastpcb\",\"description\":\"Topfast Prime Choice for Global Electronics Manufacturing\",\"publisher\":{\"@id\":\"https:\/\/www.topfastpcb.com\/#organization\"},\"potentialAction\":[{\"@type\":\"SearchAction\",\"target\":{\"@type\":\"EntryPoint\",\"urlTemplate\":\"https:\/\/www.topfastpcb.com\/?s={search_term_string}\"},\"query-input\":{\"@type\":\"PropertyValueSpecification\",\"valueRequired\":true,\"valueName\":\"search_term_string\"}}],\"inLanguage\":\"tr\"},{\"@type\":\"Organization\",\"@id\":\"https:\/\/www.topfastpcb.com\/#organization\",\"name\":\"Topfastpcb\",\"url\":\"https:\/\/www.topfastpcb.com\/\",\"logo\":{\"@type\":\"ImageObject\",\"inLanguage\":\"tr\",\"@id\":\"https:\/\/www.topfastpcb.com\/#\/schema\/logo\/image\/\",\"url\":\"https:\/\/www.topfastpcb.com\/wp-content\/uploads\/2026\/02\/cropped-topfast-logo.png\",\"contentUrl\":\"https:\/\/www.topfastpcb.com\/wp-content\/uploads\/2026\/02\/cropped-topfast-logo.png\",\"width\":144,\"height\":56,\"caption\":\"Topfastpcb\"},\"image\":{\"@id\":\"https:\/\/www.topfastpcb.com\/#\/schema\/logo\/image\/\"}}]}<\/script>\n<!-- \/ Yoast SEO plugin. -->","yoast_head_json":{"title":"Return and Exchange Process-Topfast","description":"In order to improve the after-sales system and strive to make consumers more satisfied, the company has implemented a return and exchange system, which meets the conditions for return and exchange and is authorized to return and exchange the goods to the customer.","robots":{"index":"index","follow":"follow","max-snippet":"max-snippet:-1","max-image-preview":"max-image-preview:large","max-video-preview":"max-video-preview:-1"},"canonical":"https:\/\/www.topfastpcb.com\/tr\/return-and-exchange-process\/","og_locale":"tr_TR","og_type":"article","og_title":"Return and Exchange Process-Topfast","og_description":"In order to improve the after-sales system and strive to make consumers more satisfied, the company has implemented a return and exchange system, which meets the conditions for return and exchange and is authorized to return and exchange the goods to the customer.","og_url":"https:\/\/www.topfastpcb.com\/tr\/return-and-exchange-process\/","og_site_name":"Topfastpcb","article_modified_time":"2025-12-09T13:16:41+00:00","twitter_card":"summary_large_image","twitter_misc":{"Tahmini okuma s\u00fcresi":"3 dakika"},"schema":{"@context":"https:\/\/schema.org","@graph":[{"@type":"WebPage","@id":"https:\/\/www.topfastpcb.com\/return-and-exchange-process\/","url":"https:\/\/www.topfastpcb.com\/return-and-exchange-process\/","name":"Return and Exchange Process-Topfast","isPartOf":{"@id":"https:\/\/www.topfastpcb.com\/#website"},"datePublished":"2025-04-14T08:41:43+00:00","dateModified":"2025-12-09T13:16:41+00:00","description":"In order to improve the after-sales system and strive to make consumers more satisfied, the company has implemented a return and exchange system, which meets the conditions for return and exchange and is authorized to return and exchange the goods to the customer.","breadcrumb":{"@id":"https:\/\/www.topfastpcb.com\/return-and-exchange-process\/#breadcrumb"},"inLanguage":"tr","potentialAction":[{"@type":"ReadAction","target":["https:\/\/www.topfastpcb.com\/return-and-exchange-process\/"]}]},{"@type":"BreadcrumbList","@id":"https:\/\/www.topfastpcb.com\/return-and-exchange-process\/#breadcrumb","itemListElement":[{"@type":"ListItem","position":1,"name":"\u9996\u9875","item":"https:\/\/www.topfastpcb.com\/"},{"@type":"ListItem","position":2,"name":"Return and Exchange Process"}]},{"@type":"WebSite","@id":"https:\/\/www.topfastpcb.com\/#website","url":"https:\/\/www.topfastpcb.com\/","name":"Topfastpcb","description":"Topfast Prime Choice for Global Electronics Manufacturing","publisher":{"@id":"https:\/\/www.topfastpcb.com\/#organization"},"potentialAction":[{"@type":"SearchAction","target":{"@type":"EntryPoint","urlTemplate":"https:\/\/www.topfastpcb.com\/?s={search_term_string}"},"query-input":{"@type":"PropertyValueSpecification","valueRequired":true,"valueName":"search_term_string"}}],"inLanguage":"tr"},{"@type":"Organization","@id":"https:\/\/www.topfastpcb.com\/#organization","name":"Topfastpcb","url":"https:\/\/www.topfastpcb.com\/","logo":{"@type":"ImageObject","inLanguage":"tr","@id":"https:\/\/www.topfastpcb.com\/#\/schema\/logo\/image\/","url":"https:\/\/www.topfastpcb.com\/wp-content\/uploads\/2026\/02\/cropped-topfast-logo.png","contentUrl":"https:\/\/www.topfastpcb.com\/wp-content\/uploads\/2026\/02\/cropped-topfast-logo.png","width":144,"height":56,"caption":"Topfastpcb"},"image":{"@id":"https:\/\/www.topfastpcb.com\/#\/schema\/logo\/image\/"}}]}},"_links":{"self":[{"href":"https:\/\/www.topfastpcb.com\/tr\/wp-json\/wp\/v2\/pages\/794","targetHints":{"allow":["GET"]}}],"collection":[{"href":"https:\/\/www.topfastpcb.com\/tr\/wp-json\/wp\/v2\/pages"}],"about":[{"href":"https:\/\/www.topfastpcb.com\/tr\/wp-json\/wp\/v2\/types\/page"}],"author":[{"embeddable":true,"href":"https:\/\/www.topfastpcb.com\/tr\/wp-json\/wp\/v2\/users\/1"}],"replies":[{"embeddable":true,"href":"https:\/\/www.topfastpcb.com\/tr\/wp-json\/wp\/v2\/comments?post=794"}],"version-history":[{"count":2,"href":"https:\/\/www.topfastpcb.com\/tr\/wp-json\/wp\/v2\/pages\/794\/revisions"}],"predecessor-version":[{"id":1891,"href":"https:\/\/www.topfastpcb.com\/tr\/wp-json\/wp\/v2\/pages\/794\/revisions\/1891"}],"wp:attachment":[{"href":"https:\/\/www.topfastpcb.com\/tr\/wp-json\/wp\/v2\/media?parent=794"}],"curies":[{"name":"wp","href":"https:\/\/api.w.org\/{rel}","templated":true}]}}