{"id":2057,"date":"2025-04-17T17:03:19","date_gmt":"2025-04-17T09:03:19","guid":{"rendered":"http:\/\/topfastpcbb.ru\/?post_type=product&#038;p=2057"},"modified":"2025-05-06T15:56:52","modified_gmt":"2025-05-06T07:26:52","slug":"deep-ultraviolet-duv-purifier-pcbs","status":"publish","type":"product","link":"https:\/\/www.topfastpcb.com\/tr\/products\/deep-ultraviolet-duv-purifier-pcbs\/","title":{"rendered":"Derin Ultraviyole (DUV) ar\u0131t\u0131c\u0131 PCB'ler"},"content":{"rendered":"<div id=\"ez-toc-container\" class=\"ez-toc-v2_0_74 counter-hierarchy ez-toc-counter ez-toc-custom ez-toc-container-direction\">\n<div class=\"ez-toc-title-container\">\n<p class=\"ez-toc-title\" style=\"cursor:inherit\">\u0130\u00e7indekiler<\/p>\n<span class=\"ez-toc-title-toggle\"><\/span><\/div>\n<nav><ul class='ez-toc-list ez-toc-list-level-1' ><li class='ez-toc-page-1 ez-toc-heading-level-3'><a class=\"ez-toc-link ez-toc-heading-1\" href=\"https:\/\/www.topfastpcb.com\/tr\/products\/deep-ultraviolet-duv-purifier-pcbs\/#Introduction_to_DUV_Purifier_PCBs\" >DUV Ar\u0131t\u0131c\u0131 PCB'lere Giri\u015f<\/a><\/li><li class='ez-toc-page-1 ez-toc-heading-level-3'><a class=\"ez-toc-link ez-toc-heading-2\" href=\"https:\/\/www.topfastpcb.com\/tr\/products\/deep-ultraviolet-duv-purifier-pcbs\/#Key_Features_of_DUV_Purifier_PCBs\" >DUV Ar\u0131t\u0131c\u0131 PCB'lerin Temel \u00d6zellikleri<\/a><\/li><li class='ez-toc-page-1 ez-toc-heading-level-3'><a class=\"ez-toc-link ez-toc-heading-3\" href=\"https:\/\/www.topfastpcb.com\/tr\/products\/deep-ultraviolet-duv-purifier-pcbs\/#Types_of_Ceramic_PCBs\" >Seramik PCB T\u00fcrleri<\/a><\/li><li class='ez-toc-page-1 ez-toc-heading-level-3'><a class=\"ez-toc-link ez-toc-heading-4\" href=\"https:\/\/www.topfastpcb.com\/tr\/products\/deep-ultraviolet-duv-purifier-pcbs\/#3_Critical_Design_Considerations\" >3.Kritik Tasar\u0131m Hususlar\u0131<\/a><\/li><li class='ez-toc-page-1 ez-toc-heading-level-3'><a class=\"ez-toc-link ez-toc-heading-5\" href=\"https:\/\/www.topfastpcb.com\/tr\/products\/deep-ultraviolet-duv-purifier-pcbs\/#4_Applications\" >4. Uygulamalar<\/a><\/li><\/ul><\/nav><\/div>\n\n<p><span>Seramik PCB'ler, a\u015fa\u011f\u0131daki gibi seramik malzemeler kullanan y\u00fcksek performansl\u0131 devre kartlar\u0131d\u0131r <\/span>Yal\u0131t\u0131m substratlar\u0131 olarak al\u00fcmina (Al\u2082O\u2083), al\u00fcminyum nitr\u00fcr (AlN) ve berilyum oksit (BeO). Geleneksel FR-4 veya metal \u00e7ekirdekli PCB'lerle kar\u015f\u0131la\u015ft\u0131r\u0131ld\u0131\u011f\u0131nda, seramik PCB'ler \u00fcst\u00fcn termal iletkenlik, m\u00fckemmel elektrik yal\u0131t\u0131m\u0131, d\u00fc\u015f\u00fck termal genle\u015fme katsay\u0131s\u0131 (CTE) ve ola\u011fan\u00fcst\u00fc mekanik mukavemet sunar<span>Bu da onlar\u0131 y\u00fcksek g\u00fc\u00e7, y\u00fcksek frekans ve y\u00fcksek s\u0131cakl\u0131k uygulamalar\u0131 i\u00e7in ideal hale getirir.<\/span><\/p>\n<h3><span class=\"ez-toc-section\" id=\"Introduction_to_DUV_Purifier_PCBs\"><\/span>DUV Ar\u0131t\u0131c\u0131 PCB'lere Giri\u015f<span class=\"ez-toc-section-end\"><\/span><\/h3>\n<p>Derin Ultraviyole (DUV) ar\u0131t\u0131c\u0131 PCB'leri, g\u00fc\u00e7 sa\u011flamak ve kontrol etmek i\u00e7in tasarlanm\u0131\u015f \u00f6zel devre kartlar\u0131d\u0131r<span>\u00a0<\/span>Bakteri, vir\u00fcs ve patojenlerin ,9'unu yok etti\u011fi bilimsel olarak kan\u0131tlanm\u0131\u015f mikrop \u00f6ld\u00fcr\u00fcc\u00fc 200-280nm UV-C \u0131\u015f\u0131k sistemleri. Bu PCB'ler t\u0131bbi, end\u00fcstriyel ve t\u00fcketici uygulamalar\u0131nda g\u00fcvenli ve etkili dezenfeksiyon sa\u011flamak i\u00e7in y\u00fcksek verimli s\u00fcr\u00fcc\u00fcleri, sens\u00f6rleri ve kontrol devrelerini entegre eder.<\/p>\n<h3><span class=\"ez-toc-section\" id=\"Key_Features_of_DUV_Purifier_PCBs\"><\/span>DUV Ar\u0131t\u0131c\u0131 PCB'lerin Temel \u00d6zellikleri<span class=\"ez-toc-section-end\"><\/span><\/h3>\n<p>Y\u00fcksek Voltajl\u0131 UV-C S\u00fcr\u00fcc\u00fc Devreleri - C\u0131va buharl\u0131 veya UVC LED lambalara hassas kontroll\u00fc g\u00fc\u00e7 iletimi.<br \/>\nGeli\u015fmi\u015f Termal Y\u00f6netim - Y\u00fcksek g\u00fc\u00e7l\u00fc UV yay\u0131c\u0131lardan gelen \u0131s\u0131y\u0131 da\u011f\u0131tmak i\u00e7in seramik veya metal \u00e7ekirdekli alt tabakalar.<br \/>\nG\u00fcvenlik ve \u0130zleme Sistemleri - \u0130nsanlar\u0131n maruz kalmas\u0131n\u0131 \u00f6nlemek i\u00e7in hareket sens\u00f6rleri, zamanlay\u0131c\u0131lar ve ar\u0131za emniyetli kapatma.<br \/>\nEMI\/RFI Korumas\u0131 - Hassas t\u0131bbi\/ileti\u015fim ekipmanlar\u0131yla etkile\u015fimi \u00f6nler.<br \/>\nKorozyona Diren\u00e7li Malzemeler - UV-C dalga boylar\u0131 taraf\u0131ndan \u00fcretilen ozon (O\u2083) yan \u00fcr\u00fcnlerine kar\u015f\u0131 korumal\u0131d\u0131r.<\/p>\n<h3><span class=\"ez-toc-section\" id=\"Types_of_Ceramic_PCBs\"><\/span>T\u00fcrleri <a href=\"https:\/\/www.topfastpcb.com\/tr\/products\/category\/ceramic-pcb\/\">Seramik PCB'ler<\/a><span class=\"ez-toc-section-end\"><\/span><\/h3>\n<table>\n<thead>\n<tr>\n<th>Tip<\/th>\n<th>Malzeme<\/th>\n<th>Temel \u00d6zellikler<\/th>\n<th>Tipik Uygulamalar<\/th>\n<\/tr>\n<\/thead>\n<tbody>\n<tr>\n<td><strong>Al\u00fcmina (Al\u2082O\u2083)<\/strong><\/td>\n<td>96\/99 Al\u2082O\u2083<\/td>\n<td>Uygun maliyetli, olgun teknoloji (~24 W\/mK)<\/td>\n<td>T\u00fcketici elektroni\u011fi, LED ayd\u0131nlatma<\/td>\n<\/tr>\n<tr>\n<td><strong>Al\u00fcminyum Nitr\u00fcr (AlN)<\/strong><\/td>\n<td>AlN<\/td>\n<td>Ultra y\u00fcksek \u0131s\u0131 iletkenli\u011fi (170-230 W\/mK)<\/td>\n<td>Y\u00fcksek g\u00fc\u00e7l\u00fc yar\u0131 iletkenler, LiDAR<\/td>\n<\/tr>\n<tr>\n<td><strong>Berilyum Oksit (BeO)<\/strong><\/td>\n<td>BeO<\/td>\n<td>A\u015f\u0131r\u0131 termal iletkenlik (~330 W\/mK)<\/td>\n<td>Havac\u0131l\u0131k ve uzay, askeri (toksisite nedeniyle s\u0131n\u0131rl\u0131)<\/td>\n<\/tr>\n<tr>\n<td><strong>LTCC\/HTCC<\/strong><\/td>\n<td>\u00c7ok katmanl\u0131 seramikler<\/td>\n<td>Entegre pasif bile\u015fenler, 3D kablolama<\/td>\n<td>RF mod\u00fclleri, sens\u00f6rler<\/td>\n<\/tr>\n<\/tbody>\n<\/table>\n<p><img loading=\"lazy\" decoding=\"async\" src=\"https:\/\/www.topfastpcb.com\/wp-content\/uploads\/2025\/04\/Ceramic-PCB.jpg\" alt=\"\" width=\"672\" height=\"503\" class=\"aligncenter wp-image-2059 size-full\" srcset=\"https:\/\/www.topfastpcb.com\/wp-content\/uploads\/2025\/04\/Ceramic-PCB.jpg 672w, https:\/\/www.topfastpcb.com\/wp-content\/uploads\/2025\/04\/Ceramic-PCB-300x225.jpg 300w, https:\/\/www.topfastpcb.com\/wp-content\/uploads\/2025\/04\/Ceramic-PCB-600x449.jpg 600w\" sizes=\"auto, (max-width: 672px) 100vw, 672px\" \/><\/p>\n<p style=\"text-align: center;\">Derin Ultraviyole ar\u0131t\u0131c\u0131 PCB \u00d6zellik Parametresi<\/p>\n<table>\n<tbody>\n<tr>\n<td width=\"811\" valign=\"top\"><span>seramik kal\u0131nl\u0131\u011f\u0131\u00a0\u00a0<\/span><\/td>\n<td width=\"811\" valign=\"top\"><span>0.38\/0.50mm<\/span><\/td>\n<\/tr>\n<tr>\n<td width=\"811\" valign=\"top\"><strong><span>Sevkiyat uzunluk ve geni\u015flik \u00f6l\u00e7\u00fcleri<\/span><\/strong><\/td>\n<td width=\"811\" valign=\"top\"><span>109,2 * 54,5 mm<\/span><\/td>\n<\/tr>\n<tr>\n<td width=\"811\" valign=\"top\"><strong><span>Diyafram a\u00e7\u0131kl\u0131\u011f\u0131 boyutu\u00a0\u00a0<\/span><\/strong><\/td>\n<td width=\"811\" valign=\"top\"><span>\u22650,07 mm<\/span><\/td>\n<\/tr>\n<tr>\n<td width=\"811\" valign=\"top\"><strong><span>Delik aral\u0131\u011f\u0131\u00a0\u00a0<\/span><\/strong><\/td>\n<td width=\"811\" valign=\"top\"><span>\u22650,25 mm<\/span><\/td>\n<\/tr>\n<tr>\n<td width=\"811\" valign=\"top\"><strong><span>\u00c7izgi geni\u015fli\u011fi<\/span><\/strong><\/td>\n<td width=\"811\" valign=\"top\"><span>\u22650,15 mm<\/span><\/td>\n<\/tr>\n<tr>\n<td width=\"811\" valign=\"top\"><strong><span>Kanal geni\u015fli\u011fi\u00a0\u00a0<\/span><\/strong><\/td>\n<td width=\"811\" valign=\"top\"><span>\u22650,11 mm<\/span><\/td>\n<\/tr>\n<tr>\n<td width=\"811\" valign=\"top\"><strong><span>DAMS geni\u015fli\u011fi\u00a0\u00a0<\/span><\/strong><\/td>\n<td width=\"811\" valign=\"top\"><span>0.2mm<\/span><\/td>\n<\/tr>\n<tr>\n<td width=\"811\" valign=\"top\"><strong><span>Baraj y\u00fcksekli\u011fi \u00e7evresinde\u00a0\u00a0<\/span><\/strong><\/td>\n<td width=\"811\" valign=\"top\"><span>0.6mm<\/span><\/td>\n<\/tr>\n<tr>\n<td width=\"811\" valign=\"top\"><strong><span>Diren\u00e7 kayna\u011f\u0131 tipi<\/span><\/strong><\/td>\n<td width=\"811\" valign=\"top\">Ye\u015fil, Beyaz, Siyah<\/td>\n<\/tr>\n<tr>\n<td valign=\"top\" colspan=\"1\" rowspan=\"1\"><span><strong>Uygulama<\/strong><\/span><\/td>\n<td valign=\"top\" colspan=\"1\" rowspan=\"1\"><span>hava temizleyici, klima, buzdolab\u0131, dezenfeksiyon dolab\u0131, hastane ko\u011fu\u015fu<\/span><\/td>\n<\/tr>\n<tr>\n<td valign=\"top\" colspan=\"1\" rowspan=\"1\"><span><strong>Malzeme<\/strong><\/span><\/td>\n<td valign=\"top\" colspan=\"1\" rowspan=\"1\">3DPC<\/td>\n<\/tr>\n<\/tbody>\n<\/table>\n<p>Topfast, 20 y\u0131l\u0131 a\u015fk\u0131n s\u00fcredir PCB, PCBA \u00fcretimine odaklanan bir \u00fcreticidir.Biz 28 ki\u015filik m\u00fckemmel bir ar-amp; d ekibimiz var.Tek elden hizmet ile size yard\u0131mc\u0131 olabiliriz.Fonksiyon ara\u015ft\u0131rma ve geli\u015ftirme, \u00fcr\u00fcn PCB tasar\u0131m tart\u0131\u015fmas\u0131, PCB \u00fcretimi, bile\u015fen tedariki, PCB montaj\u0131na kadar t\u00fcm s\u00fcre\u00e7te size destek olmak.<\/p>\n<p>Firmam\u0131z, \u015fablonlar ve k\u00fc\u00e7\u00fck hacimler alan\u0131nda m\u00fc\u015fteriler i\u00e7in PCB end\u00fcstrisi \u00e7\u00f6z\u00fcmleri sunmaktad\u0131r. \u00dcr\u00fcnlerin y\u00fcksek kaliteli ve zaman\u0131nda teslimat\u0131 ile pazar\u0131n geni\u015f be\u011fenisini kazand\u0131k. M\u00fc\u015fteri memnuniyetine odaklanmaya devam edece\u011fiz, &#8220;y\u00fcksek kalite&#8221; ve &#8220;h\u0131zl\u0131 teslimat&#8221; ile birlikte \u015firket, m\u00fc\u015fteri g\u00fcvenine lay\u0131k bir elektronik devre servis sa\u011flay\u0131c\u0131s\u0131 haline gelecektir. Fabrikam\u0131z a\u011f\u0131rl\u0131kl\u0131 olarak s\u0131radan \u00e7ift tarafl\u0131 PCB'ler \u00fcretmektedir, <a href=\"https:\/\/www.topfastpcb.com\/tr\/products\/multilayer-flexible-pcb\/\">\u00e7ok katmanl\u0131 PCB<\/a> panolar\u0131, HDI PCB panolar\u0131, metal tabanl\u0131 PCB panolar\u0131 ve seramik PCB'ler. yar\u0131 iletken PCB panolar\u0131, sert esnek PCB panolar\u0131 ve esnek PCB panolar\u0131.<\/p>\n<p><img loading=\"lazy\" decoding=\"async\" src=\"https:\/\/www.topfastpcb.com\/wp-content\/uploads\/2025\/04\/619f389627688.png\" alt=\"\" width=\"750\" height=\"802\" class=\"aligncenter wp-image-2060 size-full\" srcset=\"https:\/\/www.topfastpcb.com\/wp-content\/uploads\/2025\/04\/619f389627688.png 750w, https:\/\/www.topfastpcb.com\/wp-content\/uploads\/2025\/04\/619f389627688-281x300.png 281w, https:\/\/www.topfastpcb.com\/wp-content\/uploads\/2025\/04\/619f389627688-600x642.png 600w\" sizes=\"auto, (max-width: 750px) 100vw, 750px\" \/><\/p>\n<h3><span class=\"ez-toc-section\" id=\"3_Critical_Design_Considerations\"><\/span>3.Kritik Tasar\u0131m Hususlar\u0131<span class=\"ez-toc-section-end\"><\/span><\/h3>\n<ul>\n<li><strong>Dalga Boyuna \u00d6zg\u00fc Verimlilik<\/strong>: 265nm i\u00e7in optimize edilmi\u015ftir (tepe DNA\/RNA y\u0131k\u0131m\u0131).<\/li>\n<li><strong>Optik Entegrasyon<\/strong>Kuvars t\u00fcpler veya yans\u0131t\u0131c\u0131 al\u00fcminyum muhafazalar ile uyumludur.<\/li>\n<li><strong>Uyum Standartlar\u0131<\/strong>: IEC 62471 (UV g\u00fcvenli\u011fi), UL 8800 (mikrop \u00f6ld\u00fcr\u00fcc\u00fc sistemler).<\/li>\n<li><strong>\u00d6m\u00fcr Optimizasyonu<\/strong>: Sabit ak\u0131m s\u00fcr\u00fcc\u00fcleri ile UV LED bozulmas\u0131n\u0131 azalt\u0131r.<\/li>\n<\/ul>\n<h3><span class=\"ez-toc-section\" id=\"4_Applications\"><\/span>4. Uygulamalar<span class=\"ez-toc-section-end\"><\/span><\/h3>\n<ul>\n<li><strong>T\u0131bbi Sterilizasyon<\/strong>: Cerrahi ekipman dezenfeksiyonu, hastane HVAC sistemleri.<\/li>\n<li><strong>Su\/Hava Ar\u0131tma<\/strong>: Belediye su ar\u0131tma, temiz oda hava ak\u0131\u015f\u0131.<\/li>\n<li><strong>T\u00fcketici Cihazlar\u0131<\/strong>: Telefonlar, maskeler ve y\u00fczeyler i\u00e7in ta\u015f\u0131nabilir UV dezenfektanlar\u0131.<\/li>\n<li><strong>G\u0131da G\u00fcvenli\u011fi<\/strong>: Paketleme tesislerinde konvey\u00f6r bant dezenfeksiyonu.<img loading=\"lazy\" decoding=\"async\" src=\"https:\/\/www.topfastpcb.com\/wp-content\/uploads\/2025\/04\/Application.jpg\" alt=\"Uygulama\" width=\"797\" height=\"897\" class=\"aligncenter wp-image-1934 size-full\" srcset=\"https:\/\/www.topfastpcb.com\/wp-content\/uploads\/2025\/04\/Application.jpg 797w, https:\/\/www.topfastpcb.com\/wp-content\/uploads\/2025\/04\/Application-267x300.jpg 267w, https:\/\/www.topfastpcb.com\/wp-content\/uploads\/2025\/04\/Application-768x864.jpg 768w, https:\/\/www.topfastpcb.com\/wp-content\/uploads\/2025\/04\/Application-600x675.jpg 600w\" sizes=\"auto, (max-width: 797px) 100vw, 797px\" \/><\/li>\n<\/ul>","protected":false},"excerpt":{"rendered":"<p><span>Derin Ultraviyole (DUV) ar\u0131t\u0131c\u0131 PCB'leri, g\u00fc\u00e7 sa\u011flamak ve kontrol etmek i\u00e7in tasarlanm\u0131\u015f \u00f6zel devre kartlar\u0131d\u0131r\u00a0<\/span><strong>UV-C dezenfeksiyon sistemleri<\/strong><span>\u00a0(200-280nm), t\u0131bbi, end\u00fcstriyel ve t\u00fcketici uygulamalar\u0131nda patojenleri etkili bir \u015fekilde ortadan kald\u0131r\u0131r. Bu PCB'lerin \u00f6zellikleri\u00a0<\/span><strong>y\u00fcksek voltaj s\u00fcr\u00fcc\u00fcleri, termal y\u00f6netim ve g\u00fcvenlik mekanizmalar\u0131<\/strong><span> Uluslararas\u0131 standartlara uyarken g\u00fcvenilir sterilizasyon sa\u011flamak i\u00e7in.<\/span><\/p>","protected":false},"featured_media":2058,"comment_status":"open","ping_status":"closed","template":"","meta":[],"product_brand":[],"product_cat":[115],"product_tag":[201,200],"class_list":{"0":"post-2057","1":"product","2":"type-product","3":"status-publish","4":"has-post-thumbnail","6":"product_cat-ceramic-pcb","7":"product_tag-ceramic-pcb","8":"product_tag-purifier-pcbs","10":"first","11":"instock","12":"shipping-taxable","13":"product-type-simple"},"yoast_head":"<!-- This site is optimized with the Yoast SEO plugin v25.1 - https:\/\/yoast.com\/wordpress\/plugins\/seo\/ -->\n<title>Deep Ultraviolet (DUV) purifier PCBs - Topfastpcb<\/title>\n<meta name=\"description\" content=\"Discover how Deep Ultraviolet (DUV) Purifier PCBs enable advanced disinfection with UV-C technology. Learn about high-efficiency drivers, safety features, and applications in medical, water, and air purification. Explore next-gen germicidal solutions!\" \/>\n<meta name=\"robots\" content=\"index, follow, max-snippet:-1, max-image-preview:large, max-video-preview:-1\" \/>\n<link rel=\"canonical\" href=\"https:\/\/www.topfastpcb.com\/tr\/products\/deep-ultraviolet-duv-purifier-pcbs\/\" \/>\n<meta property=\"og:locale\" content=\"tr_TR\" \/>\n<meta property=\"og:type\" content=\"article\" \/>\n<meta property=\"og:title\" content=\"Deep Ultraviolet (DUV) purifier PCBs - Topfastpcb\" \/>\n<meta property=\"og:description\" content=\"Discover how Deep Ultraviolet (DUV) Purifier PCBs enable advanced disinfection with UV-C technology. Learn about high-efficiency drivers, safety features, and applications in medical, water, and air purification. Explore next-gen germicidal solutions!\" \/>\n<meta property=\"og:url\" content=\"https:\/\/www.topfastpcb.com\/tr\/products\/deep-ultraviolet-duv-purifier-pcbs\/\" \/>\n<meta property=\"og:site_name\" content=\"Topfastpcb\" \/>\n<meta property=\"article:modified_time\" content=\"2025-05-06T07:26:52+00:00\" \/>\n<meta property=\"og:image\" content=\"https:\/\/www.topfastpcb.com\/wp-content\/uploads\/2025\/04\/Deep-Ultraviolet-purifier-PCB.jpg\" \/>\n\t<meta property=\"og:image:width\" content=\"800\" \/>\n\t<meta property=\"og:image:height\" content=\"800\" \/>\n\t<meta property=\"og:image:type\" content=\"image\/jpeg\" \/>\n<meta name=\"twitter:card\" content=\"summary_large_image\" \/>\n<meta name=\"twitter:label1\" content=\"Tahmini okuma s\u00fcresi\" \/>\n\t<meta name=\"twitter:data1\" content=\"4 dakika\" \/>\n<script type=\"application\/ld+json\" class=\"yoast-schema-graph\">{\"@context\":\"https:\/\/schema.org\",\"@graph\":[{\"@type\":\"WebPage\",\"@id\":\"https:\/\/www.topfastpcb.com\/products\/deep-ultraviolet-duv-purifier-pcbs\/\",\"url\":\"https:\/\/www.topfastpcb.com\/products\/deep-ultraviolet-duv-purifier-pcbs\/\",\"name\":\"Deep Ultraviolet (DUV) purifier PCBs - Topfastpcb\",\"isPartOf\":{\"@id\":\"https:\/\/www.topfastpcb.com\/#website\"},\"primaryImageOfPage\":{\"@id\":\"https:\/\/www.topfastpcb.com\/products\/deep-ultraviolet-duv-purifier-pcbs\/#primaryimage\"},\"image\":{\"@id\":\"https:\/\/www.topfastpcb.com\/products\/deep-ultraviolet-duv-purifier-pcbs\/#primaryimage\"},\"thumbnailUrl\":\"https:\/\/www.topfastpcb.com\/wp-content\/uploads\/2025\/04\/Deep-Ultraviolet-purifier-PCB.jpg\",\"datePublished\":\"2025-04-17T09:03:19+00:00\",\"dateModified\":\"2025-05-06T07:26:52+00:00\",\"description\":\"Discover how Deep Ultraviolet (DUV) Purifier PCBs enable advanced disinfection with UV-C technology. Learn about high-efficiency drivers, safety features, and applications in medical, water, and air purification. Explore next-gen germicidal solutions!\",\"breadcrumb\":{\"@id\":\"https:\/\/www.topfastpcb.com\/products\/deep-ultraviolet-duv-purifier-pcbs\/#breadcrumb\"},\"inLanguage\":\"tr\",\"potentialAction\":[{\"@type\":\"ReadAction\",\"target\":[\"https:\/\/www.topfastpcb.com\/products\/deep-ultraviolet-duv-purifier-pcbs\/\"]}]},{\"@type\":\"ImageObject\",\"inLanguage\":\"tr\",\"@id\":\"https:\/\/www.topfastpcb.com\/products\/deep-ultraviolet-duv-purifier-pcbs\/#primaryimage\",\"url\":\"https:\/\/www.topfastpcb.com\/wp-content\/uploads\/2025\/04\/Deep-Ultraviolet-purifier-PCB.jpg\",\"contentUrl\":\"https:\/\/www.topfastpcb.com\/wp-content\/uploads\/2025\/04\/Deep-Ultraviolet-purifier-PCB.jpg\",\"width\":800,\"height\":800},{\"@type\":\"BreadcrumbList\",\"@id\":\"https:\/\/www.topfastpcb.com\/products\/deep-ultraviolet-duv-purifier-pcbs\/#breadcrumb\",\"itemListElement\":[{\"@type\":\"ListItem\",\"position\":1,\"name\":\"\u9996\u9875\",\"item\":\"https:\/\/www.topfastpcb.com\/\"},{\"@type\":\"ListItem\",\"position\":2,\"name\":\"\u5546\u5e97\",\"item\":\"https:\/\/www.topfastpcb.com\/shop\/\"},{\"@type\":\"ListItem\",\"position\":3,\"name\":\"Deep Ultraviolet (DUV) purifier PCBs\"}]},{\"@type\":\"WebSite\",\"@id\":\"https:\/\/www.topfastpcb.com\/#website\",\"url\":\"https:\/\/www.topfastpcb.com\/\",\"name\":\"Topfastpcb\",\"description\":\"Topfast Prime Choice for Global Electronics Manufacturing\",\"publisher\":{\"@id\":\"https:\/\/www.topfastpcb.com\/#organization\"},\"potentialAction\":[{\"@type\":\"SearchAction\",\"target\":{\"@type\":\"EntryPoint\",\"urlTemplate\":\"https:\/\/www.topfastpcb.com\/?s={search_term_string}\"},\"query-input\":{\"@type\":\"PropertyValueSpecification\",\"valueRequired\":true,\"valueName\":\"search_term_string\"}}],\"inLanguage\":\"tr\"},{\"@type\":\"Organization\",\"@id\":\"https:\/\/www.topfastpcb.com\/#organization\",\"name\":\"Topfastpcb\",\"url\":\"https:\/\/www.topfastpcb.com\/\",\"logo\":{\"@type\":\"ImageObject\",\"inLanguage\":\"tr\",\"@id\":\"https:\/\/www.topfastpcb.com\/#\/schema\/logo\/image\/\",\"url\":\"https:\/\/www.topfastpcb.com\/wp-content\/uploads\/2026\/02\/cropped-topfast-logo.png\",\"contentUrl\":\"https:\/\/www.topfastpcb.com\/wp-content\/uploads\/2026\/02\/cropped-topfast-logo.png\",\"width\":144,\"height\":56,\"caption\":\"Topfastpcb\"},\"image\":{\"@id\":\"https:\/\/www.topfastpcb.com\/#\/schema\/logo\/image\/\"}}]}<\/script>\n<!-- \/ Yoast SEO plugin. -->","yoast_head_json":{"title":"Deep Ultraviolet (DUV) purifier PCBs - Topfastpcb","description":"Discover how Deep Ultraviolet (DUV) Purifier PCBs enable advanced disinfection with UV-C technology. Learn about high-efficiency drivers, safety features, and applications in medical, water, and air purification. Explore next-gen germicidal solutions!","robots":{"index":"index","follow":"follow","max-snippet":"max-snippet:-1","max-image-preview":"max-image-preview:large","max-video-preview":"max-video-preview:-1"},"canonical":"https:\/\/www.topfastpcb.com\/tr\/products\/deep-ultraviolet-duv-purifier-pcbs\/","og_locale":"tr_TR","og_type":"article","og_title":"Deep Ultraviolet (DUV) purifier PCBs - Topfastpcb","og_description":"Discover how Deep Ultraviolet (DUV) Purifier PCBs enable advanced disinfection with UV-C technology. Learn about high-efficiency drivers, safety features, and applications in medical, water, and air purification. Explore next-gen germicidal solutions!","og_url":"https:\/\/www.topfastpcb.com\/tr\/products\/deep-ultraviolet-duv-purifier-pcbs\/","og_site_name":"Topfastpcb","article_modified_time":"2025-05-06T07:26:52+00:00","og_image":[{"width":800,"height":800,"url":"https:\/\/www.topfastpcb.com\/wp-content\/uploads\/2025\/04\/Deep-Ultraviolet-purifier-PCB.jpg","type":"image\/jpeg"}],"twitter_card":"summary_large_image","twitter_misc":{"Tahmini okuma s\u00fcresi":"4 dakika"},"schema":{"@context":"https:\/\/schema.org","@graph":[{"@type":"WebPage","@id":"https:\/\/www.topfastpcb.com\/products\/deep-ultraviolet-duv-purifier-pcbs\/","url":"https:\/\/www.topfastpcb.com\/products\/deep-ultraviolet-duv-purifier-pcbs\/","name":"Deep Ultraviolet (DUV) purifier PCBs - Topfastpcb","isPartOf":{"@id":"https:\/\/www.topfastpcb.com\/#website"},"primaryImageOfPage":{"@id":"https:\/\/www.topfastpcb.com\/products\/deep-ultraviolet-duv-purifier-pcbs\/#primaryimage"},"image":{"@id":"https:\/\/www.topfastpcb.com\/products\/deep-ultraviolet-duv-purifier-pcbs\/#primaryimage"},"thumbnailUrl":"https:\/\/www.topfastpcb.com\/wp-content\/uploads\/2025\/04\/Deep-Ultraviolet-purifier-PCB.jpg","datePublished":"2025-04-17T09:03:19+00:00","dateModified":"2025-05-06T07:26:52+00:00","description":"Discover how Deep Ultraviolet (DUV) Purifier PCBs enable advanced disinfection with UV-C technology. Learn about high-efficiency drivers, safety features, and applications in medical, water, and air purification. Explore next-gen germicidal solutions!","breadcrumb":{"@id":"https:\/\/www.topfastpcb.com\/products\/deep-ultraviolet-duv-purifier-pcbs\/#breadcrumb"},"inLanguage":"tr","potentialAction":[{"@type":"ReadAction","target":["https:\/\/www.topfastpcb.com\/products\/deep-ultraviolet-duv-purifier-pcbs\/"]}]},{"@type":"ImageObject","inLanguage":"tr","@id":"https:\/\/www.topfastpcb.com\/products\/deep-ultraviolet-duv-purifier-pcbs\/#primaryimage","url":"https:\/\/www.topfastpcb.com\/wp-content\/uploads\/2025\/04\/Deep-Ultraviolet-purifier-PCB.jpg","contentUrl":"https:\/\/www.topfastpcb.com\/wp-content\/uploads\/2025\/04\/Deep-Ultraviolet-purifier-PCB.jpg","width":800,"height":800},{"@type":"BreadcrumbList","@id":"https:\/\/www.topfastpcb.com\/products\/deep-ultraviolet-duv-purifier-pcbs\/#breadcrumb","itemListElement":[{"@type":"ListItem","position":1,"name":"\u9996\u9875","item":"https:\/\/www.topfastpcb.com\/"},{"@type":"ListItem","position":2,"name":"\u5546\u5e97","item":"https:\/\/www.topfastpcb.com\/shop\/"},{"@type":"ListItem","position":3,"name":"Deep Ultraviolet (DUV) purifier PCBs"}]},{"@type":"WebSite","@id":"https:\/\/www.topfastpcb.com\/#website","url":"https:\/\/www.topfastpcb.com\/","name":"Topfastpcb","description":"Topfast Prime Choice for Global Electronics Manufacturing","publisher":{"@id":"https:\/\/www.topfastpcb.com\/#organization"},"potentialAction":[{"@type":"SearchAction","target":{"@type":"EntryPoint","urlTemplate":"https:\/\/www.topfastpcb.com\/?s={search_term_string}"},"query-input":{"@type":"PropertyValueSpecification","valueRequired":true,"valueName":"search_term_string"}}],"inLanguage":"tr"},{"@type":"Organization","@id":"https:\/\/www.topfastpcb.com\/#organization","name":"Topfastpcb","url":"https:\/\/www.topfastpcb.com\/","logo":{"@type":"ImageObject","inLanguage":"tr","@id":"https:\/\/www.topfastpcb.com\/#\/schema\/logo\/image\/","url":"https:\/\/www.topfastpcb.com\/wp-content\/uploads\/2026\/02\/cropped-topfast-logo.png","contentUrl":"https:\/\/www.topfastpcb.com\/wp-content\/uploads\/2026\/02\/cropped-topfast-logo.png","width":144,"height":56,"caption":"Topfastpcb"},"image":{"@id":"https:\/\/www.topfastpcb.com\/#\/schema\/logo\/image\/"}}]}},"_links":{"self":[{"href":"https:\/\/www.topfastpcb.com\/tr\/wp-json\/wp\/v2\/product\/2057","targetHints":{"allow":["GET"]}}],"collection":[{"href":"https:\/\/www.topfastpcb.com\/tr\/wp-json\/wp\/v2\/product"}],"about":[{"href":"https:\/\/www.topfastpcb.com\/tr\/wp-json\/wp\/v2\/types\/product"}],"replies":[{"embeddable":true,"href":"https:\/\/www.topfastpcb.com\/tr\/wp-json\/wp\/v2\/comments?post=2057"}],"wp:featuredmedia":[{"embeddable":true,"href":"https:\/\/www.topfastpcb.com\/tr\/wp-json\/wp\/v2\/media\/2058"}],"wp:attachment":[{"href":"https:\/\/www.topfastpcb.com\/tr\/wp-json\/wp\/v2\/media?parent=2057"}],"wp:term":[{"taxonomy":"product_brand","embeddable":true,"href":"https:\/\/www.topfastpcb.com\/tr\/wp-json\/wp\/v2\/product_brand?post=2057"},{"taxonomy":"product_cat","embeddable":true,"href":"https:\/\/www.topfastpcb.com\/tr\/wp-json\/wp\/v2\/product_cat?post=2057"},{"taxonomy":"product_tag","embeddable":true,"href":"https:\/\/www.topfastpcb.com\/tr\/wp-json\/wp\/v2\/product_tag?post=2057"}],"curies":[{"name":"wp","href":"https:\/\/api.w.org\/{rel}","templated":true}]}}