{"id":2230,"date":"2025-04-26T16:44:10","date_gmt":"2025-04-26T08:14:10","guid":{"rendered":"http:\/\/topfastpcbb.ru\/?post_type=product&#038;p=2230"},"modified":"2025-05-06T16:02:55","modified_gmt":"2025-05-06T07:32:55","slug":"4-layer-rigid-flex-pcb","status":"publish","type":"product","link":"https:\/\/www.topfastpcb.com\/tr\/products\/4-layer-rigid-flex-pcb\/","title":{"rendered":"4 Katmanl\u0131 Sert Flex PCB"},"content":{"rendered":"<p><span style=\"vertical-align: inherit;\"><span style=\"vertical-align: inherit;\"><div id=\"ez-toc-container\" class=\"ez-toc-v2_0_74 counter-hierarchy ez-toc-counter ez-toc-custom ez-toc-container-direction\">\n<div class=\"ez-toc-title-container\">\n<p class=\"ez-toc-title\" style=\"cursor:inherit\">\u0130\u00e7indekiler<\/p>\n<span class=\"ez-toc-title-toggle\"><\/span><\/div>\n<nav><ul class='ez-toc-list ez-toc-list-level-1' ><li class='ez-toc-page-1 ez-toc-heading-level-2'><a class=\"ez-toc-link ez-toc-heading-1\" href=\"https:\/\/www.topfastpcb.com\/tr\/products\/4-layer-rigid-flex-pcb\/#Core_advantages_of_four-layer_boards\" >D\u00f6rt katmanl\u0131 levhalar\u0131n temel avantajlar\u0131<\/a><\/li><li class='ez-toc-page-1 ez-toc-heading-level-2'><a class=\"ez-toc-link ez-toc-heading-2\" href=\"https:\/\/www.topfastpcb.com\/tr\/products\/4-layer-rigid-flex-pcb\/#Key_Considerations_for_Rigid-Flex_PCB_Designs\" >Sert-Esnek PCB Tasar\u0131mlar\u0131 i\u00e7in Temel Hususlar<\/a><ul class='ez-toc-list-level-3' ><li class='ez-toc-heading-level-3'><a class=\"ez-toc-link ez-toc-heading-3\" href=\"https:\/\/www.topfastpcb.com\/tr\/products\/4-layer-rigid-flex-pcb\/#1_Optimize_Functional_Partitioning\" >1.\u0130\u015flevsel B\u00f6l\u00fcmlemeyi Optimize Edin<\/a><\/li><li class='ez-toc-page-1 ez-toc-heading-level-3'><a class=\"ez-toc-link ez-toc-heading-4\" href=\"https:\/\/www.topfastpcb.com\/tr\/products\/4-layer-rigid-flex-pcb\/#2_Advanced_Materials_and_Processes\" >2.\u0130leri Malzemeler ve S\u00fcre\u00e7ler<\/a><\/li><li class='ez-toc-page-1 ez-toc-heading-level-3'><a class=\"ez-toc-link ez-toc-heading-5\" href=\"https:\/\/www.topfastpcb.com\/tr\/products\/4-layer-rigid-flex-pcb\/#3_Multi-physics_field_simulation\" >3.\u00c7oklu fizik alan sim\u00fclasyonu<\/a><\/li><li class='ez-toc-page-1 ez-toc-heading-level-3'><a class=\"ez-toc-link ez-toc-heading-6\" href=\"https:\/\/www.topfastpcb.com\/tr\/products\/4-layer-rigid-flex-pcb\/#4_Modular_System_Architecture\" >4. Mod\u00fcler Sistem Mimarisi<\/a><\/li><\/ul><\/li><li class='ez-toc-page-1 ez-toc-heading-level-2'><a class=\"ez-toc-link ez-toc-heading-7\" href=\"https:\/\/www.topfastpcb.com\/tr\/products\/4-layer-rigid-flex-pcb\/#Application_Scenarios\" >Uygulama Senaryolar\u0131<\/a><\/li><li class='ez-toc-page-1 ez-toc-heading-level-2'><a class=\"ez-toc-link ez-toc-heading-8\" href=\"https:\/\/www.topfastpcb.com\/tr\/products\/4-layer-rigid-flex-pcb\/#Why_choose_us\" >Neden bizi se\u00e7melisiniz?<\/a><\/li><\/ul><\/nav><\/div>\n<\/span><\/span><\/p>\n<p>D\u00f6rt katmanl\u0131 sert esnek PCB, esneklik ve y\u00fcksek g\u00fcvenilirlik i\u00e7in sert ve esnek devre kartlar\u0131n\u0131n \u00f6zelliklerini birle\u015ftiren bir devre kart\u0131 tasar\u0131m\u0131d\u0131r. Genellikle bir \u00fcst katman, bir alt katman, bir g\u00fc\u00e7 katman\u0131 ve bir toprak katman\u0131 dahil olmak \u00fczere d\u00f6rt katmanl\u0131 bir yap\u0131dan olu\u015fur ve hem sinyal iletimini hem de g\u00fc\u00e7 gereksinimlerini kar\u015f\u0131lamas\u0131 gereken karma\u015f\u0131k elektronik cihazlar i\u00e7in uygundur.<\/p>\n<p><strong>A\u015fa\u011f\u0131daki d\u00f6rt temel i\u015flevsel katmandan olu\u015fur<\/strong><\/p>\n<p>\u00dcst Katman (Bile\u015fen Katman\u0131): Elektronik bile\u015fenlerin montaj\u0131 ve lehimlenmesi i\u00e7in kullan\u0131l\u0131r;<br \/>\n\u0130\u00e7 katman 1 (sinyal katman\u0131): esas olarak y\u00fcksek h\u0131zl\u0131 sinyal hizalamas\u0131n\u0131 ta\u015f\u0131r;<br \/>\n\u0130\u00e7 katman 2 (g\u00fc\u00e7 kayna\u011f\u0131 katman\u0131): g\u00fc\u00e7 da\u011f\u0131t\u0131m\u0131na ve g\u00fc\u00e7 kayna\u011f\u0131 a\u011f\u0131na adanm\u0131\u015ft\u0131r;<br \/>\nAlt katman (sinyal\/ lehimleme katman\u0131): hem sinyal hizalama hem de lehimleme i\u015flevleri.<\/p>\n<h2><span class=\"ez-toc-section\" id=\"Core_advantages_of_four-layer_boards\"><\/span>D\u00f6rt katmanl\u0131 levhalar\u0131n temel avantajlar\u0131<span class=\"ez-toc-section-end\"><\/span><\/h2>\n<p>Y\u00fcksek yo\u011funluklu kablolama: pano alan\u0131n\u0131 azalt\u0131r ve alan kullan\u0131m\u0131n\u0131 iyile\u015ftirir.<br \/>\nSinyal b\u00fct\u00fcnl\u00fc\u011f\u00fc: y\u00fcksek frekansl\u0131 sinyal iletimini optimize eder ve paraziti azalt\u0131r.<br \/>\nMekanik Esneklik:B\u00fckme ve katlama gereksinimlerini kar\u015f\u0131lar.<br \/>\nMaliyet Etkinli\u011fi: Karma\u015f\u0131k tasar\u0131mlarda genel \u00fcretim maliyetlerini azalt\u0131r.<br \/>\nGeleneksel tek ve \u00e7ift tarafl\u0131 panolarla kar\u015f\u0131la\u015ft\u0131r\u0131ld\u0131\u011f\u0131nda, d\u00f6rt katmanl\u0131 PCB'ler \u00fc\u00e7 \u00f6nemli avantaj sunar:<br \/>\nAlan kullan\u0131m\u0131 'tan fazla artarak daha y\u00fcksek yo\u011funluklu devre tasar\u0131mlar\u0131na olanak sa\u011flar.<br \/>\n60 daha d\u00fc\u015f\u00fck g\u00fc\u00e7 empedans\u0131 ve \u00f6zel g\u00fc\u00e7 katman\u0131 tasar\u0131m\u0131 sayesinde daha d\u00fc\u015f\u00fck g\u00fcr\u00fclt\u00fc paraziti;<br \/>\n100MHz'in \u00fczerindeki y\u00fcksek h\u0131zl\u0131 devre tasar\u0131mlar\u0131 i\u00e7in sinyal b\u00fct\u00fcnl\u00fc\u011f\u00fc \u00f6nemli \u00f6l\u00e7\u00fcde iyile\u015ftirilmi\u015ftir.<\/p>\n<p><img loading=\"lazy\" decoding=\"async\" src=\"https:\/\/www.topfastpcb.com\/wp-content\/uploads\/2025\/04\/rigid-flexible-pcb2.jpg\" alt=\"sert-esnek plaka\" width=\"750\" height=\"750\" class=\"aligncenter wp-image-2231 size-full\" srcset=\"https:\/\/www.topfastpcb.com\/wp-content\/uploads\/2025\/04\/rigid-flexible-pcb2.jpg 750w, https:\/\/www.topfastpcb.com\/wp-content\/uploads\/2025\/04\/rigid-flexible-pcb2-300x300.jpg 300w, https:\/\/www.topfastpcb.com\/wp-content\/uploads\/2025\/04\/rigid-flexible-pcb2-150x150.jpg 150w, https:\/\/www.topfastpcb.com\/wp-content\/uploads\/2025\/04\/rigid-flexible-pcb2-600x600.jpg 600w, https:\/\/www.topfastpcb.com\/wp-content\/uploads\/2025\/04\/rigid-flexible-pcb2-100x100.jpg 100w\" sizes=\"auto, (max-width: 750px) 100vw, 750px\" \/><\/p>\n<h2><span class=\"ez-toc-section\" id=\"Key_Considerations_for_Rigid-Flex_PCB_Designs\"><\/span>A\u015fa\u011f\u0131dakiler i\u00e7in Temel Hususlar <a href=\"https:\/\/www.topfastpcb.com\/tr\/products\/category\/rigid-flex-pcb\/\">Rijit-Esnek PCB<\/a> Tasar\u0131mlar<span class=\"ez-toc-section-end\"><\/span><\/h2>\n<h3><span class=\"ez-toc-section\" id=\"1_Optimize_Functional_Partitioning\"><\/span>1.\u0130\u015flevsel B\u00f6l\u00fcmlemeyi Optimize Edin<span class=\"ez-toc-section-end\"><\/span><\/h3>\n<p>Sinyal b\u00fct\u00fcnl\u00fc\u011f\u00fcn\u00fc sa\u011flamak i\u00e7in y\u00fcksek frekansl\u0131 sinyal i\u015fleme mod\u00fclleri sert b\u00f6l\u00fcmde toplanm\u0131\u015ft\u0131r<br \/>\nEsnek ara ba\u011flant\u0131 alan\u0131, \u00b115\u00b0 dinamik b\u00fckme kabiliyeti ile 3D uzamsal adaptasyon sa\u011flar<br \/>\nTipik uygulamalar: giyilebilir cihaz eklemleri, robotik eklemler<\/p>\n<h3><span class=\"ez-toc-section\" id=\"2_Advanced_Materials_and_Processes\"><\/span>2.\u0130leri Malzemeler ve S\u00fcre\u00e7ler<span class=\"ez-toc-section-end\"><\/span><\/h3>\n<p>Esnek alt tabaka: S\u0131v\u0131 Kristal Polimer (LCP), \u03b5r=2.9@10GHz<br \/>\nAnahtar s\u00fcre\u00e7:<br \/>\nLazer mikrovia delme (\u226450\u03bcm \u00e7ap)<br \/>\nG\u00f6m\u00fcl\u00fc kapasit\u00f6r entegrasyonu (3 kat daha y\u00fcksek yo\u011funluk)<br \/>\n3D bask\u0131l\u0131 iletken izler (30\/30\u03bcm \u00e7izgi geni\u015fli\u011fi\/aral\u0131\u011f\u0131)<\/p>\n<h3><span class=\"ez-toc-section\" id=\"3_Multi-physics_field_simulation\"><\/span>3.\u00c7oklu fizik alan sim\u00fclasyonu<span class=\"ez-toc-section-end\"><\/span><\/h3>\n<p>Elektromanyetik sim\u00fclasyon:HFSS tam dalga analizi (0.01dB do\u011fruluk)<br \/>\nMekanik sim\u00fclasyon:ANSYS e\u011filme yorulma testi (&gt;100k d\u00f6ng\u00fc)<br \/>\nTermal sim\u00fclasyon: Flotherm CFD analizi (\u00b12 \u2103 gradyan kontrol\u00fc)<\/p>\n<h3><span class=\"ez-toc-section\" id=\"4_Modular_System_Architecture\"><\/span>4. Mod\u00fcler Sistem Mimarisi<span class=\"ez-toc-section-end\"><\/span><\/h3>\n<table class=\"has-fixed-layout\">\n<thead>\n<tr>\n<th class=\"wp-block-table__cell-content\">\n<div role=\"textbox\" aria-multiline=\"true\" aria-label=\"Ba\u015fl\u0131k h\u00fccresi metni\" contenteditable=\"true\" class=\"block-editor-rich-text__editable rich-text\">Parametre<\/div>\n<\/th>\n<th class=\"wp-block-table__cell-content\">\n<div role=\"textbox\" aria-multiline=\"true\" aria-label=\"Ba\u015fl\u0131k h\u00fccresi metni\" contenteditable=\"true\" class=\"block-editor-rich-text__editable rich-text\">Konvansiyonel Tasar\u0131m<\/div>\n<\/th>\n<th class=\"wp-block-table__cell-content\">\n<div role=\"textbox\" aria-multiline=\"true\" aria-label=\"Ba\u015fl\u0131k h\u00fccresi metni\" contenteditable=\"true\" class=\"block-editor-rich-text__editable rich-text\">Sert-Esnek Tasar\u0131m<\/div>\n<\/th>\n<\/tr>\n<\/thead>\n<tbody>\n<tr>\n<td class=\"wp-block-table__cell-content\">\n<div role=\"textbox\" aria-multiline=\"true\" aria-label=\"G\u00f6vde h\u00fccresi metni\" contenteditable=\"true\" class=\"block-editor-rich-text__editable rich-text\">Cilt<\/div>\n<\/td>\n<td class=\"wp-block-table__cell-content\">\n<div role=\"textbox\" aria-multiline=\"true\" aria-label=\"G\u00f6vde h\u00fccresi metni\" contenteditable=\"true\" class=\"block-editor-rich-text__editable rich-text\">100 (Ba\u015flang\u0131\u00e7 Noktas\u0131)<\/div>\n<\/td>\n<td class=\"wp-block-table__cell-content\">\n<div role=\"textbox\" aria-multiline=\"true\" aria-label=\"G\u00f6vde h\u00fccresi metni\" contenteditable=\"true\" class=\"block-editor-rich-text__editable rich-text\">60-70%<\/div>\n<\/td>\n<\/tr>\n<tr>\n<td class=\"wp-block-table__cell-content\">\n<div role=\"textbox\" aria-multiline=\"true\" aria-label=\"G\u00f6vde h\u00fccresi metni\" contenteditable=\"true\" class=\"block-editor-rich-text__editable rich-text\">G\u00fcvenilirlik<\/div>\n<\/td>\n<td class=\"wp-block-table__cell-content\">\n<div role=\"textbox\" aria-multiline=\"true\" aria-label=\"G\u00f6vde h\u00fccresi metni\" contenteditable=\"true\" class=\"block-editor-rich-text__editable rich-text\">1x<\/div>\n<\/td>\n<td class=\"wp-block-table__cell-content\">\n<div role=\"textbox\" aria-multiline=\"true\" aria-label=\"G\u00f6vde h\u00fccresi metni\" contenteditable=\"true\" class=\"block-editor-rich-text__editable rich-text\">3-5 kat iyile\u015ftirme<\/div>\n<\/td>\n<\/tr>\n<tr>\n<td class=\"wp-block-table__cell-content\">\n<div role=\"textbox\" aria-multiline=\"true\" aria-label=\"G\u00f6vde h\u00fccresi metni\" contenteditable=\"true\" class=\"block-editor-rich-text__editable rich-text\">Revizyon D\u00f6ng\u00fcs\u00fc<\/div>\n<\/td>\n<td class=\"wp-block-table__cell-content\">\n<div role=\"textbox\" aria-multiline=\"true\" aria-label=\"G\u00f6vde h\u00fccresi metni\" contenteditable=\"true\" class=\"block-editor-rich-text__editable rich-text\">4-6 hafta<\/div>\n<\/td>\n<td class=\"wp-block-table__cell-content\">\n<div role=\"textbox\" aria-multiline=\"true\" aria-label=\"G\u00f6vde h\u00fccresi metni\" contenteditable=\"true\" class=\"block-editor-rich-text__editable rich-text\">1-2 hafta<\/div>\n<\/td>\n<\/tr>\n<\/tbody>\n<\/table>\n<p><strong>\u00c7ekirdek Bile\u015fenler<\/strong><br \/>\nSert alan: i\u015flemci\/bellek (y\u00fcksek yo\u011funluklu bile\u015fenler)<br \/>\nEsnek Alan: Papatya Zinciri Topolojisi Ara Ba\u011flant\u0131lar\u0131<\/p>\n<p><strong>Sertifikasyon ve Do\u011frulama<\/strong><br \/>\n40 a\u011f\u0131rl\u0131k azaltma<br \/>\nTitre\u015fimli ortamlarda ar\u0131za oran\u0131nda azalma<br \/>\nZorunlu: \u22653 sim\u00fclasyon iterasyonu + JIS C5016 uyumlulu\u011fu<\/p>\n<h2><span class=\"ez-toc-section\" id=\"Application_Scenarios\"><\/span>Uygulama Senaryolar\u0131<span class=\"ez-toc-section-end\"><\/span><\/h2>\n<p>\u00c7ift tarafl\u0131 esnek devre kartlar\u0131, a\u015fa\u011f\u0131dakiler dahil ancak bunlarla s\u0131n\u0131rl\u0131 olmamak \u00fczere esneklik ve g\u00fcvenilirli\u011fin gerekli oldu\u011fu \u00e7e\u015fitli uygulamalarda kullan\u0131l\u0131r:<br \/>\nT\u00fcketici Elektroni\u011fi:Ak\u0131ll\u0131 telefonlar ve tabletler gibi cihazlardaki esnek konekt\u00f6rler.<br \/>\nOtomotiv Elektroni\u011fi:\u00c7ift tarafl\u0131 esnek devre kartlar\u0131, otomobillerdeki \u00e7e\u015fitli sens\u00f6r ve kontrol\u00f6rlerde geli\u015fmi\u015f esneme ve titre\u015fim direnci sa\u011flar.<br \/>\nEnd\u00fcstriyel Kontroller: Otomasyon ekipman\u0131 ve robotikte, \u00e7ift tarafl\u0131 esnek devre kartlar\u0131 karma\u015f\u0131k mekanik hareketlere ve alan k\u0131s\u0131tlamalar\u0131na uyum sa\u011flayabilir.<\/p>\n<p><img loading=\"lazy\" decoding=\"async\" src=\"https:\/\/www.topfastpcb.com\/wp-content\/uploads\/2025\/04\/Application.jpg\" alt=\"\u5e94\u7528\" width=\"797\" height=\"897\" class=\"aligncenter wp-image-1934 size-full\" srcset=\"https:\/\/www.topfastpcb.com\/wp-content\/uploads\/2025\/04\/Application.jpg 797w, https:\/\/www.topfastpcb.com\/wp-content\/uploads\/2025\/04\/Application-267x300.jpg 267w, https:\/\/www.topfastpcb.com\/wp-content\/uploads\/2025\/04\/Application-768x864.jpg 768w, https:\/\/www.topfastpcb.com\/wp-content\/uploads\/2025\/04\/Application-600x675.jpg 600w\" sizes=\"auto, (max-width: 797px) 100vw, 797px\" \/><\/p>\n<h2><span class=\"ez-toc-section\" id=\"Why_choose_us\"><\/span>Neden bizi se\u00e7melisiniz?<span class=\"ez-toc-section-end\"><\/span><\/h2>\n<p>PCB alan\u0131nda 20 y\u0131ldan fazla bir s\u00fcredir uzmanla\u015ft\u0131k ve ISO9001 kalite y\u00f6netim sistemi sertifikas\u0131, RoHS, ISO14001 \u00e7evre y\u00f6netim sistemi sertifikas\u0131, TS16949 otomotiv kalite y\u00f6netim sistemi sertifikas\u0131 ve di\u011fer sertifikalara sahibiz.<\/p>\n<p><a href=\"https:\/\/www.topfastpcb.com\/tr\/about\/\">TOPFAST<\/a> profesyonel bir PCB tedarik\u00e7isidir. En rekabet\u00e7i fiyatlarla en y\u00fcksek kalitede sert esnek PCB kartlar\u0131 sa\u011flamay\u0131 taahh\u00fct ediyoruz. Platformumuz Google'da en iyi \u00fcne sahiptir. Kaliteli \u00fcr\u00fcnlerin zaman\u0131nda teslim edilmesini sa\u011flamak i\u00e7in geli\u015fmi\u015f ekipmanlara ve profesyonel bir teknik ekibe sahibiz.<\/p>\n<p>Rigid-Flex PCB'ler i\u00e7in \u015fu konularda uzman\u0131z:<\/p>\n<p>\u00c7ift tarafl\u0131 sert esnek PCB kart\u0131 olarak da bilinen \u00e7ok katmanl\u0131 sert esnek PCB kart\u0131, ince bir esnek malzeme katman\u0131n\u0131n sert bir destek katman\u0131yla birle\u015ftirildi\u011fi bir devre kart\u0131 t\u00fcr\u00fc olan esnek bir kart ile sert bir kart\u0131n birle\u015fimidir. daha sonra tek bir bile\u015fen halinde birlikte preslenir.<\/p>\n<p>&nbsp;<\/p>","protected":false},"excerpt":{"rendered":"<p>4 katmanl\u0131 sert-esnek PCB devre kart\u0131, esneklik ve y\u00fcksek g\u00fcvenilirlik i\u00e7in sert ve esnek devre kartlar\u0131n\u0131n \u00f6zelliklerini birle\u015ftiren bir devre kart\u0131 tasar\u0131m\u0131d\u0131r.<\/p>","protected":false},"featured_media":2232,"comment_status":"open","ping_status":"closed","template":"","meta":[],"product_brand":[],"product_cat":[114],"product_tag":[204,203,199],"class_list":{"0":"post-2230","1":"product","2":"type-product","3":"status-publish","4":"has-post-thumbnail","6":"product_cat-rigid-flex-pcb","7":"product_tag-4-layer-pcb","8":"product_tag-4-layer-rigid-flex-pcb","9":"product_tag-rigid-flex-pcb","11":"first","12":"instock","13":"shipping-taxable","14":"product-type-simple"},"yoast_head":"<!-- This site is optimized with the Yoast SEO plugin v25.1 - https:\/\/yoast.com\/wordpress\/plugins\/seo\/ -->\n<title>4 Layer Rigid Flex PCB - Topfastpcb<\/title>\n<meta name=\"description\" content=\"The 4-layer rigid-flex PCB circuit board is a circuit board design that combines the features of rigid and flexible circuit boards for flexibility and high reliability.\" \/>\n<meta name=\"robots\" content=\"index, follow, max-snippet:-1, max-image-preview:large, max-video-preview:-1\" \/>\n<link rel=\"canonical\" href=\"https:\/\/www.topfastpcb.com\/tr\/products\/4-layer-rigid-flex-pcb\/\" \/>\n<meta property=\"og:locale\" content=\"tr_TR\" \/>\n<meta property=\"og:type\" content=\"article\" \/>\n<meta property=\"og:title\" content=\"4 Layer Rigid Flex PCB - Topfastpcb\" \/>\n<meta property=\"og:description\" content=\"The 4-layer rigid-flex PCB circuit board is a circuit board design that combines the features of rigid and flexible circuit boards for flexibility and high reliability.\" \/>\n<meta property=\"og:url\" content=\"https:\/\/www.topfastpcb.com\/tr\/products\/4-layer-rigid-flex-pcb\/\" \/>\n<meta property=\"og:site_name\" content=\"Topfastpcb\" \/>\n<meta property=\"article:modified_time\" content=\"2025-05-06T07:32:55+00:00\" \/>\n<meta property=\"og:image\" content=\"https:\/\/www.topfastpcb.com\/wp-content\/uploads\/2025\/04\/rigid-flexible-pcb8.jpg\" \/>\n\t<meta property=\"og:image:width\" content=\"750\" \/>\n\t<meta property=\"og:image:height\" content=\"750\" \/>\n\t<meta property=\"og:image:type\" content=\"image\/jpeg\" \/>\n<meta name=\"twitter:card\" content=\"summary_large_image\" \/>\n<meta name=\"twitter:label1\" content=\"Tahmini okuma s\u00fcresi\" \/>\n\t<meta name=\"twitter:data1\" content=\"4 dakika\" \/>\n<script type=\"application\/ld+json\" class=\"yoast-schema-graph\">{\"@context\":\"https:\/\/schema.org\",\"@graph\":[{\"@type\":\"WebPage\",\"@id\":\"https:\/\/www.topfastpcb.com\/products\/4-layer-rigid-flex-pcb\/\",\"url\":\"https:\/\/www.topfastpcb.com\/products\/4-layer-rigid-flex-pcb\/\",\"name\":\"4 Layer Rigid Flex PCB - Topfastpcb\",\"isPartOf\":{\"@id\":\"https:\/\/www.topfastpcb.com\/#website\"},\"primaryImageOfPage\":{\"@id\":\"https:\/\/www.topfastpcb.com\/products\/4-layer-rigid-flex-pcb\/#primaryimage\"},\"image\":{\"@id\":\"https:\/\/www.topfastpcb.com\/products\/4-layer-rigid-flex-pcb\/#primaryimage\"},\"thumbnailUrl\":\"https:\/\/www.topfastpcb.com\/wp-content\/uploads\/2025\/04\/rigid-flexible-pcb8.jpg\",\"datePublished\":\"2025-04-26T08:14:10+00:00\",\"dateModified\":\"2025-05-06T07:32:55+00:00\",\"description\":\"The 4-layer rigid-flex PCB circuit board is a circuit board design that combines the features of rigid and flexible circuit boards for flexibility and high reliability.\",\"breadcrumb\":{\"@id\":\"https:\/\/www.topfastpcb.com\/products\/4-layer-rigid-flex-pcb\/#breadcrumb\"},\"inLanguage\":\"tr\",\"potentialAction\":[{\"@type\":\"ReadAction\",\"target\":[\"https:\/\/www.topfastpcb.com\/products\/4-layer-rigid-flex-pcb\/\"]}]},{\"@type\":\"ImageObject\",\"inLanguage\":\"tr\",\"@id\":\"https:\/\/www.topfastpcb.com\/products\/4-layer-rigid-flex-pcb\/#primaryimage\",\"url\":\"https:\/\/www.topfastpcb.com\/wp-content\/uploads\/2025\/04\/rigid-flexible-pcb8.jpg\",\"contentUrl\":\"https:\/\/www.topfastpcb.com\/wp-content\/uploads\/2025\/04\/rigid-flexible-pcb8.jpg\",\"width\":750,\"height\":750,\"caption\":\"rigid-flexible pcb\"},{\"@type\":\"BreadcrumbList\",\"@id\":\"https:\/\/www.topfastpcb.com\/products\/4-layer-rigid-flex-pcb\/#breadcrumb\",\"itemListElement\":[{\"@type\":\"ListItem\",\"position\":1,\"name\":\"\u9996\u9875\",\"item\":\"https:\/\/www.topfastpcb.com\/\"},{\"@type\":\"ListItem\",\"position\":2,\"name\":\"\u5546\u5e97\",\"item\":\"https:\/\/www.topfastpcb.com\/shop\/\"},{\"@type\":\"ListItem\",\"position\":3,\"name\":\"4 Layer Rigid Flex PCB\"}]},{\"@type\":\"WebSite\",\"@id\":\"https:\/\/www.topfastpcb.com\/#website\",\"url\":\"https:\/\/www.topfastpcb.com\/\",\"name\":\"Topfastpcb\",\"description\":\"Topfast Prime Choice for Global Electronics Manufacturing\",\"publisher\":{\"@id\":\"https:\/\/www.topfastpcb.com\/#organization\"},\"potentialAction\":[{\"@type\":\"SearchAction\",\"target\":{\"@type\":\"EntryPoint\",\"urlTemplate\":\"https:\/\/www.topfastpcb.com\/?s={search_term_string}\"},\"query-input\":{\"@type\":\"PropertyValueSpecification\",\"valueRequired\":true,\"valueName\":\"search_term_string\"}}],\"inLanguage\":\"tr\"},{\"@type\":\"Organization\",\"@id\":\"https:\/\/www.topfastpcb.com\/#organization\",\"name\":\"Topfastpcb\",\"url\":\"https:\/\/www.topfastpcb.com\/\",\"logo\":{\"@type\":\"ImageObject\",\"inLanguage\":\"tr\",\"@id\":\"https:\/\/www.topfastpcb.com\/#\/schema\/logo\/image\/\",\"url\":\"https:\/\/www.topfastpcb.com\/wp-content\/uploads\/2026\/02\/cropped-topfast-logo.png\",\"contentUrl\":\"https:\/\/www.topfastpcb.com\/wp-content\/uploads\/2026\/02\/cropped-topfast-logo.png\",\"width\":144,\"height\":56,\"caption\":\"Topfastpcb\"},\"image\":{\"@id\":\"https:\/\/www.topfastpcb.com\/#\/schema\/logo\/image\/\"}}]}<\/script>\n<!-- \/ Yoast SEO plugin. -->","yoast_head_json":{"title":"4 Layer Rigid Flex PCB - Topfastpcb","description":"The 4-layer rigid-flex PCB circuit board is a circuit board design that combines the features of rigid and flexible circuit boards for flexibility and high reliability.","robots":{"index":"index","follow":"follow","max-snippet":"max-snippet:-1","max-image-preview":"max-image-preview:large","max-video-preview":"max-video-preview:-1"},"canonical":"https:\/\/www.topfastpcb.com\/tr\/products\/4-layer-rigid-flex-pcb\/","og_locale":"tr_TR","og_type":"article","og_title":"4 Layer Rigid Flex PCB - Topfastpcb","og_description":"The 4-layer rigid-flex PCB circuit board is a circuit board design that combines the features of rigid and flexible circuit boards for flexibility and high reliability.","og_url":"https:\/\/www.topfastpcb.com\/tr\/products\/4-layer-rigid-flex-pcb\/","og_site_name":"Topfastpcb","article_modified_time":"2025-05-06T07:32:55+00:00","og_image":[{"width":750,"height":750,"url":"https:\/\/www.topfastpcb.com\/wp-content\/uploads\/2025\/04\/rigid-flexible-pcb8.jpg","type":"image\/jpeg"}],"twitter_card":"summary_large_image","twitter_misc":{"Tahmini okuma s\u00fcresi":"4 dakika"},"schema":{"@context":"https:\/\/schema.org","@graph":[{"@type":"WebPage","@id":"https:\/\/www.topfastpcb.com\/products\/4-layer-rigid-flex-pcb\/","url":"https:\/\/www.topfastpcb.com\/products\/4-layer-rigid-flex-pcb\/","name":"4 Layer Rigid Flex PCB - Topfastpcb","isPartOf":{"@id":"https:\/\/www.topfastpcb.com\/#website"},"primaryImageOfPage":{"@id":"https:\/\/www.topfastpcb.com\/products\/4-layer-rigid-flex-pcb\/#primaryimage"},"image":{"@id":"https:\/\/www.topfastpcb.com\/products\/4-layer-rigid-flex-pcb\/#primaryimage"},"thumbnailUrl":"https:\/\/www.topfastpcb.com\/wp-content\/uploads\/2025\/04\/rigid-flexible-pcb8.jpg","datePublished":"2025-04-26T08:14:10+00:00","dateModified":"2025-05-06T07:32:55+00:00","description":"The 4-layer rigid-flex PCB circuit board is a circuit board design that combines the features of rigid and flexible circuit boards for flexibility and high reliability.","breadcrumb":{"@id":"https:\/\/www.topfastpcb.com\/products\/4-layer-rigid-flex-pcb\/#breadcrumb"},"inLanguage":"tr","potentialAction":[{"@type":"ReadAction","target":["https:\/\/www.topfastpcb.com\/products\/4-layer-rigid-flex-pcb\/"]}]},{"@type":"ImageObject","inLanguage":"tr","@id":"https:\/\/www.topfastpcb.com\/products\/4-layer-rigid-flex-pcb\/#primaryimage","url":"https:\/\/www.topfastpcb.com\/wp-content\/uploads\/2025\/04\/rigid-flexible-pcb8.jpg","contentUrl":"https:\/\/www.topfastpcb.com\/wp-content\/uploads\/2025\/04\/rigid-flexible-pcb8.jpg","width":750,"height":750,"caption":"rigid-flexible pcb"},{"@type":"BreadcrumbList","@id":"https:\/\/www.topfastpcb.com\/products\/4-layer-rigid-flex-pcb\/#breadcrumb","itemListElement":[{"@type":"ListItem","position":1,"name":"\u9996\u9875","item":"https:\/\/www.topfastpcb.com\/"},{"@type":"ListItem","position":2,"name":"\u5546\u5e97","item":"https:\/\/www.topfastpcb.com\/shop\/"},{"@type":"ListItem","position":3,"name":"4 Layer Rigid Flex PCB"}]},{"@type":"WebSite","@id":"https:\/\/www.topfastpcb.com\/#website","url":"https:\/\/www.topfastpcb.com\/","name":"Topfastpcb","description":"Topfast Prime Choice for Global Electronics Manufacturing","publisher":{"@id":"https:\/\/www.topfastpcb.com\/#organization"},"potentialAction":[{"@type":"SearchAction","target":{"@type":"EntryPoint","urlTemplate":"https:\/\/www.topfastpcb.com\/?s={search_term_string}"},"query-input":{"@type":"PropertyValueSpecification","valueRequired":true,"valueName":"search_term_string"}}],"inLanguage":"tr"},{"@type":"Organization","@id":"https:\/\/www.topfastpcb.com\/#organization","name":"Topfastpcb","url":"https:\/\/www.topfastpcb.com\/","logo":{"@type":"ImageObject","inLanguage":"tr","@id":"https:\/\/www.topfastpcb.com\/#\/schema\/logo\/image\/","url":"https:\/\/www.topfastpcb.com\/wp-content\/uploads\/2026\/02\/cropped-topfast-logo.png","contentUrl":"https:\/\/www.topfastpcb.com\/wp-content\/uploads\/2026\/02\/cropped-topfast-logo.png","width":144,"height":56,"caption":"Topfastpcb"},"image":{"@id":"https:\/\/www.topfastpcb.com\/#\/schema\/logo\/image\/"}}]}},"_links":{"self":[{"href":"https:\/\/www.topfastpcb.com\/tr\/wp-json\/wp\/v2\/product\/2230","targetHints":{"allow":["GET"]}}],"collection":[{"href":"https:\/\/www.topfastpcb.com\/tr\/wp-json\/wp\/v2\/product"}],"about":[{"href":"https:\/\/www.topfastpcb.com\/tr\/wp-json\/wp\/v2\/types\/product"}],"replies":[{"embeddable":true,"href":"https:\/\/www.topfastpcb.com\/tr\/wp-json\/wp\/v2\/comments?post=2230"}],"wp:featuredmedia":[{"embeddable":true,"href":"https:\/\/www.topfastpcb.com\/tr\/wp-json\/wp\/v2\/media\/2232"}],"wp:attachment":[{"href":"https:\/\/www.topfastpcb.com\/tr\/wp-json\/wp\/v2\/media?parent=2230"}],"wp:term":[{"taxonomy":"product_brand","embeddable":true,"href":"https:\/\/www.topfastpcb.com\/tr\/wp-json\/wp\/v2\/product_brand?post=2230"},{"taxonomy":"product_cat","embeddable":true,"href":"https:\/\/www.topfastpcb.com\/tr\/wp-json\/wp\/v2\/product_cat?post=2230"},{"taxonomy":"product_tag","embeddable":true,"href":"https:\/\/www.topfastpcb.com\/tr\/wp-json\/wp\/v2\/product_tag?post=2230"}],"curies":[{"name":"wp","href":"https:\/\/api.w.org\/{rel}","templated":true}]}}