{"id":2264,"date":"2025-04-26T18:25:34","date_gmt":"2025-04-26T09:55:34","guid":{"rendered":"http:\/\/topfastpcbb.ru\/?post_type=product&#038;p=2264"},"modified":"2025-05-06T16:29:15","modified_gmt":"2025-05-06T07:59:15","slug":"pcba-for-medical-industry","status":"publish","type":"product","link":"https:\/\/www.topfastpcb.com\/tr\/products\/pcba-for-medical-industry\/","title":{"rendered":"Medikal End\u00fcstrisi i\u00e7in PCBA"},"content":{"rendered":"<h2>Medikal End\u00fcstrisi i\u00e7in PCBA<\/h2>\n<p>PCBA (<a href=\"https:\/\/www.topfastpcb.com\/tr\/products\/category\/pcba\/\">Bask\u0131l\u0131 Devre Kart\u0131 Montaj\u0131<\/a>), elektronik bile\u015fenlerin bir bask\u0131l\u0131 devre kart\u0131na (PCB) monte edilmesini ve i\u015flevsel bir elektronik cihaz olu\u015fturmak i\u00e7in yerlerine lehimlenmesini i\u00e7eren bir s\u00fcre\u00e7tir.T\u0131p end\u00fcstrisinde PCBA, te\u015fhis ekipmanlar\u0131, izleme cihazlar\u0131 ve cerrahi aletler dahil olmak \u00fczere \u00e7ok \u00e7e\u015fitli t\u0131bbi cihazlar\u0131n \u00fcretiminde kullan\u0131l\u0131r.<br \/>\nPCBA kullanan t\u0131bbi cihazlar\u0131n g\u00fcvenlik ve etkinliklerini sa\u011flamak i\u00e7in genellikle kat\u0131 d\u00fczenleyici standartlar\u0131 kar\u015f\u0131lamalar\u0131 gerekir.Sonu\u00e7 olarak, t\u0131bbi cihazlara y\u00f6nelik PCBA s\u00fcreci, bitmi\u015f \u00fcr\u00fcn\u00fcn bu standartlar\u0131 kar\u015f\u0131lad\u0131\u011f\u0131ndan emin olmak i\u00e7in dikkatle kontrol edilmelidir.Bu, biyouyumlu plastikler ve metaller gibi \u00f6zel malzemelerin kullan\u0131m\u0131n\u0131 ve s\u0131k\u0131 kalite kontrol \u00f6nlemlerinin uygulanmas\u0131n\u0131 i\u00e7erebilir.<br \/>\nT\u0131p end\u00fcstrisinde PCBA kullan\u0131m\u0131, hastalar\u0131n te\u015fhis, tedavi ve izlenmesi i\u00e7in gerekli olan son derece hassas ve g\u00fcvenilir cihazlar\u0131n olu\u015fturulmas\u0131na olanak tan\u0131r. Ayr\u0131ca, hasta sonu\u00e7lar\u0131n\u0131 ve bak\u0131m kalitesini art\u0131rabilecek yeni ve yenilik\u00e7i t\u0131bbi teknolojilerin geli\u015ftirilmesini sa\u011flar. PCB Montaj\u0131m\u0131zla ilgileniyorsan\u0131z, l\u00fctfen bizimle ileti\u015fime ge\u00e7mekten \u00e7ekinmeyin.<\/p>\n<h2>Avantajlar 2025<\/h2>\n<p>Medikal end\u00fcstrisinde PCBA kullanman\u0131n \u00e7e\u015fitli avantajlar\u0131 \u015funlard\u0131r:<br \/>\n1.Hassasiyet:PCBA, bir\u00e7ok te\u015fhis ve izleme uygulamas\u0131 i\u00e7in gerekli olan son derece hassas ve do\u011fru t\u0131bbi cihazlar\u0131n olu\u015fturulmas\u0131na olanak tan\u0131r.<br \/>\n2.G\u00fcvenilirlik:PCBA s\u00fcreci, sa\u011fl\u0131k hizmetleri ortam\u0131n\u0131n taleplerine dayanabilecek dayan\u0131kl\u0131 ve g\u00fcvenilir t\u0131bbi cihazlar olu\u015fturmak i\u00e7in tasarlanm\u0131\u015ft\u0131r.<br \/>\n3.\u00d6zelle\u015ftirme:PCBA, farkl\u0131 t\u0131bbi uygulamalar\u0131n \u00f6zel ihtiya\u00e7lar\u0131n\u0131 ve gereksinimlerini kar\u015f\u0131layacak \u015fekilde \u00f6zelle\u015ftirilebilir. Bu, \u00fcreticilerin sa\u011fl\u0131k sekt\u00f6r\u00fcn\u00fcn benzersiz ihtiya\u00e7lar\u0131na g\u00f6re uyarlanm\u0131\u015f cihazlar olu\u015fturmas\u0131na olanak tan\u0131r.<br \/>\n4.Maliyet etkinli\u011fi:PCBA kullan\u0131m\u0131, otomatik s\u00fcre\u00e7lerin ve standart bile\u015fenlerin kullan\u0131m\u0131na izin vererek t\u0131bbi cihaz \u00fcretiminin genel maliyetini azaltmaya yard\u0131mc\u0131 olabilir.<br \/>\n5.\u00dcretim h\u0131z\u0131:PCBA s\u00fcreci nispeten h\u0131zl\u0131 bir \u015fekilde tamamlanabilir ve \u00fcreticilerin t\u0131bbi cihazlara y\u00f6nelik y\u00fcksek talebi zaman\u0131nda kar\u015f\u0131lamas\u0131na olanak tan\u0131r.<br \/>\n\u0130yile\u015ftirilmi\u015f hasta bak\u0131m\u0131: PCBA, g\u00fcvenilir ve hassas t\u0131bbi cihazlar olu\u015fturarak hasta bak\u0131m\u0131n\u0131n ve sonu\u00e7lar\u0131n\u0131n iyile\u015ftirilmesine yard\u0131mc\u0131 olur. Bu da daha iyi hasta memnuniyetine ve genel sa\u011fl\u0131k hizmeti kalitesine yol a\u00e7abilir.<\/p>\n<p><img loading=\"lazy\" decoding=\"async\" src=\"https:\/\/www.topfastpcb.com\/wp-content\/uploads\/2025\/04\/pcba27.jpg\" alt=\"T\u0131bbi PCBA\" width=\"750\" height=\"750\" class=\"aligncenter wp-image-2265 size-full\" srcset=\"https:\/\/www.topfastpcb.com\/wp-content\/uploads\/2025\/04\/pcba27.jpg 750w, https:\/\/www.topfastpcb.com\/wp-content\/uploads\/2025\/04\/pcba27-300x300.jpg 300w, https:\/\/www.topfastpcb.com\/wp-content\/uploads\/2025\/04\/pcba27-150x150.jpg 150w, https:\/\/www.topfastpcb.com\/wp-content\/uploads\/2025\/04\/pcba27-600x600.jpg 600w, https:\/\/www.topfastpcb.com\/wp-content\/uploads\/2025\/04\/pcba27-100x100.jpg 100w\" sizes=\"auto, (max-width: 750px) 100vw, 750px\" \/><\/p>\n<h2>Kalite Sistemlerinin Temel Unsurlar\u0131<\/h2>\n<ol start=\"1\">\n<li>\n<p class=\"ds-markdown-paragraph\"><strong>\u00dc\u00e7l\u00fc Sertifikasyon Sistemi<\/strong><\/p>\n<ul>\n<li>\n<p class=\"ds-markdown-paragraph\">ISO 13485 Kalite Y\u00f6netimi<\/p>\n<\/li>\n<li>\n<p class=\"ds-markdown-paragraph\">FDA 21 CFR B\u00f6l\u00fcm 820<\/p>\n<\/li>\n<li>\n<p class=\"ds-markdown-paragraph\">IEC 60601-1 G\u00fcvenlik Standartlar\u0131<\/p>\n<\/li>\n<\/ul>\n<\/li>\n<li>\n<p class=\"ds-markdown-paragraph\"><strong>S\u00fcre\u00e7 Kontrol\u00fcnde \u00d6ne \u00c7\u0131kanlar<\/strong><\/p>\n<ul>\n<li style=\"list-style-type: none;\">\n<ul>\n<li>\n<p class=\"ds-markdown-paragraph\">Temiz Oda S\u0131n\u0131f\u0131:1000<\/p>\n<\/li>\n<li>\n<p class=\"ds-markdown-paragraph\">Lehim Ba\u011flant\u0131 Kontrol\u00fc:3D AOI + X-ray<\/p>\n<\/li>\n<li>\n<p class=\"ds-markdown-paragraph\">\u0130zlenebilirlik: Barkod takip sistemi<\/p>\n<\/li>\n<\/ul>\n<\/li>\n<\/ul>\n<\/li>\n<\/ol>\n<h2>Temel Teknik Zorluklar &amp; \u00c7\u00f6z\u00fcmler<\/h2>\n<div class=\"markdown-table-wrapper\">\n<table>\n<thead>\n<tr>\n<th>M\u00fccadele T\u00fcr\u00fc<\/th>\n<th>Teknik \u00c7\u00f6z\u00fcm<\/th>\n<th>Performans \u00d6l\u00e7\u00fctleri<\/th>\n<\/tr>\n<\/thead>\n<tbody>\n<tr>\n<td>Sterilizasyon Direnci<\/td>\n<td>\u00d6zel kaps\u00fclleme malzemeleri<\/td>\n<td>200 otoklav d\u00f6ng\u00fcs\u00fcne dayan\u0131r<\/td>\n<\/tr>\n<tr>\n<td>EMI Kontrol\u00fc<\/td>\n<td>\u00c7ok katmanl\u0131 ekranlama yap\u0131lar\u0131<\/td>\n<td>60dB radyasyon azaltma<\/td>\n<\/tr>\n<tr>\n<td>Uzun Vadeli G\u00fcvenilirlik<\/td>\n<td>Alt\u0131n yap\u0131\u015ft\u0131rma i\u015flemi<\/td>\n<td>MTBF &gt;100.000 saat<\/td>\n<\/tr>\n<tr>\n<td>Biyouyumluluk<\/td>\n<td>Parilen kaplama<\/td>\n<td>ISO 10993-5 ile uyumludur<\/td>\n<\/tr>\n<\/tbody>\n<\/table>\n<\/div>\n<h2>Tipik Uygulamalar i\u00e7in Performans Gereksinimleri<\/h2>\n<ol start=\"1\">\n<li>\n<p class=\"ds-markdown-paragraph\"><strong>\u0130mplante Edilebilir Cihazlar<\/strong><\/p>\n<ul>\n<li>\n<p class=\"ds-markdown-paragraph\">Operasyonel kullan\u0131m \u00f6mr\u00fc \u226510 y\u0131l<\/p>\n<\/li>\n<li>\n<p class=\"ds-markdown-paragraph\">Ka\u00e7ak ak\u0131m &lt;10\u03bcA<\/p>\n<\/li>\n<\/ul>\n<\/li>\n<li>\n<p class=\"ds-markdown-paragraph\"><strong>G\u00f6r\u00fcnt\u00fcleme Ekipmanlar\u0131<\/strong><\/p>\n<ul>\n<li>\n<p class=\"ds-markdown-paragraph\">Veri aktar\u0131m h\u0131z\u0131 \u2265 40 Gbps<\/p>\n<\/li>\n<li>\n<p class=\"ds-markdown-paragraph\">Anti-parazit \u00f6zelli\u011fi 100V\/m<\/p>\n<\/li>\n<\/ul>\n<\/li>\n<li>\n<p class=\"ds-markdown-paragraph\"><strong>Acil Durum Cihazlar\u0131<\/strong><\/p>\n<ul>\n<li>\n<p class=\"ds-markdown-paragraph\">Ba\u015flang\u0131\u00e7 s\u00fcresi &lt;0,5 saniye<\/p>\n<\/li>\n<li>\n<p class=\"ds-markdown-paragraph\">Titre\u015fim direnci 5 Grms<\/p>\n<\/li>\n<\/ul>\n<\/li>\n<\/ol>\n<h3>7 Tedarik\u00e7i Se\u00e7imi i\u00e7in Temel Kriterler<\/h3>\n<ol start=\"1\">\n<li>\n<p class=\"ds-markdown-paragraph\">S\u0131n\u0131f III t\u0131bbi cihaz \u00fcretim sertifikas\u0131<\/p>\n<\/li>\n<li>\n<p class=\"ds-markdown-paragraph\">T\u0131bbi s\u0131n\u0131f bile\u015fen tedarik zinciri<\/p>\n<\/li>\n<li>\n<p class=\"ds-markdown-paragraph\">Temiz oda alan\u0131 \u22651000\u33a1<\/p>\n<\/li>\n<li>\n<p class=\"ds-markdown-paragraph\">Ar\u0131za analiz laboratuvar\u0131 yap\u0131land\u0131rmas\u0131<\/p>\n<\/li>\n<li>\n<p class=\"ds-markdown-paragraph\">\u00dcr\u00fcn de\u011fi\u015fiklik kontrol sistemi<\/p>\n<\/li>\n<li>\n<p class=\"ds-markdown-paragraph\">Uzun s\u00fcreli ya\u015fland\u0131rma test kabiliyeti<\/p>\n<\/li>\n<li>\n<p class=\"ds-markdown-paragraph\">Klinik i\u015fbirli\u011fi deneyimi<\/p>\n<\/li>\n<\/ol>\n<ul>\n<li>\n<p class=\"ds-markdown-paragraph\"><strong>S\u00fcre\u00e7 Kabiliyetleri<\/strong><br \/>\n\u2713 01005 bile\u015fen yerle\u015fimi<br \/>\n\u2713 50\u03bcm ince aral\u0131kl\u0131 BGA<br \/>\n\u2713 Sert-esnek levha i\u015flemleri<\/p>\n<\/li>\n<li>\n<p class=\"ds-markdown-paragraph\"><strong>Denetim Sistemleri<\/strong><br \/>\n\u2713 0 u\u00e7an prob test kapsam\u0131<br \/>\n\u2713 3D X-ray kontrol\u00fc<br \/>\n\u2713 \u0130yonik kirlenme testi<\/p>\n<\/li>\n<li>\n<p class=\"ds-markdown-paragraph\"><strong>\u00d6zel S\u00fcre\u00e7ler<\/strong><br \/>\n\u2713 Biyouyumlu kaplamalar<br \/>\n\u2713 Steril paketleme<br \/>\n\u2713 Konformal kaplama<\/p>\n<\/li>\n<\/ul>\n<h2>Uygulama \u00d6nerileri<\/h2>\n<ol start=\"1\">\n<li>\n<p class=\"ds-markdown-paragraph\">Tasar\u0131m a\u015famas\u0131nda FMEA analizinin ger\u00e7ekle\u015ftirilmesi<\/p>\n<\/li>\n<li>\n<p class=\"ds-markdown-paragraph\">G\u00fcvenilirlik b\u00fcy\u00fcme modellerinin olu\u015fturulmas\u0131<\/p>\n<\/li>\n<li>\n<p class=\"ds-markdown-paragraph\">V&amp;V do\u011frulama sistemlerinin uygulanmas\u0131<\/p>\n<\/li>\n<li>\n<p class=\"ds-markdown-paragraph\">De\u011fi\u015fim y\u00f6netimi s\u00fcre\u00e7lerini iyile\u015ftirin<\/p>\n<\/li>\n<\/ol>\n<p class=\"ds-markdown-paragraph\"><strong>Gelece\u011fe Bak\u0131\u015f<\/strong>: Beyin-bilgisayar aray\u00fczleri ve nanorobotiklerdeki ilerlemelerle birlikte, t\u0131bbi PCB'ler n\u00f6ral elektrot dizileri ve biyolojik olarak par\u00e7alanabilir devreler gibi yenilik\u00e7i y\u00f6nlere do\u011fru evrilecek ve daha y\u00fcksek montaj hassasiyeti gerektirecektir. \u00dcreticilere molek\u00fcler d\u00fczeyde paketleme ve kendi kendini iyile\u015ftiren devre teknolojilerine yat\u0131r\u0131m yapmalar\u0131 tavsiye edilmektedir.<\/p>\n<p>&nbsp;<\/p>\n<p>&nbsp;<\/p>\n<p>&nbsp;<\/p>","protected":false},"excerpt":{"rendered":"<p>PCBA kullanan t\u0131bbi cihazlar\u0131n g\u00fcvenlik ve etkinliklerini sa\u011flamak i\u00e7in genellikle kat\u0131 d\u00fczenleyici standartlar\u0131 kar\u015f\u0131lamalar\u0131 gerekir.<\/p>","protected":false},"featured_media":2269,"comment_status":"open","ping_status":"closed","template":"","meta":[],"product_brand":[],"product_cat":[116],"product_tag":[210,207,209],"class_list":{"0":"post-2264","1":"product","2":"type-product","3":"status-publish","4":"has-post-thumbnail","6":"product_cat-pcba","7":"product_tag-medical-pcba","8":"product_tag-pcba","9":"product_tag-pcba-for-medical","11":"first","12":"instock","13":"shipping-taxable","14":"product-type-simple"},"yoast_head":"<!-- This site is optimized with the Yoast SEO plugin v25.1 - https:\/\/yoast.com\/wordpress\/plugins\/seo\/ -->\n<title>PCBA For Medical Industry - Topfastpcb<\/title>\n<meta name=\"description\" content=\"Medical devices that use PCBA are typically required to meet strict regulatory standards to ensure their safety and effectiveness.\" \/>\n<meta name=\"robots\" content=\"index, follow, max-snippet:-1, max-image-preview:large, max-video-preview:-1\" \/>\n<link rel=\"canonical\" href=\"https:\/\/www.topfastpcb.com\/tr\/products\/pcba-for-medical-industry\/\" \/>\n<meta property=\"og:locale\" content=\"tr_TR\" \/>\n<meta property=\"og:type\" content=\"article\" \/>\n<meta property=\"og:title\" content=\"PCBA For Medical Industry - Topfastpcb\" \/>\n<meta property=\"og:description\" content=\"Medical devices that use PCBA are typically required to meet strict regulatory standards to ensure their safety and effectiveness.\" \/>\n<meta property=\"og:url\" content=\"https:\/\/www.topfastpcb.com\/tr\/products\/pcba-for-medical-industry\/\" \/>\n<meta property=\"og:site_name\" content=\"Topfastpcb\" \/>\n<meta property=\"article:modified_time\" content=\"2025-05-06T07:59:15+00:00\" \/>\n<meta property=\"og:image\" content=\"https:\/\/www.topfastpcb.com\/wp-content\/uploads\/2025\/04\/pcba13.jpg\" \/>\n\t<meta property=\"og:image:width\" content=\"750\" \/>\n\t<meta property=\"og:image:height\" content=\"750\" \/>\n\t<meta property=\"og:image:type\" content=\"image\/jpeg\" \/>\n<meta name=\"twitter:card\" content=\"summary_large_image\" \/>\n<meta name=\"twitter:label1\" content=\"Tahmini okuma s\u00fcresi\" \/>\n\t<meta name=\"twitter:data1\" content=\"4 dakika\" \/>\n<script type=\"application\/ld+json\" class=\"yoast-schema-graph\">{\"@context\":\"https:\/\/schema.org\",\"@graph\":[{\"@type\":\"WebPage\",\"@id\":\"https:\/\/www.topfastpcb.com\/products\/pcba-for-medical-industry\/\",\"url\":\"https:\/\/www.topfastpcb.com\/products\/pcba-for-medical-industry\/\",\"name\":\"PCBA For Medical Industry - Topfastpcb\",\"isPartOf\":{\"@id\":\"https:\/\/www.topfastpcb.com\/#website\"},\"primaryImageOfPage\":{\"@id\":\"https:\/\/www.topfastpcb.com\/products\/pcba-for-medical-industry\/#primaryimage\"},\"image\":{\"@id\":\"https:\/\/www.topfastpcb.com\/products\/pcba-for-medical-industry\/#primaryimage\"},\"thumbnailUrl\":\"https:\/\/www.topfastpcb.com\/wp-content\/uploads\/2025\/04\/pcba13.jpg\",\"datePublished\":\"2025-04-26T09:55:34+00:00\",\"dateModified\":\"2025-05-06T07:59:15+00:00\",\"description\":\"Medical devices that use PCBA are typically required to meet strict regulatory standards to ensure their safety and effectiveness.\",\"breadcrumb\":{\"@id\":\"https:\/\/www.topfastpcb.com\/products\/pcba-for-medical-industry\/#breadcrumb\"},\"inLanguage\":\"tr\",\"potentialAction\":[{\"@type\":\"ReadAction\",\"target\":[\"https:\/\/www.topfastpcb.com\/products\/pcba-for-medical-industry\/\"]}]},{\"@type\":\"ImageObject\",\"inLanguage\":\"tr\",\"@id\":\"https:\/\/www.topfastpcb.com\/products\/pcba-for-medical-industry\/#primaryimage\",\"url\":\"https:\/\/www.topfastpcb.com\/wp-content\/uploads\/2025\/04\/pcba13.jpg\",\"contentUrl\":\"https:\/\/www.topfastpcb.com\/wp-content\/uploads\/2025\/04\/pcba13.jpg\",\"width\":750,\"height\":750},{\"@type\":\"BreadcrumbList\",\"@id\":\"https:\/\/www.topfastpcb.com\/products\/pcba-for-medical-industry\/#breadcrumb\",\"itemListElement\":[{\"@type\":\"ListItem\",\"position\":1,\"name\":\"\u9996\u9875\",\"item\":\"https:\/\/www.topfastpcb.com\/\"},{\"@type\":\"ListItem\",\"position\":2,\"name\":\"\u5546\u5e97\",\"item\":\"https:\/\/www.topfastpcb.com\/shop\/\"},{\"@type\":\"ListItem\",\"position\":3,\"name\":\"PCBA For Medical Industry\"}]},{\"@type\":\"WebSite\",\"@id\":\"https:\/\/www.topfastpcb.com\/#website\",\"url\":\"https:\/\/www.topfastpcb.com\/\",\"name\":\"Topfastpcb\",\"description\":\"Topfast Prime Choice for Global Electronics Manufacturing\",\"publisher\":{\"@id\":\"https:\/\/www.topfastpcb.com\/#organization\"},\"potentialAction\":[{\"@type\":\"SearchAction\",\"target\":{\"@type\":\"EntryPoint\",\"urlTemplate\":\"https:\/\/www.topfastpcb.com\/?s={search_term_string}\"},\"query-input\":{\"@type\":\"PropertyValueSpecification\",\"valueRequired\":true,\"valueName\":\"search_term_string\"}}],\"inLanguage\":\"tr\"},{\"@type\":\"Organization\",\"@id\":\"https:\/\/www.topfastpcb.com\/#organization\",\"name\":\"Topfastpcb\",\"url\":\"https:\/\/www.topfastpcb.com\/\",\"logo\":{\"@type\":\"ImageObject\",\"inLanguage\":\"tr\",\"@id\":\"https:\/\/www.topfastpcb.com\/#\/schema\/logo\/image\/\",\"url\":\"https:\/\/www.topfastpcb.com\/wp-content\/uploads\/2026\/02\/cropped-topfast-logo.png\",\"contentUrl\":\"https:\/\/www.topfastpcb.com\/wp-content\/uploads\/2026\/02\/cropped-topfast-logo.png\",\"width\":144,\"height\":56,\"caption\":\"Topfastpcb\"},\"image\":{\"@id\":\"https:\/\/www.topfastpcb.com\/#\/schema\/logo\/image\/\"}}]}<\/script>\n<!-- \/ Yoast SEO plugin. -->","yoast_head_json":{"title":"PCBA For Medical Industry - Topfastpcb","description":"Medical devices that use PCBA are typically required to meet strict regulatory standards to ensure their safety and effectiveness.","robots":{"index":"index","follow":"follow","max-snippet":"max-snippet:-1","max-image-preview":"max-image-preview:large","max-video-preview":"max-video-preview:-1"},"canonical":"https:\/\/www.topfastpcb.com\/tr\/products\/pcba-for-medical-industry\/","og_locale":"tr_TR","og_type":"article","og_title":"PCBA For Medical Industry - Topfastpcb","og_description":"Medical devices that use PCBA are typically required to meet strict regulatory standards to ensure their safety and effectiveness.","og_url":"https:\/\/www.topfastpcb.com\/tr\/products\/pcba-for-medical-industry\/","og_site_name":"Topfastpcb","article_modified_time":"2025-05-06T07:59:15+00:00","og_image":[{"width":750,"height":750,"url":"https:\/\/www.topfastpcb.com\/wp-content\/uploads\/2025\/04\/pcba13.jpg","type":"image\/jpeg"}],"twitter_card":"summary_large_image","twitter_misc":{"Tahmini okuma s\u00fcresi":"4 dakika"},"schema":{"@context":"https:\/\/schema.org","@graph":[{"@type":"WebPage","@id":"https:\/\/www.topfastpcb.com\/products\/pcba-for-medical-industry\/","url":"https:\/\/www.topfastpcb.com\/products\/pcba-for-medical-industry\/","name":"PCBA For Medical Industry - Topfastpcb","isPartOf":{"@id":"https:\/\/www.topfastpcb.com\/#website"},"primaryImageOfPage":{"@id":"https:\/\/www.topfastpcb.com\/products\/pcba-for-medical-industry\/#primaryimage"},"image":{"@id":"https:\/\/www.topfastpcb.com\/products\/pcba-for-medical-industry\/#primaryimage"},"thumbnailUrl":"https:\/\/www.topfastpcb.com\/wp-content\/uploads\/2025\/04\/pcba13.jpg","datePublished":"2025-04-26T09:55:34+00:00","dateModified":"2025-05-06T07:59:15+00:00","description":"Medical devices that use PCBA are typically required to meet strict regulatory standards to ensure their safety and effectiveness.","breadcrumb":{"@id":"https:\/\/www.topfastpcb.com\/products\/pcba-for-medical-industry\/#breadcrumb"},"inLanguage":"tr","potentialAction":[{"@type":"ReadAction","target":["https:\/\/www.topfastpcb.com\/products\/pcba-for-medical-industry\/"]}]},{"@type":"ImageObject","inLanguage":"tr","@id":"https:\/\/www.topfastpcb.com\/products\/pcba-for-medical-industry\/#primaryimage","url":"https:\/\/www.topfastpcb.com\/wp-content\/uploads\/2025\/04\/pcba13.jpg","contentUrl":"https:\/\/www.topfastpcb.com\/wp-content\/uploads\/2025\/04\/pcba13.jpg","width":750,"height":750},{"@type":"BreadcrumbList","@id":"https:\/\/www.topfastpcb.com\/products\/pcba-for-medical-industry\/#breadcrumb","itemListElement":[{"@type":"ListItem","position":1,"name":"\u9996\u9875","item":"https:\/\/www.topfastpcb.com\/"},{"@type":"ListItem","position":2,"name":"\u5546\u5e97","item":"https:\/\/www.topfastpcb.com\/shop\/"},{"@type":"ListItem","position":3,"name":"PCBA For Medical Industry"}]},{"@type":"WebSite","@id":"https:\/\/www.topfastpcb.com\/#website","url":"https:\/\/www.topfastpcb.com\/","name":"Topfastpcb","description":"Topfast Prime Choice for Global Electronics Manufacturing","publisher":{"@id":"https:\/\/www.topfastpcb.com\/#organization"},"potentialAction":[{"@type":"SearchAction","target":{"@type":"EntryPoint","urlTemplate":"https:\/\/www.topfastpcb.com\/?s={search_term_string}"},"query-input":{"@type":"PropertyValueSpecification","valueRequired":true,"valueName":"search_term_string"}}],"inLanguage":"tr"},{"@type":"Organization","@id":"https:\/\/www.topfastpcb.com\/#organization","name":"Topfastpcb","url":"https:\/\/www.topfastpcb.com\/","logo":{"@type":"ImageObject","inLanguage":"tr","@id":"https:\/\/www.topfastpcb.com\/#\/schema\/logo\/image\/","url":"https:\/\/www.topfastpcb.com\/wp-content\/uploads\/2026\/02\/cropped-topfast-logo.png","contentUrl":"https:\/\/www.topfastpcb.com\/wp-content\/uploads\/2026\/02\/cropped-topfast-logo.png","width":144,"height":56,"caption":"Topfastpcb"},"image":{"@id":"https:\/\/www.topfastpcb.com\/#\/schema\/logo\/image\/"}}]}},"_links":{"self":[{"href":"https:\/\/www.topfastpcb.com\/tr\/wp-json\/wp\/v2\/product\/2264","targetHints":{"allow":["GET"]}}],"collection":[{"href":"https:\/\/www.topfastpcb.com\/tr\/wp-json\/wp\/v2\/product"}],"about":[{"href":"https:\/\/www.topfastpcb.com\/tr\/wp-json\/wp\/v2\/types\/product"}],"replies":[{"embeddable":true,"href":"https:\/\/www.topfastpcb.com\/tr\/wp-json\/wp\/v2\/comments?post=2264"}],"wp:featuredmedia":[{"embeddable":true,"href":"https:\/\/www.topfastpcb.com\/tr\/wp-json\/wp\/v2\/media\/2269"}],"wp:attachment":[{"href":"https:\/\/www.topfastpcb.com\/tr\/wp-json\/wp\/v2\/media?parent=2264"}],"wp:term":[{"taxonomy":"product_brand","embeddable":true,"href":"https:\/\/www.topfastpcb.com\/tr\/wp-json\/wp\/v2\/product_brand?post=2264"},{"taxonomy":"product_cat","embeddable":true,"href":"https:\/\/www.topfastpcb.com\/tr\/wp-json\/wp\/v2\/product_cat?post=2264"},{"taxonomy":"product_tag","embeddable":true,"href":"https:\/\/www.topfastpcb.com\/tr\/wp-json\/wp\/v2\/product_tag?post=2264"}],"curies":[{"name":"wp","href":"https:\/\/api.w.org\/{rel}","templated":true}]}}