{"id":2804,"date":"2025-05-24T17:07:40","date_gmt":"2025-05-24T09:07:40","guid":{"rendered":"https:\/\/www.topfastpcb.com\/?post_type=product&#038;p=2804"},"modified":"2025-06-24T10:08:34","modified_gmt":"2025-06-24T02:08:34","slug":"bill-of-materials-bom","status":"publish","type":"product","link":"https:\/\/www.topfastpcb.com\/tr\/products\/bill-of-materials-bom\/","title":{"rendered":"Malzeme Listesi (BOM)"},"content":{"rendered":"<div id=\"ez-toc-container\" class=\"ez-toc-v2_0_74 counter-hierarchy ez-toc-counter ez-toc-custom ez-toc-container-direction\">\n<div class=\"ez-toc-title-container\">\n<p class=\"ez-toc-title\" style=\"cursor:inherit\">\u0130\u00e7indekiler<\/p>\n<span class=\"ez-toc-title-toggle\"><\/span><\/div>\n<nav><ul class='ez-toc-list ez-toc-list-level-1' ><ul class='ez-toc-list-level-3' ><li class='ez-toc-heading-level-3'><a class=\"ez-toc-link ez-toc-heading-1\" href=\"https:\/\/www.topfastpcb.com\/tr\/products\/bill-of-materials-bom\/#Key_Concepts\" >Anahtar Kavramlar:<\/a><\/li><\/ul><\/li><li class='ez-toc-page-1 ez-toc-heading-level-2'><a class=\"ez-toc-link ez-toc-heading-2\" href=\"https:\/\/www.topfastpcb.com\/tr\/products\/bill-of-materials-bom\/#BOM_Structure_Types\" >BOM Yap\u0131s\u0131 &amp; Tipler<\/a><ul class='ez-toc-list-level-3' ><li class='ez-toc-heading-level-3'><a class=\"ez-toc-link ez-toc-heading-3\" href=\"https:\/\/www.topfastpcb.com\/tr\/products\/bill-of-materials-bom\/#1_Structural_Representation\" >1.\u00a0Yap\u0131sal Temsil<\/a><\/li><li class='ez-toc-page-1 ez-toc-heading-level-3'><a class=\"ez-toc-link ez-toc-heading-4\" href=\"https:\/\/www.topfastpcb.com\/tr\/products\/bill-of-materials-bom\/#2_BOM_Types_by_Function\" >2.Fonksiyona G\u00f6re BOM T\u00fcrleri<\/a><\/li><li class='ez-toc-page-1 ez-toc-heading-level-3'><a class=\"ez-toc-link ez-toc-heading-5\" href=\"https:\/\/www.topfastpcb.com\/tr\/products\/bill-of-materials-bom\/#3_Development-Stage_BOMs\" >3.Geli\u015ftirme A\u015famas\u0131 \u00dcr\u00fcn A\u011fac\u0131<\/a><\/li><\/ul><\/li><li class='ez-toc-page-1 ez-toc-heading-level-2'><a class=\"ez-toc-link ez-toc-heading-6\" href=\"https:\/\/www.topfastpcb.com\/tr\/products\/bill-of-materials-bom\/#Core_Functions_Applications\" >Temel Fonksiyonlar ve Uygulamalar<\/a><ul class='ez-toc-list-level-3' ><li class='ez-toc-heading-level-3'><a class=\"ez-toc-link ez-toc-heading-7\" href=\"https:\/\/www.topfastpcb.com\/tr\/products\/bill-of-materials-bom\/#1_Cross-Departmental_Utility\" >1.\u00a0Departmanlar Aras\u0131 Fayda<\/a><\/li><li class='ez-toc-page-1 ez-toc-heading-level-3'><a class=\"ez-toc-link ez-toc-heading-8\" href=\"https:\/\/www.topfastpcb.com\/tr\/products\/bill-of-materials-bom\/#2_ERP_Integration\" >2.ERP Entegrasyonu<\/a><\/li><li class='ez-toc-page-1 ez-toc-heading-level-3'><a class=\"ez-toc-link ez-toc-heading-9\" href=\"https:\/\/www.topfastpcb.com\/tr\/products\/bill-of-materials-bom\/#3_Advanced_BOM_Formats\" >3.Geli\u015fmi\u015f BOM Formatlar\u0131<\/a><\/li><\/ul><\/li><li class='ez-toc-page-1 ez-toc-heading-level-2'><a class=\"ez-toc-link ez-toc-heading-10\" href=\"https:\/\/www.topfastpcb.com\/tr\/products\/bill-of-materials-bom\/#Best_Practices_Challenges\" >En \u0130yi Uygulamalar ve Zorluklar<\/a><ul class='ez-toc-list-level-3' ><li class='ez-toc-heading-level-3'><a class=\"ez-toc-link ez-toc-heading-11\" href=\"https:\/\/www.topfastpcb.com\/tr\/products\/bill-of-materials-bom\/#Critical_Success_Factors\" >Kritik Ba\u015far\u0131 Fakt\u00f6rleri<\/a><\/li><li class='ez-toc-page-1 ez-toc-heading-level-3'><a class=\"ez-toc-link ez-toc-heading-12\" href=\"https:\/\/www.topfastpcb.com\/tr\/products\/bill-of-materials-bom\/#Common_Pitfalls\" >S\u0131k Kar\u015f\u0131la\u015f\u0131lan Tuzaklar<\/a><\/li><li class='ez-toc-page-1 ez-toc-heading-level-3'><a class=\"ez-toc-link ez-toc-heading-13\" href=\"https:\/\/www.topfastpcb.com\/tr\/products\/bill-of-materials-bom\/#Validation_Methods\" >Do\u011frulama Y\u00f6ntemleri<\/a><\/li><\/ul><\/li><li class='ez-toc-page-1 ez-toc-heading-level-2'><a class=\"ez-toc-link ez-toc-heading-14\" href=\"https:\/\/www.topfastpcb.com\/tr\/products\/bill-of-materials-bom\/#BOM_in_Digital_Transformation\" >Dijital D\u00f6n\u00fc\u015f\u00fcmde BOM<\/a><ul class='ez-toc-list-level-3' ><li class='ez-toc-heading-level-3'><a class=\"ez-toc-link ez-toc-heading-15\" href=\"https:\/\/www.topfastpcb.com\/tr\/products\/bill-of-materials-bom\/#1_PDMPLM_Integration\" >1.\u00a0PDM\/PLM Entegrasyonu<\/a><\/li><li class='ez-toc-page-1 ez-toc-heading-level-3'><a class=\"ez-toc-link ez-toc-heading-16\" href=\"https:\/\/www.topfastpcb.com\/tr\/products\/bill-of-materials-bom\/#2_AIML_Applications\" >2.AI\/ML Uygulamalar\u0131<\/a><\/li><li class='ez-toc-page-1 ez-toc-heading-level-3'><a class=\"ez-toc-link ez-toc-heading-17\" href=\"https:\/\/www.topfastpcb.com\/tr\/products\/bill-of-materials-bom\/#3_IoT_Smart_Manufacturing\" >3.IoT &amp; Ak\u0131ll\u0131 \u00dcretim<\/a><\/li><\/ul><\/li><\/ul><\/nav><\/div>\n\n<p class=\"ds-markdown-paragraph\">A<span>\u00a0<\/span><strong>Malzeme Listesi (BOM)\u00a0<\/strong>bir \u00fcr\u00fcn\u00fc \u00fcretmek i\u00e7in gerekli bile\u015fenleri, par\u00e7alar\u0131, hammaddeleri ve montajlar\u0131 tan\u0131mlayan yap\u0131land\u0131r\u0131lm\u0131\u015f bir listedir. \u00dcretimde temel bir belge g\u00f6revi g\u00f6r\u00fcr ve miktarlarla birlikte \u00fcst ve alt \u00f6\u011feler aras\u0131ndaki hiyerar\u015fik ili\u015fkiyi detayland\u0131r\u0131r.<\/p>\n<h3><span class=\"ez-toc-section\" id=\"Key_Concepts\"><\/span>Anahtar Kavramlar:<span class=\"ez-toc-section-end\"><\/span><\/h3>\n<ul>\n<li>\n<p class=\"ds-markdown-paragraph\"><strong>Hiyerar\u015fik Yap\u0131<\/strong>: \u00dcst d\u00fczey montajlardan tek tek par\u00e7alara kadar \u00fcr\u00fcn bile\u015fimini temsil eder.<\/p>\n<\/li>\n<li>\n<p class=\"ds-markdown-paragraph\"><strong>\u00c7ok Sekt\u00f6rl\u00fc Uygulama<\/strong>:<\/p>\n<ul>\n<li>\n<p class=\"ds-markdown-paragraph\"><em>Ayr\u0131k \u00dcretim<\/em>: Mekanik\/elektronik bile\u015fen ili\u015fkilerini g\u00f6sterir (\u00f6rn. otomotiv, elektronik).<\/p>\n<\/li>\n<li>\n<p class=\"ds-markdown-paragraph\"><em>Proses End\u00fcstrileri<\/em>: Hammaddeler ve oranlarla form\u00fclleri belirtir (\u00f6rn. kimyasallar, farmas\u00f6tikler).<\/p>\n<\/li>\n<\/ul>\n<\/li>\n<li>\n<p class=\"ds-markdown-paragraph\"><strong>\u00c7ekirdek ERP\/MRP Dosyas\u0131<\/strong>: Malzeme planlama, maliyet hesaplama ve \u00fcretim \u00e7izelgeleme i\u00e7in kritik \u00f6neme sahiptir.<\/p>\n<\/li>\n<\/ul>\n<h2><span class=\"ez-toc-section\" id=\"BOM_Structure_Types\"><\/span>BOM Yap\u0131s\u0131 &amp; Tipler<span class=\"ez-toc-section-end\"><\/span><\/h2>\n<h3><span class=\"ez-toc-section\" id=\"1_Structural_Representation\"><\/span>1.<span>\u00a0<\/span><strong>Yap\u0131sal Temsil<\/strong><span class=\"ez-toc-section-end\"><\/span><\/h3>\n<ul>\n<li>\n<p class=\"ds-markdown-paragraph\"><strong>Tek Seviyeli BOM<\/strong>: Bir \u00fcst \u00f6\u011fenin do\u011frudan bile\u015fenlerini listeler.<\/p>\n<\/li>\n<li>\n<p class=\"ds-markdown-paragraph\"><strong>\u00c7ok Seviyeli \u00dcr\u00fcn A\u011fac\u0131<\/strong>: Alt montajlara geni\u015fler (\u00f6rne\u011fin, \u00dcr\u00fcn \u2192 Alt Montaj \u2192 Par\u00e7a).<\/p>\n<\/li>\n<li>\n<p class=\"ds-markdown-paragraph\"><strong>Girintili BOM<\/strong>: Hiyerar\u015fiyi girinti ile g\u00f6rselle\u015ftirir (bkz.<span>\u00a0<\/span><em>\u015eekil 1<\/em>).<\/p>\n<\/li>\n<\/ul>\n<h3><span class=\"ez-toc-section\" id=\"2_BOM_Types_by_Function\"><\/span>2.<span>\u00a0<\/span><strong>Fonksiyona G\u00f6re BOM T\u00fcrleri<\/strong><span class=\"ez-toc-section-end\"><\/span><\/h3>\n<div class=\"markdown-table-wrapper\">\n<table>\n<thead>\n<tr>\n<th>Tip<\/th>\n<th>A\u00e7\u0131klama<\/th>\n<th>\u00d6rnek Kullan\u0131m \u00d6rne\u011fi<\/th>\n<\/tr>\n<\/thead>\n<tbody>\n<tr>\n<td><strong>Standart BOM<\/strong><\/td>\n<td>\u00dcretim i\u00e7in fiziksel bile\u015fenleri tan\u0131mlar.<\/td>\n<td>Ak\u0131ll\u0131 telefon \u00fcretimi.<\/td>\n<\/tr>\n<tr>\n<td><strong>BOM Planlama<\/strong><\/td>\n<td>\u00dcr\u00fcn ailelerini tahmin etmek i\u00e7in y\u00fczdeleri kullan\u0131r.<\/td>\n<td>Araba modelleri i\u00e7in talep planlamas\u0131.<\/td>\n<\/tr>\n<tr>\n<td><strong>Model BOM<\/strong><\/td>\n<td>\u0130ste\u011fe ba\u011fl\u0131 bile\u015fenlerle yap\u0131land\u0131r\u0131labilir (ATO\/PTO).<\/td>\n<td>\u00d6zelle\u015ftirilebilir diz\u00fcst\u00fc bilgisayarlar.<\/td>\n<\/tr>\n<tr>\n<td><strong>Se\u00e7enek S\u0131n\u0131f\u0131 BOM<\/strong><\/td>\n<td>\u0130lgili se\u00e7enekleri bir kategori alt\u0131nda gruplar.<\/td>\n<td>Otomotiv trim paketleri.<\/td>\n<\/tr>\n<\/tbody>\n<\/table>\n<\/div>\n<h3><span class=\"ez-toc-section\" id=\"3_Development-Stage_BOMs\"><\/span>3.<span>\u00a0<\/span><strong>Geli\u015ftirme A\u015famas\u0131 \u00dcr\u00fcn A\u011fac\u0131<\/strong><span class=\"ez-toc-section-end\"><\/span><\/h3>\n<ul>\n<li>\n<p class=\"ds-markdown-paragraph\"><strong>M\u00fchendislik \u00dcr\u00fcn A\u011fac\u0131 (EBOM)<\/strong>: CAD\/PDM sistemlerinden tasar\u0131m odakl\u0131.<\/p>\n<\/li>\n<li>\n<p class=\"ds-markdown-paragraph\"><strong>S\u00fcre\u00e7 \u00dcr\u00fcn A\u011fac\u0131 (PBOM)<\/strong>: \u00dcretim ad\u0131mlar\u0131n\u0131 ve tak\u0131m gereksinimlerini ekler.<\/p>\n<\/li>\n<li>\n<p class=\"ds-markdown-paragraph\"><strong>\u00dcretim \u00dcr\u00fcn A\u011fac\u0131 (MBOM)<\/strong>: Operasyonel ayr\u0131nt\u0131lar\u0131 (y\u00f6nlendirmeler, kaynaklar) i\u00e7erir.<\/p>\n<\/li>\n<\/ul>\n<h2><img loading=\"lazy\" decoding=\"async\" src=\"https:\/\/www.topfastpcb.com\/wp-content\/uploads\/2025\/05\/bom-1.jpg\" alt=\"bom\" width=\"600\" height=\"402\" class=\"aligncenter size-full wp-image-2806\" srcset=\"https:\/\/www.topfastpcb.com\/wp-content\/uploads\/2025\/05\/bom-1.jpg 600w, https:\/\/www.topfastpcb.com\/wp-content\/uploads\/2025\/05\/bom-1-300x201.jpg 300w, https:\/\/www.topfastpcb.com\/wp-content\/uploads\/2025\/05\/bom-1-18x12.jpg 18w\" sizes=\"auto, (max-width: 600px) 100vw, 600px\" \/><\/h2>\n<h2><span class=\"ez-toc-section\" id=\"Core_Functions_Applications\"><\/span>Temel Fonksiyonlar ve Uygulamalar<span class=\"ez-toc-section-end\"><\/span><\/h2>\n<h3><span class=\"ez-toc-section\" id=\"1_Cross-Departmental_Utility\"><\/span>1.<span>\u00a0<\/span><strong>Departmanlar Aras\u0131 Yard\u0131mc\u0131 Program<\/strong><span class=\"ez-toc-section-end\"><\/span><\/h3>\n<ul>\n<li>\n<p class=\"ds-markdown-paragraph\"><strong>Tasar\u0131m<\/strong>: \u00dcr\u00fcn mimarisini do\u011frular.<\/p>\n<\/li>\n<li>\n<p class=\"ds-markdown-paragraph\"><strong>\u00dcretim<\/strong>Montaj ve malzeme ihrac\u0131na rehberlik eder.<\/p>\n<\/li>\n<li>\n<p class=\"ds-markdown-paragraph\"><strong>Tedarik<\/strong>: Sat\u0131n alma sipari\u015flerini tetikler.<\/p>\n<\/li>\n<li>\n<p class=\"ds-markdown-paragraph\"><strong>Maliyetlendirme<\/strong>: Bile\u015fen toplama yoluyla \u00fcr\u00fcn maliyetlerini hesaplar.<\/p>\n<\/li>\n<\/ul>\n<h3><span class=\"ez-toc-section\" id=\"2_ERP_Integration\"><\/span>2.<span>\u00a0<\/span><strong>ERP Entegrasyonu<\/strong><span class=\"ez-toc-section-end\"><\/span><\/h3>\n<ul>\n<li>\n<p class=\"ds-markdown-paragraph\"><strong>MRP S\u00fcr\u00fcc\u00fcs\u00fc<\/strong>: Ana \u00dcretim Program\u0131n\u0131 (MPS) malzeme gereksinimlerine d\u00f6n\u00fc\u015ft\u00fcr\u00fcr.<\/p>\n<\/li>\n<li>\n<p class=\"ds-markdown-paragraph\"><strong>Birle\u015fik Veri Kayna\u011f\u0131<\/strong>: M\u00fchendislik, planlama ve finans aras\u0131nda ba\u011flant\u0131 kurar.<\/p>\n<\/li>\n<\/ul>\n<h3><span class=\"ez-toc-section\" id=\"3_Advanced_BOM_Formats\"><\/span>3.<span>\u00a0<\/span><strong>Geli\u015fmi\u015f BOM Formatlar\u0131<\/strong><span class=\"ez-toc-section-end\"><\/span><\/h3>\n<ul>\n<li>\n<p class=\"ds-markdown-paragraph\"><strong>Matris BOM<\/strong>: Varyantlar\u0131 kar\u015f\u0131la\u015ft\u0131r\u0131r (\u00f6rn. \u00fcr\u00fcn aileleri).<\/p>\n<\/li>\n<li>\n<p class=\"ds-markdown-paragraph\"><strong>Mod\u00fcler BOM<\/strong>: Yap\u0131land\u0131r\u0131labilir \u00fcr\u00fcnleri y\u00f6netir (\u00f6rn. end\u00fcstriyel ekipman).<\/p>\n<\/li>\n<\/ul>\n<h2><span class=\"ez-toc-section\" id=\"Best_Practices_Challenges\"><\/span>En \u0130yi Uygulamalar ve Zorluklar<span class=\"ez-toc-section-end\"><\/span><\/h2>\n<h3><span class=\"ez-toc-section\" id=\"Critical_Success_Factors\"><\/span><strong>Kritik Ba\u015far\u0131 Fakt\u00f6rleri<\/strong><span class=\"ez-toc-section-end\"><\/span><\/h3>\n<ul>\n<li>\n<p class=\"ds-markdown-paragraph\"><strong>Do\u011fruluk<\/strong>: &gt;ERP etkinli\u011fi i\u00e7in do\u011fruluk gereklidir.<\/p>\n<\/li>\n<li>\n<p class=\"ds-markdown-paragraph\"><strong>S\u00fcr\u00fcm Kontrol\u00fc<\/strong>: EBOM\u2192MBOM ge\u00e7i\u015flerini senkronize edin.<\/p>\n<\/li>\n<li>\n<p class=\"ds-markdown-paragraph\"><strong>\u00d6zel Bile\u015fenler<\/strong>: Kulp<span>\u00a0<\/span><em>hayalet<\/em><span>\u00a0<\/span>(stokta olmayan \u00fcr\u00fcnler) ve<span>\u00a0<\/span><em>Kitler<\/em><span>\u00a0<\/span>Mant\u0131ksal olarak.<\/p>\n<\/li>\n<\/ul>\n<h3><span class=\"ez-toc-section\" id=\"Common_Pitfalls\"><\/span><strong>S\u0131k Kar\u015f\u0131la\u015f\u0131lan Tuzaklar<\/strong><span class=\"ez-toc-section-end\"><\/span><\/h3>\n<ul>\n<li>\n<p class=\"ds-markdown-paragraph\"><strong>Yanl\u0131\u015f Miktarlar<\/strong>: K\u0131tl\u0131klara\/a\u015f\u0131r\u0131 stoklara neden olur.<\/p>\n<\/li>\n<li>\n<p class=\"ds-markdown-paragraph\"><strong>Eski \u00dcr\u00fcnler<\/strong>: Envanter israf\u0131na yol a\u00e7ar.<\/p>\n<\/li>\n<li>\n<p class=\"ds-markdown-paragraph\"><strong>K\u00f6t\u00fc Bak\u0131m<\/strong>: MRP'de basamakl\u0131 hatalar\u0131 tetikler.<\/p>\n<\/li>\n<\/ul>\n<h3><span class=\"ez-toc-section\" id=\"Validation_Methods\"><\/span><strong>Do\u011frulama Y\u00f6ntemleri<\/strong><span class=\"ez-toc-section-end\"><\/span><\/h3>\n<ol start=\"1\">\n<li>\n<p class=\"ds-markdown-paragraph\"><strong>Fiziksel S\u00f6k\u00fcmler<\/strong>: \u00dcr\u00fcn re\u00e7etelerini do\u011frulamak i\u00e7in \u00fcr\u00fcnleri s\u00f6k\u00fcn.<\/p>\n<\/li>\n<li>\n<p class=\"ds-markdown-paragraph\"><strong>\u00c7apraz Fonksiyonel \u0130ncelemeler<\/strong>: M\u00fchendislik, \u00fcretim ve planlama ekiplerinin kat\u0131l\u0131m\u0131n\u0131 sa\u011flay\u0131n.<\/p>\n<\/li>\n<li>\n<p class=\"ds-markdown-paragraph\"><strong>ERP Analiti\u011fi<\/strong>: Planlanmam\u0131\u015f malzeme hareketlerini izleyin (\u00f6rne\u011fin, fazla iadeler).<\/p>\n<\/li>\n<\/ol>\n<h2><span class=\"ez-toc-section\" id=\"BOM_in_Digital_Transformation\"><\/span>Dijital D\u00f6n\u00fc\u015f\u00fcmde BOM<span class=\"ez-toc-section-end\"><\/span><\/h2>\n<h3><span class=\"ez-toc-section\" id=\"1_PDMPLM_Integration\"><\/span>1.<span>\u00a0<\/span><strong>PDM\/PLM Entegrasyonu<\/strong><span class=\"ez-toc-section-end\"><\/span><\/h3>\n<ul>\n<li>\n<p class=\"ds-markdown-paragraph\">EBOM\u2192MBOM d\u00f6n\u00fc\u015f\u00fcm\u00fcn\u00fc i\u015f ak\u0131\u015f\u0131 kurallar\u0131 ile otomatikle\u015ftirin.<\/p>\n<\/li>\n<li>\n<p class=\"ds-markdown-paragraph\">\u00dcretim niteliklerini (\u00f6rn. toleranslar, kaplamalar) g\u00f6m\u00fcn.<\/p>\n<\/li>\n<\/ul>\n<h3><span class=\"ez-toc-section\" id=\"2_AIML_Applications\"><\/span>2.<span>\u00a0<\/span><strong>AI\/ML Uygulamalar\u0131<\/strong><span class=\"ez-toc-section-end\"><\/span><\/h3>\n<ul>\n<li>\n<p class=\"ds-markdown-paragraph\">Tahmine Dayal\u0131 \u00dcr\u00fcn A\u011fac\u0131 Optimizasyonu:K\u0131tl\u0131k s\u0131ras\u0131nda alternatifler \u00f6nerin.<\/p>\n<\/li>\n<li>\n<p class=\"ds-markdown-paragraph\">Anomali Tespiti**: Tutars\u0131zl\u0131klar\u0131 ger\u00e7ek zamanl\u0131 olarak i\u015faretleyin.<\/p>\n<\/li>\n<\/ul>\n<h3><span class=\"ez-toc-section\" id=\"3_IoT_Smart_Manufacturing\"><\/span>3.<span>\u00a0<\/span><strong>IoT &amp; Ak\u0131ll\u0131 \u00dcretim<\/strong><span class=\"ez-toc-section-end\"><\/span><\/h3>\n<ul>\n<li>\n<p class=\"ds-markdown-paragraph\">Dinamik \u00dcr\u00fcn Listeleri:Sens\u00f6r verilerine g\u00f6re ayarlama yap\u0131n (\u00f6rn. a\u015f\u0131nan ve y\u0131pranan par\u00e7alar).<\/p>\n<\/li>\n<\/ul>\n<p class=\"ds-markdown-paragraph\">\u0130yi y\u00f6netilen bir \u00fcr\u00fcn a\u011fac\u0131, verimli \u00fcretimin bel kemi\u011fidir ve tasar\u0131mdan teslimata kadar sorunsuz koordinasyon sa\u011flar. \u00dcr\u00fcn A\u011fac\u0131 do\u011frulu\u011funa ve dijital entegrasyona yat\u0131r\u0131m yapan \u015firketler rekabet\u00e7i maliyet kontrol\u00fc, \u00e7eviklik ve pazara sunma s\u00fcresi avantajlar\u0131 elde eder.<\/p>","protected":false},"excerpt":{"rendered":"<p>Ana Malzeme Listesi (BOM) y\u00f6netimi: t\u00fcrleri, yap\u0131lar\u0131 ve \u00fcretim i\u00e7in en iyi uygulamalar. Malzeme Listelerinin ERP'yi nas\u0131l y\u00f6nlendirdi\u011fini, maliyetleri nas\u0131l d\u00fc\u015f\u00fcrd\u00fc\u011f\u00fcn\u00fc ve \u00fcretimi nas\u0131l kolayla\u015ft\u0131rd\u0131\u011f\u0131n\u0131 \u00f6\u011frenin.<\/p>","protected":false},"featured_media":2805,"comment_status":"closed","ping_status":"closed","template":"","meta":[],"product_brand":[],"product_cat":[217],"product_tag":[256,257],"class_list":{"0":"post-2804","1":"product","2":"type-product","3":"status-publish","4":"has-post-thumbnail","6":"product_cat-electronic-components","7":"product_tag-bill-of-materials","8":"product_tag-bom","10":"first","11":"instock","12":"shipping-taxable","13":"product-type-simple"},"yoast_head":"<!-- This site is optimized with the Yoast SEO plugin v25.1 - https:\/\/yoast.com\/wordpress\/plugins\/seo\/ -->\n<title>Bill of Materials (BOM) - Topfastpcb<\/title>\n<meta name=\"description\" content=\"Master Bill of Materials (BOM) management: types, structures, and best practices for manufacturing. Learn how BOMs drive ERP, reduce costs, and streamline production.\" \/>\n<meta name=\"robots\" content=\"index, follow, max-snippet:-1, max-image-preview:large, max-video-preview:-1\" \/>\n<link rel=\"canonical\" href=\"https:\/\/www.topfastpcb.com\/tr\/products\/bill-of-materials-bom\/\" \/>\n<meta property=\"og:locale\" content=\"tr_TR\" \/>\n<meta property=\"og:type\" content=\"article\" \/>\n<meta property=\"og:title\" content=\"Bill of Materials (BOM) - Topfastpcb\" \/>\n<meta property=\"og:description\" content=\"Master Bill of Materials (BOM) management: types, structures, and best practices for manufacturing. Learn how BOMs drive ERP, reduce costs, and streamline production.\" \/>\n<meta property=\"og:url\" content=\"https:\/\/www.topfastpcb.com\/tr\/products\/bill-of-materials-bom\/\" \/>\n<meta property=\"og:site_name\" content=\"Topfastpcb\" \/>\n<meta property=\"article:modified_time\" content=\"2025-06-24T02:08:34+00:00\" \/>\n<meta property=\"og:image\" content=\"https:\/\/www.topfastpcb.com\/wp-content\/uploads\/2025\/05\/bom.jpg\" \/>\n\t<meta property=\"og:image:width\" content=\"750\" \/>\n\t<meta property=\"og:image:height\" content=\"750\" \/>\n\t<meta property=\"og:image:type\" content=\"image\/jpeg\" \/>\n<meta name=\"twitter:card\" content=\"summary_large_image\" \/>\n<meta name=\"twitter:label1\" content=\"Tahmini okuma s\u00fcresi\" \/>\n\t<meta name=\"twitter:data1\" content=\"3 dakika\" \/>\n<script type=\"application\/ld+json\" class=\"yoast-schema-graph\">{\"@context\":\"https:\/\/schema.org\",\"@graph\":[{\"@type\":\"WebPage\",\"@id\":\"https:\/\/www.topfastpcb.com\/products\/bill-of-materials-bom\/\",\"url\":\"https:\/\/www.topfastpcb.com\/products\/bill-of-materials-bom\/\",\"name\":\"Bill of Materials (BOM) - Topfastpcb\",\"isPartOf\":{\"@id\":\"https:\/\/www.topfastpcb.com\/#website\"},\"primaryImageOfPage\":{\"@id\":\"https:\/\/www.topfastpcb.com\/products\/bill-of-materials-bom\/#primaryimage\"},\"image\":{\"@id\":\"https:\/\/www.topfastpcb.com\/products\/bill-of-materials-bom\/#primaryimage\"},\"thumbnailUrl\":\"https:\/\/www.topfastpcb.com\/wp-content\/uploads\/2025\/05\/bom.jpg\",\"datePublished\":\"2025-05-24T09:07:40+00:00\",\"dateModified\":\"2025-06-24T02:08:34+00:00\",\"description\":\"Master Bill of Materials (BOM) management: types, structures, and best practices for manufacturing. Learn how BOMs drive ERP, reduce costs, and streamline production.\",\"breadcrumb\":{\"@id\":\"https:\/\/www.topfastpcb.com\/products\/bill-of-materials-bom\/#breadcrumb\"},\"inLanguage\":\"tr\",\"potentialAction\":[{\"@type\":\"ReadAction\",\"target\":[\"https:\/\/www.topfastpcb.com\/products\/bill-of-materials-bom\/\"]}]},{\"@type\":\"ImageObject\",\"inLanguage\":\"tr\",\"@id\":\"https:\/\/www.topfastpcb.com\/products\/bill-of-materials-bom\/#primaryimage\",\"url\":\"https:\/\/www.topfastpcb.com\/wp-content\/uploads\/2025\/05\/bom.jpg\",\"contentUrl\":\"https:\/\/www.topfastpcb.com\/wp-content\/uploads\/2025\/05\/bom.jpg\",\"width\":750,\"height\":750,\"caption\":\"bom\"},{\"@type\":\"BreadcrumbList\",\"@id\":\"https:\/\/www.topfastpcb.com\/products\/bill-of-materials-bom\/#breadcrumb\",\"itemListElement\":[{\"@type\":\"ListItem\",\"position\":1,\"name\":\"\u9996\u9875\",\"item\":\"https:\/\/www.topfastpcb.com\/\"},{\"@type\":\"ListItem\",\"position\":2,\"name\":\"\u5546\u5e97\",\"item\":\"https:\/\/www.topfastpcb.com\/shop\/\"},{\"@type\":\"ListItem\",\"position\":3,\"name\":\"Bill of Materials (BOM)\"}]},{\"@type\":\"WebSite\",\"@id\":\"https:\/\/www.topfastpcb.com\/#website\",\"url\":\"https:\/\/www.topfastpcb.com\/\",\"name\":\"Topfastpcb\",\"description\":\"Topfast Prime Choice for Global Electronics Manufacturing\",\"publisher\":{\"@id\":\"https:\/\/www.topfastpcb.com\/#organization\"},\"potentialAction\":[{\"@type\":\"SearchAction\",\"target\":{\"@type\":\"EntryPoint\",\"urlTemplate\":\"https:\/\/www.topfastpcb.com\/?s={search_term_string}\"},\"query-input\":{\"@type\":\"PropertyValueSpecification\",\"valueRequired\":true,\"valueName\":\"search_term_string\"}}],\"inLanguage\":\"tr\"},{\"@type\":\"Organization\",\"@id\":\"https:\/\/www.topfastpcb.com\/#organization\",\"name\":\"Topfastpcb\",\"url\":\"https:\/\/www.topfastpcb.com\/\",\"logo\":{\"@type\":\"ImageObject\",\"inLanguage\":\"tr\",\"@id\":\"https:\/\/www.topfastpcb.com\/#\/schema\/logo\/image\/\",\"url\":\"https:\/\/www.topfastpcb.com\/wp-content\/uploads\/2026\/02\/cropped-topfast-logo.png\",\"contentUrl\":\"https:\/\/www.topfastpcb.com\/wp-content\/uploads\/2026\/02\/cropped-topfast-logo.png\",\"width\":144,\"height\":56,\"caption\":\"Topfastpcb\"},\"image\":{\"@id\":\"https:\/\/www.topfastpcb.com\/#\/schema\/logo\/image\/\"}}]}<\/script>\n<!-- \/ Yoast SEO plugin. -->","yoast_head_json":{"title":"Bill of Materials (BOM) - Topfastpcb","description":"Master Bill of Materials (BOM) management: types, structures, and best practices for manufacturing. Learn how BOMs drive ERP, reduce costs, and streamline production.","robots":{"index":"index","follow":"follow","max-snippet":"max-snippet:-1","max-image-preview":"max-image-preview:large","max-video-preview":"max-video-preview:-1"},"canonical":"https:\/\/www.topfastpcb.com\/tr\/products\/bill-of-materials-bom\/","og_locale":"tr_TR","og_type":"article","og_title":"Bill of Materials (BOM) - Topfastpcb","og_description":"Master Bill of Materials (BOM) management: types, structures, and best practices for manufacturing. Learn how BOMs drive ERP, reduce costs, and streamline production.","og_url":"https:\/\/www.topfastpcb.com\/tr\/products\/bill-of-materials-bom\/","og_site_name":"Topfastpcb","article_modified_time":"2025-06-24T02:08:34+00:00","og_image":[{"width":750,"height":750,"url":"https:\/\/www.topfastpcb.com\/wp-content\/uploads\/2025\/05\/bom.jpg","type":"image\/jpeg"}],"twitter_card":"summary_large_image","twitter_misc":{"Tahmini okuma s\u00fcresi":"3 dakika"},"schema":{"@context":"https:\/\/schema.org","@graph":[{"@type":"WebPage","@id":"https:\/\/www.topfastpcb.com\/products\/bill-of-materials-bom\/","url":"https:\/\/www.topfastpcb.com\/products\/bill-of-materials-bom\/","name":"Bill of Materials (BOM) - Topfastpcb","isPartOf":{"@id":"https:\/\/www.topfastpcb.com\/#website"},"primaryImageOfPage":{"@id":"https:\/\/www.topfastpcb.com\/products\/bill-of-materials-bom\/#primaryimage"},"image":{"@id":"https:\/\/www.topfastpcb.com\/products\/bill-of-materials-bom\/#primaryimage"},"thumbnailUrl":"https:\/\/www.topfastpcb.com\/wp-content\/uploads\/2025\/05\/bom.jpg","datePublished":"2025-05-24T09:07:40+00:00","dateModified":"2025-06-24T02:08:34+00:00","description":"Master Bill of Materials (BOM) management: types, structures, and best practices for manufacturing. Learn how BOMs drive ERP, reduce costs, and streamline production.","breadcrumb":{"@id":"https:\/\/www.topfastpcb.com\/products\/bill-of-materials-bom\/#breadcrumb"},"inLanguage":"tr","potentialAction":[{"@type":"ReadAction","target":["https:\/\/www.topfastpcb.com\/products\/bill-of-materials-bom\/"]}]},{"@type":"ImageObject","inLanguage":"tr","@id":"https:\/\/www.topfastpcb.com\/products\/bill-of-materials-bom\/#primaryimage","url":"https:\/\/www.topfastpcb.com\/wp-content\/uploads\/2025\/05\/bom.jpg","contentUrl":"https:\/\/www.topfastpcb.com\/wp-content\/uploads\/2025\/05\/bom.jpg","width":750,"height":750,"caption":"bom"},{"@type":"BreadcrumbList","@id":"https:\/\/www.topfastpcb.com\/products\/bill-of-materials-bom\/#breadcrumb","itemListElement":[{"@type":"ListItem","position":1,"name":"\u9996\u9875","item":"https:\/\/www.topfastpcb.com\/"},{"@type":"ListItem","position":2,"name":"\u5546\u5e97","item":"https:\/\/www.topfastpcb.com\/shop\/"},{"@type":"ListItem","position":3,"name":"Bill of Materials (BOM)"}]},{"@type":"WebSite","@id":"https:\/\/www.topfastpcb.com\/#website","url":"https:\/\/www.topfastpcb.com\/","name":"Topfastpcb","description":"Topfast Prime Choice for Global Electronics Manufacturing","publisher":{"@id":"https:\/\/www.topfastpcb.com\/#organization"},"potentialAction":[{"@type":"SearchAction","target":{"@type":"EntryPoint","urlTemplate":"https:\/\/www.topfastpcb.com\/?s={search_term_string}"},"query-input":{"@type":"PropertyValueSpecification","valueRequired":true,"valueName":"search_term_string"}}],"inLanguage":"tr"},{"@type":"Organization","@id":"https:\/\/www.topfastpcb.com\/#organization","name":"Topfastpcb","url":"https:\/\/www.topfastpcb.com\/","logo":{"@type":"ImageObject","inLanguage":"tr","@id":"https:\/\/www.topfastpcb.com\/#\/schema\/logo\/image\/","url":"https:\/\/www.topfastpcb.com\/wp-content\/uploads\/2026\/02\/cropped-topfast-logo.png","contentUrl":"https:\/\/www.topfastpcb.com\/wp-content\/uploads\/2026\/02\/cropped-topfast-logo.png","width":144,"height":56,"caption":"Topfastpcb"},"image":{"@id":"https:\/\/www.topfastpcb.com\/#\/schema\/logo\/image\/"}}]}},"_links":{"self":[{"href":"https:\/\/www.topfastpcb.com\/tr\/wp-json\/wp\/v2\/product\/2804","targetHints":{"allow":["GET"]}}],"collection":[{"href":"https:\/\/www.topfastpcb.com\/tr\/wp-json\/wp\/v2\/product"}],"about":[{"href":"https:\/\/www.topfastpcb.com\/tr\/wp-json\/wp\/v2\/types\/product"}],"replies":[{"embeddable":true,"href":"https:\/\/www.topfastpcb.com\/tr\/wp-json\/wp\/v2\/comments?post=2804"}],"wp:featuredmedia":[{"embeddable":true,"href":"https:\/\/www.topfastpcb.com\/tr\/wp-json\/wp\/v2\/media\/2805"}],"wp:attachment":[{"href":"https:\/\/www.topfastpcb.com\/tr\/wp-json\/wp\/v2\/media?parent=2804"}],"wp:term":[{"taxonomy":"product_brand","embeddable":true,"href":"https:\/\/www.topfastpcb.com\/tr\/wp-json\/wp\/v2\/product_brand?post=2804"},{"taxonomy":"product_cat","embeddable":true,"href":"https:\/\/www.topfastpcb.com\/tr\/wp-json\/wp\/v2\/product_cat?post=2804"},{"taxonomy":"product_tag","embeddable":true,"href":"https:\/\/www.topfastpcb.com\/tr\/wp-json\/wp\/v2\/product_tag?post=2804"}],"curies":[{"name":"wp","href":"https:\/\/api.w.org\/{rel}","templated":true}]}}