{"id":2981,"date":"2025-05-30T10:38:29","date_gmt":"2025-05-30T02:38:29","guid":{"rendered":"https:\/\/www.topfastpcb.com\/?post_type=product&#038;p=2981"},"modified":"2025-05-30T10:38:29","modified_gmt":"2025-05-30T02:38:29","slug":"automotive-pcb-assembly","status":"publish","type":"product","link":"https:\/\/www.topfastpcb.com\/tr\/products\/automotive-pcb-assembly\/","title":{"rendered":"Otomotiv PCB Montaj\u0131"},"content":{"rendered":"<p>PCB end\u00fcstrisindeki 17 y\u0131ll\u0131k derin uzmanl\u0131\u011f\u0131yla, <a href=\"https:\/\/www.topfastpcb.com\/tr\/\">Topfast<\/a> otomotiv elektroni\u011fi PCBA \u00fcretiminin benzersiz zorluklar\u0131n\u0131 anl\u0131yor. Motor ECU'lar\u0131ndan otonom s\u00fcr\u00fc\u015f sistemlerine kadar, k\u00fcresel otomotiv markalar\u0131 i\u00e7in son derece g\u00fcvenilir devre \u00e7\u00f6z\u00fcmleri sunarak otomotiv elektroni\u011fi tasar\u0131mlar\u0131n\u0131z\u0131n endi\u015fesiz olmas\u0131n\u0131 sa\u011fl\u0131yoruz.<\/p>\n<div id=\"ez-toc-container\" class=\"ez-toc-v2_0_74 counter-hierarchy ez-toc-counter ez-toc-custom ez-toc-container-direction\">\n<div class=\"ez-toc-title-container\">\n<p class=\"ez-toc-title\" style=\"cursor:inherit\">\u0130\u00e7indekiler<\/p>\n<span class=\"ez-toc-title-toggle\"><\/span><\/div>\n<nav><ul class='ez-toc-list ez-toc-list-level-1' ><li class='ez-toc-page-1 ez-toc-heading-level-2'><a class=\"ez-toc-link ez-toc-heading-1\" href=\"https:\/\/www.topfastpcb.com\/tr\/products\/automotive-pcb-assembly\/#Why_Do_Global_Automakers_Choose_Topfast\" >K\u00fcresel Otomobil \u00dcreticileri Neden Topfast'i Se\u00e7iyor?<\/a><\/li><li class='ez-toc-page-1 ez-toc-heading-level-2'><a class=\"ez-toc-link ez-toc-heading-2\" href=\"https:\/\/www.topfastpcb.com\/tr\/products\/automotive-pcb-assembly\/#Our_Automotive_Electronics_Manufacturing_Advantages\" >Otomotiv Elektroni\u011fi \u00dcretim Avantajlar\u0131m\u0131z<\/a><ul class='ez-toc-list-level-3' ><li class='ez-toc-heading-level-3'><a class=\"ez-toc-link ez-toc-heading-3\" href=\"https:\/\/www.topfastpcb.com\/tr\/products\/automotive-pcb-assembly\/#1_Production_Lines_Specifically_Designed_for_Automotive_Electronics\" >1. Otomotiv Elektroni\u011fi i\u00e7in \u00d6zel Olarak Tasarlanm\u0131\u015f \u00dcretim Hatlar\u0131<\/a><\/li><li class='ez-toc-page-1 ez-toc-heading-level-3'><a class=\"ez-toc-link ez-toc-heading-4\" href=\"https:\/\/www.topfastpcb.com\/tr\/products\/automotive-pcb-assembly\/#2_Quality_Standards_Exceeding_Industry_Requirements\" >2.Sekt\u00f6r Gerekliliklerini A\u015fan Kalite Standartlar\u0131<\/a><\/li><li class='ez-toc-page-1 ez-toc-heading-level-3'><a class=\"ez-toc-link ez-toc-heading-5\" href=\"https:\/\/www.topfastpcb.com\/tr\/products\/automotive-pcb-assembly\/#3_Solving_Special_Challenges_in_Automotive_Electronics\" >3.Otomotiv Elektroni\u011findeki \u00d6zel Zorluklar\u0131n \u00c7\u00f6z\u00fcm\u00fc<\/a><\/li><\/ul><\/li><li class='ez-toc-page-1 ez-toc-heading-level-2'><a class=\"ez-toc-link ez-toc-heading-6\" href=\"https:\/\/www.topfastpcb.com\/tr\/products\/automotive-pcb-assembly\/#Automotive_Electronics_Success_Stories\" >Otomotiv Elektroni\u011fi Ba\u015far\u0131 Hikayeleri<\/a><\/li><li class='ez-toc-page-1 ez-toc-heading-level-2'><a class=\"ez-toc-link ez-toc-heading-7\" href=\"https:\/\/www.topfastpcb.com\/tr\/products\/automotive-pcb-assembly\/#Exclusive_Automotive_Electronics_Service_Packages\" >\u00d6zel Otomotiv Elektroni\u011fi Servis Paketleri<\/a><\/li><\/ul><\/nav><\/div>\n\n<h2><span class=\"ez-toc-section\" id=\"Why_Do_Global_Automakers_Choose_Topfast\"><\/span>K\u00fcresel Otomobil \u00dcreticileri Neden Topfast'i Se\u00e7iyor?<span class=\"ez-toc-section-end\"><\/span><\/h2>\n<p><strong>17 Y\u0131ll\u0131k Otomotiv S\u0131n\u0131f\u0131 \u00dcretim Deneyimi:<\/strong> 2008'deki kurulu\u015fumuzdan bu yana Mitsubishi de dahil olmak \u00fczere otomotiv markalar\u0131na PCBA hizmetleri sa\u011flad\u0131k ve 2 milyon metrekarenin \u00fczerinde otomotiv s\u0131n\u0131f\u0131 devre kart\u0131 \u00fcrettik. Ge\u00e7en y\u0131l, m\u00fc\u015fterilerimizden biri; bilgi-e\u011flence sistemi <a href=\"https:\/\/www.topfastpcb.com\/tr\/products\/category\/pcba\/\">PCBA<\/a> s\u0131f\u0131r PPM (milyon ba\u015f\u0131na par\u00e7a) kusur oran\u0131na ula\u015ft\u0131.<\/p>\n<p><strong>Ger\u00e7ek Tek Noktadan Otomotiv Elektroni\u011fi \u00c7\u00f6z\u00fcm\u00fc<\/strong><br \/>\n<strong>Tasar\u0131m Dan\u0131\u015fmanl\u0131\u011f\u0131<\/strong>: 20+ y\u0131ll\u0131k deneyime sahip bir Teknik ekip, tasar\u0131m tuzaklar\u0131ndan ka\u00e7\u0131nmaya yard\u0131mc\u0131 olur<br \/>\n<strong>Malzeme Se\u00e7imi<\/strong>: Sadece AEC-Q200 uyumlu otomotiv s\u0131n\u0131f\u0131 malzemeler kullan\u0131n<br \/>\n<strong>Hassas \u00dcretim<\/strong>: \u00b125\u03bcm devre kontrol hassasiyeti<br \/>\n<strong>Titiz Testler<\/strong>: IPC-6012DA S\u0131n\u0131f 3 standartlar\u0131na 0 uyumluluk<\/p>\n<p><img loading=\"lazy\" decoding=\"async\" src=\"https:\/\/www.topfastpcb.com\/wp-content\/uploads\/2025\/05\/Automotive-PCB-Assembly.jpg\" alt=\"Otomotiv PCB Montaj\u0131\" width=\"600\" height=\"402\" class=\"aligncenter size-full wp-image-2982\" srcset=\"https:\/\/www.topfastpcb.com\/wp-content\/uploads\/2025\/05\/Automotive-PCB-Assembly.jpg 600w, https:\/\/www.topfastpcb.com\/wp-content\/uploads\/2025\/05\/Automotive-PCB-Assembly-300x201.jpg 300w, https:\/\/www.topfastpcb.com\/wp-content\/uploads\/2025\/05\/Automotive-PCB-Assembly-18x12.jpg 18w\" sizes=\"auto, (max-width: 600px) 100vw, 600px\" \/><\/p>\n<h2><span class=\"ez-toc-section\" id=\"Our_Automotive_Electronics_Manufacturing_Advantages\"><\/span>Otomotiv Elektroni\u011fi \u00dcretim Avantajlar\u0131m\u0131z<span class=\"ez-toc-section-end\"><\/span><\/h2>\n<h3><span class=\"ez-toc-section\" id=\"1_Production_Lines_Specifically_Designed_for_Automotive_Electronics\"><\/span>1. Otomotiv Elektroni\u011fi i\u00e7in \u00d6zel Olarak Tasarlanm\u0131\u015f \u00dcretim Hatlar\u0131<span class=\"ez-toc-section-end\"><\/span><\/h3>\n<p>20.000 metrekarelik modern tesisimizde, donan\u0131ml\u0131 bir tesisimiz var:<br \/>\n<strong>Lazer Delme Makineleri<\/strong>: Otomotiv HDI kartlar\u0131nda mikrovia i\u015fleme i\u00e7in (minimum 50\u03bcm)<br \/>\n<strong>Vakumlu Re\u00e7ine T\u0131kama Makineleri<\/strong>: Termal \u015fok alt\u0131nda kal\u0131n bak\u0131r levhalar\u0131n g\u00fcvenilirli\u011fini sa\u011flar<br \/>\n<strong>3D AOI+AXI Denetim Kombinasyonu<\/strong>: Lehimleme hatalar\u0131n\u0131n ,99'unu tespit eder<\/p>\n<p><strong>Ayl\u0131k Kapasite:<\/strong><br \/>\n100.000\u33a1 PCB (y\u00fcksek frekansl\u0131, kal\u0131n bak\u0131r ve di\u011fer \u00f6zel kartlar dahil)<br \/>\n60 milyon SMT lehim ba\u011flant\u0131s\u0131 (\u00b115\u03bcm hassasiyete sahip YAMAHA y\u00fcksek h\u0131zl\u0131 yerle\u015ftirme makineleri)<\/p>\n<h3><span class=\"ez-toc-section\" id=\"2_Quality_Standards_Exceeding_Industry_Requirements\"><\/span>2.Sekt\u00f6r Gerekliliklerini A\u015fan Kalite Standartlar\u0131<span class=\"ez-toc-section-end\"><\/span><\/h3>\n<p>ISO 9001 ve IATF 16949'u kar\u015f\u0131laman\u0131n \u00f6tesinde, Otomotiv Elektroni\u011fi i\u00e7in benzersiz bir &#8220;\u00dc\u00e7l\u00fc G\u00fcvence Sistemi&#8221; kurduk:<br \/>\n<strong>1. Gelen Malzeme Kontrol\u00fc<\/strong>:Sahtecilik risklerini \u00f6nlemek i\u00e7in TI, NXP ve di\u011fer OEM'lerle do\u011frudan ortakl\u0131klar<br \/>\n<strong>2.S\u00fcre\u00e7 Kontrol\u00fc<\/strong>:Ger\u00e7ek zamanl\u0131 izleme ile 38 kritik kontrol noktas\u0131<br \/>\n<strong>3.Son Test<\/strong>:40\u2103~125\u2103 termal d\u00f6ng\u00fc, mekanik titre\u015fim ve di\u011fer ger\u00e7ek d\u00fcnya ara\u00e7 ortam\u0131 sim\u00fclasyonlar\u0131 dahil<\/p>\n<h3><span class=\"ez-toc-section\" id=\"3_Solving_Special_Challenges_in_Automotive_Electronics\"><\/span>3.Otomotiv Elektroni\u011findeki \u00d6zel Zorluklar\u0131n \u00c7\u00f6z\u00fcm\u00fc<span class=\"ez-toc-section-end\"><\/span><\/h3>\n<p>Temel endi\u015feleriniz i\u00e7in uzman \u00e7\u00f6z\u00fcmler sunuyoruz:<br \/>\n<strong>Termal Y\u00f6netim:<\/strong> Sim\u00fclasyonla optimize edilmi\u015f yerle\u015fim sayesinde, bir m\u00fc\u015fterinin ECU mod\u00fcl\u00fc i\u00e7in s\u0131cakl\u0131k 22\u00b0C d\u00fc\u015f\u00fcr\u00fcld\u00fc<br \/>\n<strong>Sinyal B\u00fct\u00fcnl\u00fc\u011f\u00fc:<\/strong> Empedans kontrol tolerans\u0131 \u00b1%7 (end\u00fcstri \u00b1 standard\u0131ndan daha iyi)<br \/>\n<strong>Uzun Vadeli G\u00fcvenilirlik:<\/strong> Konformal kaplama i\u015flemi 1000 saatlik tuz p\u00fcsk\u00fcrtme testini ge\u00e7ti<\/p>\n<p><img loading=\"lazy\" decoding=\"async\" src=\"https:\/\/www.topfastpcb.com\/wp-content\/uploads\/2025\/05\/Automotive-PCB-Assembly-1.jpg\" alt=\"Otomotiv PCB Montaj\u0131\" width=\"600\" height=\"402\" class=\"aligncenter size-full wp-image-2983\" srcset=\"https:\/\/www.topfastpcb.com\/wp-content\/uploads\/2025\/05\/Automotive-PCB-Assembly-1.jpg 600w, https:\/\/www.topfastpcb.com\/wp-content\/uploads\/2025\/05\/Automotive-PCB-Assembly-1-300x201.jpg 300w, https:\/\/www.topfastpcb.com\/wp-content\/uploads\/2025\/05\/Automotive-PCB-Assembly-1-18x12.jpg 18w\" sizes=\"auto, (max-width: 600px) 100vw, 600px\" \/><\/p>\n<h2><span class=\"ez-toc-section\" id=\"Automotive_Electronics_Success_Stories\"><\/span>Otomotiv Elektroni\u011fi Ba\u015far\u0131 Hikayeleri<span class=\"ez-toc-section-end\"><\/span><\/h2>\n<p><strong>Vaka 1<\/strong>: EV BMS Sistemi<br \/>\nZorluk: 6 katmanl\u0131 kal\u0131n bak\u0131r levha (3oz) + karma\u015f\u0131k \u0131s\u0131 da\u011f\u0131t\u0131m\u0131 gereksinimleri<br \/>\n\u00c7\u00f6z\u00fcm: Termal yollar + g\u00f6m\u00fcl\u00fc bak\u0131r blok teknolojisi<br \/>\nSonu\u00e7:Seri \u00fcretimde 3 y\u0131l\u0131n ard\u0131ndan s\u0131f\u0131r ar\u0131za<\/p>\n<p><strong>Vaka 2<\/strong>: Otonom S\u00fcr\u00fc\u015f Etki Alan\u0131 Denetleyicisi<br \/>\nZorluk: 20 katmanl\u0131 HDI kart + 0,3 mm BGA aral\u0131\u011f\u0131<br \/>\n\u00c7\u00f6z\u00fcm: Lazer delme + kademeli empedans tasar\u0131m\u0131<br \/>\nSonu\u00e7:Verim ,2'ye y\u00fckseldi<\/p>\n<p><strong>Nas\u0131l Garanti Ediyoruz &#8220;Y\u00fcksek Kalite + H\u0131zl\u0131 Teslimat&#8221;<\/strong><\/p>\n<p><strong>1. Dikey Entegrasyon<\/strong>:PCB \u00fcretiminden SMT montaj\u0131na kadar tam kurum i\u00e7i kontrol<br \/>\n<strong>2.Ak\u0131ll\u0131 Depo Sistemi<\/strong>:Yayg\u0131n otomotiv s\u0131n\u0131f\u0131 bile\u015fenlerden bol miktarda stok<br \/>\n<strong>3.H\u0131zl\u0131 M\u00fcdahale Sistemi:<\/strong><br \/>\n1 saatlik fiyat teklifi<br \/>\nEn h\u0131zl\u0131 3 g\u00fcnl\u00fck numune teslimat\u0131<br \/>\n7\/24 m\u00fc\u015fteri deste\u011fi<\/p>\n<p>M\u00fc\u015fterilerimiz aras\u0131nda DJI ve Hikvision gibi kalite talep eden \u015firketler var ve Topfast'\u0131 basit bir nedenden dolay\u0131 se\u00e7iyorlar <strong>b\u0131rak\u0131n profesyoneller profesyonel i\u015flerle u\u011fra\u015fs\u0131n<\/strong>.<\/p>\n<p><img loading=\"lazy\" decoding=\"async\" src=\"https:\/\/www.topfastpcb.com\/wp-content\/uploads\/2025\/05\/Automotive-PCB-Assembly-2.jpg\" alt=\"Otomotiv PCB Montaj\u0131\" width=\"600\" height=\"402\" class=\"aligncenter size-full wp-image-2984\" srcset=\"https:\/\/www.topfastpcb.com\/wp-content\/uploads\/2025\/05\/Automotive-PCB-Assembly-2.jpg 600w, https:\/\/www.topfastpcb.com\/wp-content\/uploads\/2025\/05\/Automotive-PCB-Assembly-2-300x201.jpg 300w, https:\/\/www.topfastpcb.com\/wp-content\/uploads\/2025\/05\/Automotive-PCB-Assembly-2-18x12.jpg 18w\" sizes=\"auto, (max-width: 600px) 100vw, 600px\" \/><\/p>\n<h2><span class=\"ez-toc-section\" id=\"Exclusive_Automotive_Electronics_Service_Packages\"><\/span>\u00d6zel Otomotiv Elektroni\u011fi Servis Paketleri<span class=\"ez-toc-section-end\"><\/span><\/h2>\n<p>Farkl\u0131 ihtiya\u00e7lar i\u00e7in esnek se\u00e7enekler:<br \/>\n<strong>H\u0131zl\u0131 D\u00f6n\u00fc\u015f Hizmeti<\/strong>: 3-5 g\u00fcnde teslimat (Ar-Ge do\u011frulamas\u0131 i\u00e7in ideal)<br \/>\n<strong>Seri \u00dcretim Hizmeti<\/strong>: Milyon birim kapasite (JIT teslimat\u0131n\u0131 destekler)<br \/>\n<strong>Tam Anahtar Teslim Hizmet<\/strong>: Tasar\u0131m\u2192PCB\u2192SMT\u2192teste kadar komple \u00e7\u00f6z\u00fcm<\/p>\n<p><strong>Yeni Ba\u015fvurular i\u00e7in \u00d6zel Teklifler<\/strong><br \/>\n\u00dccretsiz DFM analizi<br \/>\n\u0130lk sipari\u015fte %5 indirim<br \/>\nProje boyunca \u00f6zel hesap y\u00f6neticisi<\/p>\n<p>&nbsp;<\/p>\n<p>Topfast ekibi, 'u \u00fcst d\u00fczey teknik personel olmak \u00fczere 1.000'den fazla profesyonelden olu\u015fmaktad\u0131r. Otomotiv elektroni\u011finin a\u015f\u0131r\u0131 g\u00fcvenlik gereksinimlerini anl\u0131yoruz, bu nedenle &#8220;kalite denetlenmez, in\u015fa edilir &#8217;&amp;#8221 felsefesine ba\u011fl\u0131 kal\u0131yoruz;<\/p>\n<p><strong>Otomotiv elektroni\u011fi uzman\u0131m\u0131zla istedi\u011finiz zaman ileti\u015fime ge\u00e7in<\/strong> &#8211; 17 y\u0131ll\u0131k uzmanl\u0131k deneyimimizin projenizi korumas\u0131na izin verin!<\/p>\n<p><a href=\"https:\/\/www.topfastpcb.com\/tr\/contact\/\">\u00d6zel Teklifinizi \u015eimdi Al\u0131n<\/a><\/p>","protected":false},"excerpt":{"rendered":"<p><span>17 y\u0131ll\u0131k deneyimli bir otomotiv PCBA uzman\u0131 olarak Topfast, k\u00fcresel otomobil \u00fcreticileri i\u00e7in y\u00fcksek g\u00fcvenilirlikli devre \u00e7\u00f6z\u00fcmleri sunmaktad\u0131r.20.000\u33a1 modern tesisimiz, ayl\u0131k 100.000\u33a1 PCB ve 60 milyon SMT noktas\u0131 kapasitesi ile lazer delme ve 3D AOI ekipman\u0131na sahiptir.Tescilli &#8220;\u00dc\u00e7l\u00fc G\u00fcvence Sistemimiz,&#8221; ile IATF 16949 kapsam\u0131nda sertifikaland\u0131r\u0131lm\u0131\u015f olup, 0 IPC-6012DA S\u0131n\u0131f 3 uyumlulu\u011funu garanti ediyoruz. Bu makale, EV BMS sistemleri ve otonom s\u00fcr\u00fc\u015f alan\u0131 denetleyicileri dahil olmak \u00fczere ba\u015far\u0131 \u00f6yk\u00fclerini i\u00e7eren termal y\u00f6netim ve sinyal b\u00fct\u00fcnl\u00fc\u011f\u00fc \u00e7\u00f6z\u00fcmlerimizi detayland\u0131rmaktad\u0131r. Tasar\u0131m dan\u0131\u015fmanl\u0131\u011f\u0131ndan seri \u00fcretime kadar u\u00e7tan uca hizmetler sunan Topfast, 1 saatlik fiyat teklifleri ve 3 g\u00fcnl\u00fck prototip teslimat\u0131 sa\u011flar &#8211; g\u00fcvenilir otomotiv PCBA orta\u011f\u0131n\u0131z.<\/span><\/p>","protected":false},"featured_media":2985,"comment_status":"closed","ping_status":"closed","template":"","meta":[],"product_brand":[],"product_cat":[116],"product_tag":[267,231],"class_list":{"0":"post-2981","1":"product","2":"type-product","3":"status-publish","4":"has-post-thumbnail","6":"product_cat-pcba","7":"product_tag-automotive-pcb-assembly","8":"product_tag-pcb-assembly","10":"first","11":"instock","12":"shipping-taxable","13":"product-type-simple"},"yoast_head":"<!-- This site is optimized with the Yoast SEO plugin v25.1 - https:\/\/yoast.com\/wordpress\/plugins\/seo\/ -->\n<title>Automotive PCB Assembly - Topfastpcb<\/title>\n<meta name=\"description\" content=\"Topfast - 17-year automotive PCBA manufacturing expert providing automotive-grade PCB design, production &amp; assembly. IATF 16949 certified with 100,000\u33a1 monthly capacity. 1-hour quick quote, 3-day prototype delivery for global automakers.\" \/>\n<meta name=\"robots\" content=\"index, follow, max-snippet:-1, max-image-preview:large, max-video-preview:-1\" \/>\n<link rel=\"canonical\" href=\"https:\/\/www.topfastpcb.com\/tr\/products\/automotive-pcb-assembly\/\" \/>\n<meta property=\"og:locale\" content=\"tr_TR\" \/>\n<meta property=\"og:type\" content=\"article\" \/>\n<meta property=\"og:title\" content=\"Automotive PCB Assembly - Topfastpcb\" \/>\n<meta property=\"og:description\" content=\"Topfast - 17-year automotive PCBA manufacturing expert providing automotive-grade PCB design, production &amp; assembly. IATF 16949 certified with 100,000\u33a1 monthly capacity. 1-hour quick quote, 3-day prototype delivery for global automakers.\" \/>\n<meta property=\"og:url\" content=\"https:\/\/www.topfastpcb.com\/tr\/products\/automotive-pcb-assembly\/\" \/>\n<meta property=\"og:site_name\" content=\"Topfastpcb\" \/>\n<meta property=\"og:image\" content=\"https:\/\/www.topfastpcb.com\/wp-content\/uploads\/2025\/05\/pcba19.jpg\" \/>\n\t<meta property=\"og:image:width\" content=\"750\" \/>\n\t<meta property=\"og:image:height\" content=\"750\" \/>\n\t<meta property=\"og:image:type\" content=\"image\/jpeg\" \/>\n<meta name=\"twitter:card\" content=\"summary_large_image\" \/>\n<meta name=\"twitter:label1\" content=\"Tahmini okuma s\u00fcresi\" \/>\n\t<meta name=\"twitter:data1\" content=\"4 dakika\" \/>\n<script type=\"application\/ld+json\" class=\"yoast-schema-graph\">{\"@context\":\"https:\/\/schema.org\",\"@graph\":[{\"@type\":\"WebPage\",\"@id\":\"https:\/\/www.topfastpcb.com\/products\/automotive-pcb-assembly\/\",\"url\":\"https:\/\/www.topfastpcb.com\/products\/automotive-pcb-assembly\/\",\"name\":\"Automotive PCB Assembly - Topfastpcb\",\"isPartOf\":{\"@id\":\"https:\/\/www.topfastpcb.com\/#website\"},\"primaryImageOfPage\":{\"@id\":\"https:\/\/www.topfastpcb.com\/products\/automotive-pcb-assembly\/#primaryimage\"},\"image\":{\"@id\":\"https:\/\/www.topfastpcb.com\/products\/automotive-pcb-assembly\/#primaryimage\"},\"thumbnailUrl\":\"https:\/\/www.topfastpcb.com\/wp-content\/uploads\/2025\/05\/pcba19.jpg\",\"datePublished\":\"2025-05-30T02:38:29+00:00\",\"description\":\"Topfast - 17-year automotive PCBA manufacturing expert providing automotive-grade PCB design, production & assembly. IATF 16949 certified with 100,000\u33a1 monthly capacity. 1-hour quick quote, 3-day prototype delivery for global automakers.\",\"breadcrumb\":{\"@id\":\"https:\/\/www.topfastpcb.com\/products\/automotive-pcb-assembly\/#breadcrumb\"},\"inLanguage\":\"tr\",\"potentialAction\":[{\"@type\":\"ReadAction\",\"target\":[\"https:\/\/www.topfastpcb.com\/products\/automotive-pcb-assembly\/\"]}]},{\"@type\":\"ImageObject\",\"inLanguage\":\"tr\",\"@id\":\"https:\/\/www.topfastpcb.com\/products\/automotive-pcb-assembly\/#primaryimage\",\"url\":\"https:\/\/www.topfastpcb.com\/wp-content\/uploads\/2025\/05\/pcba19.jpg\",\"contentUrl\":\"https:\/\/www.topfastpcb.com\/wp-content\/uploads\/2025\/05\/pcba19.jpg\",\"width\":750,\"height\":750,\"caption\":\"Automotive PCB Assembly\"},{\"@type\":\"BreadcrumbList\",\"@id\":\"https:\/\/www.topfastpcb.com\/products\/automotive-pcb-assembly\/#breadcrumb\",\"itemListElement\":[{\"@type\":\"ListItem\",\"position\":1,\"name\":\"\u9996\u9875\",\"item\":\"https:\/\/www.topfastpcb.com\/\"},{\"@type\":\"ListItem\",\"position\":2,\"name\":\"\u5546\u5e97\",\"item\":\"https:\/\/www.topfastpcb.com\/shop\/\"},{\"@type\":\"ListItem\",\"position\":3,\"name\":\"Automotive PCB Assembly\"}]},{\"@type\":\"WebSite\",\"@id\":\"https:\/\/www.topfastpcb.com\/#website\",\"url\":\"https:\/\/www.topfastpcb.com\/\",\"name\":\"Topfastpcb\",\"description\":\"Topfast Prime Choice for Global Electronics Manufacturing\",\"publisher\":{\"@id\":\"https:\/\/www.topfastpcb.com\/#organization\"},\"potentialAction\":[{\"@type\":\"SearchAction\",\"target\":{\"@type\":\"EntryPoint\",\"urlTemplate\":\"https:\/\/www.topfastpcb.com\/?s={search_term_string}\"},\"query-input\":{\"@type\":\"PropertyValueSpecification\",\"valueRequired\":true,\"valueName\":\"search_term_string\"}}],\"inLanguage\":\"tr\"},{\"@type\":\"Organization\",\"@id\":\"https:\/\/www.topfastpcb.com\/#organization\",\"name\":\"Topfastpcb\",\"url\":\"https:\/\/www.topfastpcb.com\/\",\"logo\":{\"@type\":\"ImageObject\",\"inLanguage\":\"tr\",\"@id\":\"https:\/\/www.topfastpcb.com\/#\/schema\/logo\/image\/\",\"url\":\"https:\/\/www.topfastpcb.com\/wp-content\/uploads\/2026\/02\/cropped-topfast-logo.png\",\"contentUrl\":\"https:\/\/www.topfastpcb.com\/wp-content\/uploads\/2026\/02\/cropped-topfast-logo.png\",\"width\":144,\"height\":56,\"caption\":\"Topfastpcb\"},\"image\":{\"@id\":\"https:\/\/www.topfastpcb.com\/#\/schema\/logo\/image\/\"}}]}<\/script>\n<!-- \/ Yoast SEO plugin. -->","yoast_head_json":{"title":"Automotive PCB Assembly - Topfastpcb","description":"Topfast - 17-year automotive PCBA manufacturing expert providing automotive-grade PCB design, production & assembly. IATF 16949 certified with 100,000\u33a1 monthly capacity. 1-hour quick quote, 3-day prototype delivery for global automakers.","robots":{"index":"index","follow":"follow","max-snippet":"max-snippet:-1","max-image-preview":"max-image-preview:large","max-video-preview":"max-video-preview:-1"},"canonical":"https:\/\/www.topfastpcb.com\/tr\/products\/automotive-pcb-assembly\/","og_locale":"tr_TR","og_type":"article","og_title":"Automotive PCB Assembly - Topfastpcb","og_description":"Topfast - 17-year automotive PCBA manufacturing expert providing automotive-grade PCB design, production & assembly. IATF 16949 certified with 100,000\u33a1 monthly capacity. 1-hour quick quote, 3-day prototype delivery for global automakers.","og_url":"https:\/\/www.topfastpcb.com\/tr\/products\/automotive-pcb-assembly\/","og_site_name":"Topfastpcb","og_image":[{"width":750,"height":750,"url":"https:\/\/www.topfastpcb.com\/wp-content\/uploads\/2025\/05\/pcba19.jpg","type":"image\/jpeg"}],"twitter_card":"summary_large_image","twitter_misc":{"Tahmini okuma s\u00fcresi":"4 dakika"},"schema":{"@context":"https:\/\/schema.org","@graph":[{"@type":"WebPage","@id":"https:\/\/www.topfastpcb.com\/products\/automotive-pcb-assembly\/","url":"https:\/\/www.topfastpcb.com\/products\/automotive-pcb-assembly\/","name":"Automotive PCB Assembly - Topfastpcb","isPartOf":{"@id":"https:\/\/www.topfastpcb.com\/#website"},"primaryImageOfPage":{"@id":"https:\/\/www.topfastpcb.com\/products\/automotive-pcb-assembly\/#primaryimage"},"image":{"@id":"https:\/\/www.topfastpcb.com\/products\/automotive-pcb-assembly\/#primaryimage"},"thumbnailUrl":"https:\/\/www.topfastpcb.com\/wp-content\/uploads\/2025\/05\/pcba19.jpg","datePublished":"2025-05-30T02:38:29+00:00","description":"Topfast - 17-year automotive PCBA manufacturing expert providing automotive-grade PCB design, production & assembly. IATF 16949 certified with 100,000\u33a1 monthly capacity. 1-hour quick quote, 3-day prototype delivery for global automakers.","breadcrumb":{"@id":"https:\/\/www.topfastpcb.com\/products\/automotive-pcb-assembly\/#breadcrumb"},"inLanguage":"tr","potentialAction":[{"@type":"ReadAction","target":["https:\/\/www.topfastpcb.com\/products\/automotive-pcb-assembly\/"]}]},{"@type":"ImageObject","inLanguage":"tr","@id":"https:\/\/www.topfastpcb.com\/products\/automotive-pcb-assembly\/#primaryimage","url":"https:\/\/www.topfastpcb.com\/wp-content\/uploads\/2025\/05\/pcba19.jpg","contentUrl":"https:\/\/www.topfastpcb.com\/wp-content\/uploads\/2025\/05\/pcba19.jpg","width":750,"height":750,"caption":"Automotive PCB Assembly"},{"@type":"BreadcrumbList","@id":"https:\/\/www.topfastpcb.com\/products\/automotive-pcb-assembly\/#breadcrumb","itemListElement":[{"@type":"ListItem","position":1,"name":"\u9996\u9875","item":"https:\/\/www.topfastpcb.com\/"},{"@type":"ListItem","position":2,"name":"\u5546\u5e97","item":"https:\/\/www.topfastpcb.com\/shop\/"},{"@type":"ListItem","position":3,"name":"Automotive PCB Assembly"}]},{"@type":"WebSite","@id":"https:\/\/www.topfastpcb.com\/#website","url":"https:\/\/www.topfastpcb.com\/","name":"Topfastpcb","description":"Topfast Prime Choice for Global Electronics Manufacturing","publisher":{"@id":"https:\/\/www.topfastpcb.com\/#organization"},"potentialAction":[{"@type":"SearchAction","target":{"@type":"EntryPoint","urlTemplate":"https:\/\/www.topfastpcb.com\/?s={search_term_string}"},"query-input":{"@type":"PropertyValueSpecification","valueRequired":true,"valueName":"search_term_string"}}],"inLanguage":"tr"},{"@type":"Organization","@id":"https:\/\/www.topfastpcb.com\/#organization","name":"Topfastpcb","url":"https:\/\/www.topfastpcb.com\/","logo":{"@type":"ImageObject","inLanguage":"tr","@id":"https:\/\/www.topfastpcb.com\/#\/schema\/logo\/image\/","url":"https:\/\/www.topfastpcb.com\/wp-content\/uploads\/2026\/02\/cropped-topfast-logo.png","contentUrl":"https:\/\/www.topfastpcb.com\/wp-content\/uploads\/2026\/02\/cropped-topfast-logo.png","width":144,"height":56,"caption":"Topfastpcb"},"image":{"@id":"https:\/\/www.topfastpcb.com\/#\/schema\/logo\/image\/"}}]}},"_links":{"self":[{"href":"https:\/\/www.topfastpcb.com\/tr\/wp-json\/wp\/v2\/product\/2981","targetHints":{"allow":["GET"]}}],"collection":[{"href":"https:\/\/www.topfastpcb.com\/tr\/wp-json\/wp\/v2\/product"}],"about":[{"href":"https:\/\/www.topfastpcb.com\/tr\/wp-json\/wp\/v2\/types\/product"}],"replies":[{"embeddable":true,"href":"https:\/\/www.topfastpcb.com\/tr\/wp-json\/wp\/v2\/comments?post=2981"}],"wp:featuredmedia":[{"embeddable":true,"href":"https:\/\/www.topfastpcb.com\/tr\/wp-json\/wp\/v2\/media\/2985"}],"wp:attachment":[{"href":"https:\/\/www.topfastpcb.com\/tr\/wp-json\/wp\/v2\/media?parent=2981"}],"wp:term":[{"taxonomy":"product_brand","embeddable":true,"href":"https:\/\/www.topfastpcb.com\/tr\/wp-json\/wp\/v2\/product_brand?post=2981"},{"taxonomy":"product_cat","embeddable":true,"href":"https:\/\/www.topfastpcb.com\/tr\/wp-json\/wp\/v2\/product_cat?post=2981"},{"taxonomy":"product_tag","embeddable":true,"href":"https:\/\/www.topfastpcb.com\/tr\/wp-json\/wp\/v2\/product_tag?post=2981"}],"curies":[{"name":"wp","href":"https:\/\/api.w.org\/{rel}","templated":true}]}}