{"id":3331,"date":"2025-06-18T08:37:32","date_gmt":"2025-06-18T00:37:32","guid":{"rendered":"https:\/\/www.topfastpcb.com\/?post_type=product&#038;p=3331"},"modified":"2025-06-17T16:01:04","modified_gmt":"2025-06-17T08:01:04","slug":"4-layer-flexible-pcb","status":"publish","type":"product","link":"https:\/\/www.topfastpcb.com\/tr\/products\/4-layer-flexible-pcb\/","title":{"rendered":"4 Katmanl\u0131 Esnek PCB"},"content":{"rendered":"<div id=\"ez-toc-container\" class=\"ez-toc-v2_0_74 counter-hierarchy ez-toc-counter ez-toc-custom ez-toc-container-direction\">\n<div class=\"ez-toc-title-container\">\n<p class=\"ez-toc-title\" style=\"cursor:inherit\">\u0130\u00e7indekiler<\/p>\n<span class=\"ez-toc-title-toggle\"><\/span><\/div>\n<nav><ul class='ez-toc-list ez-toc-list-level-1' ><li class='ez-toc-page-1 ez-toc-heading-level-2'><a class=\"ez-toc-link ez-toc-heading-1\" href=\"https:\/\/www.topfastpcb.com\/tr\/products\/4-layer-flexible-pcb\/#Topfast_Professional_4-Layer_Flexible_PCB\" >Topfast Profesyonel 4 Katmanl\u0131 Esnek PCB<\/a><\/li><li class='ez-toc-page-1 ez-toc-heading-level-2'><a class=\"ez-toc-link ez-toc-heading-2\" href=\"https:\/\/www.topfastpcb.com\/tr\/products\/4-layer-flexible-pcb\/#Key_Advantages_of_Topfasts_4-Layer_Flexible_PCB\" >Topfast'\u0131n 4 Katmanl\u0131 Esnek PCB'sinin Temel Avantajlar\u0131<\/a><ul class='ez-toc-list-level-3' ><li class='ez-toc-heading-level-3'><a class=\"ez-toc-link ez-toc-heading-3\" href=\"https:\/\/www.topfastpcb.com\/tr\/products\/4-layer-flexible-pcb\/#1_High-Density_Wiring_for_Complex_Circuits\" >1.Karma\u015f\u0131k Devreler i\u00e7in Y\u00fcksek Yo\u011funluklu Kablolama<\/a><\/li><li class='ez-toc-page-1 ez-toc-heading-level-3'><a class=\"ez-toc-link ez-toc-heading-4\" href=\"https:\/\/www.topfastpcb.com\/tr\/products\/4-layer-flexible-pcb\/#2_Superior_Flexibility_for_Dynamic_Bending_Environments\" >2.Dinamik B\u00fckme Ortamlar\u0131 i\u00e7in \u00dcst\u00fcn Esneklik<\/a><\/li><li class='ez-toc-page-1 ez-toc-heading-level-3'><a class=\"ez-toc-link ez-toc-heading-5\" href=\"https:\/\/www.topfastpcb.com\/tr\/products\/4-layer-flexible-pcb\/#3_Tight_Impedance_Control_for_Signal_Integrity\" >3.Sinyal B\u00fct\u00fcnl\u00fc\u011f\u00fc i\u00e7in S\u0131k\u0131 Empedans Kontrol\u00fc<\/a><\/li><li class='ez-toc-page-1 ez-toc-heading-level-3'><a class=\"ez-toc-link ez-toc-heading-6\" href=\"https:\/\/www.topfastpcb.com\/tr\/products\/4-layer-flexible-pcb\/#4_Multi-Layer_Shielding_for_EMIEMC_Protection\" >4.EMI\/EMC Korumas\u0131 i\u00e7in \u00c7ok Katmanl\u0131 Ekranlama<\/a><\/li><li class='ez-toc-page-1 ez-toc-heading-level-3'><a class=\"ez-toc-link ez-toc-heading-7\" href=\"https:\/\/www.topfastpcb.com\/tr\/products\/4-layer-flexible-pcb\/#5_High-Reliability_Manufacturing_Process\" >5. Y\u00fcksek G\u00fcvenilirlikli \u00dcretim S\u00fcreci<\/a><\/li><\/ul><\/li><li class='ez-toc-page-1 ez-toc-heading-level-2'><a class=\"ez-toc-link ez-toc-heading-8\" href=\"https:\/\/www.topfastpcb.com\/tr\/products\/4-layer-flexible-pcb\/#Typical_Applications_of_Topfasts_4-Layer_Flexible_PCB\" >Topfast'\u0131n 4 Katmanl\u0131 Esnek PCB'sinin Tipik Uygulamalar\u0131<\/a><\/li><li class='ez-toc-page-1 ez-toc-heading-level-2'><a class=\"ez-toc-link ez-toc-heading-9\" href=\"https:\/\/www.topfastpcb.com\/tr\/products\/4-layer-flexible-pcb\/#Why_Choose_Topfast\" >Neden Topfast'\u0131 Se\u00e7melisiniz?<\/a><\/li><li class='ez-toc-page-1 ez-toc-heading-level-2'><a class=\"ez-toc-link ez-toc-heading-10\" href=\"https:\/\/www.topfastpcb.com\/tr\/products\/4-layer-flexible-pcb\/#Conclusion\" >Sonu\u00e7<\/a><\/li><\/ul><\/nav><\/div>\n\n<h2><span class=\"ez-toc-section\" id=\"Topfast_Professional_4-Layer_Flexible_PCB\"><\/span>Topfast Profesyonel 4 Katmanl\u0131 Esnek PCB<span class=\"ez-toc-section-end\"><\/span><\/h2>\n<p>G\u00fcn\u00fcm\u00fcz\u00fcn son derece entegre elektronik cihazlar\u0131nda, <strong>4 katmanl\u0131 esnek PCB'ler<\/strong> \u00fcst\u00fcn kablo yo\u011funlu\u011fu, dinamik b\u00fckme kabiliyeti ve ola\u011fan\u00fcst\u00fc g\u00fcvenilirli\u011fi nedeniyle \u00fcst d\u00fczey end\u00fcstriyel, medikal, otomotiv ve t\u00fcketici elektroni\u011fi i\u00e7in tercih edilen \u00e7\u00f6z\u00fcm haline gelmi\u015ftir. 17 y\u0131ll\u0131k deneyim ile, <strong>Topfast<\/strong> Zorlu uygulamalar i\u00e7in y\u00fcksek performansl\u0131 ve ultra g\u00fcvenilir esnek devreler sunan 4 katmanl\u0131 esnek PCB'lerin tasar\u0131m\u0131, \u00fcretimi ve montaj\u0131 konusunda uzmanla\u015fm\u0131\u015ft\u0131r.<\/p>\n<h2><span class=\"ez-toc-section\" id=\"Key_Advantages_of_Topfasts_4-Layer_Flexible_PCB\"><\/span>Topfast'\u0131n 4 Katmanl\u0131 Esnek PCB'sinin Temel Avantajlar\u0131<span class=\"ez-toc-section-end\"><\/span><\/h2>\n<h3><span class=\"ez-toc-section\" id=\"1_High-Density_Wiring_for_Complex_Circuits\"><\/span>1.Karma\u015f\u0131k Devreler i\u00e7in Y\u00fcksek Yo\u011funluklu Kablolama<span class=\"ez-toc-section-end\"><\/span><\/h3>\n<p>Topfast'in 4 katmanl\u0131 <a href=\"https:\/\/www.topfastpcb.com\/tr\/products\/category\/flexible-pcb\/\">esnek PCB'ler<\/a> daha y\u00fcksek kablo yo\u011funlu\u011fu i\u00e7in 4 katmanl\u0131 bak\u0131r iz y\u00f6nlendirmeyi destekleyen hassas bir istifleme tasar\u0131m\u0131 kullan\u0131r, bu da onlar\u0131 karma\u015f\u0131k devre tasar\u0131mlar\u0131 i\u00e7in ideal hale getirir.\u0130ster y\u00fcksek h\u0131zl\u0131 sinyal iletimi, ister empedans kontrol\u00fc veya \u00e7ok katmanl\u0131 ekranlama i\u00e7in olsun, esnek PCB'lerimiz kusursuz performans sunar.<\/p>\n<h3><span class=\"ez-toc-section\" id=\"2_Superior_Flexibility_for_Dynamic_Bending_Environments\"><\/span>2.Dinamik B\u00fckme Ortamlar\u0131 i\u00e7in \u00dcst\u00fcn Esneklik<span class=\"ez-toc-section-end\"><\/span><\/h3>\n<p>Y\u00fcksek kaliteli poliimid (PI) malzemeden \u00fcretilen 4 katmanl\u0131 esnek PCB'lerimiz, 500.000'den fazla dinamik b\u00fckme d\u00f6ng\u00fcs\u00fcne dayanacak \u015fekilde m\u00fckemmel b\u00fckme performans\u0131 sunar. Giyilebilir cihazlar, katlanabilir ak\u0131ll\u0131 telefonlar, robotik eklemler ve di\u011fer y\u00fcksek frekansl\u0131 b\u00fckme uygulamalar\u0131 i\u00e7in m\u00fckemmeldir.<\/p>\n<h3><span class=\"ez-toc-section\" id=\"3_Tight_Impedance_Control_for_Signal_Integrity\"><\/span>3.Sinyal B\u00fct\u00fcnl\u00fc\u011f\u00fc i\u00e7in S\u0131k\u0131 Empedans Kontrol\u00fc<span class=\"ez-toc-section-end\"><\/span><\/h3>\n<p>Topfast'\u0131n 4 katmanl\u0131 esnek PCB'leri, \u00b1% 5 i\u00e7inde kontrol edilen toleranslarla hassas empedans e\u015fle\u015ftirme tasar\u0131mlar\u0131na sahiptir, bu da onlar\u0131 y\u00fcksek h\u0131zl\u0131 dijital sinyaller (USB 3.0, HDMI) ve y\u00fcksek frekansl\u0131 RF uygulamalar\u0131 (5G, Wi-Fi 6) i\u00e7in ideal hale getirerek kararl\u0131, parazitsiz iletim sa\u011flar.<\/p>\n<h3><span class=\"ez-toc-section\" id=\"4_Multi-Layer_Shielding_for_EMIEMC_Protection\"><\/span>4.EMI\/EMC Korumas\u0131 i\u00e7in \u00c7ok Katmanl\u0131 Ekranlama<span class=\"ez-toc-section-end\"><\/span><\/h3>\n<p>Optimize edilmi\u015f istifleme konfig\u00fcrasyonlar\u0131 (\u00f6rne\u011fin, simetrik toprak + g\u00fc\u00e7 d\u00fczlemi tasar\u0131m\u0131) ile 4 katmanl\u0131 esnek PCB'lerimiz, s\u0131k\u0131 elektromanyetik uyumluluk gereksinimleri olan otomotiv elektroni\u011fi, t\u0131bbi cihazlar ve end\u00fcstriyel kontrol sistemleri i\u00e7in uygun olan ola\u011fan\u00fcst\u00fc EMI \/ RFI korumas\u0131 sa\u011flar.<\/p>\n<h3><span class=\"ez-toc-section\" id=\"5_High-Reliability_Manufacturing_Process\"><\/span>5. Y\u00fcksek G\u00fcvenilirlikli \u00dcretim S\u00fcreci<span class=\"ez-toc-section-end\"><\/span><\/h3>\n<p>Mikrovia hassasiyeti i\u00e7in 30\u03bcm lazer delme<br \/>\nKusurlar\u0131 ortadan kald\u0131rmak i\u00e7in 0 AOI\/ICT testi<br \/>\nIPC-6013 sertifikal\u0131, sekt\u00f6r\u00fcn en y\u00fcksek standartlar\u0131n\u0131 kar\u015f\u0131layan<br \/>\nGeli\u015ftirmeyi h\u0131zland\u0131rmak i\u00e7in 72 saatlik h\u0131zl\u0131 prototipleme<\/p>\n<h2><img loading=\"lazy\" decoding=\"async\" src=\"https:\/\/www.topfastpcb.com\/wp-content\/uploads\/2025\/06\/4-Layer-Flexible-PCB.jpg\" alt=\"4 Katmanl\u0131 Esnek PCB\" width=\"600\" height=\"402\" class=\"aligncenter size-full wp-image-3336\" srcset=\"https:\/\/www.topfastpcb.com\/wp-content\/uploads\/2025\/06\/4-Layer-Flexible-PCB.jpg 600w, https:\/\/www.topfastpcb.com\/wp-content\/uploads\/2025\/06\/4-Layer-Flexible-PCB-300x201.jpg 300w, https:\/\/www.topfastpcb.com\/wp-content\/uploads\/2025\/06\/4-Layer-Flexible-PCB-18x12.jpg 18w\" sizes=\"auto, (max-width: 600px) 100vw, 600px\" \/><\/h2>\n<h2><span class=\"ez-toc-section\" id=\"Typical_Applications_of_Topfasts_4-Layer_Flexible_PCB\"><\/span>Topfast'\u0131n 4 Katmanl\u0131 Esnek PCB'sinin Tipik Uygulamalar\u0131<span class=\"ez-toc-section-end\"><\/span><\/h2>\n<p><strong>T\u0131bbi Cihazlar<\/strong>Endoskoplar, giyilebilir sa\u011fl\u0131k monit\u00f6rleri, implante edilebilir sens\u00f6rler<br \/>\n<strong>Otomotiv Elektroni\u011fi<\/strong>Ara\u00e7 i\u00e7i ekranlar, ADAS sens\u00f6rleri, LiDAR<br \/>\n<strong>T\u00fcketici Elektroni\u011fi<\/strong>Katlanabilir ak\u0131ll\u0131 telefonlar, AR\/VR g\u00f6zl\u00fckler, ak\u0131ll\u0131 saatler<br \/>\n<strong>End\u00fcstriyel Kontrol<\/strong>Robotik esnek ara ba\u011flant\u0131lar, HMI panelleri, hareket kontrol\u00f6rleri<br \/>\n<strong>Havac\u0131l\u0131k ve Uzay; Savunma<\/strong>: Aviyonik ileti\u015fim sistemleri, drone u\u00e7u\u015f kontrol\u00fc<\/p>\n<h2><span class=\"ez-toc-section\" id=\"Why_Choose_Topfast\"><\/span>Neden Topfast'\u0131 Se\u00e7melisiniz?<span class=\"ez-toc-section-end\"><\/span><\/h2>\n<p>Y\u00fcksek hassasiyette 17 y\u0131l\u0131 a\u015fk\u0131n sekt\u00f6r uzmanl\u0131\u011f\u0131 <a href=\"https:\/\/www.topfastpcb.com\/tr\/\">PCB \u00fcretimi<\/a><br \/>\nLazer delme, VCP kaplama ve geli\u015fmi\u015f ekipmanlara sahip 20.000\u33a1 modern fabrika<br \/>\n100 u\u00e7an prob testi &amp;amp ile s\u0131k\u0131 kalite kontrol; X-\u0131\u015f\u0131n\u0131 denetimi<br \/>\nH\u0131zl\u0131 yan\u0131t-72 saatlik prototipleme &amp; k\u00fc\u00e7\u00fck parti \u00fcretim deste\u011fi<br \/>\nOptimize edilmi\u015f istifleme tasar\u0131m\u0131 sayesinde maliyet optimizasyonu-- malzeme tasarrufu<\/p>\n<h2><span class=\"ez-toc-section\" id=\"Conclusion\"><\/span>Sonu\u00e7<span class=\"ez-toc-section-end\"><\/span><\/h2>\n<p>Topfast'\u0131n 4 katmanl\u0131 esnek PCB'leri, y\u00fcksek yo\u011funluklu y\u00f6nlendirme, ola\u011fan\u00fcst\u00fc esneklik ve s\u0131k\u0131 \u00fcretim standartlar\u0131 sunarak onlar\u0131 t\u0131bbi, otomotiv, t\u00fcketici ve end\u00fcstriyel uygulamalarda geli\u015fmi\u015f elektronikler i\u00e7in ideal se\u00e7im haline getirir. \u0130htiya\u00e7lar\u0131n\u0131za g\u00f6re uyarlanm\u0131\u015f y\u00fcksek g\u00fcvenilirlikli, y\u00fcksek performansl\u0131 esnek devre \u00e7\u00f6z\u00fcmleri sunuyoruz. \u00d6zel 4 katmanl\u0131 esnek PCB \u00e7\u00f6z\u00fcm\u00fcn\u00fcz i\u00e7in bug\u00fcn bize ula\u015f\u0131n!<\/p>","protected":false},"excerpt":{"rendered":"<p>Bu makale, Topfast'\u0131n 4 katmanl\u0131 esnek PCB'lerini tan\u0131tmakta ve y\u00fcksek yo\u011funluklu y\u00f6nlendirme, dinamik b\u00fck\u00fclebilirlik, empedans kontrol\u00fc ve EMI koruma yeteneklerini vurgulamaktad\u0131r. Medikal, otomotiv ve t\u00fcketici elektroni\u011findeki \u00f6nemli uygulamalar\u0131 kapsamakta ve Topfast'\u0131n esnek PCB \u00fcretimindeki profesyonelli\u011fini ve g\u00fcvenilirli\u011fini vurgulamaktad\u0131r.<\/p>","protected":false},"featured_media":3332,"comment_status":"closed","ping_status":"closed","template":"","meta":[],"product_brand":[],"product_cat":[96],"product_tag":[103,211],"class_list":{"0":"post-3331","1":"product","2":"type-product","3":"status-publish","4":"has-post-thumbnail","6":"product_cat-flexible-pcb","7":"product_tag-flexible-pcb","8":"product_tag-multilayer-flexible-pcb","10":"first","11":"instock","12":"shipping-taxable","13":"product-type-simple"},"yoast_head":"<!-- This site is optimized with the Yoast SEO plugin v25.1 - https:\/\/yoast.com\/wordpress\/plugins\/seo\/ -->\n<title>4-Layer Flexible PCB - Topfastpcb<\/title>\n<meta name=\"description\" content=\"Topfast specializes in 4-layer flexible PCBs with high-density wiring, dynamic bending, and tight impedance control for medical, automotive, and consumer electronics. 17+ years of expertise, 72-hour prototyping, IPC-6013 certified.\" \/>\n<meta name=\"robots\" content=\"index, follow, max-snippet:-1, max-image-preview:large, max-video-preview:-1\" \/>\n<link rel=\"canonical\" href=\"https:\/\/www.topfastpcb.com\/tr\/products\/4-layer-flexible-pcb\/\" \/>\n<meta property=\"og:locale\" content=\"tr_TR\" \/>\n<meta property=\"og:type\" content=\"article\" \/>\n<meta property=\"og:title\" content=\"4-Layer Flexible PCB - Topfastpcb\" \/>\n<meta property=\"og:description\" content=\"Topfast specializes in 4-layer flexible PCBs with high-density wiring, dynamic bending, and tight impedance control for medical, automotive, and consumer electronics. 17+ years of expertise, 72-hour prototyping, IPC-6013 certified.\" \/>\n<meta property=\"og:url\" content=\"https:\/\/www.topfastpcb.com\/tr\/products\/4-layer-flexible-pcb\/\" \/>\n<meta property=\"og:site_name\" content=\"Topfastpcb\" \/>\n<meta property=\"og:image\" content=\"https:\/\/www.topfastpcb.com\/wp-content\/uploads\/2025\/06\/Flexible-PCB-22.jpg\" \/>\n\t<meta property=\"og:image:width\" content=\"800\" \/>\n\t<meta property=\"og:image:height\" content=\"800\" \/>\n\t<meta property=\"og:image:type\" content=\"image\/jpeg\" \/>\n<meta name=\"twitter:card\" content=\"summary_large_image\" \/>\n<meta name=\"twitter:label1\" content=\"Tahmini okuma s\u00fcresi\" \/>\n\t<meta name=\"twitter:data1\" content=\"3 dakika\" \/>\n<script type=\"application\/ld+json\" class=\"yoast-schema-graph\">{\"@context\":\"https:\/\/schema.org\",\"@graph\":[{\"@type\":\"WebPage\",\"@id\":\"https:\/\/www.topfastpcb.com\/products\/4-layer-flexible-pcb\/\",\"url\":\"https:\/\/www.topfastpcb.com\/products\/4-layer-flexible-pcb\/\",\"name\":\"4-Layer Flexible PCB - Topfastpcb\",\"isPartOf\":{\"@id\":\"https:\/\/www.topfastpcb.com\/#website\"},\"primaryImageOfPage\":{\"@id\":\"https:\/\/www.topfastpcb.com\/products\/4-layer-flexible-pcb\/#primaryimage\"},\"image\":{\"@id\":\"https:\/\/www.topfastpcb.com\/products\/4-layer-flexible-pcb\/#primaryimage\"},\"thumbnailUrl\":\"https:\/\/www.topfastpcb.com\/wp-content\/uploads\/2025\/06\/Flexible-PCB-22.jpg\",\"datePublished\":\"2025-06-18T00:37:32+00:00\",\"description\":\"Topfast specializes in 4-layer flexible PCBs with high-density wiring, dynamic bending, and tight impedance control for medical, automotive, and consumer electronics. 17+ years of expertise, 72-hour prototyping, IPC-6013 certified.\",\"breadcrumb\":{\"@id\":\"https:\/\/www.topfastpcb.com\/products\/4-layer-flexible-pcb\/#breadcrumb\"},\"inLanguage\":\"tr\",\"potentialAction\":[{\"@type\":\"ReadAction\",\"target\":[\"https:\/\/www.topfastpcb.com\/products\/4-layer-flexible-pcb\/\"]}]},{\"@type\":\"ImageObject\",\"inLanguage\":\"tr\",\"@id\":\"https:\/\/www.topfastpcb.com\/products\/4-layer-flexible-pcb\/#primaryimage\",\"url\":\"https:\/\/www.topfastpcb.com\/wp-content\/uploads\/2025\/06\/Flexible-PCB-22.jpg\",\"contentUrl\":\"https:\/\/www.topfastpcb.com\/wp-content\/uploads\/2025\/06\/Flexible-PCB-22.jpg\",\"width\":800,\"height\":800,\"caption\":\"4-Layer Flexible PCB\"},{\"@type\":\"BreadcrumbList\",\"@id\":\"https:\/\/www.topfastpcb.com\/products\/4-layer-flexible-pcb\/#breadcrumb\",\"itemListElement\":[{\"@type\":\"ListItem\",\"position\":1,\"name\":\"\u9996\u9875\",\"item\":\"https:\/\/www.topfastpcb.com\/\"},{\"@type\":\"ListItem\",\"position\":2,\"name\":\"\u5546\u5e97\",\"item\":\"https:\/\/www.topfastpcb.com\/shop\/\"},{\"@type\":\"ListItem\",\"position\":3,\"name\":\"4-Layer Flexible PCB\"}]},{\"@type\":\"WebSite\",\"@id\":\"https:\/\/www.topfastpcb.com\/#website\",\"url\":\"https:\/\/www.topfastpcb.com\/\",\"name\":\"Topfastpcb\",\"description\":\"Topfast Prime Choice for Global Electronics Manufacturing\",\"publisher\":{\"@id\":\"https:\/\/www.topfastpcb.com\/#organization\"},\"potentialAction\":[{\"@type\":\"SearchAction\",\"target\":{\"@type\":\"EntryPoint\",\"urlTemplate\":\"https:\/\/www.topfastpcb.com\/?s={search_term_string}\"},\"query-input\":{\"@type\":\"PropertyValueSpecification\",\"valueRequired\":true,\"valueName\":\"search_term_string\"}}],\"inLanguage\":\"tr\"},{\"@type\":\"Organization\",\"@id\":\"https:\/\/www.topfastpcb.com\/#organization\",\"name\":\"Topfastpcb\",\"url\":\"https:\/\/www.topfastpcb.com\/\",\"logo\":{\"@type\":\"ImageObject\",\"inLanguage\":\"tr\",\"@id\":\"https:\/\/www.topfastpcb.com\/#\/schema\/logo\/image\/\",\"url\":\"https:\/\/www.topfastpcb.com\/wp-content\/uploads\/2026\/02\/cropped-topfast-logo.png\",\"contentUrl\":\"https:\/\/www.topfastpcb.com\/wp-content\/uploads\/2026\/02\/cropped-topfast-logo.png\",\"width\":144,\"height\":56,\"caption\":\"Topfastpcb\"},\"image\":{\"@id\":\"https:\/\/www.topfastpcb.com\/#\/schema\/logo\/image\/\"}}]}<\/script>\n<!-- \/ Yoast SEO plugin. -->","yoast_head_json":{"title":"4-Layer Flexible PCB - Topfastpcb","description":"Topfast specializes in 4-layer flexible PCBs with high-density wiring, dynamic bending, and tight impedance control for medical, automotive, and consumer electronics. 17+ years of expertise, 72-hour prototyping, IPC-6013 certified.","robots":{"index":"index","follow":"follow","max-snippet":"max-snippet:-1","max-image-preview":"max-image-preview:large","max-video-preview":"max-video-preview:-1"},"canonical":"https:\/\/www.topfastpcb.com\/tr\/products\/4-layer-flexible-pcb\/","og_locale":"tr_TR","og_type":"article","og_title":"4-Layer Flexible PCB - Topfastpcb","og_description":"Topfast specializes in 4-layer flexible PCBs with high-density wiring, dynamic bending, and tight impedance control for medical, automotive, and consumer electronics. 17+ years of expertise, 72-hour prototyping, IPC-6013 certified.","og_url":"https:\/\/www.topfastpcb.com\/tr\/products\/4-layer-flexible-pcb\/","og_site_name":"Topfastpcb","og_image":[{"width":800,"height":800,"url":"https:\/\/www.topfastpcb.com\/wp-content\/uploads\/2025\/06\/Flexible-PCB-22.jpg","type":"image\/jpeg"}],"twitter_card":"summary_large_image","twitter_misc":{"Tahmini okuma s\u00fcresi":"3 dakika"},"schema":{"@context":"https:\/\/schema.org","@graph":[{"@type":"WebPage","@id":"https:\/\/www.topfastpcb.com\/products\/4-layer-flexible-pcb\/","url":"https:\/\/www.topfastpcb.com\/products\/4-layer-flexible-pcb\/","name":"4-Layer Flexible PCB - Topfastpcb","isPartOf":{"@id":"https:\/\/www.topfastpcb.com\/#website"},"primaryImageOfPage":{"@id":"https:\/\/www.topfastpcb.com\/products\/4-layer-flexible-pcb\/#primaryimage"},"image":{"@id":"https:\/\/www.topfastpcb.com\/products\/4-layer-flexible-pcb\/#primaryimage"},"thumbnailUrl":"https:\/\/www.topfastpcb.com\/wp-content\/uploads\/2025\/06\/Flexible-PCB-22.jpg","datePublished":"2025-06-18T00:37:32+00:00","description":"Topfast specializes in 4-layer flexible PCBs with high-density wiring, dynamic bending, and tight impedance control for medical, automotive, and consumer electronics. 17+ years of expertise, 72-hour prototyping, IPC-6013 certified.","breadcrumb":{"@id":"https:\/\/www.topfastpcb.com\/products\/4-layer-flexible-pcb\/#breadcrumb"},"inLanguage":"tr","potentialAction":[{"@type":"ReadAction","target":["https:\/\/www.topfastpcb.com\/products\/4-layer-flexible-pcb\/"]}]},{"@type":"ImageObject","inLanguage":"tr","@id":"https:\/\/www.topfastpcb.com\/products\/4-layer-flexible-pcb\/#primaryimage","url":"https:\/\/www.topfastpcb.com\/wp-content\/uploads\/2025\/06\/Flexible-PCB-22.jpg","contentUrl":"https:\/\/www.topfastpcb.com\/wp-content\/uploads\/2025\/06\/Flexible-PCB-22.jpg","width":800,"height":800,"caption":"4-Layer Flexible PCB"},{"@type":"BreadcrumbList","@id":"https:\/\/www.topfastpcb.com\/products\/4-layer-flexible-pcb\/#breadcrumb","itemListElement":[{"@type":"ListItem","position":1,"name":"\u9996\u9875","item":"https:\/\/www.topfastpcb.com\/"},{"@type":"ListItem","position":2,"name":"\u5546\u5e97","item":"https:\/\/www.topfastpcb.com\/shop\/"},{"@type":"ListItem","position":3,"name":"4-Layer Flexible PCB"}]},{"@type":"WebSite","@id":"https:\/\/www.topfastpcb.com\/#website","url":"https:\/\/www.topfastpcb.com\/","name":"Topfastpcb","description":"Topfast Prime Choice for Global Electronics Manufacturing","publisher":{"@id":"https:\/\/www.topfastpcb.com\/#organization"},"potentialAction":[{"@type":"SearchAction","target":{"@type":"EntryPoint","urlTemplate":"https:\/\/www.topfastpcb.com\/?s={search_term_string}"},"query-input":{"@type":"PropertyValueSpecification","valueRequired":true,"valueName":"search_term_string"}}],"inLanguage":"tr"},{"@type":"Organization","@id":"https:\/\/www.topfastpcb.com\/#organization","name":"Topfastpcb","url":"https:\/\/www.topfastpcb.com\/","logo":{"@type":"ImageObject","inLanguage":"tr","@id":"https:\/\/www.topfastpcb.com\/#\/schema\/logo\/image\/","url":"https:\/\/www.topfastpcb.com\/wp-content\/uploads\/2026\/02\/cropped-topfast-logo.png","contentUrl":"https:\/\/www.topfastpcb.com\/wp-content\/uploads\/2026\/02\/cropped-topfast-logo.png","width":144,"height":56,"caption":"Topfastpcb"},"image":{"@id":"https:\/\/www.topfastpcb.com\/#\/schema\/logo\/image\/"}}]}},"_links":{"self":[{"href":"https:\/\/www.topfastpcb.com\/tr\/wp-json\/wp\/v2\/product\/3331","targetHints":{"allow":["GET"]}}],"collection":[{"href":"https:\/\/www.topfastpcb.com\/tr\/wp-json\/wp\/v2\/product"}],"about":[{"href":"https:\/\/www.topfastpcb.com\/tr\/wp-json\/wp\/v2\/types\/product"}],"replies":[{"embeddable":true,"href":"https:\/\/www.topfastpcb.com\/tr\/wp-json\/wp\/v2\/comments?post=3331"}],"wp:featuredmedia":[{"embeddable":true,"href":"https:\/\/www.topfastpcb.com\/tr\/wp-json\/wp\/v2\/media\/3332"}],"wp:attachment":[{"href":"https:\/\/www.topfastpcb.com\/tr\/wp-json\/wp\/v2\/media?parent=3331"}],"wp:term":[{"taxonomy":"product_brand","embeddable":true,"href":"https:\/\/www.topfastpcb.com\/tr\/wp-json\/wp\/v2\/product_brand?post=3331"},{"taxonomy":"product_cat","embeddable":true,"href":"https:\/\/www.topfastpcb.com\/tr\/wp-json\/wp\/v2\/product_cat?post=3331"},{"taxonomy":"product_tag","embeddable":true,"href":"https:\/\/www.topfastpcb.com\/tr\/wp-json\/wp\/v2\/product_tag?post=3331"}],"curies":[{"name":"wp","href":"https:\/\/api.w.org\/{rel}","templated":true}]}}