{"id":3432,"date":"2025-06-25T08:20:21","date_gmt":"2025-06-25T00:20:21","guid":{"rendered":"https:\/\/www.topfastpcb.com\/?post_type=product&#038;p=3432"},"modified":"2025-06-24T11:51:05","modified_gmt":"2025-06-24T03:51:05","slug":"diode","status":"publish","type":"product","link":"https:\/\/www.topfastpcb.com\/tr\/products\/diode\/","title":{"rendered":"Diyot"},"content":{"rendered":"<div id=\"ez-toc-container\" class=\"ez-toc-v2_0_74 counter-hierarchy ez-toc-counter ez-toc-custom ez-toc-container-direction\">\n<div class=\"ez-toc-title-container\">\n<p class=\"ez-toc-title\" style=\"cursor:inherit\">\u0130\u00e7indekiler<\/p>\n<span class=\"ez-toc-title-toggle\"><\/span><\/div>\n<nav><ul class='ez-toc-list ez-toc-list-level-1' ><li class='ez-toc-page-1 ez-toc-heading-level-2'><a class=\"ez-toc-link ez-toc-heading-1\" href=\"https:\/\/www.topfastpcb.com\/tr\/products\/diode\/#The_Importance_of_Diode_Selection\" >Diyot Se\u00e7iminin \u00d6nemi<\/a><\/li><li class='ez-toc-page-1 ez-toc-heading-level-2'><a class=\"ez-toc-link ez-toc-heading-2\" href=\"https:\/\/www.topfastpcb.com\/tr\/products\/diode\/#Our_Professional_Diode_Procurement_Advantages\" >Profesyonel Diyot Tedarik Avantajlar\u0131m\u0131z<\/a><\/li><li class='ez-toc-page-1 ez-toc-heading-level-2'><a class=\"ez-toc-link ez-toc-heading-3\" href=\"https:\/\/www.topfastpcb.com\/tr\/products\/diode\/#Diodes_and_PCB_manufacturing_complement_each_other\" >Diyotlar ve PCB \u00fcretimi birbirini tamaml\u0131yor<\/a><\/li><li class='ez-toc-page-1 ez-toc-heading-level-2'><a class=\"ez-toc-link ez-toc-heading-4\" href=\"https:\/\/www.topfastpcb.com\/tr\/products\/diode\/#Industry-Specific_Diode_Solutions\" >Sekt\u00f6re \u00d6zel Diyot \u00c7\u00f6z\u00fcmleri<\/a><\/li><li class='ez-toc-page-1 ez-toc-heading-level-2'><a class=\"ez-toc-link ez-toc-heading-5\" href=\"https:\/\/www.topfastpcb.com\/tr\/products\/diode\/#One-stop_solution_from_prototype_to_mass_production\" >Prototipten seri \u00fcretime kadar tek elden \u00e7\u00f6z\u00fcm<\/a><\/li><li class='ez-toc-page-1 ez-toc-heading-level-2'><a class=\"ez-toc-link ez-toc-heading-6\" href=\"https:\/\/www.topfastpcb.com\/tr\/products\/diode\/#Why_choose_Topfast\" >Neden Topfast'\u0131 se\u00e7melisiniz?<\/a><ul class='ez-toc-list-level-3' ><li class='ez-toc-heading-level-3'><a class=\"ez-toc-link ez-toc-heading-7\" href=\"https:\/\/www.topfastpcb.com\/tr\/products\/diode\/#Get_Your_Custom_Diode_Solution_Now\" >\u00d6zel Diyot \u00c7\u00f6z\u00fcm\u00fcn\u00fcz\u00fc \u015eimdi Al\u0131n<\/a><\/li><\/ul><\/li><\/ul><\/nav><\/div>\n\n<p class=\"ds-markdown-paragraph\">En temel ve kritik yar\u0131 iletken bile\u015fen olan diyotlar, basit g\u00fc\u00e7 d\u00fczeltmeden karma\u015f\u0131k y\u00fcksek frekansl\u0131 sinyal i\u015flemeye kadar neredeyse her devrede kullan\u0131l\u0131r. Diyotlar\u0131n performans\u0131, t\u00fcm elektronik sistemin g\u00fcvenilirli\u011fini ve verimlili\u011fini do\u011frudan etkiler. Bir PCB \u00fcretim uzman\u0131 olarak 17 y\u0131ll\u0131k deneyime sahip olan Topfast, tasar\u0131mlar\u0131n\u0131z\u0131n bile\u015fenlerden bitmi\u015f kartlara kadar optimum performans elde etmesini sa\u011flamak i\u00e7in y\u00fcksek kaliteli, tek elden PCB \u00e7\u00f6z\u00fcmleri sunar.<\/p>\n<h2><span class=\"ez-toc-section\" id=\"The_Importance_of_Diode_Selection\"><\/span>Diyot Se\u00e7iminin \u00d6nemi<span class=\"ez-toc-section-end\"><\/span><\/h2>\n<p class=\"ds-markdown-paragraph\">Diyotlar elektronik devrelerdeki tek y\u00f6nl\u00fc ak\u0131m ak\u0131\u015f\u0131n\u0131 kontrol eder.Yanl\u0131\u015f diyot se\u00e7imi a\u015fa\u011f\u0131dakilere neden olabilir<\/p>\n<ul>\n<li>\n<p class=\"ds-markdown-paragraph\"><strong>D\u00fc\u015f\u00fck g\u00fc\u00e7 verimlili\u011fi<\/strong><span>\u00a0<\/span>(Schottky diyotlar yerine standart do\u011frultucu diyotlar kullan\u0131ld\u0131\u011f\u0131nda a\u015f\u0131r\u0131 ileri voltaj d\u00fc\u015f\u00fc\u015f\u00fc)<\/p>\n<\/li>\n<li>\n<p class=\"ds-markdown-paragraph\"><strong>Sistem karars\u0131zl\u0131\u011f\u0131<\/strong><span>\u00a0<\/span>(yetersiz TVS diyot korumas\u0131 nedeniyle elektrostatik hasar)<\/p>\n<\/li>\n<li>\n<p class=\"ds-markdown-paragraph\"><strong>Sinyal b\u00fct\u00fcnl\u00fc\u011f\u00fcnde bozulma<\/strong><span>\u00a0<\/span>(y\u00fcksek frekansl\u0131 uygulamalarda yanl\u0131\u015f nokta temasl\u0131 diyot se\u00e7imi)<\/p>\n<\/li>\n<li>\n<p class=\"ds-markdown-paragraph\"><strong>Azalt\u0131lm\u0131\u015f \u00fcr\u00fcn \u00f6mr\u00fc<\/strong><span>\u00a0<\/span>(yanl\u0131\u015f Zener diyot se\u00e7iminden kaynaklanan karars\u0131z \u00e7al\u0131\u015fma)<\/p>\n<\/li>\n<\/ul>\n<p class=\"ds-markdown-paragraph\">Ba\u015far\u0131s\u0131z PCB tasar\u0131mlar\u0131 i\u00e7in yard\u0131m isteyen m\u00fc\u015fterilerle s\u0131k s\u0131k kar\u015f\u0131la\u015f\u0131yoruz, burada temel neden genellikle yanl\u0131\u015f diyot se\u00e7imine kadar uzan\u0131yor. \u00d6rne\u011fin, bir end\u00fcstriyel kontrol ekipman\u0131 \u00fcreticisi ba\u015flang\u0131\u00e7ta standart do\u011frultucu diyotlar kullanm\u0131\u015f ve bu da yaln\u0131zca g\u00fc\u00e7 mod\u00fcl\u00fc verimlili\u011fi ile sonu\u00e7lanm\u0131\u015ft\u0131r. D\u00fc\u015f\u00fck VF'li Schottky diyotlara ge\u00e7i\u015f i\u00e7in profesyonel tavsiyemizden sonra, s\u0131cakl\u0131k art\u0131\u015f\u0131nda 15\u00b0C'lik bir azalma ile verimlilik 'ye y\u00fckseldi.<\/p>\n<h2><img loading=\"lazy\" decoding=\"async\" src=\"https:\/\/www.topfastpcb.com\/wp-content\/uploads\/2025\/06\/diode.jpg\" alt=\"D\u0130YOT\" width=\"600\" height=\"402\" class=\"aligncenter size-full wp-image-3435\" srcset=\"https:\/\/www.topfastpcb.com\/wp-content\/uploads\/2025\/06\/diode.jpg 600w, https:\/\/www.topfastpcb.com\/wp-content\/uploads\/2025\/06\/diode-300x201.jpg 300w, https:\/\/www.topfastpcb.com\/wp-content\/uploads\/2025\/06\/diode-18x12.jpg 18w\" sizes=\"auto, (max-width: 600px) 100vw, 600px\" \/><\/h2>\n<h2><span class=\"ez-toc-section\" id=\"Our_Professional_Diode_Procurement_Advantages\"><\/span>Profesyonel Diyot Tedarik Avantajlar\u0131m\u0131z<span class=\"ez-toc-section-end\"><\/span><\/h2>\n<p class=\"ds-markdown-paragraph\">Tek noktadan PCB \u00e7\u00f6z\u00fcm sa\u011flay\u0131c\u0131s\u0131 olarak, sa\u011flam bir diyot tedarik zinciri a\u011f\u0131 olu\u015fturduk ve sunuyoruz:<\/p>\n<ol start=\"1\">\n<li>\n<p class=\"ds-markdown-paragraph\"><strong>Tam Kategori Diyot Deste\u011fi<\/strong>: Temel PN ba\u011flant\u0131 diyotlar\u0131ndan \u00f6zel PIN diyotlar\u0131na ve varakt\u00f6r diyotlar\u0131na kadar 2000'den fazla modeli kapsar.<\/p>\n<\/li>\n<li>\n<p class=\"ds-markdown-paragraph\"><strong>Yetkili Tedarik\u00e7i Kanallar\u0131<\/strong>: ON Semiconductor, Vishay ve Diodes Inc. gibi lider markalarla yap\u0131lan ortakl\u0131klar, bile\u015fenlerin \u00f6zg\u00fcnl\u00fc\u011f\u00fcn\u00fc garanti eder.<\/p>\n<\/li>\n<li>\n<p class=\"ds-markdown-paragraph\"><strong>Teknik E\u015fle\u015ftirme Hizmeti<\/strong>: M\u00fchendislik ekibimiz uygulaman\u0131za g\u00f6re (g\u00fc\u00e7\/sinyal\/koruma) en uygun diyot tiplerini \u00f6nermektedir.<\/p>\n<\/li>\n<li>\n<p class=\"ds-markdown-paragraph\"><strong>Maliyet Optimizasyon \u00c7\u00f6z\u00fcmleri<\/strong>Y\u00fcksek hacimli \u00fcretim i\u00e7in, performanstan \u00f6d\u00fcn vermeden BOM maliyetlerini d\u00fc\u015f\u00fcrmek i\u00e7in alternatif model \u00f6nerileri sunuyoruz.<\/p>\n<\/li>\n<\/ol>\n<h2><span class=\"ez-toc-section\" id=\"Diodes_and_PCB_manufacturing_complement_each_other\"><\/span>Diyotlar ve <a href=\"https:\/\/www.topfastpcb.com\/tr\/\">PCB \u00fcretimi<\/a> birbirini tamamlar<span class=\"ez-toc-section-end\"><\/span><\/h2>\n<p class=\"ds-markdown-paragraph\">Bile\u015fenler sat\u0131n al\u0131nd\u0131ktan sonra PCB kart\u0131na m\u00fckemmel bir \u015fekilde monte edilmelidir. <a href=\"https:\/\/www.topfastpcb.com\/tr\/blog\/what-is-a-pcb-design\/\">PCB tasar\u0131m\u0131<\/a> bitmi\u015f \u00fcr\u00fcn\u00fcn istikrar\u0131n\u0131 ve g\u00fcvenilirli\u011fini etkiledi\u011fi i\u00e7in de \u00e7ok \u00f6nemlidir. Sa\u011flad\u0131\u011f\u0131m\u0131z katma de\u011ferli hizmetler \u015funlar\u0131 i\u00e7erir:<\/p>\n<ul>\n<li>\n<p class=\"ds-markdown-paragraph\"><strong>Termal Tasar\u0131m Analizi<\/strong>: Lokalize a\u015f\u0131r\u0131 \u0131s\u0131nmay\u0131 \u00f6nlemek i\u00e7in y\u00fcksek ak\u0131ml\u0131 do\u011frultucu diyot yerle\u015fiminin optimize edilmesi.<\/p>\n<\/li>\n<li>\n<p class=\"ds-markdown-paragraph\"><strong>Sinyal B\u00fct\u00fcnl\u00fc\u011f\u00fc Sim\u00fclasyonu<\/strong>Y\u00fcksek h\u0131zl\u0131 Schottky diyotlar\u0131n\u0131n sinyal kalitesi \u00fczerindeki etkisinin de\u011ferlendirilmesi.<\/p>\n<\/li>\n<li>\n<p class=\"ds-markdown-paragraph\"><strong>ESD Koruma \u00c7\u00f6z\u00fcmleri<\/strong>: Hassas devreler i\u00e7in TVS diyot koruma a\u011flar\u0131n\u0131n tasarlanmas\u0131.<\/p>\n<\/li>\n<li>\n<p class=\"ds-markdown-paragraph\"><strong>\u00dcretilebilirlik \u0130ncelemesi<\/strong>PCB s\u00fcre\u00e7leri ile diyot paketleme uyumlulu\u011funun sa\u011flanmas\u0131.<\/p>\n<\/li>\n<\/ul>\n<p class=\"ds-markdown-paragraph\">Yak\u0131n tarihli bir otomotiv elektroni\u011fi projesinde, bir LED s\u00fcr\u00fcc\u00fc devresindeki diyot d\u00fczenini yeniden tasarlad\u0131k ve \u00fcretim verimini 'ten ,6'ya \u00e7\u0131kard\u0131k.Ek olarak, Zener diyot se\u00e7imini optimize ederek voltaj d\u00fczenleme do\u011frulu\u011fu oran\u0131nda artt\u0131.<\/p>\n<h2><span class=\"ez-toc-section\" id=\"Industry-Specific_Diode_Solutions\"><\/span>Sekt\u00f6re \u00d6zel Diyot \u00c7\u00f6z\u00fcmleri<span class=\"ez-toc-section-end\"><\/span><\/h2>\n<p class=\"ds-markdown-paragraph\">Farkl\u0131 uygulamalar benzersiz diyot gereksinimleri gerektirir:<\/p>\n<p class=\"ds-markdown-paragraph\"><strong>Otomotiv Elektroni\u011fi<\/strong>:<\/p>\n<ul>\n<li>\n<p class=\"ds-markdown-paragraph\">AEC-Q101 uyumlu otomotiv s\u0131n\u0131f\u0131 diyotlar<\/p>\n<\/li>\n<li>\n<p class=\"ds-markdown-paragraph\">Y\u00fcksek titre\u015fime dayan\u0131kl\u0131 TVS diyot koruma \u00e7\u00f6z\u00fcmleri<\/p>\n<\/li>\n<li>\n<p class=\"ds-markdown-paragraph\">Geni\u015f s\u0131cakl\u0131k aral\u0131\u011f\u0131nda (-40\u00b0C ila 150\u00b0C) Schottky do\u011frultucu diyotlar<\/p>\n<\/li>\n<\/ul>\n<p class=\"ds-markdown-paragraph\"><strong>End\u00fcstriyel Kontrol<\/strong>:<\/p>\n<ul>\n<li>\n<p class=\"ds-markdown-paragraph\">Y\u00fcksek ak\u0131ml\u0131 SCR (silikon kontroll\u00fc do\u011frultucu) \u00e7\u00f6z\u00fcmleri<\/p>\n<\/li>\n<li>\n<p class=\"ds-markdown-paragraph\">Y\u00fcksek izolasyon voltajl\u0131 optokupl\u00f6r diyotlar<\/p>\n<\/li>\n<li>\n<p class=\"ds-markdown-paragraph\">EMI'ye dayan\u0131kl\u0131 h\u0131zl\u0131 geri kazan\u0131ml\u0131 diyot dizileri<\/p>\n<\/li>\n<\/ul>\n<p class=\"ds-markdown-paragraph\"><strong>T\u0131bbi Cihazlar<\/strong>:<\/p>\n<ul>\n<li>\n<p class=\"ds-markdown-paragraph\">D\u00fc\u015f\u00fck ka\u00e7akl\u0131 hassas sinyal diyotlar\u0131<\/p>\n<\/li>\n<li>\n<p class=\"ds-markdown-paragraph\">T\u0131bbi g\u00fcvenlikle uyumlu izolasyon diyotlar\u0131<\/p>\n<\/li>\n<li>\n<p class=\"ds-markdown-paragraph\">Ya\u015fam destek ekipmanlar\u0131 i\u00e7in y\u00fcksek g\u00fcvenilirlikli Zener diyotlar<\/p>\n<\/li>\n<\/ul>\n<p class=\"ds-markdown-paragraph\"><strong>IoT \u00dcr\u00fcnleri<\/strong>:<\/p>\n<ul>\n<li>\n<p class=\"ds-markdown-paragraph\">Ultra d\u00fc\u015f\u00fck g\u00fc\u00e7l\u00fc MOSFET g\u00f6vde diyot optimizasyonu<\/p>\n<\/li>\n<li>\n<p class=\"ds-markdown-paragraph\">Enerji hasad\u0131 i\u00e7in fotodiyot \u00e7\u00f6z\u00fcmleri<\/p>\n<\/li>\n<li>\n<p class=\"ds-markdown-paragraph\">Minyat\u00fcr paket (SOD-323, vb.) diyot bile\u015fenleri<\/p>\n<\/li>\n<\/ul>\n<h2><span class=\"ez-toc-section\" id=\"One-stop_solution_from_prototype_to_mass_production\"><\/span>Prototipten seri \u00fcretime kadar tek elden \u00e7\u00f6z\u00fcm<span class=\"ez-toc-section-end\"><\/span><\/h2>\n<p class=\"ds-markdown-paragraph\">Elektronik geli\u015ftirmenin yinelemeli bir s\u00fcre\u00e7 oldu\u011funu biliyor ve esnek destek sunuyoruz:<\/p>\n<ol start=\"1\">\n<li>\n<p class=\"ds-markdown-paragraph\"><strong>Prototipleme A\u015famas\u0131<\/strong>:<\/p>\n<ul>\n<li>\n<p class=\"ds-markdown-paragraph\">K\u00fc\u00e7\u00fck parti, \u00e7ok \u00e7e\u015fitli diyotlar\u0131n h\u0131zl\u0131 tedariki<\/p>\n<\/li>\n<li>\n<p class=\"ds-markdown-paragraph\">\u00dccretsiz m\u00fchendislik numune testi<\/p>\n<\/li>\n<li>\n<p class=\"ds-markdown-paragraph\">PCB tasar\u0131m incelemesi ve diyot se\u00e7imi tavsiyesi<\/p>\n<\/li>\n<\/ul>\n<\/li>\n<li>\n<p class=\"ds-markdown-paragraph\"><strong>Pilot \u00dcretim A\u015famas\u0131<\/strong>:<\/p>\n<ul>\n<li>\n<p class=\"ds-markdown-paragraph\">Tedarik zinciri risk de\u011ferlendirmesi ve yedekleme \u00e7\u00f6z\u00fcmleri<\/p>\n<\/li>\n<li>\n<p class=\"ds-markdown-paragraph\">Diyot parametresi tutarl\u0131l\u0131k testi<\/p>\n<\/li>\n<li>\n<p class=\"ds-markdown-paragraph\">\u00dcretim test fikst\u00fcr\u00fc geli\u015ftirme deste\u011fi<\/p>\n<\/li>\n<\/ul>\n<\/li>\n<li>\n<p class=\"ds-markdown-paragraph\"><strong>Seri \u00dcretim A\u015famas\u0131<\/strong>:<\/p>\n<ul>\n<li>\n<p class=\"ds-markdown-paragraph\">Uzun vadeli istikrarl\u0131 diyot besleme g\u00fcvencesi<\/p>\n<\/li>\n<li>\n<p class=\"ds-markdown-paragraph\">Parti izlenebilirli\u011fi ve kalite dok\u00fcmantasyonu<\/p>\n<\/li>\n<li>\n<p class=\"ds-markdown-paragraph\">S\u00fcrekli maliyet azaltma ve alternatif \u00e7\u00f6z\u00fcmler<\/p>\n<\/li>\n<\/ul>\n<\/li>\n<\/ol>\n<p class=\"ds-markdown-paragraph\">Bir ak\u0131ll\u0131 ev m\u00fc\u015fterisi, tam d\u00f6ng\u00fc hizmetlerimizin prototipten seri \u00fcretime \u00fcr\u00fcn ge\u00e7i\u015f s\u00fcresini oran\u0131nda azaltt\u0131\u011f\u0131n\u0131, diyotla ilgili kalite sorunlar\u0131n\u0131 ortadan kald\u0131rd\u0131\u011f\u0131n\u0131 ve tedarik maliyetlerini oran\u0131nda d\u00fc\u015f\u00fcrd\u00fc\u011f\u00fcn\u00fc g\u00f6sterdi.<\/p>\n<h2><span class=\"ez-toc-section\" id=\"Why_choose_Topfast\"><\/span>Neden se\u00e7melisiniz <a href=\"https:\/\/www.topfastpcb.com\/tr\/about\/\">Topfast<\/a>?<span class=\"ez-toc-section-end\"><\/span><\/h2>\n<p class=\"ds-markdown-paragraph\">Rekabet\u00e7i elektronik \u00fcretim sekt\u00f6r\u00fcnde \u015funlar\u0131 sunuyoruz<span>\u00a0<\/span><strong>teknoloji\u0307 odakli<\/strong><span>\u00a0<\/span>hizmetler:<\/p>\n<ul>\n<li>\n<p class=\"ds-markdown-paragraph\"><strong>17 Y\u0131ll\u0131k Uzmanl\u0131k Deneyimi<\/strong>: 3800+ m\u00fc\u015fteriye hizmet verdi, 15000+ diyotla ilgili proje tamamlad\u0131.<\/p>\n<\/li>\n<li>\n<p class=\"ds-markdown-paragraph\"><strong>UL\/ISO9001 Sertifikas\u0131<\/strong>: S\u0131k\u0131 kalite kontrol\u00fc diyot g\u00fcvenilirli\u011fini sa\u011flar.<\/p>\n<\/li>\n<li>\n<p class=\"ds-markdown-paragraph\"><strong>48 Saatlik H\u0131zl\u0131 Prototipleme<\/strong>: Diyot tedariki ve PCB \u00fcretimi dahil olmak \u00fczere acil durum proje deste\u011fi.<\/p>\n<\/li>\n<li>\n<p class=\"ds-markdown-paragraph\"><strong>K\u00fcresel Lojistik A\u011f\u0131<\/strong>: M\u00fc\u015fteri envanter bask\u0131s\u0131n\u0131 azaltmak i\u00e7in tam zaman\u0131nda (JIT) teslimat.<\/p>\n<\/li>\n<li>\n<p class=\"ds-markdown-paragraph\"><strong>M\u00fchendislik Uzman Ekibi<\/strong>: Ortalama 10 y\u0131ll\u0131k sekt\u00f6r deneyimine sahip FAE'ler bire bir destek sa\u011flar.<\/p>\n<\/li>\n<\/ul>\n<p class=\"ds-markdown-paragraph\">Ola\u011fan\u00fcst\u00fc PCB \u00fcretiminin yaln\u0131zca geli\u015fmi\u015f ekipman de\u011fil, ayn\u0131 zamanda derin bile\u015fen uzmanl\u0131\u011f\u0131 da gerektirdi\u011fini biliyoruz.Diyot \u00f6zellikleri hakk\u0131ndaki kapsaml\u0131 bilgimiz, sadece devre kart\u0131 imalat\u0131 de\u011fil, ger\u00e7ekten de\u011ferli \u00e7\u00f6z\u00fcmler sunmam\u0131z\u0131 sa\u011fl\u0131yor.<\/p>\n<h3><span class=\"ez-toc-section\" id=\"Get_Your_Custom_Diode_Solution_Now\"><\/span><a href=\"https:\/\/www.topfastpcb.com\/tr\/contact\/\">\u00d6zel Diyot \u00c7\u00f6z\u00fcm\u00fcn\u00fcz\u00fc \u015eimdi Al\u0131n<\/a><span class=\"ez-toc-section-end\"><\/span><\/h3>\n<p class=\"ds-markdown-paragraph\">\u00dcr\u00fcn geli\u015ftirme a\u015faman\u0131z ne olursa olsun, uzman ekibimiz size yard\u0131mc\u0131 olmaya haz\u0131rd\u0131r.Gereksinimlerinizi g\u00f6nderin ve al\u0131n:<\/p>\n<ul>\n<li>\n<p class=\"ds-markdown-paragraph\">\u0130lk teklif ve teklif i\u00e7inde<span>\u00a0<\/span><strong>1 saat<\/strong><\/p>\n<\/li>\n<li>\n<p class=\"ds-markdown-paragraph\">M\u00fchendislik fizibilite geri bildirimi i\u00e7inde<span>\u00a0<\/span><strong>4 saat<\/strong><\/p>\n<\/li>\n<li>\n<p class=\"ds-markdown-paragraph\">Tam proje uygulama plan\u0131 dahilinde<span>\u00a0<\/span><strong>24 saat<\/strong><\/p>\n<\/li>\n<\/ul>\n<p class=\"ds-markdown-paragraph\">Karma\u015f\u0131k projeler i\u00e7in, optimum diyot uygulamalar\u0131n\u0131 ke\u015ffetmek \u00fczere yerinde teknik toplant\u0131lar d\u00fczenliyoruz. Profesyonel diyot uzmanl\u0131\u011f\u0131m\u0131z\u0131n ve PCB \u00fcretim deneyimimizin elektronik tasar\u0131mlar\u0131n\u0131z\u0131 korumas\u0131na izin verin.<\/p>","protected":false},"excerpt":{"rendered":"<p>Diyotlar\u0131n elektronik devrelerdeki kritik rol\u00fc nedeniyle, \u00e7e\u015fitli diyot t\u00fcrlerinin tedariki ve PCB entegrasyon hizmetleri de dahil olmak \u00fczere kapsaml\u0131 diyot \u00e7\u00f6z\u00fcmleri sunuyoruz. Do\u011frultma ve voltaj reg\u00fclasyonundan optoelektronik d\u00f6n\u00fc\u015f\u00fcme kadar, elektronik projelerinizin optimum performans ve g\u00fcvenilirli\u011fe ula\u015fmas\u0131n\u0131 sa\u011fl\u0131yoruz.<\/p>","protected":false},"featured_media":3436,"comment_status":"closed","ping_status":"closed","template":"","meta":[],"product_brand":[],"product_cat":[217],"product_tag":[303],"class_list":{"0":"post-3432","1":"product","2":"type-product","3":"status-publish","4":"has-post-thumbnail","6":"product_cat-electronic-components","7":"product_tag-diode","9":"first","10":"instock","11":"shipping-taxable","12":"product-type-simple"},"yoast_head":"<!-- This site is optimized with the Yoast SEO plugin v25.1 - https:\/\/yoast.com\/wordpress\/plugins\/seo\/ -->\n<title>Diode - Topfastpcb<\/title>\n<meta name=\"robots\" content=\"index, follow, max-snippet:-1, max-image-preview:large, max-video-preview:-1\" \/>\n<link rel=\"canonical\" href=\"https:\/\/www.topfastpcb.com\/tr\/products\/diode\/\" \/>\n<meta property=\"og:locale\" content=\"tr_TR\" \/>\n<meta property=\"og:type\" content=\"article\" \/>\n<meta property=\"og:title\" content=\"Diode - Topfastpcb\" \/>\n<meta property=\"og:description\" content=\"The critical role of diodes in electronic circuits, we provide comprehensive diode solutions, including procurement of various types of diodes and PCB integration services. From rectification, voltage regulation to optoelectronic conversion, we ensure your electronic projects achieve optimal performance and reliability.\" \/>\n<meta property=\"og:url\" content=\"https:\/\/www.topfastpcb.com\/tr\/products\/diode\/\" \/>\n<meta property=\"og:site_name\" content=\"Topfastpcb\" \/>\n<meta property=\"og:image\" content=\"https:\/\/www.topfastpcb.com\/wp-content\/uploads\/2025\/06\/diode-1.jpg\" \/>\n\t<meta property=\"og:image:width\" content=\"750\" \/>\n\t<meta property=\"og:image:height\" content=\"750\" \/>\n\t<meta property=\"og:image:type\" content=\"image\/jpeg\" \/>\n<meta name=\"twitter:card\" content=\"summary_large_image\" \/>\n<meta name=\"twitter:label1\" content=\"Tahmini okuma s\u00fcresi\" \/>\n\t<meta name=\"twitter:data1\" content=\"4 dakika\" \/>\n<script type=\"application\/ld+json\" class=\"yoast-schema-graph\">{\"@context\":\"https:\/\/schema.org\",\"@graph\":[{\"@type\":\"WebPage\",\"@id\":\"https:\/\/www.topfastpcb.com\/products\/diode\/\",\"url\":\"https:\/\/www.topfastpcb.com\/products\/diode\/\",\"name\":\"Diode - Topfastpcb\",\"isPartOf\":{\"@id\":\"https:\/\/www.topfastpcb.com\/#website\"},\"primaryImageOfPage\":{\"@id\":\"https:\/\/www.topfastpcb.com\/products\/diode\/#primaryimage\"},\"image\":{\"@id\":\"https:\/\/www.topfastpcb.com\/products\/diode\/#primaryimage\"},\"thumbnailUrl\":\"https:\/\/www.topfastpcb.com\/wp-content\/uploads\/2025\/06\/diode-1.jpg\",\"datePublished\":\"2025-06-25T00:20:21+00:00\",\"breadcrumb\":{\"@id\":\"https:\/\/www.topfastpcb.com\/products\/diode\/#breadcrumb\"},\"inLanguage\":\"tr\",\"potentialAction\":[{\"@type\":\"ReadAction\",\"target\":[\"https:\/\/www.topfastpcb.com\/products\/diode\/\"]}]},{\"@type\":\"ImageObject\",\"inLanguage\":\"tr\",\"@id\":\"https:\/\/www.topfastpcb.com\/products\/diode\/#primaryimage\",\"url\":\"https:\/\/www.topfastpcb.com\/wp-content\/uploads\/2025\/06\/diode-1.jpg\",\"contentUrl\":\"https:\/\/www.topfastpcb.com\/wp-content\/uploads\/2025\/06\/diode-1.jpg\",\"width\":750,\"height\":750,\"caption\":\"diode\"},{\"@type\":\"BreadcrumbList\",\"@id\":\"https:\/\/www.topfastpcb.com\/products\/diode\/#breadcrumb\",\"itemListElement\":[{\"@type\":\"ListItem\",\"position\":1,\"name\":\"\u9996\u9875\",\"item\":\"https:\/\/www.topfastpcb.com\/\"},{\"@type\":\"ListItem\",\"position\":2,\"name\":\"\u5546\u5e97\",\"item\":\"https:\/\/www.topfastpcb.com\/shop\/\"},{\"@type\":\"ListItem\",\"position\":3,\"name\":\"Diode\"}]},{\"@type\":\"WebSite\",\"@id\":\"https:\/\/www.topfastpcb.com\/#website\",\"url\":\"https:\/\/www.topfastpcb.com\/\",\"name\":\"Topfastpcb\",\"description\":\"Topfast Prime Choice for Global Electronics Manufacturing\",\"publisher\":{\"@id\":\"https:\/\/www.topfastpcb.com\/#organization\"},\"potentialAction\":[{\"@type\":\"SearchAction\",\"target\":{\"@type\":\"EntryPoint\",\"urlTemplate\":\"https:\/\/www.topfastpcb.com\/?s={search_term_string}\"},\"query-input\":{\"@type\":\"PropertyValueSpecification\",\"valueRequired\":true,\"valueName\":\"search_term_string\"}}],\"inLanguage\":\"tr\"},{\"@type\":\"Organization\",\"@id\":\"https:\/\/www.topfastpcb.com\/#organization\",\"name\":\"Topfastpcb\",\"url\":\"https:\/\/www.topfastpcb.com\/\",\"logo\":{\"@type\":\"ImageObject\",\"inLanguage\":\"tr\",\"@id\":\"https:\/\/www.topfastpcb.com\/#\/schema\/logo\/image\/\",\"url\":\"https:\/\/www.topfastpcb.com\/wp-content\/uploads\/2026\/02\/cropped-topfast-logo.png\",\"contentUrl\":\"https:\/\/www.topfastpcb.com\/wp-content\/uploads\/2026\/02\/cropped-topfast-logo.png\",\"width\":144,\"height\":56,\"caption\":\"Topfastpcb\"},\"image\":{\"@id\":\"https:\/\/www.topfastpcb.com\/#\/schema\/logo\/image\/\"}}]}<\/script>\n<!-- \/ Yoast SEO plugin. -->","yoast_head_json":{"title":"Diode - Topfastpcb","robots":{"index":"index","follow":"follow","max-snippet":"max-snippet:-1","max-image-preview":"max-image-preview:large","max-video-preview":"max-video-preview:-1"},"canonical":"https:\/\/www.topfastpcb.com\/tr\/products\/diode\/","og_locale":"tr_TR","og_type":"article","og_title":"Diode - Topfastpcb","og_description":"The critical role of diodes in electronic circuits, we provide comprehensive diode solutions, including procurement of various types of diodes and PCB integration services. From rectification, voltage regulation to optoelectronic conversion, we ensure your electronic projects achieve optimal performance and reliability.","og_url":"https:\/\/www.topfastpcb.com\/tr\/products\/diode\/","og_site_name":"Topfastpcb","og_image":[{"width":750,"height":750,"url":"https:\/\/www.topfastpcb.com\/wp-content\/uploads\/2025\/06\/diode-1.jpg","type":"image\/jpeg"}],"twitter_card":"summary_large_image","twitter_misc":{"Tahmini okuma s\u00fcresi":"4 dakika"},"schema":{"@context":"https:\/\/schema.org","@graph":[{"@type":"WebPage","@id":"https:\/\/www.topfastpcb.com\/products\/diode\/","url":"https:\/\/www.topfastpcb.com\/products\/diode\/","name":"Diode - Topfastpcb","isPartOf":{"@id":"https:\/\/www.topfastpcb.com\/#website"},"primaryImageOfPage":{"@id":"https:\/\/www.topfastpcb.com\/products\/diode\/#primaryimage"},"image":{"@id":"https:\/\/www.topfastpcb.com\/products\/diode\/#primaryimage"},"thumbnailUrl":"https:\/\/www.topfastpcb.com\/wp-content\/uploads\/2025\/06\/diode-1.jpg","datePublished":"2025-06-25T00:20:21+00:00","breadcrumb":{"@id":"https:\/\/www.topfastpcb.com\/products\/diode\/#breadcrumb"},"inLanguage":"tr","potentialAction":[{"@type":"ReadAction","target":["https:\/\/www.topfastpcb.com\/products\/diode\/"]}]},{"@type":"ImageObject","inLanguage":"tr","@id":"https:\/\/www.topfastpcb.com\/products\/diode\/#primaryimage","url":"https:\/\/www.topfastpcb.com\/wp-content\/uploads\/2025\/06\/diode-1.jpg","contentUrl":"https:\/\/www.topfastpcb.com\/wp-content\/uploads\/2025\/06\/diode-1.jpg","width":750,"height":750,"caption":"diode"},{"@type":"BreadcrumbList","@id":"https:\/\/www.topfastpcb.com\/products\/diode\/#breadcrumb","itemListElement":[{"@type":"ListItem","position":1,"name":"\u9996\u9875","item":"https:\/\/www.topfastpcb.com\/"},{"@type":"ListItem","position":2,"name":"\u5546\u5e97","item":"https:\/\/www.topfastpcb.com\/shop\/"},{"@type":"ListItem","position":3,"name":"Diode"}]},{"@type":"WebSite","@id":"https:\/\/www.topfastpcb.com\/#website","url":"https:\/\/www.topfastpcb.com\/","name":"Topfastpcb","description":"Topfast Prime Choice for Global Electronics Manufacturing","publisher":{"@id":"https:\/\/www.topfastpcb.com\/#organization"},"potentialAction":[{"@type":"SearchAction","target":{"@type":"EntryPoint","urlTemplate":"https:\/\/www.topfastpcb.com\/?s={search_term_string}"},"query-input":{"@type":"PropertyValueSpecification","valueRequired":true,"valueName":"search_term_string"}}],"inLanguage":"tr"},{"@type":"Organization","@id":"https:\/\/www.topfastpcb.com\/#organization","name":"Topfastpcb","url":"https:\/\/www.topfastpcb.com\/","logo":{"@type":"ImageObject","inLanguage":"tr","@id":"https:\/\/www.topfastpcb.com\/#\/schema\/logo\/image\/","url":"https:\/\/www.topfastpcb.com\/wp-content\/uploads\/2026\/02\/cropped-topfast-logo.png","contentUrl":"https:\/\/www.topfastpcb.com\/wp-content\/uploads\/2026\/02\/cropped-topfast-logo.png","width":144,"height":56,"caption":"Topfastpcb"},"image":{"@id":"https:\/\/www.topfastpcb.com\/#\/schema\/logo\/image\/"}}]}},"_links":{"self":[{"href":"https:\/\/www.topfastpcb.com\/tr\/wp-json\/wp\/v2\/product\/3432","targetHints":{"allow":["GET"]}}],"collection":[{"href":"https:\/\/www.topfastpcb.com\/tr\/wp-json\/wp\/v2\/product"}],"about":[{"href":"https:\/\/www.topfastpcb.com\/tr\/wp-json\/wp\/v2\/types\/product"}],"replies":[{"embeddable":true,"href":"https:\/\/www.topfastpcb.com\/tr\/wp-json\/wp\/v2\/comments?post=3432"}],"wp:featuredmedia":[{"embeddable":true,"href":"https:\/\/www.topfastpcb.com\/tr\/wp-json\/wp\/v2\/media\/3436"}],"wp:attachment":[{"href":"https:\/\/www.topfastpcb.com\/tr\/wp-json\/wp\/v2\/media?parent=3432"}],"wp:term":[{"taxonomy":"product_brand","embeddable":true,"href":"https:\/\/www.topfastpcb.com\/tr\/wp-json\/wp\/v2\/product_brand?post=3432"},{"taxonomy":"product_cat","embeddable":true,"href":"https:\/\/www.topfastpcb.com\/tr\/wp-json\/wp\/v2\/product_cat?post=3432"},{"taxonomy":"product_tag","embeddable":true,"href":"https:\/\/www.topfastpcb.com\/tr\/wp-json\/wp\/v2\/product_tag?post=3432"}],"curies":[{"name":"wp","href":"https:\/\/api.w.org\/{rel}","templated":true}]}}