{"id":3473,"date":"2025-06-27T08:26:18","date_gmt":"2025-06-27T00:26:18","guid":{"rendered":"https:\/\/www.topfastpcb.com\/?post_type=product&#038;p=3473"},"modified":"2025-06-26T10:33:53","modified_gmt":"2025-06-26T02:33:53","slug":"inductor","status":"publish","type":"product","link":"https:\/\/www.topfastpcb.com\/tr\/products\/inductor\/","title":{"rendered":"\u0130nd\u00fckt\u00f6r"},"content":{"rendered":"<div id=\"ez-toc-container\" class=\"ez-toc-v2_0_74 counter-hierarchy ez-toc-counter ez-toc-custom ez-toc-container-direction\">\n<div class=\"ez-toc-title-container\">\n<p class=\"ez-toc-title\" style=\"cursor:inherit\">\u0130\u00e7indekiler<\/p>\n<span class=\"ez-toc-title-toggle\"><\/span><\/div>\n<nav><ul class='ez-toc-list ez-toc-list-level-1' ><li class='ez-toc-page-1 ez-toc-heading-level-2'><a class=\"ez-toc-link ez-toc-heading-1\" href=\"https:\/\/www.topfastpcb.com\/tr\/products\/inductor\/#One-Stop_Inductor_Procurement_PCB_Assembly_Solutions\" >Tek Noktadan \u0130nd\u00fckt\u00f6r Tedariki &amp; PCB Montaj \u00c7\u00f6z\u00fcmleri<\/a><ul class='ez-toc-list-level-3' ><li class='ez-toc-heading-level-3'><a class=\"ez-toc-link ez-toc-heading-2\" href=\"https:\/\/www.topfastpcb.com\/tr\/products\/inductor\/#Comprehensive_Inductor_Procurement_Services\" >Kapsaml\u0131 \u0130nd\u00fckt\u00f6r Tedarik Hizmetleri<\/a><\/li><li class='ez-toc-page-1 ez-toc-heading-level-3'><a class=\"ez-toc-link ez-toc-heading-3\" href=\"https:\/\/www.topfastpcb.com\/tr\/products\/inductor\/#High-Precision_PCB_Assembly_Services\" >Y\u00fcksek Hassasiyetli PCB Montaj Hizmetleri<\/a><\/li><li class='ez-toc-page-1 ez-toc-heading-level-3'><a class=\"ez-toc-link ez-toc-heading-4\" href=\"https:\/\/www.topfastpcb.com\/tr\/products\/inductor\/#Why_Global_Clients_Trust_TopFast\" >K\u00fcresel M\u00fc\u015fteriler Neden TopFast'e G\u00fcveniyor?<\/a><\/li><li class='ez-toc-page-1 ez-toc-heading-level-3'><a class=\"ez-toc-link ez-toc-heading-5\" href=\"https:\/\/www.topfastpcb.com\/tr\/products\/inductor\/#Industries_Served\" >Hizmet Verilen Sekt\u00f6rler<\/a><\/li><li class='ez-toc-page-1 ez-toc-heading-level-3'><a class=\"ez-toc-link ez-toc-heading-6\" href=\"https:\/\/www.topfastpcb.com\/tr\/products\/inductor\/#Start_Your_Project_Today\" >Projenize Bug\u00fcn Ba\u015flay\u0131n<\/a><\/li><\/ul><\/li><\/ul><\/nav><\/div>\n\n<h2><span class=\"ez-toc-section\" id=\"One-Stop_Inductor_Procurement_PCB_Assembly_Solutions\"><\/span>Tek Noktadan \u0130nd\u00fckt\u00f6r Tedariki &amp; PCB Montaj \u00c7\u00f6z\u00fcmleri<span class=\"ez-toc-section-end\"><\/span><\/h2>\n<p class=\"ds-markdown-paragraph\">TopFast sadece bir PCB \u00fcreticisi de\u011fildir; tasar\u0131mdan bitmi\u015f \u00fcr\u00fcne kadar eksiksiz elektronik \u00fcretim \u00e7\u00f6z\u00fcmleri sunuyoruz. Bile\u015fen tedarikinden anahtar teslim montaja kadar, 2008 y\u0131l\u0131nda kurulu\u015fumuzdan bu yana d\u00fcnya \u00e7ap\u0131nda binlerce \u015firketin elektronik \u00fcretim hedeflerine ula\u015fmas\u0131na yard\u0131mc\u0131 olduk.<\/p>\n<p class=\"ds-markdown-paragraph\"><strong>Neden TopFast'i Se\u00e7melisiniz?<\/strong><br \/>\n17 y\u0131ll\u0131k PCB \u00fcretim ve montaj uzmanl\u0131\u011f\u0131<br \/>\n\u2714 U\u00e7tan uca hizmet: Bile\u015fen tedarikinden <a href=\"https:\/\/www.topfastpcb.com\/tr\/products\/turnkey-pcb-assembly-services\/\">anahtar tesli\u0307m montaj<\/a><br \/>\n\u2714 \u0130stikrarl\u0131 bile\u015fen tedari\u011fi i\u00e7in k\u00fcresel tedarik zinciri a\u011f\u0131<br \/>\n\u2714 H\u0131zl\u0131 yan\u0131t: 1 saatlik fiyat teklifleri, 24 saat m\u00fchendislik deste\u011fi<br \/>\n\u2714 0 kalite kontrol &amp; tam izlenebilirlik<\/p>\n<p class=\"ds-markdown-paragraph\"><a target=\"_blank\" rel=\"noopener noreferrer\" href=\"https:\/\/www.topfastpcb.com\/tr\/contact\/\">\u015eimdi \u00dccretsiz Teklif Al\u0131n<\/a><\/p>\n<h3><img loading=\"lazy\" decoding=\"async\" src=\"https:\/\/www.topfastpcb.com\/wp-content\/uploads\/2025\/06\/inductor.jpg\" alt=\"ind\u00fckt\u00f6r\" width=\"600\" height=\"402\" class=\"aligncenter size-full wp-image-3478\" srcset=\"https:\/\/www.topfastpcb.com\/wp-content\/uploads\/2025\/06\/inductor.jpg 600w, https:\/\/www.topfastpcb.com\/wp-content\/uploads\/2025\/06\/inductor-300x201.jpg 300w, https:\/\/www.topfastpcb.com\/wp-content\/uploads\/2025\/06\/inductor-18x12.jpg 18w\" sizes=\"auto, (max-width: 600px) 100vw, 600px\" \/><\/h3>\n<h3><span class=\"ez-toc-section\" id=\"Comprehensive_Inductor_Procurement_Services\"><\/span>Kapsaml\u0131 \u0130nd\u00fckt\u00f6r Tedarik Hizmetleri<span class=\"ez-toc-section-end\"><\/span><\/h3>\n<p class=\"ds-markdown-paragraph\">\u0130nd\u00fckt\u00f6rler elektronik devrelerdeki kritik bile\u015fenlerdir. TopFast, eksiksiz bir ind\u00fckt\u00f6r \u00e7\u00f6z\u00fcmleri yelpazesi sunmak i\u00e7in yetkili k\u00fcresel tedarik\u00e7ilerle ortakl\u0131k yapmaktad\u0131r:<\/p>\n<ul>\n<li>\n<p class=\"ds-markdown-paragraph\"><strong>SMD G\u00fc\u00e7 \u0130nd\u00fckt\u00f6rleri<\/strong>: Kompakt tasar\u0131mlar i\u00e7in<\/p>\n<\/li>\n<li>\n<p class=\"ds-markdown-paragraph\"><strong>Toroidal &amp; Ferrit N\u00fcveli \u0130nd\u00fckt\u00f6rler<\/strong>: Y\u00fcksek verimli uygulamalar<\/p>\n<\/li>\n<li>\n<p class=\"ds-markdown-paragraph\"><strong>RF \u015eoklar\u0131<\/strong>: Kablosuz ileti\u015fim performans\u0131 i\u00e7in optimize edilmi\u015ftir<\/p>\n<\/li>\n<li>\n<p class=\"ds-markdown-paragraph\"><strong>\u00d6zel \u0130nd\u00fckt\u00f6rler<\/strong>: Benzersiz tasar\u0131m gereksinimlerine g\u00f6re uyarlanm\u0131\u015ft\u0131r<\/p>\n<\/li>\n<\/ul>\n<p class=\"ds-markdown-paragraph\">\u0130nd\u00fckt\u00f6rlerin \u00f6tesinde, t\u00fcm BOM tedarik ihtiya\u00e7lar\u0131n\u0131z\u0131 kar\u015f\u0131l\u0131yoruz:<\/p>\n<ul>\n<li>\n<p class=\"ds-markdown-paragraph\">Pasif bile\u015fenler (<a href=\"https:\/\/www.topfastpcb.com\/tr\/products\/capacitor\/\">kondansat\u00f6rler<\/a>, <a href=\"https:\/\/www.topfastpcb.com\/tr\/products\/resistors\/\">diren\u00e7ler<\/a>vb.)<\/p>\n<\/li>\n<li>\n<p class=\"ds-markdown-paragraph\">Yar\u0131 \u0130letkenler ve IC'ler<\/p>\n<\/li>\n<li>\n<p class=\"ds-markdown-paragraph\">\u0130leti\u015fim mod\u00fclleri (Wi-Fi, Bluetooth, vb.)<\/p>\n<\/li>\n<li>\n<p class=\"ds-markdown-paragraph\">G\u00fc\u00e7 bile\u015fenleri &amp; konekt\u00f6rler<\/p>\n<\/li>\n<li>\n<p class=\"ds-markdown-paragraph\">Otomotiv veamp; t\u0131bbi s\u0131n\u0131f \u00f6zel bile\u015fenler<\/p>\n<\/li>\n<\/ul>\n<p class=\"ds-markdown-paragraph\"><a target=\"_blank\" rel=\"noopener noreferrer\" href=\"https:\/\/www.topfastpcb.com\/tr\/products\/bill-of-materials-bom\/\">Optimizasyon i\u00e7in \u00dcr\u00fcn A\u011fac\u0131n\u0131z\u0131 Y\u00fckleyin<\/a><\/p>\n<h3><span class=\"ez-toc-section\" id=\"High-Precision_PCB_Assembly_Services\"><\/span>Y\u00fcksek Hassasiyetli PCB Montaj Hizmetleri<span class=\"ez-toc-section-end\"><\/span><\/h3>\n<p class=\"ds-markdown-paragraph\">TopFast'in PCB montaj\u0131, ind\u00fckt\u00f6r yo\u011fun tasar\u0131mlar\u0131n kusursuz bir \u015fekilde y\u00fcr\u00fct\u00fclmesini sa\u011flar:<\/p>\n<ul>\n<li>\n<p class=\"ds-markdown-paragraph\">Otomatik SMD ind\u00fckt\u00f6r yerle\u015ftirme (\u00b10,025 mm hassasiyet)<\/p>\n<\/li>\n<li>\n<p class=\"ds-markdown-paragraph\">Karma teknoloji montaj\u0131 (SMT + THT)<\/p>\n<\/li>\n<li>\n<p class=\"ds-markdown-paragraph\">Y\u00fcksek ak\u0131m ind\u00fckt\u00f6rleri i\u00e7in \u00f6zel lehimleme<\/p>\n<\/li>\n<li>\n<p class=\"ds-markdown-paragraph\">Konformal kaplama &amp; zorlu ortamlar i\u00e7in potting<\/p>\n<\/li>\n<li>\n<p class=\"ds-markdown-paragraph\">Prototiplemeden seri \u00fcretime kadar u\u00e7tan uca destek<\/p>\n<\/li>\n<\/ul>\n<p class=\"ds-markdown-paragraph\">Y\u00fczlerce bile\u015fen i\u00e7eren karma\u015f\u0131k PCBA projelerinde uzmanla\u015farak hassas yerle\u015fimi garanti ediyoruz.<\/p>\n<p class=\"ds-markdown-paragraph\"><a target=\"_blank\" rel=\"noopener noreferrer\" href=\"https:\/\/www.topfastpcb.com\/tr\/products\/category\/pcba\/\">PCBA Yeteneklerimizi Ke\u015ffedin<\/a><\/p>\n<h3><span class=\"ez-toc-section\" id=\"Why_Global_Clients_Trust_TopFast\"><\/span>K\u00fcresel M\u00fc\u015fteriler Neden TopFast'e G\u00fcveniyor?<span class=\"ez-toc-section-end\"><\/span><\/h3>\n<ol start=\"1\">\n<li>\n<p class=\"ds-markdown-paragraph\"><strong>Tedarik Zinciri Avantajlar\u0131<\/strong>: En iyi markalarla do\u011frudan ortakl\u0131klar kalite &amp; maliyet verimlili\u011fi sa\u011flar<\/p>\n<\/li>\n<li>\n<p class=\"ds-markdown-paragraph\"><strong>M\u00fchendislik Deste\u011fi<\/strong>: Uzmanlar taraf\u0131ndan \u00fccretsiz tasar\u0131m dosyas\u0131 incelemesi ve optimizasyonu<\/p>\n<\/li>\n<li>\n<p class=\"ds-markdown-paragraph\"><strong>H\u0131zl\u0131 Geri D\u00f6n\u00fc\u015f<\/strong>1-3 g\u00fcn bile\u015fen tedariki, pazara sunma s\u00fcresinin h\u0131zland\u0131r\u0131lmas\u0131<\/p>\n<\/li>\n<li>\n<p class=\"ds-markdown-paragraph\"><strong>Kalite G\u00fcvence<\/strong>Titiz kalite kontrol s\u00fcre\u00e7lerine sahip ISO sertifikal\u0131 fabrika<\/p>\n<\/li>\n<\/ol>\n<p class=\"ds-markdown-paragraph\"><em>&#8220;TopFast, \u00fcr\u00fcn a\u011fac\u0131 maliyetlerimizi azalt\u0131rken teslim s\u00fcrelerini k\u0131saltt\u0131.Ekipleri ihtiya\u00e7lar\u0131m\u0131z\u0131 ger\u00e7ekten anl\u0131yor.&#8221;<\/em><span>\u00a0<\/span>- Uluslararas\u0131 IoT Cihaz \u00dcreticisi<\/p>\n<h3><span class=\"ez-toc-section\" id=\"Industries_Served\"><\/span>Hizmet Verilen Sekt\u00f6rler<span class=\"ez-toc-section-end\"><\/span><\/h3>\n<p class=\"ds-markdown-paragraph\">\u00c7\u00f6z\u00fcmlerimiz a\u015fa\u011f\u0131daki alanlardaki uygulamalara g\u00fc\u00e7 sa\u011flar:<\/p>\n<ul>\n<li>\n<p class=\"ds-markdown-paragraph\">G\u00fc\u00e7 d\u00f6n\u00fc\u015ft\u00fcrme sistemleri (SMPS, DC-DC, vb.)<\/p>\n<\/li>\n<li>\n<p class=\"ds-markdown-paragraph\">Kablosuz ileti\u015fim cihazlar\u0131<\/p>\n<\/li>\n<li>\n<p class=\"ds-markdown-paragraph\">End\u00fcstriyel kontrol sistemleri<\/p>\n<\/li>\n<li>\n<p class=\"ds-markdown-paragraph\">T\u0131bbi elektronik<\/p>\n<\/li>\n<li>\n<p class=\"ds-markdown-paragraph\">Otomotiv elektroni\u011fi<\/p>\n<\/li>\n<li>\n<p class=\"ds-markdown-paragraph\">Ak\u0131ll\u0131 ev &amp; amp; IoT \u00fcr\u00fcnleri<\/p>\n<\/li>\n<\/ul>\n<h3><span class=\"ez-toc-section\" id=\"Start_Your_Project_Today\"><\/span>Projenize Bug\u00fcn Ba\u015flay\u0131n<span class=\"ez-toc-section-end\"><\/span><\/h3>\n<p class=\"ds-markdown-paragraph\">Sadece 3 basit ad\u0131m:<\/p>\n<ol start=\"1\">\n<li>\n<p class=\"ds-markdown-paragraph\">Gerber &amp; BOM dosyalar\u0131n\u0131z\u0131 y\u00fckleyin<\/p>\n<\/li>\n<li>\n<p class=\"ds-markdown-paragraph\">Uzman optimizasyon tavsiyesi ve fiyat teklifi al\u0131n<\/p>\n<\/li>\n<li>\n<p class=\"ds-markdown-paragraph\">Sipari\u015finizi onaylay\u0131n - gerisini biz hallederiz<\/p>\n<\/li>\n<\/ol>\n<p class=\"ds-markdown-paragraph\">\ud83d\udce7 E-posta: <a href=\"https:\/\/mailto:op@topfastpcb.com\/\" target=\"_blank\" rel=\"noopener noreferrer\">op@topfastpcb.com<\/a><br \/>\n\ud83d\udcde Telefon: +86 139 2957 6863<br \/>\n\ud83d\udd52 7\/24 m\u00fc\u015fteri deste\u011fi<\/p>\n<p class=\"ds-markdown-paragraph\"><a target=\"_blank\" rel=\"noopener noreferrer\" href=\"https:\/\/www.topfastpcb.com\/tr\/contact\/\">1 Saatlik Fiyat Teklifi i\u00e7in Dosyalar\u0131 Y\u00fckleyin<\/a><\/p>","protected":false},"excerpt":{"rendered":"<p>TopFast, k\u00fcresel m\u00fc\u015fterilerine ind\u00fckt\u00f6r tedarikinden anahtar teslim PCB montaj\u0131na kadar eksiksiz bir hizmet yelpazesi sunar.BOM maliyetlerinizi optimize etmek, h\u0131zl\u0131 teslimat sa\u011flamak ve 0 kalite izlenebilirli\u011fini garanti etmek i\u00e7in lider markalarla \u00e7al\u0131\u015f\u0131yoruz. \u0130ster SMD g\u00fc\u00e7 ind\u00fckt\u00f6rlerine, ister RF bobinlerine veya karma\u015f\u0131k PCBA'ya ihtiyac\u0131n\u0131z olsun, profesyonel destek sa\u011flayabiliriz.<\/p>","protected":false},"featured_media":3474,"comment_status":"closed","ping_status":"closed","template":"","meta":[],"product_brand":[],"product_cat":[217],"product_tag":[309],"class_list":{"0":"post-3473","1":"product","2":"type-product","3":"status-publish","4":"has-post-thumbnail","6":"product_cat-electronic-components","7":"product_tag-inductor","9":"first","10":"instock","11":"shipping-taxable","12":"product-type-simple"},"yoast_head":"<!-- This site is optimized with the Yoast SEO plugin v25.1 - https:\/\/yoast.com\/wordpress\/plugins\/seo\/ -->\n<title>Inductor - Topfastpcb<\/title>\n<meta name=\"description\" content=\"TopFast provides one-stop PCB manufacturing and inductor procurement services, including complete BOM component procurement, precision PCB assembly, and global supply chain support. Quick quotes and 24-hour response.\" \/>\n<meta name=\"robots\" content=\"index, follow, max-snippet:-1, max-image-preview:large, max-video-preview:-1\" \/>\n<link rel=\"canonical\" href=\"https:\/\/www.topfastpcb.com\/tr\/products\/inductor\/\" \/>\n<meta property=\"og:locale\" content=\"tr_TR\" \/>\n<meta property=\"og:type\" content=\"article\" \/>\n<meta property=\"og:title\" content=\"Inductor - Topfastpcb\" \/>\n<meta property=\"og:description\" content=\"TopFast provides one-stop PCB manufacturing and inductor procurement services, including complete BOM component procurement, precision PCB assembly, and global supply chain support. Quick quotes and 24-hour response.\" \/>\n<meta property=\"og:url\" content=\"https:\/\/www.topfastpcb.com\/tr\/products\/inductor\/\" \/>\n<meta property=\"og:site_name\" content=\"Topfastpcb\" \/>\n<meta property=\"og:image\" content=\"https:\/\/www.topfastpcb.com\/wp-content\/uploads\/2025\/06\/inductor-1.jpg\" \/>\n\t<meta property=\"og:image:width\" content=\"750\" \/>\n\t<meta property=\"og:image:height\" content=\"750\" \/>\n\t<meta property=\"og:image:type\" content=\"image\/jpeg\" \/>\n<meta name=\"twitter:card\" content=\"summary_large_image\" \/>\n<meta name=\"twitter:label1\" content=\"Tahmini okuma s\u00fcresi\" \/>\n\t<meta name=\"twitter:data1\" content=\"3 dakika\" \/>\n<script type=\"application\/ld+json\" class=\"yoast-schema-graph\">{\"@context\":\"https:\/\/schema.org\",\"@graph\":[{\"@type\":\"WebPage\",\"@id\":\"https:\/\/www.topfastpcb.com\/products\/inductor\/\",\"url\":\"https:\/\/www.topfastpcb.com\/products\/inductor\/\",\"name\":\"Inductor - Topfastpcb\",\"isPartOf\":{\"@id\":\"https:\/\/www.topfastpcb.com\/#website\"},\"primaryImageOfPage\":{\"@id\":\"https:\/\/www.topfastpcb.com\/products\/inductor\/#primaryimage\"},\"image\":{\"@id\":\"https:\/\/www.topfastpcb.com\/products\/inductor\/#primaryimage\"},\"thumbnailUrl\":\"https:\/\/www.topfastpcb.com\/wp-content\/uploads\/2025\/06\/inductor-1.jpg\",\"datePublished\":\"2025-06-27T00:26:18+00:00\",\"description\":\"TopFast provides one-stop PCB manufacturing and inductor procurement services, including complete BOM component procurement, precision PCB assembly, and global supply chain support. Quick quotes and 24-hour response.\",\"breadcrumb\":{\"@id\":\"https:\/\/www.topfastpcb.com\/products\/inductor\/#breadcrumb\"},\"inLanguage\":\"tr\",\"potentialAction\":[{\"@type\":\"ReadAction\",\"target\":[\"https:\/\/www.topfastpcb.com\/products\/inductor\/\"]}]},{\"@type\":\"ImageObject\",\"inLanguage\":\"tr\",\"@id\":\"https:\/\/www.topfastpcb.com\/products\/inductor\/#primaryimage\",\"url\":\"https:\/\/www.topfastpcb.com\/wp-content\/uploads\/2025\/06\/inductor-1.jpg\",\"contentUrl\":\"https:\/\/www.topfastpcb.com\/wp-content\/uploads\/2025\/06\/inductor-1.jpg\",\"width\":750,\"height\":750,\"caption\":\"inductor\"},{\"@type\":\"BreadcrumbList\",\"@id\":\"https:\/\/www.topfastpcb.com\/products\/inductor\/#breadcrumb\",\"itemListElement\":[{\"@type\":\"ListItem\",\"position\":1,\"name\":\"\u9996\u9875\",\"item\":\"https:\/\/www.topfastpcb.com\/\"},{\"@type\":\"ListItem\",\"position\":2,\"name\":\"\u5546\u5e97\",\"item\":\"https:\/\/www.topfastpcb.com\/shop\/\"},{\"@type\":\"ListItem\",\"position\":3,\"name\":\"Inductor\"}]},{\"@type\":\"WebSite\",\"@id\":\"https:\/\/www.topfastpcb.com\/#website\",\"url\":\"https:\/\/www.topfastpcb.com\/\",\"name\":\"Topfastpcb\",\"description\":\"Topfast Prime Choice for Global Electronics Manufacturing\",\"publisher\":{\"@id\":\"https:\/\/www.topfastpcb.com\/#organization\"},\"potentialAction\":[{\"@type\":\"SearchAction\",\"target\":{\"@type\":\"EntryPoint\",\"urlTemplate\":\"https:\/\/www.topfastpcb.com\/?s={search_term_string}\"},\"query-input\":{\"@type\":\"PropertyValueSpecification\",\"valueRequired\":true,\"valueName\":\"search_term_string\"}}],\"inLanguage\":\"tr\"},{\"@type\":\"Organization\",\"@id\":\"https:\/\/www.topfastpcb.com\/#organization\",\"name\":\"Topfastpcb\",\"url\":\"https:\/\/www.topfastpcb.com\/\",\"logo\":{\"@type\":\"ImageObject\",\"inLanguage\":\"tr\",\"@id\":\"https:\/\/www.topfastpcb.com\/#\/schema\/logo\/image\/\",\"url\":\"https:\/\/www.topfastpcb.com\/wp-content\/uploads\/2026\/02\/cropped-topfast-logo.png\",\"contentUrl\":\"https:\/\/www.topfastpcb.com\/wp-content\/uploads\/2026\/02\/cropped-topfast-logo.png\",\"width\":144,\"height\":56,\"caption\":\"Topfastpcb\"},\"image\":{\"@id\":\"https:\/\/www.topfastpcb.com\/#\/schema\/logo\/image\/\"}}]}<\/script>\n<!-- \/ Yoast SEO plugin. -->","yoast_head_json":{"title":"Inductor - Topfastpcb","description":"TopFast provides one-stop PCB manufacturing and inductor procurement services, including complete BOM component procurement, precision PCB assembly, and global supply chain support. Quick quotes and 24-hour response.","robots":{"index":"index","follow":"follow","max-snippet":"max-snippet:-1","max-image-preview":"max-image-preview:large","max-video-preview":"max-video-preview:-1"},"canonical":"https:\/\/www.topfastpcb.com\/tr\/products\/inductor\/","og_locale":"tr_TR","og_type":"article","og_title":"Inductor - Topfastpcb","og_description":"TopFast provides one-stop PCB manufacturing and inductor procurement services, including complete BOM component procurement, precision PCB assembly, and global supply chain support. Quick quotes and 24-hour response.","og_url":"https:\/\/www.topfastpcb.com\/tr\/products\/inductor\/","og_site_name":"Topfastpcb","og_image":[{"width":750,"height":750,"url":"https:\/\/www.topfastpcb.com\/wp-content\/uploads\/2025\/06\/inductor-1.jpg","type":"image\/jpeg"}],"twitter_card":"summary_large_image","twitter_misc":{"Tahmini okuma s\u00fcresi":"3 dakika"},"schema":{"@context":"https:\/\/schema.org","@graph":[{"@type":"WebPage","@id":"https:\/\/www.topfastpcb.com\/products\/inductor\/","url":"https:\/\/www.topfastpcb.com\/products\/inductor\/","name":"Inductor - Topfastpcb","isPartOf":{"@id":"https:\/\/www.topfastpcb.com\/#website"},"primaryImageOfPage":{"@id":"https:\/\/www.topfastpcb.com\/products\/inductor\/#primaryimage"},"image":{"@id":"https:\/\/www.topfastpcb.com\/products\/inductor\/#primaryimage"},"thumbnailUrl":"https:\/\/www.topfastpcb.com\/wp-content\/uploads\/2025\/06\/inductor-1.jpg","datePublished":"2025-06-27T00:26:18+00:00","description":"TopFast provides one-stop PCB manufacturing and inductor procurement services, including complete BOM component procurement, precision PCB assembly, and global supply chain support. Quick quotes and 24-hour response.","breadcrumb":{"@id":"https:\/\/www.topfastpcb.com\/products\/inductor\/#breadcrumb"},"inLanguage":"tr","potentialAction":[{"@type":"ReadAction","target":["https:\/\/www.topfastpcb.com\/products\/inductor\/"]}]},{"@type":"ImageObject","inLanguage":"tr","@id":"https:\/\/www.topfastpcb.com\/products\/inductor\/#primaryimage","url":"https:\/\/www.topfastpcb.com\/wp-content\/uploads\/2025\/06\/inductor-1.jpg","contentUrl":"https:\/\/www.topfastpcb.com\/wp-content\/uploads\/2025\/06\/inductor-1.jpg","width":750,"height":750,"caption":"inductor"},{"@type":"BreadcrumbList","@id":"https:\/\/www.topfastpcb.com\/products\/inductor\/#breadcrumb","itemListElement":[{"@type":"ListItem","position":1,"name":"\u9996\u9875","item":"https:\/\/www.topfastpcb.com\/"},{"@type":"ListItem","position":2,"name":"\u5546\u5e97","item":"https:\/\/www.topfastpcb.com\/shop\/"},{"@type":"ListItem","position":3,"name":"Inductor"}]},{"@type":"WebSite","@id":"https:\/\/www.topfastpcb.com\/#website","url":"https:\/\/www.topfastpcb.com\/","name":"Topfastpcb","description":"Topfast Prime Choice for Global Electronics Manufacturing","publisher":{"@id":"https:\/\/www.topfastpcb.com\/#organization"},"potentialAction":[{"@type":"SearchAction","target":{"@type":"EntryPoint","urlTemplate":"https:\/\/www.topfastpcb.com\/?s={search_term_string}"},"query-input":{"@type":"PropertyValueSpecification","valueRequired":true,"valueName":"search_term_string"}}],"inLanguage":"tr"},{"@type":"Organization","@id":"https:\/\/www.topfastpcb.com\/#organization","name":"Topfastpcb","url":"https:\/\/www.topfastpcb.com\/","logo":{"@type":"ImageObject","inLanguage":"tr","@id":"https:\/\/www.topfastpcb.com\/#\/schema\/logo\/image\/","url":"https:\/\/www.topfastpcb.com\/wp-content\/uploads\/2026\/02\/cropped-topfast-logo.png","contentUrl":"https:\/\/www.topfastpcb.com\/wp-content\/uploads\/2026\/02\/cropped-topfast-logo.png","width":144,"height":56,"caption":"Topfastpcb"},"image":{"@id":"https:\/\/www.topfastpcb.com\/#\/schema\/logo\/image\/"}}]}},"_links":{"self":[{"href":"https:\/\/www.topfastpcb.com\/tr\/wp-json\/wp\/v2\/product\/3473","targetHints":{"allow":["GET"]}}],"collection":[{"href":"https:\/\/www.topfastpcb.com\/tr\/wp-json\/wp\/v2\/product"}],"about":[{"href":"https:\/\/www.topfastpcb.com\/tr\/wp-json\/wp\/v2\/types\/product"}],"replies":[{"embeddable":true,"href":"https:\/\/www.topfastpcb.com\/tr\/wp-json\/wp\/v2\/comments?post=3473"}],"wp:featuredmedia":[{"embeddable":true,"href":"https:\/\/www.topfastpcb.com\/tr\/wp-json\/wp\/v2\/media\/3474"}],"wp:attachment":[{"href":"https:\/\/www.topfastpcb.com\/tr\/wp-json\/wp\/v2\/media?parent=3473"}],"wp:term":[{"taxonomy":"product_brand","embeddable":true,"href":"https:\/\/www.topfastpcb.com\/tr\/wp-json\/wp\/v2\/product_brand?post=3473"},{"taxonomy":"product_cat","embeddable":true,"href":"https:\/\/www.topfastpcb.com\/tr\/wp-json\/wp\/v2\/product_cat?post=3473"},{"taxonomy":"product_tag","embeddable":true,"href":"https:\/\/www.topfastpcb.com\/tr\/wp-json\/wp\/v2\/product_tag?post=3473"}],"curies":[{"name":"wp","href":"https:\/\/api.w.org\/{rel}","templated":true}]}}