{"id":3498,"date":"2025-06-30T08:30:06","date_gmt":"2025-06-30T00:30:06","guid":{"rendered":"https:\/\/www.topfastpcb.com\/?post_type=product&#038;p=3498"},"modified":"2025-06-27T16:10:26","modified_gmt":"2025-06-27T08:10:26","slug":"10-layer-rigid-flex-pcb","status":"publish","type":"product","link":"https:\/\/www.topfastpcb.com\/tr\/products\/10-layer-rigid-flex-pcb\/","title":{"rendered":"10 Katmanl\u0131 Sert-Flex PCB"},"content":{"rendered":"<h2>10 katmanl\u0131 yumu\u015fak-sert kompozit levha teknolojisi<\/h2>\n<p class=\"ds-markdown-paragraph\">G\u00fcn\u00fcm\u00fcz\u00fcn y\u00fcksek yo\u011funluklu elektronik cihaz tasar\u0131m\u0131nda, 10 katmanl\u0131 sert esnek kartlar, \u00fcst d\u00fczey uygulamalar i\u00e7in ideal se\u00e7im haline gelmi\u015ftir. Topfast, 17 y\u0131ll\u0131k profesyonel deneyime sahip bir PCB \u00fcreticisi olarak, askeri s\u0131n\u0131f standartlar\u0131n\u0131 kar\u015f\u0131layan y\u00fcksek kaliteli sert esnek kartlar i\u00e7in tek elden bir \u00e7\u00f6z\u00fcm sunar.<\/p>\n<h3>Neden 10 Katmanl\u0131 Rigid-Flex PCB'leri Se\u00e7melisiniz?<\/h3>\n<p class=\"ds-markdown-paragraph\">10 katmanl\u0131 sert esnek PCB'ler a\u015fa\u011f\u0131daki \u00f6zelliklere sahiptir<span>\u00a0<\/span><strong>ola\u011fan\u00fcst\u00fc \u00f6zelli\u0307kler<\/strong>:<\/p>\n<ul>\n<li>\n<p class=\"ds-markdown-paragraph\"><strong>Ultra y\u00fcksek hassasiyet<\/strong>: Minimum a\u00e7\u0131kl\u0131k 0,07 mm, minimum \u00e7izgi geni\u015fli\u011fi\/aral\u0131\u011f\u0131 0,045 mm (2mil\/2mil)<\/p>\n<\/li>\n<li>\n<p class=\"ds-markdown-paragraph\"><strong>Askeri s\u0131n\u0131f kalite<\/strong>: IPC S\u0131n\u0131f 2\/3 standartlar\u0131na uygundur, 0 elektriksel test garantisi<\/p>\n<\/li>\n<li>\n<p class=\"ds-markdown-paragraph\"><strong>Ola\u011fan\u00fcst\u00fc dayan\u0131kl\u0131l\u0131k<\/strong>: 20.000 b\u00fck\u00fclme testini destekler, 3U alt\u0131n kaplama y\u00fczey i\u015flemi<\/p>\n<\/li>\n<li>\n<p class=\"ds-markdown-paragraph\"><strong>Y\u00fcksek gerilim direnci<\/strong>: Zorlu uygulamalar i\u00e7in 1000V dayan\u0131m gerilimi kapasitesi<\/p>\n<\/li>\n<li>\n<p class=\"ds-markdown-paragraph\"><strong>Birinci s\u0131n\u0131f malzemeler<\/strong>: Shengyi S1000-2M gibi y\u00fcksek kaliteli malzemeler kullan\u0131r<\/p>\n<\/li>\n<\/ul>\n<blockquote>\n<p class=\"ds-markdown-paragraph\">T\u0131bbi ekipman ve havac\u0131l\u0131k uygulamalar\u0131nda, 10 katmanl\u0131 sert esnek PCB'lerimiz ,2 verim oran\u0131yla k\u00fcresel m\u00fc\u015fterilerin g\u00fcvenini kazanm\u0131\u015ft\u0131r.&#8221;<\/p>\n<\/blockquote>\n<p><a href=\"https:\/\/www.topfastpcb.com\/tr\/contact\/\">10 katmanl\u0131 sert-esnek PCB \u00fcretimi i\u00e7in \u015fimdi bize ula\u015f\u0131n<\/a><\/p>\n<p class=\"ds-markdown-paragraph\"><a href=\"https:\/\/www.topfastpcb.com\/tr\/products\/category\/rigid-flex-pcb\/\">Sert esnek PCB'ler<\/a> ustaca birle\u015ftirir<span>\u00a0<\/span><strong>sert PCB'lerin kararl\u0131l\u0131\u011f\u0131<\/strong><span>\u00a0<\/span>ile<span>\u00a0<\/span><strong>esnek devrelerin esnekli\u011fi<\/strong>arac\u0131l\u0131\u011f\u0131yla elde edilmi\u015ftir:<\/p>\n<ol start=\"1\">\n<li>\n<p class=\"ds-markdown-paragraph\"><strong>Malzeme biliminde \u00e7\u0131\u011f\u0131r a\u00e7an bulu\u015f<\/strong>: FR4 rijit levhalar ve poliimid (PI) esnek alt tabakalar\u0131n m\u00fckemmel kombinasyonu<\/p>\n<\/li>\n<li>\n<p class=\"ds-markdown-paragraph\"><strong>Yap\u0131sal yenilik<\/strong>: 3D kablolamaya olanak sa\u011flayan 30 katmana kadar karma\u015f\u0131k istifleme tasar\u0131mlar\u0131<\/p>\n<\/li>\n<li>\n<p class=\"ds-markdown-paragraph\"><strong>Hassas i\u015f\u00e7ilik<\/strong>: S\u0131f\u0131r kabarc\u0131k, s\u0131f\u0131r delaminasyon sa\u011flayan hassas hizalama ve laminasyon teknolojisi<\/p>\n<\/li>\n<\/ol>\n<p class=\"ds-markdown-paragraph\">Bu teknoloji \u00f6zellikle a\u015fa\u011f\u0131dakiler i\u00e7in uygundur<span>\u00a0<\/span><strong>giyilebilir cihazlar<\/strong>,<span>\u00a0<\/span><strong>t\u0131bbi aletler,<\/strong><span>\u00a0<\/span>ve<span>\u00a0<\/span><strong>havac\u0131l\u0131k elektroni\u011fi<\/strong><span>\u00a0<\/span>yerden tasarruf ederken y\u00fcksek g\u00fcvenilirlik gerektiren \u00fcr\u00fcnler.<\/p>\n<h2><img loading=\"lazy\" decoding=\"async\" src=\"https:\/\/www.topfastpcb.com\/wp-content\/uploads\/2025\/06\/Rigid-flex-pcb.jpg\" alt=\"Sert esnek pcb\" width=\"600\" height=\"402\" class=\"aligncenter size-full wp-image-3499\" srcset=\"https:\/\/www.topfastpcb.com\/wp-content\/uploads\/2025\/06\/Rigid-flex-pcb.jpg 600w, https:\/\/www.topfastpcb.com\/wp-content\/uploads\/2025\/06\/Rigid-flex-pcb-300x201.jpg 300w, https:\/\/www.topfastpcb.com\/wp-content\/uploads\/2025\/06\/Rigid-flex-pcb-18x12.jpg 18w\" sizes=\"auto, (max-width: 600px) 100vw, 600px\" \/><\/h2>\n<h2>Tasar\u0131mdan teslimata kadar tek elden hizmet<\/h2>\n<p class=\"ds-markdown-paragraph\">Bizim<span>\u00a0<\/span><strong>tek durak hi\u0307zmetleri\u0307<\/strong><span>\u00a0<\/span>dahil:<\/p>\n<ul>\n<li>\n<p class=\"ds-markdown-paragraph\"><strong>H\u0131zl\u0131 prototipleme<\/strong>: R&amp;D'nizi h\u0131zland\u0131rmak i\u00e7in 24 saat gibi k\u0131sa bir s\u00fcrede numuneler mevcuttur<\/p>\n<\/li>\n<li>\n<p class=\"ds-markdown-paragraph\"><strong>Seri \u00fcretim<\/strong>: \u00c7e\u015fitli talepleri kar\u015f\u0131lamak i\u00e7in ayl\u0131k 50.000\u33a1 kapasite<\/p>\n<\/li>\n<li>\n<p class=\"ds-markdown-paragraph\"><strong>S\u0131k\u0131 kalite kontrol<\/strong>: 100 AOI denetimi + askeri d\u00fczeyde kalite sa\u011flayan elektrik testi<\/p>\n<\/li>\n<li>\n<p class=\"ds-markdown-paragraph\"><strong>Teknik Destek<\/strong>: Tasar\u0131m optimizasyonu tavsiyesi sa\u011flayan 20 y\u0131ll\u0131k deneyimli bir m\u00fchendislik ekibi<\/p>\n<\/li>\n<\/ul>\n<p class=\"ds-markdown-paragraph\"><strong>Tipik uygulama durumlar\u0131<\/strong>:<\/p>\n<ul>\n<li>\n<p class=\"ds-markdown-paragraph\">Bir t\u0131bbi ekipman \u00fcreticisi 10 katmanl\u0131 sert esnek PCB'lerimizi kullanarak boyut k\u00fc\u00e7\u00fcltme ve g\u00fcvenilirlik art\u0131\u015f\u0131 elde etti<\/p>\n<\/li>\n<li>\n<p class=\"ds-markdown-paragraph\">Bir havac\u0131l\u0131k m\u00fc\u015fterisi \u00e7\u00f6z\u00fcm\u00fcm\u00fcz sayesinde sistem a\u011f\u0131rl\u0131\u011f\u0131nda azalma sa\u011flad\u0131<\/p>\n<\/li>\n<\/ul>\n<h2>K\u00fcresel M\u00fc\u015fteriler Neden Topfast'\u0131 Se\u00e7iyor?<\/h2>\n<ol start=\"1\">\n<li>\n<p class=\"ds-markdown-paragraph\"><strong>Sertifikalar\u0131 tamamlay\u0131n<\/strong>: UL, ROHS, ISO9001 sertifikal\u0131, kalite garantili<\/p>\n<\/li>\n<li>\n<p class=\"ds-markdown-paragraph\"><strong>H\u0131zl\u0131 yan\u0131t<\/strong>: 1 saatlik fiyat teklifi, 4 saatlik m\u00fchendislik geri bildirimi, 7\/24 m\u00fc\u015fteri hizmetleri<\/p>\n<\/li>\n<li>\n<p class=\"ds-markdown-paragraph\"><strong>Maliyet optimizasyonu<\/strong>: Profesyonel bir ekip \u00fcretim maliyetlerini - azaltmaya yard\u0131mc\u0131 olur<\/p>\n<\/li>\n<li>\n<p class=\"ds-markdown-paragraph\"><strong>K\u00fcresel teslimat<\/strong>: D\u00fcnya \u00e7ap\u0131nda lojisti\u011fi ,5 zaman\u0131nda teslimat oran\u0131yla destekler<\/p>\n<\/li>\n<\/ol>\n<h2>Size \u00d6zel \u00c7\u00f6z\u00fcm\u00fcn\u00fcz\u00fc Hemen Al\u0131n<\/h2>\n<p class=\"ds-markdown-paragraph\">\u0130ster ihtiyac\u0131n\u0131z olsun<span>\u00a0<\/span><strong>10 katmanl\u0131 sert esnek PCB<\/strong><span>\u00a0<\/span>numuneler veya toplu sipari\u015fler, Topfast en rekabet\u00e7i \u00e7\u00f6z\u00fcmleri sa\u011flayabilir.<\/p>\n<p class=\"ds-markdown-paragraph\"><strong>S\u0131n\u0131rl\u0131 s\u00fcreli teklif<\/strong>: \u0130lk 20 dan\u0131\u015fmanl\u0131k m\u00fc\u015fterisine \u00fccretsiz tasar\u0131m incelemesi ve %5 ilk sipari\u015f indirimi!<\/p>\n<p class=\"ds-markdown-paragraph\"><a target=\"_blank\" rel=\"noopener noreferrer\" href=\"https:\/\/www.topfastpcb.com\/tr\/contact\/\">An\u0131nda Teklif Al\u0131n<\/a><\/p>\n<h2>Topfast Hakk\u0131nda<\/h2>\n<p class=\"ds-markdown-paragraph\">2008 y\u0131l\u0131nda kurulan Topfast bir<span>\u00a0<\/span><strong>PCB tasar\u0131m\u0131, \u00fcretimi ve montaj\u0131 i\u00e7in tek noktadan \u00e7\u00f6z\u00fcm sa\u011flay\u0131c\u0131<\/strong>. \u00dcr\u00fcnlerimiz aras\u0131nda ileti\u015fim, t\u0131p, otomotiv elektroni\u011fi ve di\u011fer alanlarda yayg\u0131n olarak kullan\u0131lan HDI panolar\u0131, kal\u0131n bak\u0131r panolar, y\u00fcksek frekansl\u0131 panolar vb. bulunmaktad\u0131r. Otomatik \u00fcretim hatlar\u0131 ve s\u0131k\u0131 kalite kontrol sistemleri ile m\u00fc\u015fterilerimize a\u015fa\u011f\u0131dakileri sa\u011flamay\u0131 taahh\u00fct ediyoruz<span>\u00a0<\/span><strong>y\u00fcksek kaliteli, y\u00fcksek g\u00fcvenilirlik<\/strong><span>\u00a0<\/span>elektronik \u00fcretim hizmetleri.<\/p>\n<p class=\"ds-markdown-paragraph\"><strong>Taahh\u00fctlerimiz<\/strong>:<br \/>\n\u2713 Askeri d\u00fczeyde kalite g\u00fcvencesi<br \/>\n\u2713 Zaman\u0131nda teslimat garantisi<br \/>\n\u2713 Profesyonel teknik destek<br \/>\n\u2713 Maliyet optimizasyonu \u00e7\u00f6z\u00fcmleri<\/p>","protected":false},"excerpt":{"rendered":"<p>Teknik \u00f6zellikler, uygulama avantajlar\u0131 ve Topfast&#8217;\u0131n 10 katmanl\u0131 sert esnek levhalar i\u00e7in profesyonel \u00fcretim yetenekleri. Topfast, \u00f6zelle\u015ftirilmi\u015f gereksinimleri destekleyen, minimum 0,045 mm \u00e7izgi geni\u015fli\u011fine, 1000 V voltaj direncine ve UL ve ROHS sertifikas\u0131na sahip askeri s\u0131n\u0131f kalitede sert esnek kartlar sa\u011flayarak tek noktadan \u00e7\u00f6z\u00fcm sunar.<\/p>","protected":false},"featured_media":3500,"comment_status":"closed","ping_status":"closed","template":"","meta":[],"product_brand":[],"product_cat":[114],"product_tag":[199],"class_list":{"0":"post-3498","1":"product","2":"type-product","3":"status-publish","4":"has-post-thumbnail","6":"product_cat-rigid-flex-pcb","7":"product_tag-rigid-flex-pcb","9":"first","10":"instock","11":"shipping-taxable","12":"product-type-simple"},"yoast_head":"<!-- This site is optimized with the Yoast SEO plugin v25.1 - https:\/\/yoast.com\/wordpress\/plugins\/seo\/ -->\n<title>10-Layer Rigid-Flex PCB - Topfastpcb<\/title>\n<meta name=\"description\" content=\"Topfast offers high-quality 10-layer rigid-flex PCB manufacturing services, meeting military-grade standards, with a minimum line width of 0.045mm, voltage resistance of 1000V, ISO 9001 certification, and 24-hour rapid response, providing you with a one-stop solution from design to production.\" \/>\n<meta name=\"robots\" content=\"index, follow, max-snippet:-1, max-image-preview:large, max-video-preview:-1\" \/>\n<link rel=\"canonical\" href=\"https:\/\/www.topfastpcb.com\/tr\/products\/10-layer-rigid-flex-pcb\/\" \/>\n<meta property=\"og:locale\" content=\"tr_TR\" \/>\n<meta property=\"og:type\" content=\"article\" \/>\n<meta property=\"og:title\" content=\"10-Layer Rigid-Flex PCB - Topfastpcb\" \/>\n<meta property=\"og:description\" content=\"Topfast offers high-quality 10-layer rigid-flex PCB manufacturing services, meeting military-grade standards, with a minimum line width of 0.045mm, voltage resistance of 1000V, ISO 9001 certification, and 24-hour rapid response, providing you with a one-stop solution from design to production.\" \/>\n<meta property=\"og:url\" content=\"https:\/\/www.topfastpcb.com\/tr\/products\/10-layer-rigid-flex-pcb\/\" \/>\n<meta property=\"og:site_name\" content=\"Topfastpcb\" \/>\n<meta property=\"og:image\" content=\"https:\/\/www.topfastpcb.com\/wp-content\/uploads\/2025\/06\/rigid-flexible-pcb38.jpg\" \/>\n\t<meta property=\"og:image:width\" content=\"750\" \/>\n\t<meta property=\"og:image:height\" content=\"750\" \/>\n\t<meta property=\"og:image:type\" content=\"image\/jpeg\" \/>\n<meta name=\"twitter:card\" content=\"summary_large_image\" \/>\n<meta name=\"twitter:label1\" content=\"Tahmini okuma s\u00fcresi\" \/>\n\t<meta name=\"twitter:data1\" content=\"3 dakika\" \/>\n<script type=\"application\/ld+json\" class=\"yoast-schema-graph\">{\"@context\":\"https:\/\/schema.org\",\"@graph\":[{\"@type\":\"WebPage\",\"@id\":\"https:\/\/www.topfastpcb.com\/products\/10-layer-rigid-flex-pcb\/\",\"url\":\"https:\/\/www.topfastpcb.com\/products\/10-layer-rigid-flex-pcb\/\",\"name\":\"10-Layer Rigid-Flex PCB - Topfastpcb\",\"isPartOf\":{\"@id\":\"https:\/\/www.topfastpcb.com\/#website\"},\"primaryImageOfPage\":{\"@id\":\"https:\/\/www.topfastpcb.com\/products\/10-layer-rigid-flex-pcb\/#primaryimage\"},\"image\":{\"@id\":\"https:\/\/www.topfastpcb.com\/products\/10-layer-rigid-flex-pcb\/#primaryimage\"},\"thumbnailUrl\":\"https:\/\/www.topfastpcb.com\/wp-content\/uploads\/2025\/06\/rigid-flexible-pcb38.jpg\",\"datePublished\":\"2025-06-30T00:30:06+00:00\",\"description\":\"Topfast offers high-quality 10-layer rigid-flex PCB manufacturing services, meeting military-grade standards, with a minimum line width of 0.045mm, voltage resistance of 1000V, ISO 9001 certification, and 24-hour rapid response, providing you with a one-stop solution from design to production.\",\"breadcrumb\":{\"@id\":\"https:\/\/www.topfastpcb.com\/products\/10-layer-rigid-flex-pcb\/#breadcrumb\"},\"inLanguage\":\"tr\",\"potentialAction\":[{\"@type\":\"ReadAction\",\"target\":[\"https:\/\/www.topfastpcb.com\/products\/10-layer-rigid-flex-pcb\/\"]}]},{\"@type\":\"ImageObject\",\"inLanguage\":\"tr\",\"@id\":\"https:\/\/www.topfastpcb.com\/products\/10-layer-rigid-flex-pcb\/#primaryimage\",\"url\":\"https:\/\/www.topfastpcb.com\/wp-content\/uploads\/2025\/06\/rigid-flexible-pcb38.jpg\",\"contentUrl\":\"https:\/\/www.topfastpcb.com\/wp-content\/uploads\/2025\/06\/rigid-flexible-pcb38.jpg\",\"width\":750,\"height\":750,\"caption\":\"10-layer Rigid-flex pcb\"},{\"@type\":\"BreadcrumbList\",\"@id\":\"https:\/\/www.topfastpcb.com\/products\/10-layer-rigid-flex-pcb\/#breadcrumb\",\"itemListElement\":[{\"@type\":\"ListItem\",\"position\":1,\"name\":\"\u9996\u9875\",\"item\":\"https:\/\/www.topfastpcb.com\/\"},{\"@type\":\"ListItem\",\"position\":2,\"name\":\"\u5546\u5e97\",\"item\":\"https:\/\/www.topfastpcb.com\/shop\/\"},{\"@type\":\"ListItem\",\"position\":3,\"name\":\"10-Layer Rigid-Flex PCB\"}]},{\"@type\":\"WebSite\",\"@id\":\"https:\/\/www.topfastpcb.com\/#website\",\"url\":\"https:\/\/www.topfastpcb.com\/\",\"name\":\"Topfastpcb\",\"description\":\"Topfast Prime Choice for Global Electronics Manufacturing\",\"publisher\":{\"@id\":\"https:\/\/www.topfastpcb.com\/#organization\"},\"potentialAction\":[{\"@type\":\"SearchAction\",\"target\":{\"@type\":\"EntryPoint\",\"urlTemplate\":\"https:\/\/www.topfastpcb.com\/?s={search_term_string}\"},\"query-input\":{\"@type\":\"PropertyValueSpecification\",\"valueRequired\":true,\"valueName\":\"search_term_string\"}}],\"inLanguage\":\"tr\"},{\"@type\":\"Organization\",\"@id\":\"https:\/\/www.topfastpcb.com\/#organization\",\"name\":\"Topfastpcb\",\"url\":\"https:\/\/www.topfastpcb.com\/\",\"logo\":{\"@type\":\"ImageObject\",\"inLanguage\":\"tr\",\"@id\":\"https:\/\/www.topfastpcb.com\/#\/schema\/logo\/image\/\",\"url\":\"https:\/\/www.topfastpcb.com\/wp-content\/uploads\/2026\/02\/cropped-topfast-logo.png\",\"contentUrl\":\"https:\/\/www.topfastpcb.com\/wp-content\/uploads\/2026\/02\/cropped-topfast-logo.png\",\"width\":144,\"height\":56,\"caption\":\"Topfastpcb\"},\"image\":{\"@id\":\"https:\/\/www.topfastpcb.com\/#\/schema\/logo\/image\/\"}}]}<\/script>\n<!-- \/ Yoast SEO plugin. -->","yoast_head_json":{"title":"10-Layer Rigid-Flex PCB - Topfastpcb","description":"Topfast offers high-quality 10-layer rigid-flex PCB manufacturing services, meeting military-grade standards, with a minimum line width of 0.045mm, voltage resistance of 1000V, ISO 9001 certification, and 24-hour rapid response, providing you with a one-stop solution from design to production.","robots":{"index":"index","follow":"follow","max-snippet":"max-snippet:-1","max-image-preview":"max-image-preview:large","max-video-preview":"max-video-preview:-1"},"canonical":"https:\/\/www.topfastpcb.com\/tr\/products\/10-layer-rigid-flex-pcb\/","og_locale":"tr_TR","og_type":"article","og_title":"10-Layer Rigid-Flex PCB - Topfastpcb","og_description":"Topfast offers high-quality 10-layer rigid-flex PCB manufacturing services, meeting military-grade standards, with a minimum line width of 0.045mm, voltage resistance of 1000V, ISO 9001 certification, and 24-hour rapid response, providing you with a one-stop solution from design to production.","og_url":"https:\/\/www.topfastpcb.com\/tr\/products\/10-layer-rigid-flex-pcb\/","og_site_name":"Topfastpcb","og_image":[{"width":750,"height":750,"url":"https:\/\/www.topfastpcb.com\/wp-content\/uploads\/2025\/06\/rigid-flexible-pcb38.jpg","type":"image\/jpeg"}],"twitter_card":"summary_large_image","twitter_misc":{"Tahmini okuma s\u00fcresi":"3 dakika"},"schema":{"@context":"https:\/\/schema.org","@graph":[{"@type":"WebPage","@id":"https:\/\/www.topfastpcb.com\/products\/10-layer-rigid-flex-pcb\/","url":"https:\/\/www.topfastpcb.com\/products\/10-layer-rigid-flex-pcb\/","name":"10-Layer Rigid-Flex PCB - Topfastpcb","isPartOf":{"@id":"https:\/\/www.topfastpcb.com\/#website"},"primaryImageOfPage":{"@id":"https:\/\/www.topfastpcb.com\/products\/10-layer-rigid-flex-pcb\/#primaryimage"},"image":{"@id":"https:\/\/www.topfastpcb.com\/products\/10-layer-rigid-flex-pcb\/#primaryimage"},"thumbnailUrl":"https:\/\/www.topfastpcb.com\/wp-content\/uploads\/2025\/06\/rigid-flexible-pcb38.jpg","datePublished":"2025-06-30T00:30:06+00:00","description":"Topfast offers high-quality 10-layer rigid-flex PCB manufacturing services, meeting military-grade standards, with a minimum line width of 0.045mm, voltage resistance of 1000V, ISO 9001 certification, and 24-hour rapid response, providing you with a one-stop solution from design to production.","breadcrumb":{"@id":"https:\/\/www.topfastpcb.com\/products\/10-layer-rigid-flex-pcb\/#breadcrumb"},"inLanguage":"tr","potentialAction":[{"@type":"ReadAction","target":["https:\/\/www.topfastpcb.com\/products\/10-layer-rigid-flex-pcb\/"]}]},{"@type":"ImageObject","inLanguage":"tr","@id":"https:\/\/www.topfastpcb.com\/products\/10-layer-rigid-flex-pcb\/#primaryimage","url":"https:\/\/www.topfastpcb.com\/wp-content\/uploads\/2025\/06\/rigid-flexible-pcb38.jpg","contentUrl":"https:\/\/www.topfastpcb.com\/wp-content\/uploads\/2025\/06\/rigid-flexible-pcb38.jpg","width":750,"height":750,"caption":"10-layer Rigid-flex pcb"},{"@type":"BreadcrumbList","@id":"https:\/\/www.topfastpcb.com\/products\/10-layer-rigid-flex-pcb\/#breadcrumb","itemListElement":[{"@type":"ListItem","position":1,"name":"\u9996\u9875","item":"https:\/\/www.topfastpcb.com\/"},{"@type":"ListItem","position":2,"name":"\u5546\u5e97","item":"https:\/\/www.topfastpcb.com\/shop\/"},{"@type":"ListItem","position":3,"name":"10-Layer Rigid-Flex PCB"}]},{"@type":"WebSite","@id":"https:\/\/www.topfastpcb.com\/#website","url":"https:\/\/www.topfastpcb.com\/","name":"Topfastpcb","description":"Topfast Prime Choice for Global Electronics Manufacturing","publisher":{"@id":"https:\/\/www.topfastpcb.com\/#organization"},"potentialAction":[{"@type":"SearchAction","target":{"@type":"EntryPoint","urlTemplate":"https:\/\/www.topfastpcb.com\/?s={search_term_string}"},"query-input":{"@type":"PropertyValueSpecification","valueRequired":true,"valueName":"search_term_string"}}],"inLanguage":"tr"},{"@type":"Organization","@id":"https:\/\/www.topfastpcb.com\/#organization","name":"Topfastpcb","url":"https:\/\/www.topfastpcb.com\/","logo":{"@type":"ImageObject","inLanguage":"tr","@id":"https:\/\/www.topfastpcb.com\/#\/schema\/logo\/image\/","url":"https:\/\/www.topfastpcb.com\/wp-content\/uploads\/2026\/02\/cropped-topfast-logo.png","contentUrl":"https:\/\/www.topfastpcb.com\/wp-content\/uploads\/2026\/02\/cropped-topfast-logo.png","width":144,"height":56,"caption":"Topfastpcb"},"image":{"@id":"https:\/\/www.topfastpcb.com\/#\/schema\/logo\/image\/"}}]}},"_links":{"self":[{"href":"https:\/\/www.topfastpcb.com\/tr\/wp-json\/wp\/v2\/product\/3498","targetHints":{"allow":["GET"]}}],"collection":[{"href":"https:\/\/www.topfastpcb.com\/tr\/wp-json\/wp\/v2\/product"}],"about":[{"href":"https:\/\/www.topfastpcb.com\/tr\/wp-json\/wp\/v2\/types\/product"}],"replies":[{"embeddable":true,"href":"https:\/\/www.topfastpcb.com\/tr\/wp-json\/wp\/v2\/comments?post=3498"}],"wp:featuredmedia":[{"embeddable":true,"href":"https:\/\/www.topfastpcb.com\/tr\/wp-json\/wp\/v2\/media\/3500"}],"wp:attachment":[{"href":"https:\/\/www.topfastpcb.com\/tr\/wp-json\/wp\/v2\/media?parent=3498"}],"wp:term":[{"taxonomy":"product_brand","embeddable":true,"href":"https:\/\/www.topfastpcb.com\/tr\/wp-json\/wp\/v2\/product_brand?post=3498"},{"taxonomy":"product_cat","embeddable":true,"href":"https:\/\/www.topfastpcb.com\/tr\/wp-json\/wp\/v2\/product_cat?post=3498"},{"taxonomy":"product_tag","embeddable":true,"href":"https:\/\/www.topfastpcb.com\/tr\/wp-json\/wp\/v2\/product_tag?post=3498"}],"curies":[{"name":"wp","href":"https:\/\/api.w.org\/{rel}","templated":true}]}}